
{"id":3408,"date":"2025-09-27T12:15:53","date_gmt":"2025-09-27T10:15:53","guid":{"rendered":"https:\/\/diagzone.org\/?post_type=product&#038;p=3408"},"modified":"2025-09-27T18:56:27","modified_gmt":"2025-09-27T16:56:27","slug":"diagzone-dbscar-1-x431","status":"publish","type":"product","link":"https:\/\/diagzone.org\/fr\/produit\/diagzone-dbscar-1-x431\/","title":{"rendered":"Diagzone Dbscar 1 X431"},"content":{"rendered":"<p data-start=\"223\" data-end=\"519\" class=\" translation-block\">Merci pour votre int\u00e9r\u00eat pour l\u2019<strong data-start=\"258\" data-end=\"288\">adaptateur Bluetooth DBScar 1<\/strong>.<br data-start=\"289\" data-end=\"292\">Ce connecteur Bluetooth OBD2 compact est d\u00e9velopp\u00e9 par Launch pour interfacer les appareils de diagnostic avec les plateformes Android. Enti\u00e8rement test\u00e9 pour la compatibilit\u00e9, il offre une communication fiable pour les diagnostics de v\u00e9hicules et la lecture des donn\u00e9es.<\/p>\n<p data-start=\"526\" data-end=\"693\">\ud83d\udd39 <strong data-start=\"529\" data-end=\"549\">Avis important<\/strong><br data-start=\"549\" data-end=\"552\" \/>Cet adaptateur inclut uniquement le mat\u00e9riel.<br data-start=\"592\" data-end=\"595\" \/>\ud83d\udc49 A <a href=\"https:\/\/diagzone.org\/diagzone-buy-subscription\/\">Licence du logiciel DiagZone<\/a> doit \u00eatre achet\u00e9 s\u00e9par\u00e9ment pour d\u00e9bloquer toutes les fonctions de diagnostic.<\/p>\n<p data-start=\"700\" data-end=\"890\">\ud83d\udd39 <strong data-start=\"703\" data-end=\"725\">Support et accompagnement<\/strong><br data-start=\"725\" data-end=\"728\" \/>Besoin d\u2019aide pour int\u00e9grer DBScar 1 \u00e0 votre configuration de diagnostic ?<br data-start=\"786\" data-end=\"789\" \/>Notre \u00e9quipe est pr\u00eate \u00e0 <a href=\"https:\/\/wa.me\/31647604324\">aider<\/a> pour l\u2019appairage, la configuration et l\u2019utilisation avec la plateforme OBD2 DiagZone.<\/p>\n<p data-start=\"897\" data-end=\"1085\">\ud83d\udd39 <strong data-start=\"900\" data-end=\"921\">Assurance qualit\u00e9<\/strong><br data-start=\"921\" data-end=\"924\" \/>Chaque DBScar 1 est test\u00e9 avant l\u2019exp\u00e9dition afin de garantir une communication Bluetooth stable, un transfert de donn\u00e9es pr\u00e9cis et des performances constantes dans des conditions d\u2019atelier.<\/p>\n<h2 data-start=\"1092\" data-end=\"1133\">Description du produit &amp; sp\u00e9cifications<\/h2>\n<ul data-start=\"1135\" data-end=\"1764\">\n<li data-start=\"1135\" data-end=\"1227\">\n<p data-start=\"1137\" data-end=\"1227\">Adaptateur OBD2 Bluetooth pour la communication de diagnostic avec tablettes et smartphones Android<\/p>\n<\/li>\n<li data-start=\"1228\" data-end=\"1354\">\n<p data-start=\"1230\" data-end=\"1354\" class=\" translation-block\">\u00c9quip\u00e9 d\u2019un <strong data-start=\"1255\" data-end=\"1280\">connecteur OBD2 standard \u00e0 16 broches<\/strong> et d\u2019un <strong data-start=\"1287\" data-end=\"1305\">port Micro-USB<\/strong> pour les mises \u00e0 jour du firmware ou une connexion de donn\u00e9es directe.<\/p>\n<\/li>\n<li data-start=\"1355\" data-end=\"1443\">\n<p data-start=\"1357\" data-end=\"1443\" class=\" translation-block\"><strong data-start=\"1357\" data-end=\"1389\">Compatible avec Android 7\u201313<\/strong>, ainsi qu\u2019avec <strong data-start=\"1405\" data-end=\"1441\">Android 14 (syst\u00e8mes 32 bits uniquement)<\/strong><\/p>\n<\/li>\n<li data-start=\"1444\" data-end=\"1475\">\n<p data-start=\"1446\" data-end=\"1475\" class=\" translation-block\">Tension de fonctionnement : <strong data-start=\"1463\" data-end=\"1473\">9\u201315 V<\/strong><\/p>\n<\/li>\n<li data-start=\"1476\" data-end=\"1504\">\n<p data-start=\"1478\" data-end=\"1504\">Courant de fonctionnement : &lt; 30 mA<\/p>\n<\/li>\n<li data-start=\"1505\" data-end=\"1553\">\n<p data-start=\"1507\" data-end=\"1553\">Plage de temp\u00e9rature de fonctionnement : \u201310 \u00b0C \u00e0 55 \u00b0C<\/p>\n<\/li>\n<li data-start=\"1554\" data-end=\"1600\">\n<p data-start=\"1556\" data-end=\"1600\">Plage de temp\u00e9rature de stockage : \u201320 \u00b0C \u00e0 70 \u00b0C<\/p>\n<\/li>\n<li data-start=\"1601\" data-end=\"1711\">\n<p data-start=\"1603\" data-end=\"1711\">Prend en charge les protocoles OBD2 standard pour la lecture\/suppression des codes d\u00e9faut, le flux de donn\u00e9es en temps r\u00e9el, les informations ECU, et plus encore<\/p>\n<\/li>\n<li data-start=\"1712\" data-end=\"1764\">\n<p data-start=\"1714\" data-end=\"1764\">Mises \u00e0 jour du firmware disponibles via Bluetooth ou USB<\/p>\n<\/li>\n<\/ul>\n<h3 data-start=\"1771\" data-end=\"1787\">\u2705 En r\u00e9sum\u00e9<\/h3>\n<p data-start=\"1788\" data-end=\"2057\">Le DBScar 1 est un adaptateur OBD2 Bluetooth stable et \u00e9prouv\u00e9, con\u00e7u pour les appareils Android (7\u201313 et 14 en 32 bits). Il assure une connexion fluide avec le logiciel DiagZone, prend en charge toutes les fonctions OBD2 essentielles et constitue une solution \u00e9conomique pour acc\u00e9der au diagnostic professionnel.<\/p>","protected":false},"excerpt":{"rendered":"<p>Le Launch DBScar 1 est un adaptateur OBD2 Bluetooth compact con\u00e7u pour les appareils Android (versions 7\u201313 et 14 en 32 bits). Enti\u00e8rement test\u00e9 avec DiagZone, il permet un diagnostic v\u00e9hicule stable, la lecture des codes d\u00e9faut, des donn\u00e9es en temps r\u00e9el et des informations ECU. Une licence logicielle DiagZone est requise et peut \u00eatre achet\u00e9e s\u00e9par\u00e9ment.<\/p>","protected":false},"featured_media":3434,"template":"","meta":{"_acf_changed":false,"_seopress_robots_primary_cat":"none","_seopress_titles_title":"Launch DBScar 1 Bluetooth OBD2 Adapter \u2013 Compatible with Android & DiagZone","_seopress_titles_desc":"Buy the Launch DBScar 1 Bluetooth OBD2 adapter \u2013 compact and reliable, compatible with Android 7\u201313 (and 14 on 32-bit). Fully tested for DiagZone diagnostics. Supports OBD2 fault code reading, live data, and ECU functions..","_seopress_robots_index":"","inline_featured_image":false,"_kad_blocks_custom_css":"","_kad_blocks_head_custom_js":"","_kad_blocks_body_custom_js":"","_kad_blocks_footer_custom_js":"","_themeisle_gutenberg_block_has_review":false,"_kad_post_transparent":"default","_kad_post_title":"","_kad_post_layout":"default","_kad_post_sidebar_id":"","_kad_post_content_style":"default","_kad_post_vertical_padding":"default","_kad_post_feature":"","_kad_post_feature_position":"","_kad_post_header":false,"_kad_post_footer":false,"iawp_total_views":451},"product_cat":[19],"product_tag":[52,53,42,54,51],"class_list":{"0":"post-3408","1":"product","2":"type-product","3":"status-publish","4":"has-post-thumbnail","6":"product_cat-obd-connectors","7":"product_tag-bluetooth","8":"product_tag-diagzone","9":"product_tag-obd2","10":"product_tag-smartlink-c-2-0","11":"product_tag-x431","13":"first","14":"instock","15":"shipping-taxable","16":"purchasable","17":"product-type-simple","18":"entry","19":"content-bg","20":"loop-entry"},"acf":[],"taxonomy_info":{"product_cat":[{"value":19,"label":"Obd connectors"}],"product_tag":[{"value":52,"label":"Bluetooth"},{"value":53,"label":"DiagZone"},{"value":42,"label":"OBD2"},{"value":54,"label":"SmartLink C 2.0"},{"value":51,"label":"X431"}]},"featured_image_src_large":["https:\/\/diagzone.org\/wp-content\/uploads\/2025\/09\/Diagzone_org__Launch_Dbscar_1_1.jpg",600,600,false],"author_info":[],"comment_info":"","_links":{"self":[{"href":"https:\/\/diagzone.org\/fr\/wp-json\/wp\/v2\/product\/3408","targetHints":{"allow":["GET"]}}],"collection":[{"href":"https:\/\/diagzone.org\/fr\/wp-json\/wp\/v2\/product"}],"about":[{"href":"https:\/\/diagzone.org\/fr\/wp-json\/wp\/v2\/types\/product"}],"wp:featuredmedia":[{"embeddable":true,"href":"https:\/\/diagzone.org\/fr\/wp-json\/wp\/v2\/media\/3434"}],"wp:attachment":[{"href":"https:\/\/diagzone.org\/fr\/wp-json\/wp\/v2\/media?parent=3408"}],"wp:term":[{"taxonomy":"product_cat","embeddable":true,"href":"https:\/\/diagzone.org\/fr\/wp-json\/wp\/v2\/product_cat?post=3408"},{"taxonomy":"product_tag","embeddable":true,"href":"https:\/\/diagzone.org\/fr\/wp-json\/wp\/v2\/product_tag?post=3408"}],"curies":[{"name":"wp","href":"https:\/\/api.w.org\/{rel}","templated":true}]}}