
{"id":3416,"date":"2025-09-27T12:46:15","date_gmt":"2025-09-27T10:46:15","guid":{"rendered":"https:\/\/diagzone.org\/?post_type=product&#038;p=3416"},"modified":"2025-09-27T19:06:24","modified_gmt":"2025-09-27T17:06:24","slug":"bst360-bluetooth-battery-tester-diagzone-x431-compatible","status":"publish","type":"product","link":"https:\/\/diagzone.org\/fr\/produit\/bst360-bluetooth-battery-tester-diagzone-x431-compatible\/","title":{"rendered":"BST360 Testeur de batterie Bluetooth \u2013 Compatible DiagZone \/ X431"},"content":{"rendered":"<p data-start=\"268\" data-end=\"591\" class=\" translation-block\">Merci pour votre int\u00e9r\u00eat pour le DiagZone<strong data-start=\"303\" data-end=\"345\"> testeur de batterie Bluetooth BST360<\/strong>.<br data-start=\"346\" data-end=\"349\">Ce testeur de batterie Bluetooth compact est con\u00e7u pour \u00eatre utilis\u00e9 avec des tablettes DiagZone compatibles ou via des applications pour smartphone. Enti\u00e8rement test\u00e9 pour sa stabilit\u00e9 et sa pr\u00e9cision, il effectue rapidement des contr\u00f4les de l\u2019\u00e9tat de la batterie ainsi que des diagnostics du syst\u00e8me de d\u00e9marrage et de charge.<\/p>\n<p data-start=\"593\" data-end=\"739\">\ud83d\udd39 <strong data-start=\"596\" data-end=\"616\">Avis important<\/strong><br data-start=\"616\" data-end=\"619\" \/>Ce produit inclut uniquement la pince de test mat\u00e9rielle et le module Bluetooth. Aucune licence de diagnostic ou DiagZone n\u2019est incluse.<\/p>\n<p data-start=\"741\" data-end=\"934\">\ud83d\udd39 <strong data-start=\"744\" data-end=\"766\">Support et accompagnement<\/strong><br data-start=\"766\" data-end=\"769\" \/>Besoin d\u2019aide pour l\u2019appairer avec votre tablette DiagZone ou votre application ?<br data-start=\"823\" data-end=\"826\" \/>Notre \u00e9quipe est pr\u00eate \u00e0 vous accompagner \u00e9tape par \u00e9tape pour la configuration, le calibrage et l\u2019utilisation du BST360 avec votre syst\u00e8me de diagnostic.<\/p>\n<p data-start=\"936\" data-end=\"1159\">\ud83d\udd39 <strong data-start=\"939\" data-end=\"960\">Assurance qualit\u00e9<\/strong><br data-start=\"960\" data-end=\"963\" \/>Chaque unit\u00e9 BST360 subit des tests fonctionnels avant exp\u00e9dition.<br data-start=\"1026\" data-end=\"1029\" \/>Cela garantit des tests de batterie fiables, une communication Bluetooth stable et des diagnostics pr\u00e9cis dans des conditions d\u2019atelier typiques.<\/p>\n<h3 data-start=\"124\" data-end=\"152\">\u2705 Fonctionnalit\u00e9s<\/h3>\n<ul data-start=\"154\" data-end=\"907\">\n<li data-start=\"154\" data-end=\"244\">\n<p data-start=\"156\" data-end=\"244\" class=\" translation-block\">Prend en charge les <strong data-start=\"165\" data-end=\"199\">batteries plomb-acide 6V et 12V<\/strong>, y compris les types Flooded, GEL, AGM et EFP<\/p>\n<\/li>\n<li data-start=\"245\" data-end=\"359\">\n<p data-start=\"247\" data-end=\"359\" class=\" translation-block\">Mesure la <strong data-start=\"256\" data-end=\"357\">capacit\u00e9 de la batterie, le courant de d\u00e9marrage \u00e0 froid (CCA), la tension, l\u2019\u00e9tat de sant\u00e9 (SOH) et l\u2019\u00e9tat de charge (SOC)<\/strong><\/p>\n<\/li>\n<li data-start=\"360\" data-end=\"455\">\n<p data-start=\"362\" data-end=\"455\" class=\" translation-block\">Effectue des <strong data-start=\"371\" data-end=\"453\">tests du syst\u00e8me de charge, du d\u00e9marreur, la d\u00e9tection d\u2019ondulation ainsi que l\u2019analyse de la tension et du courant<\/strong><\/p>\n<\/li>\n<li data-start=\"456\" data-end=\"530\">\n<p data-start=\"458\" data-end=\"530\" class=\" translation-block\">Bietet <strong data-start=\"467\" data-end=\"501\">schnelle Diagnosen in ca. 3 Sekunden<\/strong> mit klaren digitalen Berichten<\/p>\n<\/li>\n<li data-start=\"531\" data-end=\"606\">\n<p data-start=\"533\" data-end=\"606\" class=\" translation-block\">Connectivit\u00e9 Bluetooth pour une utilisation avec des <strong data-start=\"569\" data-end=\"604\">smartphones ou des tablettes DiagZone<\/strong><\/p>\n<\/li>\n<li data-start=\"607\" data-end=\"694\">\n<p data-start=\"609\" data-end=\"694\" class=\" translation-block\">Prend en charge plusieurs <strong data-start=\"627\" data-end=\"648\">normes de batterie<\/strong> : CCA, DIN, IEC, EN, SAE, GB, JIS, BCI, etc.<\/p>\n<\/li>\n<li data-start=\"695\" data-end=\"790\">\n<p data-start=\"697\" data-end=\"790\" class=\" translation-block\"><strong data-start=\"706\" data-end=\"738\">Protection int\u00e9gr\u00e9e contre l\u2019inversion de polarit\u00e9<\/strong> \u2013 utilisation s\u00fbre sans chaleur, \u00e9tincelles ni risque de dommages<\/p>\n<\/li>\n<li data-start=\"791\" data-end=\"824\">\n<p data-start=\"793\" data-end=\"824\" class=\" translation-block\">Plage de tension de test : <strong data-start=\"813\" data-end=\"822\">6\u201316V<\/strong><\/p>\n<\/li>\n<li data-start=\"825\" data-end=\"907\">\n<p data-start=\"827\" data-end=\"907\" class=\" translation-block\">Enti\u00e8rement compatible avec les <strong data-start=\"849\" data-end=\"880\">DiagZone diagnostic tablets<\/strong> pour une int\u00e9gration avanc\u00e9e<\/p>\n<\/li>\n<\/ul>\n<h3 data-start=\"2270\" data-end=\"2302\">\ud83d\udce6 Contenu de l\u2019emballage<\/h3>\n<ul data-start=\"2304\" data-end=\"2375\">\n<li data-start=\"2304\" data-end=\"2355\">\n<p data-start=\"2306\" data-end=\"2355\">1 \u00d7 pince du testeur de batterie Bluetooth DiagZone BST360<\/p>\n<\/li>\n<li data-start=\"2356\" data-end=\"2375\">\n<p data-start=\"2358\" data-end=\"2375\">1 \u00d7 Manuel d\u2019utilisation<\/p>\n<\/li>\n<\/ul>\n<p>\u2705 <strong data-start=\"111\" data-end=\"451\">En r\u00e9sum\u00e9, le testeur de batterie Bluetooth DiagZone BST360 est un outil compact, pr\u00e9cis et pr\u00eat pour l\u2019atelier destin\u00e9 \u00e0 l\u2019analyse de l\u2019\u00e9tat de la batterie. Il prend en charge les batteries plomb-acide 6V\/12V, effectue des tests du syst\u00e8me de d\u00e9marrage et de charge, et s\u2019int\u00e8gre parfaitement aux tablettes DiagZone via Bluetooth \u2014 un indispensable pour tout atelier professionnel.<\/strong><\/p>","protected":false},"excerpt":{"rendered":"<p>Le DiagZone BST360 est un testeur de batterie Bluetooth compatible avec les tablettes DiagZone \/ X431. Il prend en charge les batteries de 6 \u00e0 16 V, effectue des tests de charge, de d\u00e9marrage et d\u2019\u00e9tat, et transmet les r\u00e9sultats via Bluetooth pour le diagnostic.<\/p>","protected":false},"featured_media":3459,"template":"","meta":{"_acf_changed":false,"_seopress_robots_primary_cat":"none","_seopress_titles_title":"DiagZone BST360 Bluetooth Battery Tester \u2013 Compatible with DiagZone & X431","_seopress_titles_desc":"Buy the DiagZone BST360 Bluetooth Battery Tester\u2014compact and powerful, compatible with DiagZone and X431 tablets. Tests 6V & 12V batteries, checks charging systems, starter, ripple, and displays full battery health report via Bluetooth.","_seopress_robots_index":"","inline_featured_image":false,"_kad_blocks_custom_css":"","_kad_blocks_head_custom_js":"","_kad_blocks_body_custom_js":"","_kad_blocks_footer_custom_js":"","_themeisle_gutenberg_block_has_review":false,"_kad_post_transparent":"default","_kad_post_title":"","_kad_post_layout":"default","_kad_post_sidebar_id":"","_kad_post_content_style":"default","_kad_post_vertical_padding":"default","_kad_post_feature":"","_kad_post_feature_position":"","_kad_post_header":false,"_kad_post_footer":false,"iawp_total_views":82},"product_cat":[22],"product_tag":[61,60,62],"class_list":{"0":"post-3416","1":"product","2":"type-product","3":"status-publish","4":"has-post-thumbnail","6":"product_cat-accessories","7":"product_tag-battery","8":"product_tag-bst360","9":"product_tag-tester-clip","11":"first","12":"instock","13":"shipping-taxable","14":"purchasable","15":"product-type-simple","16":"entry","17":"content-bg","18":"loop-entry"},"acf":[],"taxonomy_info":{"product_cat":[{"value":22,"label":"Accessories"}],"product_tag":[{"value":61,"label":"Battery"},{"value":60,"label":"BST360"},{"value":62,"label":"Tester clip"}]},"featured_image_src_large":["https:\/\/diagzone.org\/wp-content\/uploads\/2025\/09\/Diagzone_Launch-_BST_360_1.jpg",600,600,false],"author_info":[],"comment_info":"","_links":{"self":[{"href":"https:\/\/diagzone.org\/fr\/wp-json\/wp\/v2\/product\/3416","targetHints":{"allow":["GET"]}}],"collection":[{"href":"https:\/\/diagzone.org\/fr\/wp-json\/wp\/v2\/product"}],"about":[{"href":"https:\/\/diagzone.org\/fr\/wp-json\/wp\/v2\/types\/product"}],"wp:featuredmedia":[{"embeddable":true,"href":"https:\/\/diagzone.org\/fr\/wp-json\/wp\/v2\/media\/3459"}],"wp:attachment":[{"href":"https:\/\/diagzone.org\/fr\/wp-json\/wp\/v2\/media?parent=3416"}],"wp:term":[{"taxonomy":"product_cat","embeddable":true,"href":"https:\/\/diagzone.org\/fr\/wp-json\/wp\/v2\/product_cat?post=3416"},{"taxonomy":"product_tag","embeddable":true,"href":"https:\/\/diagzone.org\/fr\/wp-json\/wp\/v2\/product_tag?post=3416"}],"curies":[{"name":"wp","href":"https:\/\/api.w.org\/{rel}","templated":true}]}}