
{"id":3419,"date":"2025-09-27T12:51:07","date_gmt":"2025-09-27T10:51:07","guid":{"rendered":"https:\/\/diagzone.org\/?post_type=product&#038;p=3419"},"modified":"2025-09-27T19:05:11","modified_gmt":"2025-09-27T17:05:11","slug":"diagzone-obd2-can-fd-extension-cable-16-pin-male-to-female-adapter","status":"publish","type":"product","link":"https:\/\/diagzone.org\/fr\/produit\/diagzone-obd2-can-fd-extension-cable-16-pin-male-to-female-adapter\/","title":{"rendered":"DiagZone OBD2 CAN-FD c\u00e2ble de rallonge \u2013 adaptateur m\u00e2le 16 broches vers femelle"},"content":{"rendered":"<p data-start=\"138\" data-end=\"507\" class=\" translation-block\">Merci de votre int\u00e9r\u00eat pour le <strong data-start=\"173\" data-end=\"213\">c\u00e2ble d\u2019extension OBD2 CAN-FD DiagZone<\/strong>.<br data-start=\"214\" data-end=\"217\">Ce c\u00e2ble d\u2019extension de haute qualit\u00e9 est con\u00e7u pour prolonger la connexion entre votre interface de diagnostic (par ex. DBScar, ThinkDiag, Ediag+) et le port OBD2 du v\u00e9hicule. Il offre une plus grande flexibilit\u00e9, un acc\u00e8s facilit\u00e9 dans les espaces restreints et prot\u00e8ge la prise OBD2 d\u2019origine contre l\u2019usure fr\u00e9quente.<\/p>\n<p data-start=\"514\" data-end=\"655\">\ud83d\udd39 <strong data-start=\"517\" data-end=\"537\">Avis important<\/strong><br data-start=\"537\" data-end=\"540\" \/>Ce produit est un <strong data-start=\"559\" data-end=\"577\">un accessoire uniquement<\/strong>.<br data-start=\"578\" data-end=\"581\" \/>Il n\u2019inclut aucun logiciel et ne fournit pas de fonctions de diagnostic \u00e0 lui seul.<\/p>\n<p data-start=\"662\" data-end=\"843\">\ud83d\udd39 <strong data-start=\"665\" data-end=\"687\">Support et accompagnement<\/strong><br data-start=\"687\" data-end=\"690\" \/>Besoin d\u2019aide pour connecter votre outil de diagnostic avec le c\u00e2ble d\u2019extension ?<br data-start=\"757\" data-end=\"760\" \/>Notre \u00e9quipe peut fournir des conseils afin de garantir une installation correcte et des performances optimales.<\/p>\n<p data-start=\"850\" data-end=\"1034\">\ud83d\udd39 <strong data-start=\"853\" data-end=\"874\">Assurance qualit\u00e9<\/strong><br data-start=\"874\" data-end=\"877\" \/>Chaque c\u00e2ble est test\u00e9 avant l\u2019exp\u00e9dition afin de garantir un transfert de donn\u00e9es fiable sur les 16 broches et une communication stable pour les diagnostics OBD2 et CAN-FD.<\/p>\n<h2 data-start=\"1041\" data-end=\"1062\">Caract\u00e9ristiques du produit<\/h2>\n<ul data-start=\"1064\" data-end=\"1460\">\n<li data-start=\"1064\" data-end=\"1114\">\n<p data-start=\"1066\" data-end=\"1114\"><strong data-start=\"1066\" data-end=\"1112\">C\u00e2ble d\u2019extension OBD2 16 broches m\u00e2le vers femelle<\/strong><\/p>\n<\/li>\n<li data-start=\"1115\" data-end=\"1164\">\n<p data-start=\"1117\" data-end=\"1164\" class=\" translation-block\">Prend en charge les <strong data-start=\"1126\" data-end=\"1162\">protocoles OBD2 et CAN-FD standard<\/strong><\/p>\n<\/li>\n<li data-start=\"1165\" data-end=\"1232\">\n<p data-start=\"1167\" data-end=\"1232\">Conception flexible et durable, adapt\u00e9e aux environnements d\u2019atelier<\/p>\n<\/li>\n<li data-start=\"1233\" data-end=\"1306\">\n<p data-start=\"1235\" data-end=\"1306\">R\u00e9duit l\u2019usure de la prise OBD2 du v\u00e9hicule en minimisant les contraintes directes<\/p>\n<\/li>\n<li data-start=\"1307\" data-end=\"1367\">\n<p data-start=\"1309\" data-end=\"1367\">Permet un acc\u00e8s plus facile aux ports de diagnostic difficiles d\u2019acc\u00e8s<\/p>\n<\/li>\n<li data-start=\"1368\" data-end=\"1460\">\n<p data-start=\"1370\" data-end=\"1460\">Id\u00e9al pour une utilisation avec des adaptateurs OBD2 Bluetooth \u2013 am\u00e9liore le positionnement et la stabilit\u00e9 de la connexion<\/p>\n<\/li>\n<\/ul>\n<h3 data-start=\"1467\" data-end=\"1499\">\ud83d\udce6 Contenu de l\u2019emballage<\/h3>\n<ul data-start=\"1500\" data-end=\"1544\">\n<li data-start=\"1500\" data-end=\"1544\">\n<p data-start=\"1502\" data-end=\"1544\">1 \u00d7 c\u00e2ble d\u2019extension OBD2 CAN-FD DiagZone<\/p>\n<\/li>\n<\/ul>\n<p data-start=\"1551\" data-end=\"1807\">\u2705 <strong data-start=\"1553\" data-end=\"1805\">En r\u00e9sum\u00e9, le c\u00e2ble d\u2019extension OBD2 CAN-FD DiagZone est un accessoire pratique et fiable pour les diagnostics professionnels ou personnels. Il garantit une communication stable, prolonge la dur\u00e9e de vie du connecteur et rend votre installation de diagnostic plus pratique et durable.<\/strong><\/p>","protected":false},"excerpt":{"rendered":"<p>C\u00e2ble d\u2019extension OBD2 de haute qualit\u00e9 (16 broches) permettant d\u2019augmenter la distance entre votre outil de diagnostic et le port OBD2 du v\u00e9hicule. Am\u00e9liore l\u2019accessibilit\u00e9, r\u00e9duit l\u2019usure des connecteurs et optimise les performances Bluetooth\/WiFi.<\/p>","protected":false},"featured_media":3450,"template":"","meta":{"_acf_changed":false,"_seopress_robots_primary_cat":"none","_seopress_titles_title":"OBD2 Extension Cable \u2013 16-pin Male to Female Diagnostic Extension","_seopress_titles_desc":"Buy durable OBD2 extension cable (16-pin). Extends reach between diagnostic tool and vehicle\u2019s OBD2 port, reduces socket wear, and improves accessibility for workshop setups.","_seopress_robots_index":"","inline_featured_image":false,"_kad_blocks_custom_css":"","_kad_blocks_head_custom_js":"","_kad_blocks_body_custom_js":"","_kad_blocks_footer_custom_js":"","_themeisle_gutenberg_block_has_review":false,"_kad_post_transparent":"default","_kad_post_title":"","_kad_post_layout":"default","_kad_post_sidebar_id":"","_kad_post_content_style":"default","_kad_post_vertical_padding":"default","_kad_post_feature":"","_kad_post_feature_position":"","_kad_post_header":false,"_kad_post_footer":false,"iawp_total_views":63},"product_cat":[22],"product_tag":[65,25,63,64,42],"class_list":{"0":"post-3419","1":"product","2":"type-product","3":"status-publish","4":"has-post-thumbnail","6":"product_cat-accessories","7":"product_tag-16-pin","8":"product_tag-adapter","9":"product_tag-can-fd","10":"product_tag-extension-cable","11":"product_tag-obd2","13":"first","14":"instock","15":"shipping-taxable","16":"purchasable","17":"product-type-simple","18":"entry","19":"content-bg","20":"loop-entry"},"acf":[],"taxonomy_info":{"product_cat":[{"value":22,"label":"Accessories"}],"product_tag":[{"value":65,"label":"16-Pin"},{"value":25,"label":"Adapter"},{"value":63,"label":"CAN-FD"},{"value":64,"label":"Extension Cable"},{"value":42,"label":"OBD2"}]},"featured_image_src_large":["https:\/\/diagzone.org\/wp-content\/uploads\/2025\/09\/Diagzone_Launch_X431_CAN_FD_1.jpg",600,600,false],"author_info":[],"comment_info":"","_links":{"self":[{"href":"https:\/\/diagzone.org\/fr\/wp-json\/wp\/v2\/product\/3419","targetHints":{"allow":["GET"]}}],"collection":[{"href":"https:\/\/diagzone.org\/fr\/wp-json\/wp\/v2\/product"}],"about":[{"href":"https:\/\/diagzone.org\/fr\/wp-json\/wp\/v2\/types\/product"}],"wp:featuredmedia":[{"embeddable":true,"href":"https:\/\/diagzone.org\/fr\/wp-json\/wp\/v2\/media\/3450"}],"wp:attachment":[{"href":"https:\/\/diagzone.org\/fr\/wp-json\/wp\/v2\/media?parent=3419"}],"wp:term":[{"taxonomy":"product_cat","embeddable":true,"href":"https:\/\/diagzone.org\/fr\/wp-json\/wp\/v2\/product_cat?post=3419"},{"taxonomy":"product_tag","embeddable":true,"href":"https:\/\/diagzone.org\/fr\/wp-json\/wp\/v2\/product_tag?post=3419"}],"curies":[{"name":"wp","href":"https:\/\/api.w.org\/{rel}","templated":true}]}}