
{"id":3422,"date":"2025-09-27T12:56:14","date_gmt":"2025-09-27T10:56:14","guid":{"rendered":"https:\/\/diagzone.org\/?post_type=product&#038;p=3422"},"modified":"2025-09-27T19:06:54","modified_gmt":"2025-09-27T17:06:54","slug":"16-pin-eobd-extension-cable-diagzone-compatible","status":"publish","type":"product","link":"https:\/\/diagzone.org\/fr\/produit\/16-pin-eobd-extension-cable-diagzone-compatible\/","title":{"rendered":"C\u00e2ble d\u2019extension EOBD 16 broches \u2013 Compatible DiagZone"},"content":{"rendered":"<p data-start=\"220\" data-end=\"677\" class=\" translation-block\">Merci pour votre int\u00e9r\u00eat pour le <strong data-start=\"255\" data-end=\"296\">c\u00e2ble d\u2019extension EOBD 16 broches vers 16 broches<\/strong>.<br data-start=\"297\" data-end=\"300\">Ce c\u00e2ble de haute qualit\u00e9 est con\u00e7u pour \u00eatre utilis\u00e9 avec la <strong data-start=\"353\" data-end=\"374\">plateforme DiagZone<\/strong> et est enti\u00e8rement compatible avec tous les connecteurs OBD que nous proposons, y compris DBScar 5, DBScar 7, ThinkDiag 2, Ediag+ et SmartLink C 2.0. Il prolonge la connexion entre votre adaptateur de diagnostic et le port OBD2\/EOBD du v\u00e9hicule, offrant plus de flexibilit\u00e9, un acc\u00e8s plus facile et une usure r\u00e9duite de la prise d\u2019origine.<\/p>\n<p data-start=\"684\" data-end=\"791\">\ud83d\udd39 <strong data-start=\"687\" data-end=\"707\">Avis important<\/strong><br data-start=\"707\" data-end=\"710\" \/>Ce produit est <strong data-start=\"726\" data-end=\"743\">uniquement mat\u00e9riel<\/strong>.<br data-start=\"744\" data-end=\"747\" \/>Il n\u2019inclut aucun logiciel ni licence.<\/p>\n<p data-start=\"798\" data-end=\"996\">\ud83d\udd39 <strong data-start=\"801\" data-end=\"823\">Support et accompagnement<\/strong><br data-start=\"823\" data-end=\"826\" \/>Avez-vous besoin d\u2019aide pour connecter votre adaptateur via le c\u00e2ble d\u2019extension ?<br data-start=\"888\" data-end=\"891\" \/>Notre \u00e9quipe peut fournir une assistance afin de garantir une installation correcte et une utilisation fiable avec le logiciel DiagZone.<\/p>\n<p data-start=\"1003\" data-end=\"1179\">\ud83d\udd39 <strong data-start=\"1006\" data-end=\"1027\">Assurance qualit\u00e9<\/strong><br data-start=\"1027\" data-end=\"1030\" \/>Chaque c\u00e2ble est test\u00e9 avant l\u2019exp\u00e9dition afin de garantir une connectivit\u00e9 broche \u00e0 broche correcte, une transmission de donn\u00e9es stable et une durabilit\u00e9 adapt\u00e9e aux conditions d\u2019atelier.<\/p>\n<h2 data-start=\"1186\" data-end=\"1207\">Caract\u00e9ristiques du produit<\/h2>\n<ul data-start=\"1209\" data-end=\"1702\">\n<li data-start=\"1209\" data-end=\"1271\">\n<p data-start=\"1211\" data-end=\"1271\"><strong data-start=\"1211\" data-end=\"1269\">C\u00e2ble d\u2019extension OBD2\/EOBD 16 broches m\u00e2le vers 16 broches femelle<\/strong><\/p>\n<\/li>\n<li data-start=\"1272\" data-end=\"1382\">\n<p data-start=\"1274\" data-end=\"1382\" class=\" translation-block\">Enti\u00e8rement compatible avec les <strong data-start=\"1296\" data-end=\"1321\">DiagZone OBD adapters<\/strong> (DBScar 5, DBScar 7, ThinkDiag 2, Ediag+, SmartLink C 2.0)<\/p>\n<\/li>\n<li data-start=\"1383\" data-end=\"1469\">\n<p data-start=\"1385\" data-end=\"1469\">Prolonge la connexion entre l\u2019outil de diagnostic et le v\u00e9hicule pour une plus grande flexibilit\u00e9<\/p>\n<\/li>\n<li data-start=\"1470\" data-end=\"1537\">\n<p data-start=\"1472\" data-end=\"1537\">Prot\u00e8ge la prise OBD2 d\u2019origine contre les sollicitations fr\u00e9quentes et l\u2019usure<\/p>\n<\/li>\n<li data-start=\"1538\" data-end=\"1621\">\n<p data-start=\"1540\" data-end=\"1621\">Transmission de signal fiable pour un diagnostic pr\u00e9cis sur tous les v\u00e9hicules pris en charge<\/p>\n<\/li>\n<li data-start=\"1622\" data-end=\"1702\">\n<p data-start=\"1624\" data-end=\"1702\">Conception durable et flexible pour les ateliers professionnels et l\u2019usage personnel<\/p>\n<\/li>\n<\/ul>\n<h3 data-start=\"1709\" data-end=\"1741\">\ud83d\udce6 Contenu de l\u2019emballage<\/h3>\n<ul data-start=\"1742\" data-end=\"1792\">\n<li data-start=\"1742\" data-end=\"1792\">\n<p data-start=\"1744\" data-end=\"1792\">1 \u00d7 C\u00e2ble d\u2019extension OBD2\/EOBD 16 broches vers 16 broches<\/p>\n<\/li>\n<\/ul>\n<p data-start=\"1799\" data-end=\"2065\">\u2705 <strong data-start=\"1801\" data-end=\"2063\">En r\u00e9sum\u00e9, le c\u00e2ble d\u2019extension EOBD 16 broches vers 16 broches est l\u2019accessoire id\u00e9al pour les utilisateurs de DiagZone. Il fonctionne avec tous les adaptateurs OBD pris en charge, garantit des diagnostics stables, prot\u00e8ge le port OBD2 de votre v\u00e9hicule et facilite la connexion dans tout environnement d\u2019atelier.<\/strong><\/p>","protected":false},"excerpt":{"rendered":"<p>Le c\u00e2ble d\u2019extension EOBD 16 broches vers 16 broches est enti\u00e8rement compatible avec la plateforme DiagZone et tous nos adaptateurs OBD (DBScar 5, DBScar 7, ThinkDiag 2, Ediag+, SmartLink C 2.0). Il prolonge la connexion de diagnostic, prot\u00e8ge le port OBD2 et garantit une communication stable lors du diagnostic du v\u00e9hicule.<\/p>","protected":false},"featured_media":3458,"template":"","meta":{"_acf_changed":false,"_seopress_robots_primary_cat":"none","_seopress_titles_title":"16-Pin EOBD Extension Cable \u2013 Compatible with DiagZone & All OBD Adapters","_seopress_titles_desc":"Buy the 16-Pin to 16-Pin EOBD Extension Cable for DiagZone. Works with DBScar 5, DBScar 7, ThinkDiag 2, Ediag+, and SmartLink C 2.0. Protects the OBD2 port, extends connection reach, and ensures stable diagnostic performance.","_seopress_robots_index":"","inline_featured_image":false,"_kad_blocks_custom_css":"","_kad_blocks_head_custom_js":"","_kad_blocks_body_custom_js":"","_kad_blocks_footer_custom_js":"","_themeisle_gutenberg_block_has_review":false,"_kad_post_transparent":"default","_kad_post_title":"","_kad_post_layout":"default","_kad_post_sidebar_id":"","_kad_post_content_style":"default","_kad_post_vertical_padding":"default","_kad_post_feature":"","_kad_post_feature_position":"","_kad_post_header":false,"_kad_post_footer":false,"iawp_total_views":86},"product_cat":[22],"product_tag":[65,66,64,42],"class_list":{"0":"post-3422","1":"product","2":"type-product","3":"status-publish","4":"has-post-thumbnail","6":"product_cat-accessories","7":"product_tag-16-pin","8":"product_tag-eobd","9":"product_tag-extension-cable","10":"product_tag-obd2","12":"first","13":"instock","14":"shipping-taxable","15":"purchasable","16":"product-type-simple","17":"entry","18":"content-bg","19":"loop-entry"},"acf":[],"taxonomy_info":{"product_cat":[{"value":22,"label":"Accessories"}],"product_tag":[{"value":65,"label":"16-Pin"},{"value":66,"label":"EOBD"},{"value":64,"label":"Extension Cable"},{"value":42,"label":"OBD2"}]},"featured_image_src_large":["https:\/\/diagzone.org\/wp-content\/uploads\/2025\/09\/Diagzone_16pin_to_16pin_OBD2_cable_1.jpg",600,600,false],"author_info":[],"comment_info":"","_links":{"self":[{"href":"https:\/\/diagzone.org\/fr\/wp-json\/wp\/v2\/product\/3422","targetHints":{"allow":["GET"]}}],"collection":[{"href":"https:\/\/diagzone.org\/fr\/wp-json\/wp\/v2\/product"}],"about":[{"href":"https:\/\/diagzone.org\/fr\/wp-json\/wp\/v2\/types\/product"}],"wp:featuredmedia":[{"embeddable":true,"href":"https:\/\/diagzone.org\/fr\/wp-json\/wp\/v2\/media\/3458"}],"wp:attachment":[{"href":"https:\/\/diagzone.org\/fr\/wp-json\/wp\/v2\/media?parent=3422"}],"wp:term":[{"taxonomy":"product_cat","embeddable":true,"href":"https:\/\/diagzone.org\/fr\/wp-json\/wp\/v2\/product_cat?post=3422"},{"taxonomy":"product_tag","embeddable":true,"href":"https:\/\/diagzone.org\/fr\/wp-json\/wp\/v2\/product_tag?post=3422"}],"curies":[{"name":"wp","href":"https:\/\/api.w.org\/{rel}","templated":true}]}}