
{"id":670,"date":"2024-01-19T20:56:43","date_gmt":"2024-01-19T19:56:43","guid":{"rendered":"https:\/\/diagzone.org\/?post_type=product&#038;p=670"},"modified":"2025-09-26T13:15:37","modified_gmt":"2025-09-26T11:15:37","slug":"launch-dbscar-vii-dbscar7-bluetooth-obd2-scanner-supports-can-fd-doip-protocols-powerful-all-systems-for-x431","status":"publish","type":"product","link":"https:\/\/diagzone.org\/fr\/produit\/launch-dbscar-vii-dbscar7-bluetooth-obd2-scanner-supports-can-fd-doip-protocols-powerful-all-systems-for-x431\/","title":{"rendered":"Launch DBScar VII DBSCAR7 Scanner OBD2 Bluetooth compatible CAN-FD et DoIP \u2013 diagnostic tous syst\u00e8mes puissant pour X431"},"content":{"rendered":"<p data-start=\"252\" data-end=\"470\" class=\" translation-block\"><strong data-start=\"252\" data-end=\"329\">Merci de votre int\u00e9r\u00eat pour l\u2019Original Launch DBScar VII (DBScar 7).<\/strong><br data-start=\"329\" data-end=\"332\">Ce connecteur est <strong data-start=\"350\" data-end=\"363\">enti\u00e8rement neuf<\/strong>, test\u00e9 sur la <strong data-start=\"379\" data-end=\"400\">plateforme DiagZone<\/strong>, et garantit \u00e0 la fois <strong data-start=\"422\" data-end=\"438\">l\u2019authenticit\u00e9<\/strong> et des <strong data-start=\"443\" data-end=\"467\">performances sup\u00e9rieures<\/strong>.<\/p>\n<h2 data-start=\"472\" data-end=\"496\">\ud83d\udd39 Avis important<\/h2>\n<p data-start=\"497\" data-end=\"681\" class=\" translation-block\">Le Launch <strong data-start=\"508\" data-end=\"533\">DBScar VII (DBScar 7)<\/strong> est livr\u00e9 <strong data-start=\"547\" data-end=\"585\">sans <a href=\"https:\/\/diagzone.org\/diagzone-activation\/\" target=\"_self\">logiciel pr\u00e9install\u00e9<\/a><\/strong>.<br data-start=\"586\" data-end=\"589\">Pour exploiter tout le potentiel de cet appareil, un <strong data-start=\"636\" data-end=\"678\"><a href=\"https:\/\/diagzone.org\/diagzone-buy-subscription\/\" target=\"_self\">achat de logiciel<\/a> s\u00e9par\u00e9 est requis<\/strong>.<\/p>\n<h2 data-start=\"683\" data-end=\"709\">\ud83d\udd39 Support &amp; Assistance<\/h2>\n<p data-start=\"710\" data-end=\"940\" class=\" translation-block\">Besoin d\u2019aide pour l\u2019<strong data-start=\"725\" data-end=\"748\">activation DiagZone<\/strong> ?<br data-start=\"749\" data-end=\"752\">Notre \u00e9quipe fournit une <strong data-start=\"787\" data-end=\"814\">assistance \u00e9tape par \u00e9tape<\/strong>. N\u2019h\u00e9sitez pas \u00e0 <a href=\"https:\/\/wa.me\/31647604324\" target=\"_self\"><strong data-start=\"829\" data-end=\"851\">nous contacter \u00e0 tout moment<\/strong><\/a> si vous avez besoin d\u2019aide pour activer votre appareil sur la <strong data-start=\"911\" data-end=\"937\">plateforme OBD2 DiagZone<\/strong>.<\/p>\n<h2 data-start=\"942\" data-end=\"967\">\ud83d\udd39 Assurance qualit\u00e9<\/h2>\n<p data-start=\"968\" data-end=\"1141\" class=\" translation-block\">Chaque DBScar VII subit <strong data-start=\"995\" data-end=\"1040\">des tests rigoureux sur banc IO avant exp\u00e9dition<\/strong>.<br data-start=\"1041\" data-end=\"1044\">Cela garantit un <strong data-start=\"1060\" data-end=\"1086\">fonctionnement irr\u00e9prochable<\/strong>, une fiabilit\u00e9 professionnelle et une durabilit\u00e9 \u00e0 long terme.<\/p>\n<h2 data-start=\"1143\" data-end=\"1167\">Description du produit<\/h2>\n<p data-start=\"1168\" data-end=\"1318\" class=\" translation-block\">Le <strong data-start=\"1172\" data-end=\"1204\">Launch DBScar VII (DBScar 7)<\/strong> est un <strong data-start=\"1220\" data-end=\"1249\">connecteur de diagnostic OBD2<\/strong> avanc\u00e9, con\u00e7u <strong data-start=\"1259\" data-end=\"1315\">exclusivement pour \u00eatre compatible avec le logiciel DiagZone<\/strong>.<\/p>\n<p data-start=\"1320\" data-end=\"1533\">\u2705 Fonctionne comme <strong data-start=\"1333\" data-end=\"1372\">adaptateur Bluetooth OBD2 professionnel<\/strong><br data-start=\"1372\" data-end=\"1375\" \/>\u2705 <strong data-start=\"444\" data-end=\"496\">Prend en charge les appareils Android (smartphones et tablettes)<\/strong> \u2013 enti\u00e8rement compatible avec <strong data-start=\"521\" data-end=\"537\">Android 7\u201313<\/strong>, ainsi qu\u2019avec <strong data-start=\"553\" data-end=\"589\">Android 14 (syst\u00e8mes 32 bits uniquement)<\/strong><br data-start=\"1425\" data-end=\"1428\" \/>\u2705 Test\u00e9 avec <strong data-start=\"1442\" data-end=\"1480\">logiciel DiagZone pour l\u2019authenticit\u00e9<\/strong><br data-start=\"1480\" data-end=\"1483\" \/>\u2705 Activation facile avec une licence logicielle s\u00e9par\u00e9e<\/p>\n<p data-start=\"1535\" data-end=\"1618\">\u26a0\ufe0f <strong data-start=\"176\" data-end=\"192\">Veuillez noter :<\/strong> Ce connecteur n\u2019inclut aucun logiciel ni abonnement.<br data-start=\"254\" data-end=\"257\" \/>\ud83d\udc49 A <strong data-start=\"262\" data-end=\"296\">Abonnement au logiciel DiagZone<\/strong> peut \u00eatre achet\u00e9 s\u00e9par\u00e9ment ici : <a class=\"decorated-link\" href=\"https:\/\/diagzone.org\/diagzone-buy-subscription\/\" target=\"_new\" rel=\"noopener\" data-start=\"331\" data-end=\"407\" data-is-only-node=\"\">Acheter un abonnement DiagZone<\/a><\/p>\n<h2 data-start=\"1620\" data-end=\"1654\">Pourquoi choisir le Launch DBScar VII ?<\/h2>\n<ul>\n<li data-start=\"216\" data-end=\"287\">\n<p data-start=\"218\" data-end=\"287\"><strong data-start=\"218\" data-end=\"285\">Appareil Launch original \u2013 Puce compl\u00e8te \u2013 aucun clone, aucune contrefa\u00e7on<\/strong><\/p>\n<\/li>\n<li data-start=\"288\" data-end=\"335\">\n<p data-start=\"290\" data-end=\"335\" class=\" translation-block\"><strong data-start=\"290\" data-end=\"317\">Test\u00e9 \u00e0 100 % sur DiagZone<\/strong> avant exp\u00e9dition<\/p>\n<\/li>\n<li data-start=\"336\" data-end=\"399\">\n<p data-start=\"338\" data-end=\"399\" class=\" translation-block\"><strong data-start=\"338\" data-end=\"369\">Connecteur OBD2 professionnel<\/strong> avec performances garanties<\/p>\n<\/li>\n<li data-start=\"400\" data-end=\"500\">\n<p data-start=\"402\" data-end=\"500\" class=\" translation-block\">Compatible avec les <strong data-start=\"418\" data-end=\"498\">logiciels DiagZone pour v\u00e9hicules particuliers, v\u00e9hicules \u00e9lectriques et v\u00e9hicules utilitaires<\/strong><\/p>\n<\/li>\n<li data-start=\"501\" data-end=\"612\">\n<p data-start=\"503\" data-end=\"612\" class=\" translation-block\">Prend en charge tous les principaux protocoles de diagnostic : <strong data-start=\"544\" data-end=\"610\">ISO9141, KWP2000, J1850 VPW, J1850 PWM, CAN, UDS, DOIP, CAN-FD<\/strong><\/p>\n<\/li>\n<\/ul>","protected":false},"excerpt":{"rendered":"<p data-start=\"129\" data-end=\"534\">Le Launch DBScar VII (DBScar 7) original est un connecteur OBD2 Bluetooth haute performance, con\u00e7u pour offrir vitesse, fiabilit\u00e9 et transmission pr\u00e9cise des donn\u00e9es. Il prend en charge les protocoles v\u00e9hicules les plus r\u00e9cents, notamment CAN FD et DOIP, ce qui le rend id\u00e9al pour les v\u00e9hicules modernes, les v\u00e9hicules \u00e9lectriques et les camions. Gr\u00e2ce \u00e0 sa large couverture et \u00e0 ses performances de niveau professionnel dans un format compact, il garantit une communication rapide et stable pour des diagnostics avanc\u00e9s.<\/p>","protected":false},"featured_media":3312,"template":"","meta":{"_acf_changed":false,"_seopress_robots_primary_cat":"none","_seopress_titles_title":"Original Launch DBScar VII (DBScar 7)","_seopress_titles_desc":"Original Launch DBScar VII, a tested product ensuring authenticity and superior performance on the Diagzone platform.","_seopress_robots_index":"","inline_featured_image":false,"_kad_blocks_custom_css":"","_kad_blocks_head_custom_js":"","_kad_blocks_body_custom_js":"","_kad_blocks_footer_custom_js":"","_themeisle_gutenberg_block_has_review":false,"_kad_post_transparent":"default","_kad_post_title":"","_kad_post_layout":"default","_kad_post_sidebar_id":"","_kad_post_content_style":"default","_kad_post_vertical_padding":"default","_kad_post_feature":"","_kad_post_feature_position":"","_kad_post_header":false,"_kad_post_footer":false,"iawp_total_views":754},"product_cat":[19],"product_tag":[],"class_list":{"0":"post-670","1":"product","2":"type-product","3":"status-publish","4":"has-post-thumbnail","6":"product_cat-obd-connectors","8":"first","9":"instock","10":"shipping-taxable","11":"purchasable","12":"product-type-simple","13":"entry","14":"content-bg","15":"loop-entry"},"acf":[],"taxonomy_info":{"product_cat":[{"value":19,"label":"Obd connectors"}]},"featured_image_src_large":["https:\/\/diagzone.org\/wp-content\/uploads\/2024\/01\/DBS_Car_VII_1.jpg",600,600,false],"author_info":[],"comment_info":"","_links":{"self":[{"href":"https:\/\/diagzone.org\/fr\/wp-json\/wp\/v2\/product\/670","targetHints":{"allow":["GET"]}}],"collection":[{"href":"https:\/\/diagzone.org\/fr\/wp-json\/wp\/v2\/product"}],"about":[{"href":"https:\/\/diagzone.org\/fr\/wp-json\/wp\/v2\/types\/product"}],"wp:featuredmedia":[{"embeddable":true,"href":"https:\/\/diagzone.org\/fr\/wp-json\/wp\/v2\/media\/3312"}],"wp:attachment":[{"href":"https:\/\/diagzone.org\/fr\/wp-json\/wp\/v2\/media?parent=670"}],"wp:term":[{"taxonomy":"product_cat","embeddable":true,"href":"https:\/\/diagzone.org\/fr\/wp-json\/wp\/v2\/product_cat?post=670"},{"taxonomy":"product_tag","embeddable":true,"href":"https:\/\/diagzone.org\/fr\/wp-json\/wp\/v2\/product_tag?post=670"}],"curies":[{"name":"wp","href":"https:\/\/api.w.org\/{rel}","templated":true}]}}