
{"id":673,"date":"2024-01-19T20:57:45","date_gmt":"2024-01-19T19:57:45","guid":{"rendered":"https:\/\/diagzone.org\/?post_type=product&#038;p=673"},"modified":"2026-01-05T13:58:38","modified_gmt":"2026-01-05T12:58:38","slug":"thinkcar-thinkdiag-2-can-fd-bi-directional-obd2-scanner","status":"publish","type":"product","link":"https:\/\/diagzone.org\/fr\/produit\/thinkcar-thinkdiag-2-can-fd-bi-directional-obd2-scanner\/","title":{"rendered":"THINKCAR ThinkDiag 2 Scanner OBD2 bidirectionnel CAN-FD"},"content":{"rendered":"<p data-start=\"162\" data-end=\"369\" class=\" translation-block\">Merci de votre int\u00e9r\u00eat pour l\u2019<strong data-start=\"197\" data-end=\"221\">Original THINKDIAG 2<\/strong>.<br data-start=\"222\" data-end=\"225\">Ce connecteur de diagnostic est neuf, enti\u00e8rement test\u00e9 sur la <strong data-start=\"285\" data-end=\"306\">DiagZone platform<\/strong>, et garantit \u00e0 la fois l\u2019authenticit\u00e9 et d\u2019excellentes performances.<\/p>\n<h2 data-start=\"371\" data-end=\"395\">\ud83d\udd39 Avis important<\/h2>\n<p data-start=\"396\" data-end=\"534\" class=\" translation-block\">Le THINKDIAG 2 est livr\u00e9 <a href=\"https:\/\/diagzone.org\/diagzone-activation\/\" target=\"_self\"><strong data-start=\"425\" data-end=\"463\">sans logiciel pr\u00e9install\u00e9<\/strong><\/a>.<br data-start=\"464\" data-end=\"467\">Pour utiliser cet appareil, un <strong data-start=\"489\" data-end=\"531\">achat de <a href=\"https:\/\/diagzone.org\/diagzone-buy-subscription\/\" target=\"_self\">logiciel s\u00e9par\u00e9<\/a> est requis<\/strong>.<\/p>\n<h2 data-start=\"536\" data-end=\"562\">\ud83d\udd39 Support &amp; Assistance<\/h2>\n<p data-start=\"563\" data-end=\"775\" class=\" translation-block\">Besoin d\u2019aide pour la <strong data-start=\"578\" data-end=\"596\">configuration de DiagZone<\/strong> ?<br data-start=\"597\" data-end=\"600\">Notre \u00e9quipe fournit une assistance \u00e9tape par \u00e9tape. N\u2019h\u00e9sitez pas \u00e0 <a href=\"https:\/\/wa.me\/31647604324\" target=\"_self\">nous contacter<\/a> \u00e0 tout moment si vous avez besoin d\u2019aide pour utiliser votre appareil avec la <strong data-start=\"746\" data-end=\"772\">DiagZone OBD2 platform<\/strong>.<\/p>\n<h2 data-start=\"777\" data-end=\"802\">\ud83d\udd39 Assurance qualit\u00e9<\/h2>\n<p data-start=\"803\" data-end=\"977\" class=\" translation-block\">Chaque THINKDIAG 2 subit <strong data-start=\"831\" data-end=\"881\">des tests de fonctionnement rigoureux avant l\u2019exp\u00e9dition<\/strong>.<br data-start=\"882\" data-end=\"885\">Cela garantit un fonctionnement irr\u00e9prochable, une fiabilit\u00e9 de niveau professionnel et une durabilit\u00e9 \u00e0 long terme.<\/p>\n<h1 data-start=\"979\" data-end=\"1002\">Description du produit<\/h1>\n<p data-start=\"1004\" data-end=\"1159\" class=\" translation-block\">Le <strong data-start=\"1008\" data-end=\"1023\">THINKDIAG 2<\/strong> est un <strong data-start=\"1050\" data-end=\"1089\">connecteur de diagnostic OBD2 Bluetooth<\/strong> compact et puissant, con\u00e7u exclusivement pour \u00eatre compatible avec le <strong data-start=\"1135\" data-end=\"1156\">logiciel DiagZone<\/strong>.<\/p>\n<p data-start=\"1161\" data-end=\"1586\">\u2705 Fonctionne comme un adaptateur Bluetooth OBD2 professionnel<br data-start=\"1209\" data-end=\"1212\" \/>\u2705 Prend en charge les appareils Android (smartphones et tablettes) \u2013 enti\u00e8rement compatible avec <strong data-start=\"1287\" data-end=\"1303\">Android 7\u201313<\/strong>, ainsi qu\u2019avec <strong data-start=\"1319\" data-end=\"1355\">Android 14 (syst\u00e8mes 32 bits uniquement)<\/strong><br data-start=\"1355\" data-end=\"1358\" \/>\u2705 Test\u00e9 avec le logiciel DiagZone pour garantir l\u2019authenticit\u00e9<br data-start=\"1406\" data-end=\"1409\" \/>\u2705 Connexion Bluetooth 5.0 bi-mode rapide et stable<br data-start=\"1459\" data-end=\"1462\" \/>\u2705 Conception durable avec bo\u00eetier en ABS+PC+TPU et doubles voyants lumineux<br data-start=\"1528\" data-end=\"1531\" \/>\u2705 Livr\u00e9 avec <strong data-start=\"1544\" data-end=\"1565\">C\u00e2ble OBD2 de 0,65 m<\/strong> pour une utilisation pratique<\/p>\n<p data-start=\"1588\" data-end=\"1824\">\u26a0\ufe0f Veuillez noter : Ce connecteur n\u2019inclut aucun logiciel ni abonnement.<br data-start=\"1669\" data-end=\"1672\" \/>\ud83d\udc49 Un abonnement logiciel DiagZone peut \u00eatre achet\u00e9 s\u00e9par\u00e9ment ici : <a class=\"decorated-link\" href=\"https:\/\/diagzone.org\/diagzone-buy-subscription\/\" target=\"_new\" rel=\"noopener\" data-start=\"1746\" data-end=\"1822\">Acheter un abonnement DiagZone<\/a><\/p>\n<h1 data-start=\"1826\" data-end=\"1853\">Pourquoi choisir THINKDIAG 2 ?<\/h1>\n<ul data-start=\"1855\" data-end=\"2272\">\n<li data-start=\"1855\" data-end=\"1907\">\n<p data-start=\"1857\" data-end=\"1907\"><strong data-start=\"1857\" data-end=\"1905\">Appareil d\u2019origine \u2013 aucun clone, aucune contrefa\u00e7on<\/strong><\/p>\n<\/li>\n<li data-start=\"1908\" data-end=\"1955\">\n<p data-start=\"1910\" data-end=\"1955\" class=\" translation-block\"><strong data-start=\"290\" data-end=\"317\">Test\u00e9 \u00e0 100 % sur DiagZone<\/strong> avant exp\u00e9dition<\/p>\n<\/li>\n<li data-start=\"1956\" data-end=\"2019\">\n<p data-start=\"1958\" data-end=\"2019\" class=\" translation-block\"><strong data-start=\"338\" data-end=\"369\">Connecteur OBD2 professionnel<\/strong> avec performances garanties<\/p>\n<\/li>\n<li data-start=\"2020\" data-end=\"2072\">\n<p data-start=\"2022\" data-end=\"2072\" class=\" translation-block\">Format compact, <strong data-start=\"2036\" data-end=\"2070\">utilisation facile avec Bluetooth 5.0<\/strong><\/p>\n<\/li>\n<li data-start=\"2073\" data-end=\"2169\">\n<p data-start=\"2075\" data-end=\"2169\" class=\" translation-block\">Compatible avec les <strong data-start=\"418\" data-end=\"498\">logiciels DiagZone pour v\u00e9hicules particuliers, v\u00e9hicules \u00e9lectriques et v\u00e9hicules utilitaires<\/strong><\/p>\n<\/li>\n<li data-start=\"2170\" data-end=\"2272\">\n<p data-start=\"2172\" data-end=\"2272\" class=\" translation-block\">Prend en charge les protocoles de diagnostic modernes : <strong data-start=\"2210\" data-end=\"2270\">ISO9141, KWP2000, J1850 VPW, J1850 PWM, CAN, UDS, CAN-FD<\/strong><\/p>\n<\/li>\n<\/ul>\n<p data-start=\"2274\" data-end=\"2453\">\u2705 En r\u00e9sum\u00e9, le <strong data-start=\"2290\" data-end=\"2305\">THINKDIAG 2<\/strong> est la solution id\u00e9ale pour tous ceux qui recherchent une <strong data-start=\"2353\" data-end=\"2414\">connecteur OBD2 puissant, compact et compatible avec DiagZone<\/strong>, approuv\u00e9 par des professionnels du monde entier.<\/p>","protected":false},"excerpt":{"rendered":"<p class=\" translation-block\">Le <strong data-start=\"157\" data-end=\"172\">THINKDIAG 2<\/strong> est un connecteur OBD2 Bluetooth haute performance, con\u00e7u pour la vitesse, la fiabilit\u00e9 et un transfert de donn\u00e9es pr\u00e9cis. Il prend en charge la communication moderne <strong data-start=\"301\" data-end=\"325\">CAN-FD<\/strong>, ce qui le rend id\u00e9al pour les v\u00e9hicules de nouvelle g\u00e9n\u00e9ration. Gr\u00e2ce \u00e0 une large couverture allant des voitures aux v\u00e9hicules \u00e9lectriques et aux camions, il offre des performances de niveau professionnel dans un format compact, enti\u00e8rement test\u00e9 sur la <strong data-start=\"505\" data-end=\"526\">DiagZone platform<\/strong>.<\/p>","protected":false},"featured_media":3320,"template":"","meta":{"_acf_changed":false,"_seopress_robots_primary_cat":"none","_seopress_titles_title":"Elevate Your Diagnostic Capabilities - THINKDIAG2: CAN-FD","_seopress_titles_desc":"Enhance Your Diagnostics with THINKDIAG 2, Offering Support for CAN-FD Protocol and Bluetooth 5.0, Compatible with the DiagZone Server.","_seopress_robots_index":"","inline_featured_image":false,"_kad_blocks_custom_css":"","_kad_blocks_head_custom_js":"","_kad_blocks_body_custom_js":"","_kad_blocks_footer_custom_js":"","_themeisle_gutenberg_block_has_review":false,"_kad_post_transparent":"default","_kad_post_title":"","_kad_post_layout":"default","_kad_post_sidebar_id":"","_kad_post_content_style":"default","_kad_post_vertical_padding":"default","_kad_post_feature":"","_kad_post_feature_position":"","_kad_post_header":false,"_kad_post_footer":false,"iawp_total_views":1098},"product_cat":[19],"product_tag":[],"class_list":{"0":"post-673","1":"product","2":"type-product","3":"status-publish","4":"has-post-thumbnail","6":"product_cat-obd-connectors","8":"first","9":"instock","10":"sale","11":"shipping-taxable","12":"purchasable","13":"product-type-simple","14":"entry","15":"content-bg","16":"loop-entry"},"acf":[],"taxonomy_info":{"product_cat":[{"value":19,"label":"Obd connectors"}]},"featured_image_src_large":["https:\/\/diagzone.org\/wp-content\/uploads\/2024\/01\/ThinkDiag_2_1.jpg",600,600,false],"author_info":[],"comment_info":"","_links":{"self":[{"href":"https:\/\/diagzone.org\/fr\/wp-json\/wp\/v2\/product\/673","targetHints":{"allow":["GET"]}}],"collection":[{"href":"https:\/\/diagzone.org\/fr\/wp-json\/wp\/v2\/product"}],"about":[{"href":"https:\/\/diagzone.org\/fr\/wp-json\/wp\/v2\/types\/product"}],"wp:featuredmedia":[{"embeddable":true,"href":"https:\/\/diagzone.org\/fr\/wp-json\/wp\/v2\/media\/3320"}],"wp:attachment":[{"href":"https:\/\/diagzone.org\/fr\/wp-json\/wp\/v2\/media?parent=673"}],"wp:term":[{"taxonomy":"product_cat","embeddable":true,"href":"https:\/\/diagzone.org\/fr\/wp-json\/wp\/v2\/product_cat?post=673"},{"taxonomy":"product_tag","embeddable":true,"href":"https:\/\/diagzone.org\/fr\/wp-json\/wp\/v2\/product_tag?post=673"}],"curies":[{"name":"wp","href":"https:\/\/api.w.org\/{rel}","templated":true}]}}