
{"id":3329,"date":"2025-09-26T14:12:16","date_gmt":"2025-09-26T12:12:16","guid":{"rendered":"https:\/\/diagzone.org\/?post_type=product&#038;p=3329"},"modified":"2026-04-17T16:17:23","modified_gmt":"2026-04-17T14:17:23","slug":"android-diagzone-10inch-obd2-tablet-professional-diagnostic","status":"publish","type":"product","link":"https:\/\/diagzone.org\/it\/prodotto\/android-diagzone-10inch-obd2-tablet-professional-diagnostic\/","title":{"rendered":"Tablet OBD2 Android DiagZone da 10 pollici \u2013 Diagnostica professionale"},"content":{"rendered":"<p data-start=\"233\" data-end=\"459\" class=\" translation-block\">Grazie per il tuo interesse nel <strong data-start=\"268\" data-end=\"306\">tablet Android DiagZone (3\/128 GB)<\/strong>.<br data-start=\"307\" data-end=\"310\">Questo tablet diagnostico professionale \u00e8 ottimizzato per l\u2019uso con la <strong data-start=\"376\" data-end=\"397\">piattaforma DiagZone<\/strong> e garantisce sia l\u2019autenticit\u00e0 sia prestazioni eccellenti.<\/p>\n<h2 data-start=\"461\" data-end=\"485\">\ud83d\udd39 Avviso importante<\/h2>\n<p data-start=\"486\" data-end=\"649\" class=\" translation-block\">Il <strong data-start=\"490\" data-end=\"517\">Android DiagZone Tablet<\/strong> viene fornito <a href=\"https:\/\/diagzone.org\/diagzone-activation\/\" target=\"_self\"><strong data-start=\"531\" data-end=\"578\">senza software DiagZone preinstallato<\/strong><\/a>.<\/p>\n<h2 data-start=\"651\" data-end=\"677\">\ud83d\udd39 Supporto e guida<\/h2>\n<p data-start=\"678\" data-end=\"919\" class=\" translation-block\">Hai bisogno di aiuto per la <strong data-start=\"693\" data-end=\"711\">configurazione di DiagZone<\/strong> sul tuo tablet o dispositivo OBD2?<br data-start=\"742\" data-end=\"745\">Il nostro team \u00e8 dedicato a fornire assistenza passo dopo passo. Sentiti libero di <a href=\"https:\/\/wa.me\/31647604324\" target=\"_self\">contattarci<\/a> in qualsiasi momento se hai bisogno di supporto per l\u2019installazione o la configurazione della tua <strong data-start=\"895\" data-end=\"916\">piattaforma DiagZone<\/strong>.<\/p>\n<h2 data-start=\"921\" data-end=\"946\">\ud83d\udd39 Garanzia di qualit\u00e0<\/h2>\n<p data-start=\"947\" data-end=\"1170\" class=\" translation-block\">Ogni <strong data-start=\"953\" data-end=\"980\">Android DiagZone Tablet<\/strong> viene <strong data-start=\"984\" data-end=\"1010\">testato prima della spedizione<\/strong> per confermare un funzionamento impeccabile e la compatibilit\u00e0 con DiagZone.<br data-start=\"1077\" data-end=\"1080\">Questo garantisce un funzionamento fluido, un\u2019affidabilit\u00e0 di livello professionale e una lunga durata nel tempo.<\/p>\n<h1 data-start=\"1177\" data-end=\"1200\">Descrizione del prodotto<\/h1>\n<p data-start=\"1202\" data-end=\"1549\" class=\" translation-block\">Il <strong data-start=\"1206\" data-end=\"1259\">tablet Android DiagZone (3 GB di RAM \/ 128 GB di memoria)<\/strong> \u00e8 uno strumento diagnostico ad alte prestazioni che offre una piattaforma rapida e stabile per l\u2019esecuzione del <strong data-start=\"1348\" data-end=\"1369\">software DiagZone<\/strong>. Grazie all\u2019ampio touchscreen, all\u2019hardware potente e al sistema operativo Android ottimizzato, \u00e8 il compagno ideale per i connettori OBD2 come <strong data-start=\"1498\" data-end=\"1546\">DBScar VII, ThinkDiag 2 o Kingbolen Ediag plus<\/strong>.<\/p>\n<p data-start=\"1551\" data-end=\"1967\">\u2705 Tablet diagnostico Android di livello professionale<br data-start=\"1597\" data-end=\"1600\" \/>\u2705 Ampio display ad alta risoluzione per una diagnostica semplice<br data-start=\"1652\" data-end=\"1655\" \/>\u2705 <strong data-start=\"1657\" data-end=\"1684\">3 GB di RAM + 128 GB di memoria<\/strong> \u2013 prestazioni fluide e spazio sufficiente per gli aggiornamenti<br data-start=\"1727\" data-end=\"1730\" \/>\u2705 Batteria a lunga durata per uso in officina o in mobilit\u00e0<br data-start=\"1779\" data-end=\"1782\" \/>\u2705 Connettivit\u00e0 Wi-Fi e Bluetooth per aggiornamenti rapidi e un abbinamento OBD2 stabile<br data-start=\"1854\" data-end=\"1857\" \/>\u2705 Struttura robusta per una durata professionale<br data-start=\"1901\" data-end=\"1904\" \/>\u2705 Completamente testato per <strong data-start=\"1923\" data-end=\"1949\">Compatibilit\u00e0 con DiagZone<\/strong> prima della spedizione<\/p>\n<p>\u26a0\ufe0f <strong data-start=\"179\" data-end=\"195\">Si prega di notare:<\/strong> Questo tablet non include il software DiagZone, l\u2019abbonamento n\u00e9 il connettore OBD2.<br data-start=\"276\" data-end=\"279\" \/>\ud83d\udc49 A <strong data-start=\"284\" data-end=\"318\">Abbonamento al software DiagZone<\/strong> pu\u00f2 essere acquistato separatamente qui: <a class=\"decorated-link\" href=\"https:\/\/diagzone.org\/diagzone-buy-subscription\/\" target=\"_new\" rel=\"noopener\" data-start=\"353\" data-end=\"429\" data-is-only-node=\"\">Acquista l\u2019abbonamento DiagZone<\/a><br data-start=\"429\" data-end=\"432\" \/>\ud83d\udc49 An <strong data-start=\"438\" data-end=\"509\">Connettore diagnostico OBD2 (<a href=\"https:\/\/diagzone.org\/obd-shop\/\">ad es. DBScar VII, ThinkDiag 2 o Ediag+ )<\/a><\/strong> deve essere acquistato separatamente anche in <a href=\"https:\/\/diagzone.org\/obd-shop\/\">il nostro negozio<\/a> per utilizzare il tablet con DiagZone<\/p>\n<h2 data-start=\"921\" data-end=\"946\">\ud83d\udd39 Contenuto della confezione<\/h2>\n<ul>\n<li style=\"list-style-type: none;\">\n<ul data-start=\"1929\" data-end=\"1991\">\n<li data-start=\"1929\" data-end=\"1942\">\n<p data-start=\"1931\" data-end=\"1942\">Tablet \u00d71<\/p>\n<\/li>\n<li data-start=\"1943\" data-end=\"1970\">\n<p data-start=\"1945\" data-end=\"1970\">Cavo USB (Mini USB) \u00d71<\/p>\n<\/li>\n<li data-start=\"1971\" data-end=\"1991\">\n<p data-start=\"1973\" data-end=\"1991\">Alimentatore \u00d71<\/p>\n<\/li>\n<\/ul>\n<\/li>\n<\/ul>\n<h1 data-start=\"2214\" data-end=\"2253\">Perch\u00e9 scegliere il tablet Android DiagZone?<\/h1>\n<ul data-start=\"2255\" data-end=\"2565\">\n<li data-start=\"2255\" data-end=\"2328\">\n<p data-start=\"2257\" data-end=\"2328\" class=\" translation-block\">Ottimizzato per <strong data-start=\"2271\" data-end=\"2289\">utenti DiagZone<\/strong> \u2013 pronto per diagnosi professionali<\/p>\n<\/li>\n<li data-start=\"2329\" data-end=\"2392\">\n<p data-start=\"2331\" data-end=\"2392\" class=\" translation-block\"><strong data-start=\"2331\" data-end=\"2363\">Hardware potente (3\/128 GB)<\/strong> per una comunicazione ECU rapida<\/p>\n<\/li>\n<li data-start=\"2393\" data-end=\"2465\">\n<p data-start=\"2395\" data-end=\"2465\">Ampio display per una chiara visualizzazione dei dati e dei report diagnostici<\/p>\n<\/li>\n<li data-start=\"2466\" data-end=\"2509\">\n<p data-start=\"2468\" data-end=\"2509\">Design robusto per ambienti di officina<\/p>\n<\/li>\n<li data-start=\"2510\" data-end=\"2565\">\n<p data-start=\"2512\" data-end=\"2565\">Completamente testato per garantire un funzionamento fluido di DiagZone<\/p>\n<\/li>\n<\/ul>\n<p data-start=\"2567\" data-end=\"2750\">\u2705 In breve, il <strong data-start=\"2583\" data-end=\"2610\">Tablet Android DiagZone<\/strong> offre la combinazione perfetta di <strong data-start=\"2645\" data-end=\"2686\">potenza, portabilit\u00e0 e compatibilit\u00e0<\/strong>, rendendolo il dispositivo ideale per eseguire la diagnostica DiagZone.<\/p>","protected":false},"excerpt":{"rendered":"<p class=\" translation-block\">Il <strong data-start=\"2787\" data-end=\"2825\">Android DiagZone Tablet (3\/128 GB)<\/strong> \u00e8 un tablet diagnostico professionale ottimizzato per l\u2019esecuzione della piattaforma DiagZone. Grazie a un potente sistema Android, un ampio display, connettivit\u00e0 WiFi\/Bluetooth e compatibilit\u00e0 garantita, offre prestazioni fluide e affidabilit\u00e0 per tutte le attivit\u00e0 diagnostiche.<\/p>","protected":false},"featured_media":3332,"template":"","meta":{"_acf_changed":false,"_seopress_robots_primary_cat":"none","_seopress_titles_title":"Android 10\" Diagnostic Tablet 3\/128GB \u2013 DiagZone Ready Device","_seopress_titles_desc":"Professional Android 10\" diagnostic tablet with 3GB RAM and 128GB storage. Pre-tested for DiagZone, reliable performance for automotive diagnostics EOBD","_seopress_robots_index":"","inline_featured_image":false,"_kad_blocks_custom_css":"","_kad_blocks_head_custom_js":"","_kad_blocks_body_custom_js":"","_kad_blocks_footer_custom_js":"","_themeisle_gutenberg_block_has_review":false,"_kad_post_transparent":"default","_kad_post_title":"","_kad_post_layout":"default","_kad_post_sidebar_id":"","_kad_post_content_style":"default","_kad_post_vertical_padding":"default","_kad_post_feature":"","_kad_post_feature_position":"","_kad_post_header":false,"_kad_post_footer":false,"iawp_total_views":601},"product_cat":[21],"product_tag":[41,42,40],"class_list":{"0":"post-3329","1":"product","2":"type-product","3":"status-publish","4":"has-post-thumbnail","6":"product_cat-android-tablets","7":"product_tag-android","8":"product_tag-obd2","9":"product_tag-tablet","11":"first","12":"instock","13":"sale","14":"shipping-taxable","15":"purchasable","16":"product-type-simple","17":"entry","18":"content-bg","19":"loop-entry"},"acf":[],"taxonomy_info":{"product_cat":[{"value":21,"label":"Android tablets"}],"product_tag":[{"value":41,"label":"Android"},{"value":42,"label":"OBD2"},{"value":40,"label":"Tablet"}]},"featured_image_src_large":["https:\/\/diagzone.org\/wp-content\/uploads\/2025\/09\/Launch_Tablet_1.jpg",600,600,false],"author_info":[],"comment_info":"","_links":{"self":[{"href":"https:\/\/diagzone.org\/it\/wp-json\/wp\/v2\/product\/3329","targetHints":{"allow":["GET"]}}],"collection":[{"href":"https:\/\/diagzone.org\/it\/wp-json\/wp\/v2\/product"}],"about":[{"href":"https:\/\/diagzone.org\/it\/wp-json\/wp\/v2\/types\/product"}],"wp:featuredmedia":[{"embeddable":true,"href":"https:\/\/diagzone.org\/it\/wp-json\/wp\/v2\/media\/3332"}],"wp:attachment":[{"href":"https:\/\/diagzone.org\/it\/wp-json\/wp\/v2\/media?parent=3329"}],"wp:term":[{"taxonomy":"product_cat","embeddable":true,"href":"https:\/\/diagzone.org\/it\/wp-json\/wp\/v2\/product_cat?post=3329"},{"taxonomy":"product_tag","embeddable":true,"href":"https:\/\/diagzone.org\/it\/wp-json\/wp\/v2\/product_tag?post=3329"}],"curies":[{"name":"wp","href":"https:\/\/api.w.org\/{rel}","templated":true}]}}