
{"id":3360,"date":"2025-09-26T16:57:54","date_gmt":"2025-09-26T14:57:54","guid":{"rendered":"https:\/\/diagzone.org\/?post_type=product&#038;p=3360"},"modified":"2025-09-26T16:58:58","modified_gmt":"2025-09-26T14:58:58","slug":"cable-for-dbscar-vii-original-main-diagnostic-cable-vci","status":"publish","type":"product","link":"https:\/\/diagzone.org\/it\/prodotto\/cable-for-dbscar-vii-original-main-diagnostic-cable-vci\/","title":{"rendered":"Cavo per DBScar VII \u2013 cavo diagnostico principale originale (VCI)"},"content":{"rendered":"<p data-start=\"117\" data-end=\"308\" class=\" translation-block\">Grazie per il tuo interesse nell\u2019<strong data-start=\"152\" data-end=\"184\">adattatore cavo DBScar VII<\/strong>.<br data-start=\"185\" data-end=\"188\">Questo cavo di alta qualit\u00e0 \u00e8 nuovo di zecca ed \u00e8 progettato per estendere la compatibilit\u00e0 e la connettivit\u00e0 dei dispositivi DBScar VII.<\/p>\n<p data-start=\"310\" data-end=\"479\">\ud83d\udd39 <strong data-start=\"313\" data-end=\"333\">Avviso importante<\/strong><br data-start=\"333\" data-end=\"336\" \/>Il cavo non include alcun software diagnostico n\u00e9 dispositivo.<br data-start=\"397\" data-end=\"400\" \/>Per utilizzare questo cavo, sono necessari un\u2019unit\u00e0 DBScar VII compatibile e il software.<\/p>\n<p data-start=\"481\" data-end=\"708\">\ud83d\udd39 <strong data-start=\"484\" data-end=\"506\">Supporto e assistenza<\/strong><br data-start=\"506\" data-end=\"509\" \/>Hai bisogno di aiuto per l\u2019installazione o la configurazione?<br data-start=\"546\" data-end=\"549\" \/>Il nostro team \u00e8 pronto a fornire assistenza passo dopo passo. Non esitare a contattarci in qualsiasi momento se hai bisogno di supporto per integrare il cavo nel tuo sistema diagnostico.<\/p>\n<p data-start=\"710\" data-end=\"900\">\ud83d\udd39 <strong data-start=\"713\" data-end=\"734\">Garanzia di qualit\u00e0<\/strong><br data-start=\"734\" data-end=\"737\" \/>Ogni cavo viene sottoposto a test rigorosi prima della spedizione.<br data-start=\"792\" data-end=\"795\" \/>Verifichiamo la stabilit\u00e0 del segnale, l\u2019integrit\u00e0 dei connettori e la durata per garantire un\u2019affidabilit\u00e0 di livello professionale.<\/p>\n<h2 data-start=\"907\" data-end=\"931\">Descrizione del prodotto<\/h2>\n<p data-start=\"933\" data-end=\"1174\" class=\" translation-block\">L\u2019<strong data-start=\"937\" data-end=\"969\">adattatore cavo DBScar VII<\/strong> \u00e8 progettato per ampliare l\u2019utilit\u00e0 del tuo dispositivo diagnostico DBScar VII offrendo una connessione stabile e un flusso di dati continuo. Ideale per gli utenti che necessitano di un instradamento alternativo del cavo o di un cablaggio di sostituzione.<\/p>\n<p data-start=\"1176\" data-end=\"1369\">\u2705 Compatibile con unit\u00e0 diagnostiche DBScar VII<br data-start=\"1227\" data-end=\"1230\" \/>\u2705 Garantisce una trasmissione dei dati stabile e affidabile<br data-start=\"1277\" data-end=\"1280\" \/>\u2705 Connettori resistenti e struttura del cavo robusta<br data-start=\"1323\" data-end=\"1326\" \/>\u2705 Ideale come cavo di ricambio o ausiliario<\/p>\n<p data-start=\"1371\" data-end=\"1493\">\u26a0\ufe0f <strong data-start=\"1374\" data-end=\"1390\">Si prega di notare:<\/strong> Si tratta esclusivamente di un accessorio. Per il funzionamento sono necessari un\u2019unit\u00e0 diagnostica (DBScar VII) e un software.<\/p>\n<h2 data-start=\"1500\" data-end=\"1525\">Perch\u00e9 scegliere questo cavo?<\/h2>\n<ul data-start=\"1527\" data-end=\"1720\">\n<li data-start=\"1527\" data-end=\"1586\">\n<p data-start=\"1529\" data-end=\"1586\">Testato al 100 % prima della spedizione per garantire la corretta integrit\u00e0 del segnale<\/p>\n<\/li>\n<li data-start=\"1587\" data-end=\"1637\">\n<p data-start=\"1589\" data-end=\"1637\">Prestazioni affidabili in condizioni di officina<\/p>\n<\/li>\n<li data-start=\"1638\" data-end=\"1682\">\n<p data-start=\"1640\" data-end=\"1682\">Compatibile con le piattaforme DBScar VII<\/p>\n<\/li>\n<li data-start=\"1683\" data-end=\"1720\">\n<p data-start=\"1685\" data-end=\"1720\">Compatto, resistente e facile da usare<\/p>\n<\/li>\n<\/ul>","protected":false},"excerpt":{"rendered":"<p data-start=\"641\" data-end=\"852\">Adattatore per cavo di alta qualit\u00e0 progettato per dispositivi diagnostici DBScar VII. Garantisce una trasmissione dati stabile, una struttura resistente e prestazioni affidabili nelle officine automobilistiche professionali.<\/p>","protected":false},"featured_media":3361,"template":"","meta":{"_acf_changed":false,"_seopress_robots_primary_cat":"none","_seopress_titles_title":"DBScar VII Cable Adapter \u2013 Durable OBD2 Extension for Diagnostics","_seopress_titles_desc":"Buy DBScar VII Cable Adapter \u2013 high-quality, durable diagnostic cable for stable data transmission. Perfect replacement or extension for professional OBD2 tools.","_seopress_robots_index":"","inline_featured_image":false,"_kad_blocks_custom_css":"","_kad_blocks_head_custom_js":"","_kad_blocks_body_custom_js":"","_kad_blocks_footer_custom_js":"","_themeisle_gutenberg_block_has_review":false,"_kad_post_transparent":"default","_kad_post_title":"","_kad_post_layout":"default","_kad_post_sidebar_id":"","_kad_post_content_style":"default","_kad_post_vertical_padding":"default","_kad_post_feature":"","_kad_post_feature_position":"","_kad_post_header":false,"_kad_post_footer":false,"iawp_total_views":42},"product_cat":[22],"product_tag":[25,39,38,37],"class_list":{"0":"post-3360","1":"product","2":"type-product","3":"status-publish","4":"has-post-thumbnail","6":"product_cat-accessories","7":"product_tag-adapter","8":"product_tag-cable","9":"product_tag-dbscar","10":"product_tag-dbscar-vii","12":"first","13":"instock","14":"shipping-taxable","15":"purchasable","16":"product-type-simple","17":"entry","18":"content-bg","19":"loop-entry"},"acf":[],"taxonomy_info":{"product_cat":[{"value":22,"label":"Accessories"}],"product_tag":[{"value":25,"label":"Adapter"},{"value":39,"label":"cable"},{"value":38,"label":"DBScar"},{"value":37,"label":"DBScar VII"}]},"featured_image_src_large":["https:\/\/diagzone.org\/wp-content\/uploads\/2025\/09\/Cable_for_DBScar_Pro_V_Pro_TT_1.jpg",600,600,false],"author_info":[],"comment_info":"","_links":{"self":[{"href":"https:\/\/diagzone.org\/it\/wp-json\/wp\/v2\/product\/3360","targetHints":{"allow":["GET"]}}],"collection":[{"href":"https:\/\/diagzone.org\/it\/wp-json\/wp\/v2\/product"}],"about":[{"href":"https:\/\/diagzone.org\/it\/wp-json\/wp\/v2\/types\/product"}],"wp:featuredmedia":[{"embeddable":true,"href":"https:\/\/diagzone.org\/it\/wp-json\/wp\/v2\/media\/3361"}],"wp:attachment":[{"href":"https:\/\/diagzone.org\/it\/wp-json\/wp\/v2\/media?parent=3360"}],"wp:term":[{"taxonomy":"product_cat","embeddable":true,"href":"https:\/\/diagzone.org\/it\/wp-json\/wp\/v2\/product_cat?post=3360"},{"taxonomy":"product_tag","embeddable":true,"href":"https:\/\/diagzone.org\/it\/wp-json\/wp\/v2\/product_tag?post=3360"}],"curies":[{"name":"wp","href":"https:\/\/api.w.org\/{rel}","templated":true}]}}