
{"id":670,"date":"2024-01-19T20:56:43","date_gmt":"2024-01-19T19:56:43","guid":{"rendered":"https:\/\/diagzone.org\/?post_type=product&#038;p=670"},"modified":"2025-09-26T13:15:37","modified_gmt":"2025-09-26T11:15:37","slug":"launch-dbscar-vii-dbscar7-bluetooth-obd2-scanner-supports-can-fd-doip-protocols-powerful-all-systems-for-x431","status":"publish","type":"product","link":"https:\/\/diagzone.org\/it\/prodotto\/launch-dbscar-vii-dbscar7-bluetooth-obd2-scanner-supports-can-fd-doip-protocols-powerful-all-systems-for-x431\/","title":{"rendered":"Launch DBScar VII DBSCAR7 Scanner OBD2 Bluetooth con supporto CAN-FD e DoIP \u2013 diagnostica potente di tutti i sistemi per X431"},"content":{"rendered":"<p data-start=\"252\" data-end=\"470\" class=\" translation-block\"><strong data-start=\"252\" data-end=\"329\">Grazie per il vostro interesse per l\u2019Original Launch DBScar VII (DBScar 7).<\/strong><br data-start=\"329\" data-end=\"332\">Questo connettore \u00e8 <strong data-start=\"350\" data-end=\"363\">nuovo di fabbrica<\/strong>, testato sulla <strong data-start=\"379\" data-end=\"400\">piattaforma DiagZone<\/strong>, e garantisce sia <strong data-start=\"422\" data-end=\"438\">autenticit\u00e0<\/strong> sia <strong data-start=\"443\" data-end=\"467\">prestazioni superiori<\/strong>.<\/p>\n<h2 data-start=\"472\" data-end=\"496\">\ud83d\udd39 Avviso importante<\/h2>\n<p data-start=\"497\" data-end=\"681\" class=\" translation-block\">Il Launch <strong data-start=\"508\" data-end=\"533\">DBScar VII (DBScar 7)<\/strong> viene fornito <strong data-start=\"547\" data-end=\"585\">senza <a href=\"https:\/\/diagzone.org\/diagzone-activation\/\" target=\"_self\">software preinstallato<\/a><\/strong>.<br data-start=\"586\" data-end=\"589\">Per sbloccare tutto il potenziale di questo dispositivo \u00e8 necessario un <strong data-start=\"636\" data-end=\"678\"><a href=\"https:\/\/diagzone.org\/diagzone-buy-subscription\/\" target=\"_self\">acquisto software<\/a> separato<\/strong>.<\/p>\n<h2 data-start=\"683\" data-end=\"709\">\ud83d\udd39 Supporto e guida<\/h2>\n<p data-start=\"710\" data-end=\"940\" class=\" translation-block\">Hai bisogno di aiuto per l\u2019<strong data-start=\"725\" data-end=\"748\">attivazione DiagZone<\/strong>?<br data-start=\"749\" data-end=\"752\">Il nostro team fornisce <strong data-start=\"787\" data-end=\"814\">assistenza passo dopo passo<\/strong>. Sentiti libero di <a href=\"https:\/\/wa.me\/31647604324\" target=\"_self\"><strong data-start=\"829\" data-end=\"851\">contattarci in qualsiasi momento<\/strong><\/a> se hai bisogno di supporto per attivare il tuo dispositivo con la <strong data-start=\"911\" data-end=\"937\">piattaforma OBD2 DiagZone<\/strong>.<\/p>\n<h2 data-start=\"942\" data-end=\"967\">\ud83d\udd39 Garanzia di qualit\u00e0<\/h2>\n<p data-start=\"968\" data-end=\"1141\" class=\" translation-block\">Ogni DBScar VII viene sottoposto a <strong data-start=\"995\" data-end=\"1040\">rigorosi controlli con tester IO prima della spedizione<\/strong>.<br data-start=\"1041\" data-end=\"1044\">Ci\u00f2 garantisce <strong data-start=\"1060\" data-end=\"1086\">un funzionamento impeccabile<\/strong>, affidabilit\u00e0 professionale e durata nel tempo.<\/p>\n<h2 data-start=\"1143\" data-end=\"1167\">Descrizione del prodotto<\/h2>\n<p data-start=\"1168\" data-end=\"1318\" class=\" translation-block\">Il <strong data-start=\"1172\" data-end=\"1204\">Launch DBScar VII (DBScar 7)<\/strong> \u00e8 un <strong data-start=\"1220\" data-end=\"1249\">connettore diagnostico OBD2<\/strong> avanzato, progettato <strong data-start=\"1259\" data-end=\"1315\">esclusivamente per la compatibilit\u00e0 con il software DiagZone<\/strong>.<\/p>\n<p data-start=\"1320\" data-end=\"1533\">\u2705 Funziona come <strong data-start=\"1333\" data-end=\"1372\">adattatore Bluetooth OBD2 professionale<\/strong><br data-start=\"1372\" data-end=\"1375\" \/>\u2705 <strong data-start=\"444\" data-end=\"496\">Supporta dispositivi Android (smartphone e tablet)<\/strong> \u2013 completamente compatibile con <strong data-start=\"521\" data-end=\"537\">Android 7\u201313<\/strong>, e anche con <strong data-start=\"553\" data-end=\"589\">Android 14 (solo sistemi a 32 bit)<\/strong><br data-start=\"1425\" data-end=\"1428\" \/>\u2705 Testato con <strong data-start=\"1442\" data-end=\"1480\">software DiagZone per l\u2019autenticit\u00e0<\/strong><br data-start=\"1480\" data-end=\"1483\" \/>\u2705 Attivazione semplice con licenza software separata<\/p>\n<p data-start=\"1535\" data-end=\"1618\">\u26a0\ufe0f <strong data-start=\"176\" data-end=\"192\">Si prega di notare:<\/strong> Questo connettore non include alcun software o abbonamento.<br data-start=\"254\" data-end=\"257\" \/>\ud83d\udc49 A <strong data-start=\"262\" data-end=\"296\">Abbonamento al software DiagZone<\/strong> pu\u00f2 essere acquistato separatamente qui: <a class=\"decorated-link\" href=\"https:\/\/diagzone.org\/diagzone-buy-subscription\/\" target=\"_new\" rel=\"noopener\" data-start=\"331\" data-end=\"407\" data-is-only-node=\"\">Acquista l\u2019abbonamento DiagZone<\/a><\/p>\n<h2 data-start=\"1620\" data-end=\"1654\">Perch\u00e9 scegliere il Launch DBScar VII?<\/h2>\n<ul>\n<li data-start=\"216\" data-end=\"287\">\n<p data-start=\"218\" data-end=\"287\"><strong data-start=\"218\" data-end=\"285\">Dispositivo Launch originale \u2013 Chip completo \u2013 nessun clone, nessuna contraffazione<\/strong><\/p>\n<\/li>\n<li data-start=\"288\" data-end=\"335\">\n<p data-start=\"290\" data-end=\"335\" class=\" translation-block\"><strong data-start=\"290\" data-end=\"317\">Testato al 100 % su DiagZone<\/strong> prima della spedizione<\/p>\n<\/li>\n<li data-start=\"336\" data-end=\"399\">\n<p data-start=\"338\" data-end=\"399\" class=\" translation-block\"><strong data-start=\"338\" data-end=\"369\">Connettore OBD2 professionale<\/strong> con prestazioni garantite<\/p>\n<\/li>\n<li data-start=\"400\" data-end=\"500\">\n<p data-start=\"402\" data-end=\"500\" class=\" translation-block\">Compatibile con i <strong data-start=\"418\" data-end=\"498\">pacchetti software DiagZone per autovetture, veicoli elettrici e veicoli industriali<\/strong><\/p>\n<\/li>\n<li data-start=\"501\" data-end=\"612\">\n<p data-start=\"503\" data-end=\"612\" class=\" translation-block\">Supporta tutti i principali protocolli di diagnosi: <strong data-start=\"544\" data-end=\"610\">ISO9141, KWP2000, J1850 VPW, J1850 PWM, CAN, UDS, DOIP, CAN-FD<\/strong><\/p>\n<\/li>\n<\/ul>","protected":false},"excerpt":{"rendered":"<p data-start=\"129\" data-end=\"534\">Il Launch DBScar VII (DBScar 7) originale \u00e8 un connettore OBD2 Bluetooth ad alte prestazioni, progettato per garantire velocit\u00e0, affidabilit\u00e0 e una trasmissione dati precisa. Supporta i protocolli veicolari pi\u00f9 recenti, inclusi CAN FD e DOIP, rendendolo ideale per veicoli moderni, veicoli elettrici e camion. Grazie all\u2019ampia copertura e alle prestazioni di livello professionale in un design compatto, assicura una comunicazione rapida e stabile per diagnosi avanzate.<\/p>","protected":false},"featured_media":3312,"template":"","meta":{"_acf_changed":false,"_seopress_robots_primary_cat":"none","_seopress_titles_title":"Original Launch DBScar VII (DBScar 7)","_seopress_titles_desc":"Original Launch DBScar VII, a tested product ensuring authenticity and superior performance on the Diagzone platform.","_seopress_robots_index":"","inline_featured_image":false,"_kad_blocks_custom_css":"","_kad_blocks_head_custom_js":"","_kad_blocks_body_custom_js":"","_kad_blocks_footer_custom_js":"","_themeisle_gutenberg_block_has_review":false,"_kad_post_transparent":"default","_kad_post_title":"","_kad_post_layout":"default","_kad_post_sidebar_id":"","_kad_post_content_style":"default","_kad_post_vertical_padding":"default","_kad_post_feature":"","_kad_post_feature_position":"","_kad_post_header":false,"_kad_post_footer":false,"iawp_total_views":745},"product_cat":[19],"product_tag":[],"class_list":{"0":"post-670","1":"product","2":"type-product","3":"status-publish","4":"has-post-thumbnail","6":"product_cat-obd-connectors","8":"first","9":"instock","10":"shipping-taxable","11":"purchasable","12":"product-type-simple","13":"entry","14":"content-bg","15":"loop-entry"},"acf":[],"taxonomy_info":{"product_cat":[{"value":19,"label":"Obd connectors"}]},"featured_image_src_large":["https:\/\/diagzone.org\/wp-content\/uploads\/2024\/01\/DBS_Car_VII_1.jpg",600,600,false],"author_info":[],"comment_info":"","_links":{"self":[{"href":"https:\/\/diagzone.org\/it\/wp-json\/wp\/v2\/product\/670","targetHints":{"allow":["GET"]}}],"collection":[{"href":"https:\/\/diagzone.org\/it\/wp-json\/wp\/v2\/product"}],"about":[{"href":"https:\/\/diagzone.org\/it\/wp-json\/wp\/v2\/types\/product"}],"wp:featuredmedia":[{"embeddable":true,"href":"https:\/\/diagzone.org\/it\/wp-json\/wp\/v2\/media\/3312"}],"wp:attachment":[{"href":"https:\/\/diagzone.org\/it\/wp-json\/wp\/v2\/media?parent=670"}],"wp:term":[{"taxonomy":"product_cat","embeddable":true,"href":"https:\/\/diagzone.org\/it\/wp-json\/wp\/v2\/product_cat?post=670"},{"taxonomy":"product_tag","embeddable":true,"href":"https:\/\/diagzone.org\/it\/wp-json\/wp\/v2\/product_tag?post=670"}],"curies":[{"name":"wp","href":"https:\/\/api.w.org\/{rel}","templated":true}]}}