
{"id":3,"date":"2024-01-12T18:22:47","date_gmt":"2024-01-12T18:22:47","guid":{"rendered":"https:\/\/diagzone.org\/?page_id=3"},"modified":"2025-10-09T10:41:04","modified_gmt":"2025-10-09T08:41:04","slug":"privacy-policy","status":"publish","type":"page","link":"https:\/\/diagzone.org\/pl\/privacy-policy\/","title":{"rendered":"Polityka prywatno\u015bci"},"content":{"rendered":"<style>.kb-row-layout-id3_ae0cfc-9b > .kt-row-column-wrap{align-content:start;}:where(.kb-row-layout-id3_ae0cfc-9b > .kt-row-column-wrap) > .wp-block-kadence-column{justify-content:start;}.kb-row-layout-id3_ae0cfc-9b > .kt-row-column-wrap{column-gap:var(--global-kb-gap-md, 2rem);row-gap:var(--global-kb-gap-md, 2rem);max-width:var( --global-content-width, 1444px );padding-left:var(--global-content-edge-padding);padding-right:var(--global-content-edge-padding);padding-top:var(--global-kb-spacing-4xl, 8rem);padding-bottom:var(--global-kb-spacing-4xl, 8rem);grid-template-columns:minmax(0, 1fr);}.kb-row-layout-id3_ae0cfc-9b > .kt-row-layout-overlay{opacity:0.30;}@media all and (max-width: 1024px){.kb-row-layout-id3_ae0cfc-9b > .kt-row-column-wrap{grid-template-columns:minmax(0, 1fr);}}@media all and (max-width: 767px){.kb-row-layout-id3_ae0cfc-9b > .kt-row-column-wrap{grid-template-columns:minmax(0, 1fr);}}<\/style><div class=\"kb-row-layout-wrap kb-row-layout-id3_ae0cfc-9b alignnone wp-block-kadence-rowlayout\"><div class=\"kt-row-column-wrap kt-has-1-columns kt-row-layout-equal kt-tab-layout-inherit kt-mobile-layout-row kt-row-valign-top kb-theme-content-width\">\n<style>.kadence-column3_8e4e10-0d > .kt-inside-inner-col,.kadence-column3_8e4e10-0d > .kt-inside-inner-col:before{border-top-left-radius:0px;border-top-right-radius:0px;border-bottom-right-radius:0px;border-bottom-left-radius:0px;}.kadence-column3_8e4e10-0d > .kt-inside-inner-col{column-gap:var(--global-kb-gap-sm, 1rem);}.kadence-column3_8e4e10-0d > .kt-inside-inner-col{flex-direction:column;}.kadence-column3_8e4e10-0d > .kt-inside-inner-col > .aligncenter{width:100%;}.kadence-column3_8e4e10-0d > .kt-inside-inner-col:before{opacity:0.3;}.kadence-column3_8e4e10-0d{position:relative;}@media all and (max-width: 1024px){.kadence-column3_8e4e10-0d > .kt-inside-inner-col{flex-direction:column;justify-content:center;}}@media all and (max-width: 767px){.kadence-column3_8e4e10-0d > .kt-inside-inner-col{flex-direction:column;justify-content:center;}}<\/style>\n<div class=\"wp-block-kadence-column kadence-column3_8e4e10-0d\"><div class=\"kt-inside-inner-col\">\n<p><br>Polityka prywatno\u015bci<\/p>\n\n\n\n<p>Ostatnia aktualizacja: 15.06.2025<\/p>\n\n\n\n<p class=\" translation-block\">Dzi\u0119kujemy za wyb\u00f3r zakup\u00f3w w DiagZone. Niniejsza Polityka prywatno\u015bci okre\u015bla, w jaki spos\u00f3b gromadzimy, wykorzystujemy, ujawniamy i chronimy Twoje dane osobowe. Korzystaj\u0105c z naszej strony internetowej <a href=\"https:\/\/diagzone.org\/\" target=\"_self\">https:\/\/diagzone.org\n<\/a> oraz wszelkich powi\u0105zanych us\u0142ug (\u0142\u0105cznie \u201eUs\u0142ugi\u201d), zgadzasz si\u0119 na warunki niniejszej Polityki prywatno\u015bci.<\/p>\n\n\n\n<p class=\" translation-block\"><strong>Dane osobowe:<\/strong><br>\nMo\u017cemy zbiera\u0107 dane osobowe, takie jak imi\u0119 i nazwisko, adres, adres e-mail oraz numer telefonu, gdy dokonujesz zakupu lub tworzysz konto.<br>\n<strong>Informacje o p\u0142atno\u015bciach:<\/strong><br>\nW celu realizacji zam\u00f3wie\u0144 zbieramy informacje o p\u0142atno\u015bciach, w tym dane karty kredytowej lub inne metody p\u0142atno\u015bci.<br>\nP\u0142atno\u015bci s\u0105 bezpiecznie przetwarzane przez naszego zewn\u0119trznego dostawc\u0119 <strong>Stripe<\/strong>, a my nie przechowujemy pe\u0142nych danych p\u0142atniczych.<br>\nWi\u0119cej informacji znajdziesz w <a href=\"https:\/\/stripe.com\/privacy\" target=\"_self\">Polityce prywatno\u015bci Stripe<\/a>.<br>\n<strong>Informacje o urz\u0105dzeniu:<\/strong><br>\nMo\u017cemy zbiera\u0107 informacje o urz\u0105dzeniu u\u017cywanym do uzyskania dost\u0119pu do naszej strony internetowej, w tym adres IP, typ przegl\u0105darki i identyfikatory urz\u0105dzenia.<br>\n<strong>Informacje o u\u017cytkowaniu:<\/strong><br>\nZbieramy informacje o Twoich interakcjach z nasz\u0105 stron\u0105 internetow\u0105, takich jak odwiedzane strony, przegl\u0105dane produkty i wzorce przegl\u0105dania.<br><br>\n\n<strong>Jak wykorzystujemy Twoje informacje:<\/strong><br>\na. W celu realizacji i zarz\u0105dzania zam\u00f3wieniami.<br>\nb. W celu komunikacji z Tob\u0105 w sprawie zam\u00f3wie\u0144 i zapewnienia obs\u0142ugi klienta.<br>\nc. W celu personalizacji do\u015bwiadczenia zakupowego i ulepszania naszej strony internetowej.<br>\nd. W celu wysy\u0142ania ofert promocyjnych, newsletter\u00f3w i aktualizacji (je\u015bli wyrazisz zgod\u0119).<br><br>\n\n<strong>Udost\u0119pnianie informacji:<\/strong><br>\na. Nie sprzedajemy, nie wymieniamy ani nie wynajmujemy Twoich danych osobowych osobom trzecim.<br>\nb. Mo\u017cemy udost\u0119pnia\u0107 Twoje dane zaufanym dostawcom zewn\u0119trznym, kt\u00f3rzy pomagaj\u0105 nam w prowadzeniu strony i dzia\u0142alno\u015bci.<br><br>\n\n<strong>Bezpiecze\u0144stwo danych:<\/strong><br>\na. Stosujemy standardowe \u015brodki bezpiecze\u0144stwa w celu ochrony Twoich danych osobowych.<br>\nb. Jednak \u017cadna metoda transmisji danych przez Internet ani przechowywania elektronicznego nie jest w pe\u0142ni bezpieczna. Dlatego nie mo\u017cemy zagwarantowa\u0107 absolutnego bezpiecze\u0144stwa.<br><br>\n\n<strong>Twoje prawa (RODO):<\/strong><br>\nJe\u015bli znajdujesz si\u0119 na terenie Europejskiego Obszaru Gospodarczego (EOG), masz prawo dost\u0119pu do swoich danych osobowych, ich poprawiania, usuni\u0119cia lub ograniczenia przetwarzania, a tak\u017ce prawo do przenoszenia danych.<br>\nAby skorzysta\u0107 z tych praw, skontaktuj si\u0119 z nami pod adresem <strong><a target=\"_self\">support@diagzone.org\n<\/a><\/strong>.<br><br>\n\n<strong>Twoje wybory:<\/strong><br>\na. Mo\u017cesz zrezygnowa\u0107 z otrzymywania komunikacji promocyjnej, post\u0119puj\u0105c zgodnie z instrukcjami rezygnacji zawartymi w wiadomo\u015bciach e-mail lub kontaktuj\u0105c si\u0119 z nami.<br>\nb. Mo\u017cesz zaktualizowa\u0107 lub poprawi\u0107 informacje o swoim koncie, loguj\u0105c si\u0119 do konta lub kontaktuj\u0105c si\u0119 z nami.<br><br>\n\n<strong>Skontaktuj si\u0119 z nami:<\/strong><br>\nJe\u015bli masz pytania lub w\u0105tpliwo\u015bci dotycz\u0105ce niniejszej Polityki prywatno\u015bci, skontaktuj si\u0119 z nami pod adresem <strong><a target=\"_self\">support@diagzone.org\n<\/a><\/strong>.<br><br>\n\n<strong>Zmiany w Polityce prywatno\u015bci:<\/strong><br>\nZastrzegamy sobie prawo do aktualizacji niniejszej Polityki prywatno\u015bci w dowolnym momencie. Wszelkie zmiany wchodz\u0105 w \u017cycie natychmiast po ich opublikowaniu na naszej stronie internetowej.<\/p>\n\n\n\n<h3 class=\"wp-block-heading\"><strong>Administrator \/ Administrator danych osobowych:<\/strong><\/h3>\n\n\n\n<p class=\" translation-block\">CodeShift<br>\nE-mail: <a target=\"_self\">support@diagzone.org\n<\/a><\/p>\n\n\n\n<p><\/p>\n\n\n\n<ol class=\"wp-block-list\"><\/ol>\n\n\n\n<p>Kontynuuj\u0105c korzystanie z naszej strony internetowej, potwierdzasz i zgadzasz si\u0119 na warunki niniejszej Polityki prywatno\u015bci.<\/p>\n<\/div><\/div>\n\n<\/div><\/div>\n\n<style>.kb-row-layout-id522_1b74f9-56 > .kt-row-column-wrap{align-content:start;}:where(.kb-row-layout-id522_1b74f9-56 > .kt-row-column-wrap) > .wp-block-kadence-column{justify-content:start;}.kb-row-layout-id522_1b74f9-56 > .kt-row-column-wrap{column-gap:var(--global-kb-gap-md, 2rem);row-gap:var(--global-kb-gap-md, 2rem);padding-bottom:var(--global-kb-spacing-md, 2rem);grid-template-columns:minmax(0, 1fr);}.kb-row-layout-id522_1b74f9-56{background-image:linear-gradient(180deg,var(--global-palette1) 30%,rgb(20,39,109) 100%);}.kb-row-layout-id522_1b74f9-56 > .kt-row-layout-overlay{opacity:0.09;}@media all and (max-width: 1024px){.kb-row-layout-id522_1b74f9-56 > .kt-row-column-wrap{grid-template-columns:minmax(0, 1fr);}}@media all and (max-width: 767px){.kb-row-layout-id522_1b74f9-56 > .kt-row-column-wrap{grid-template-columns:minmax(0, 1fr);}}<\/style><div class=\"kb-row-layout-wrap kb-row-layout-id522_1b74f9-56 alignfull has-theme-palette1-background-color kt-row-has-bg wp-block-kadence-rowlayout\"><div class=\"kt-row-column-wrap kt-has-1-columns kt-row-layout-equal kt-tab-layout-inherit kt-mobile-layout-row kt-row-valign-top\">\n<style>.kadence-column522_d2c269-2f > .kt-inside-inner-col,.kadence-column522_d2c269-2f > .kt-inside-inner-col:before{border-top-left-radius:0px;border-top-right-radius:0px;border-bottom-right-radius:0px;border-bottom-left-radius:0px;}.kadence-column522_d2c269-2f > .kt-inside-inner-col{column-gap:var(--global-kb-gap-sm, 1rem);}.kadence-column522_d2c269-2f > .kt-inside-inner-col{flex-direction:column;}.kadence-column522_d2c269-2f > .kt-inside-inner-col > .aligncenter{width:100%;}.kadence-column522_d2c269-2f > .kt-inside-inner-col:before{opacity:0.3;}.kadence-column522_d2c269-2f{position:relative;}@media all and (max-width: 1024px){.kadence-column522_d2c269-2f > .kt-inside-inner-col{flex-direction:column;justify-content:center;}}@media all and (max-width: 767px){.kadence-column522_d2c269-2f > .kt-inside-inner-col{flex-direction:column;justify-content:center;}}<\/style>\n<div class=\"wp-block-kadence-column kadence-column522_d2c269-2f\"><div class=\"kt-inside-inner-col\"><style>.kb-row-layout-id522_001f9d-01 > .kt-row-column-wrap{align-content:start;}:where(.kb-row-layout-id522_001f9d-01 > .kt-row-column-wrap) > .wp-block-kadence-column{justify-content:start;}.kb-row-layout-id522_001f9d-01 > .kt-row-column-wrap{column-gap:var(--global-kb-gap-md, 2rem);row-gap:var(--global-kb-gap-md, 2rem);padding-top:var(--global-kb-spacing-sm, 1.5rem);padding-bottom:var(--global-kb-spacing-sm, 1.5rem);grid-template-columns:minmax(0, 1fr);}.kb-row-layout-id522_001f9d-01 > .kt-row-layout-overlay{opacity:0.30;}@media all and (max-width: 1024px){.kb-row-layout-id522_001f9d-01 > .kt-row-column-wrap{grid-template-columns:minmax(0, 1fr);}}@media all and (max-width: 767px){.kb-row-layout-id522_001f9d-01 > .kt-row-column-wrap{grid-template-columns:minmax(0, 1fr);}}<\/style><div class=\"kb-row-layout-wrap kb-row-layout-id522_001f9d-01 alignnone wp-block-kadence-rowlayout\"><div class=\"kt-row-column-wrap kt-has-1-columns kt-row-layout-equal kt-tab-layout-inherit kt-mobile-layout-row kt-row-valign-top\">\n<style>.kadence-column522_52d44e-a8 > .kt-inside-inner-col,.kadence-column522_52d44e-a8 > .kt-inside-inner-col:before{border-top-left-radius:0px;border-top-right-radius:0px;border-bottom-right-radius:0px;border-bottom-left-radius:0px;}.kadence-column522_52d44e-a8 > .kt-inside-inner-col{column-gap:var(--global-kb-gap-sm, 1rem);}.kadence-column522_52d44e-a8 > .kt-inside-inner-col{flex-direction:column;}.kadence-column522_52d44e-a8 > .kt-inside-inner-col > .aligncenter{width:100%;}.kadence-column522_52d44e-a8 > .kt-inside-inner-col:before{opacity:0.3;}.kadence-column522_52d44e-a8{position:relative;}@media all and (max-width: 1024px){.kadence-column522_52d44e-a8 > .kt-inside-inner-col{flex-direction:column;justify-content:center;}}@media all and (max-width: 767px){.kadence-column522_52d44e-a8 > .kt-inside-inner-col{flex-direction:column;justify-content:center;}}<\/style>\n<div class=\"wp-block-kadence-column kadence-column522_52d44e-a8\"><div class=\"kt-inside-inner-col\"><style>.wp-block-kadence-advancedheading.kt-adv-heading522_694c7d-3d, .wp-block-kadence-advancedheading.kt-adv-heading522_694c7d-3d[data-kb-block=\"kb-adv-heading522_694c7d-3d\"]{text-align:center;font-size:var(--global-kb-font-size-xxl, 4rem);font-style:normal;}.wp-block-kadence-advancedheading.kt-adv-heading522_694c7d-3d mark.kt-highlight, .wp-block-kadence-advancedheading.kt-adv-heading522_694c7d-3d[data-kb-block=\"kb-adv-heading522_694c7d-3d\"] mark.kt-highlight{font-style:normal;color:#f76a0c;-webkit-box-decoration-break:clone;box-decoration-break:clone;padding-top:0px;padding-right:0px;padding-bottom:0px;padding-left:0px;}<\/style>\n<h2 class=\"kt-adv-heading522_694c7d-3d wp-block-kadence-advancedheading has-theme-palette-9-color has-text-color\" data-kb-block=\"kb-adv-heading522_694c7d-3d\">Kupuj z DiagZone i diagnozuj sw\u00f3j samoch\u00f3d za pomoc\u0105 naszego oprogramowania premium. <\/h2>\n\n\n<style>.wp-block-kadence-advancedbtn.kb-btns522_0da8e3-fa{gap:var(--global-kb-gap-sm, 1rem);justify-content:center;align-items:center;}.kt-btns522_0da8e3-fa .kt-button{font-weight:normal;font-style:normal;}.kt-btns522_0da8e3-fa .kt-btn-wrap-0{margin-right:5px;}.wp-block-kadence-advancedbtn.kt-btns522_0da8e3-fa .kt-btn-wrap-0 .kt-button{color:#555555;border-color:#555555;}.wp-block-kadence-advancedbtn.kt-btns522_0da8e3-fa .kt-btn-wrap-0 .kt-button:hover, .wp-block-kadence-advancedbtn.kt-btns522_0da8e3-fa .kt-btn-wrap-0 .kt-button:focus{color:#ffffff;border-color:#444444;}.wp-block-kadence-advancedbtn.kt-btns522_0da8e3-fa .kt-btn-wrap-0 .kt-button::before{display:none;}.wp-block-kadence-advancedbtn.kt-btns522_0da8e3-fa .kt-btn-wrap-0 .kt-button:hover, .wp-block-kadence-advancedbtn.kt-btns522_0da8e3-fa .kt-btn-wrap-0 .kt-button:focus{background:#444444;}<\/style>\n<div class=\"wp-block-kadence-advancedbtn kb-buttons-wrap kb-btns522_0da8e3-fa\"><style>ul.menu .wp-block-kadence-advancedbtn .kb-btn522_64975e-51.kb-button{width:initial;}.wp-block-kadence-advancedbtn .kb-btn522_64975e-51.kb-button{background:var(--global-palette3, #1A202C);}.wp-block-kadence-advancedbtn .kb-btn522_64975e-51.kb-button:hover, .wp-block-kadence-advancedbtn .kb-btn522_64975e-51.kb-button:focus{background:var(--global-palette6, #718096);}<\/style><a class=\"kb-button kt-button button kb-btn522_64975e-51 kt-btn-size-large kt-btn-width-type-auto kb-btn-global-fill kt-btn-has-text-true kt-btn-has-svg-false  wp-block-kadence-singlebtn\" href=\"https:\/\/diagzone.org\/#diagzone-sn-check-container\"><span class=\"kt-btn-inner-text\">Sprawd\u017a kompatybilne z\u0142\u0105cza<\/span><\/a>\n\n<style>ul.menu .wp-block-kadence-advancedbtn .kb-btn522_718b54-cd.kb-button{width:initial;}.wp-block-kadence-advancedbtn .kb-btn522_718b54-cd.kb-button{background:var(--global-palette3, #1A202C);}.wp-block-kadence-advancedbtn .kb-btn522_718b54-cd.kb-button:hover, .wp-block-kadence-advancedbtn .kb-btn522_718b54-cd.kb-button:focus{background:var(--global-palette2, #2B6CB0);}<\/style><a class=\"kb-button kt-button button kb-btn522_718b54-cd kt-btn-size-large kt-btn-width-type-auto kb-btn-global-fill kt-btn-has-text-true kt-btn-has-svg-false  wp-block-kadence-singlebtn\" href=\"https:\/\/diagzone.org\/downloads\/\" target=\"_blank\" rel=\"noreferrer noopener\"><span class=\"kt-btn-inner-text\">Pobierz APK<\/span><\/a><\/div>\n<\/div><\/div>\n\n<\/div><\/div><\/div><\/div>\n\n<\/div><\/div>","protected":false},"excerpt":{"rendered":"<p>Privacy Policy Last updated: 15.06.2025 Thank you for choosing to shop at DiagZone. This Privacy Policy outlines how we collect, use, disclose, and safeguard your personal information. By accessing or using our website, https:\/\/diagzone.org, and any related services (collectively, the &#8220;Services&#8221;), you agree to the terms and conditions of this Privacy Policy. Personal Information:We may&#8230;<\/p>","protected":false},"author":1,"featured_media":0,"parent":0,"menu_order":0,"comment_status":"closed","ping_status":"open","template":"","meta":{"_acf_changed":false,"_seopress_robots_primary_cat":"","_seopress_titles_title":"","_seopress_titles_desc":"","_seopress_robots_index":"","inline_featured_image":false,"_kad_blocks_custom_css":"","_kad_blocks_head_custom_js":"","_kad_blocks_body_custom_js":"","_kad_blocks_footer_custom_js":"","_themeisle_gutenberg_block_has_review":false,"_kad_post_transparent":"","_kad_post_title":"","_kad_post_layout":"","_kad_post_sidebar_id":"","_kad_post_content_style":"","_kad_post_vertical_padding":"","_kad_post_feature":"","_kad_post_feature_position":"","_kad_post_header":false,"_kad_post_footer":false,"iawp_total_views":267,"footnotes":""},"class_list":["post-3","page","type-page","status-publish","hentry"],"acf":[],"taxonomy_info":[],"featured_image_src_large":false,"author_info":{"display_name":"diagzone","author_link":"https:\/\/diagzone.org\/pl\/author\/xpro5\/"},"comment_info":0,"_links":{"self":[{"href":"https:\/\/diagzone.org\/pl\/wp-json\/wp\/v2\/pages\/3","targetHints":{"allow":["GET"]}}],"collection":[{"href":"https:\/\/diagzone.org\/pl\/wp-json\/wp\/v2\/pages"}],"about":[{"href":"https:\/\/diagzone.org\/pl\/wp-json\/wp\/v2\/types\/page"}],"author":[{"embeddable":true,"href":"https:\/\/diagzone.org\/pl\/wp-json\/wp\/v2\/users\/1"}],"replies":[{"embeddable":true,"href":"https:\/\/diagzone.org\/pl\/wp-json\/wp\/v2\/comments?post=3"}],"version-history":[{"count":4,"href":"https:\/\/diagzone.org\/pl\/wp-json\/wp\/v2\/pages\/3\/revisions"}],"predecessor-version":[{"id":3564,"href":"https:\/\/diagzone.org\/pl\/wp-json\/wp\/v2\/pages\/3\/revisions\/3564"}],"wp:attachment":[{"href":"https:\/\/diagzone.org\/pl\/wp-json\/wp\/v2\/media?parent=3"}],"curies":[{"name":"wp","href":"https:\/\/api.w.org\/{rel}","templated":true}]}}