
{"id":3329,"date":"2025-09-26T14:12:16","date_gmt":"2025-09-26T12:12:16","guid":{"rendered":"https:\/\/diagzone.org\/?post_type=product&#038;p=3329"},"modified":"2026-04-17T16:17:23","modified_gmt":"2026-04-17T14:17:23","slug":"android-diagzone-10inch-obd2-tablet-professional-diagnostic","status":"publish","type":"product","link":"https:\/\/diagzone.org\/pl\/produkt\/android-diagzone-10inch-obd2-tablet-professional-diagnostic\/","title":{"rendered":"Tablet OBD2 Android DiagZone 10-calowy \u2013 Diagnostyka profesjonalna"},"content":{"rendered":"<p data-start=\"233\" data-end=\"459\" class=\" translation-block\">Dzi\u0119kujemy za zainteresowanie <strong data-start=\"268\" data-end=\"306\">tabletem Android DiagZone (3\/128 GB)<\/strong>.<br data-start=\"307\" data-end=\"310\">Ten profesjonalny tablet diagnostyczny jest zoptymalizowany do pracy z <strong data-start=\"376\" data-end=\"397\">platform\u0105 DiagZone<\/strong> i gwarantuje zar\u00f3wno autentyczno\u015b\u0107, jak i doskona\u0142\u0105 wydajno\u015b\u0107.<\/p>\n<h2 data-start=\"461\" data-end=\"485\">\ud83d\udd39 Wa\u017cna informacja<\/h2>\n<p data-start=\"486\" data-end=\"649\" class=\" translation-block\"><strong data-start=\"490\" data-end=\"517\">Android DiagZone Tablet<\/strong> jest dostarczany <a href=\"https:\/\/diagzone.org\/diagzone-activation\/\" target=\"_self\"><strong data-start=\"531\" data-end=\"578\">bez preinstalowanego oprogramowania DiagZone<\/strong><\/a>.<\/p>\n<h2 data-start=\"651\" data-end=\"677\">\ud83d\udd39 Wsparcie i wskaz\u00f3wki<\/h2>\n<p data-start=\"678\" data-end=\"919\" class=\" translation-block\">Potrzebujesz pomocy przy <strong data-start=\"693\" data-end=\"711\">konfiguracji DiagZone<\/strong> na tablecie lub urz\u0105dzeniu OBD2?<br data-start=\"742\" data-end=\"745\">Nasz zesp\u00f3\u0142 zapewnia pomoc krok po kroku. Zapraszamy do <a href=\"https:\/\/wa.me\/31647604324\" target=\"_self\">kontaktu<\/a> w dowolnym momencie, je\u015bli potrzebujesz wsparcia przy instalacji lub konfiguracji swojej <strong data-start=\"895\" data-end=\"916\">platformy DiagZone<\/strong>.<\/p>\n<h2 data-start=\"921\" data-end=\"946\">\ud83d\udd39 Zapewnienie jako\u015bci<\/h2>\n<p data-start=\"947\" data-end=\"1170\" class=\" translation-block\">Ka\u017cdy <strong data-start=\"953\" data-end=\"980\">Android DiagZone Tablet<\/strong> jest <strong data-start=\"984\" data-end=\"1010\">testowany przed wysy\u0142k\u0105<\/strong>, aby potwierdzi\u0107 bezb\u0142\u0119dne dzia\u0142anie i kompatybilno\u015b\u0107 z DiagZone.<br data-start=\"1077\" data-end=\"1080\">Zapewnia to p\u0142ynn\u0105 prac\u0119, niezawodno\u015b\u0107 klasy profesjonalnej oraz d\u0142ugotrwa\u0142\u0105 trwa\u0142o\u015b\u0107.<\/p>\n<h1 data-start=\"1177\" data-end=\"1200\">Opis produktu<\/h1>\n<p data-start=\"1202\" data-end=\"1549\" class=\" translation-block\"><strong data-start=\"1206\" data-end=\"1259\">Tablet Android DiagZone (3 GB RAM \/ 128 GB pami\u0119ci)<\/strong> to wysokowydajne narz\u0119dzie diagnostyczne, zapewniaj\u0105ce szybk\u0105 i stabiln\u0105 platform\u0119 do uruchamiania <strong data-start=\"1348\" data-end=\"1369\">oprogramowania DiagZone<\/strong>. Dzi\u0119ki du\u017cemu ekranowi dotykowemu, wydajnemu sprz\u0119towi oraz zoptymalizowanemu systemowi Android jest idealnym towarzyszem dla z\u0142\u0105czy OBD2, takich jak <strong data-start=\"1498\" data-end=\"1546\">DBScar VII, ThinkDiag 2 lub Kingbolen Ediag plus<\/strong>.<\/p>\n<p data-start=\"1551\" data-end=\"1967\">\u2705 Profesjonalny tablet diagnostyczny z systemem Android<br data-start=\"1597\" data-end=\"1600\" \/>\u2705 Du\u017cy wy\u015bwietlacz o wysokiej rozdzielczo\u015bci u\u0142atwiaj\u0105cy diagnostyk\u0119<br data-start=\"1652\" data-end=\"1655\" \/>\u2705 <strong data-start=\"1657\" data-end=\"1684\">3 GB RAM + 128 GB pami\u0119ci<\/strong> \u2013 p\u0142ynna wydajno\u015b\u0107 i wystarczaj\u0105ca ilo\u015b\u0107 miejsca na aktualizacje<br data-start=\"1727\" data-end=\"1730\" \/>\u2705 Bateria o d\u0142ugiej \u017cywotno\u015bci do u\u017cytku warsztatowego lub mobilnego<br data-start=\"1779\" data-end=\"1782\" \/>\u2705 \u0141\u0105czno\u015b\u0107 Wi-Fi i Bluetooth zapewniaj\u0105ca szybkie aktualizacje oraz stabilne parowanie OBD2<br data-start=\"1854\" data-end=\"1857\" \/>\u2705 Wytrzyma\u0142a obudowa zapewniaj\u0105ca profesjonaln\u0105 trwa\u0142o\u015b\u0107<br data-start=\"1901\" data-end=\"1904\" \/>\u2705 W pe\u0142ni przetestowane pod k\u0105tem <strong data-start=\"1923\" data-end=\"1949\">Kompatybilno\u015b\u0107 z DiagZone<\/strong> przed wysy\u0142k\u0105<\/p>\n<p>\u26a0\ufe0f <strong data-start=\"179\" data-end=\"195\">Prosimy o uwag\u0119:<\/strong> Ten tablet nie zawiera oprogramowania DiagZone, subskrypcji ani z\u0142\u0105cza OBD2.<br data-start=\"276\" data-end=\"279\" \/>\ud83d\udc49 A <strong data-start=\"284\" data-end=\"318\">Subskrypcja oprogramowania DiagZone<\/strong> mo\u017cna zakupi\u0107 osobno tutaj: <a class=\"decorated-link\" href=\"https:\/\/diagzone.org\/diagzone-buy-subscription\/\" target=\"_new\" rel=\"noopener\" data-start=\"353\" data-end=\"429\" data-is-only-node=\"\">Kup subskrypcj\u0119 DiagZone<\/a><br data-start=\"429\" data-end=\"432\" \/>\ud83d\udc49 An <strong data-start=\"438\" data-end=\"509\">Z\u0142\u0105cze diagnostyczne OBD2 (<a href=\"https:\/\/diagzone.org\/obd-shop\/\">np. DBScar VII, ThinkDiag 2 lub Ediag+ )<\/a><\/strong> musi by\u0107 r\u00f3wnie\u017c zakupione osobno w <a href=\"https:\/\/diagzone.org\/obd-shop\/\">naszym sklepie<\/a> do korzystania z tabletu z DiagZone<\/p>\n<h2 data-start=\"921\" data-end=\"946\">\ud83d\udd39 Zawarto\u015b\u0107 opakowania<\/h2>\n<ul>\n<li style=\"list-style-type: none;\">\n<ul data-start=\"1929\" data-end=\"1991\">\n<li data-start=\"1929\" data-end=\"1942\">\n<p data-start=\"1931\" data-end=\"1942\">Tablet \u00d71<\/p>\n<\/li>\n<li data-start=\"1943\" data-end=\"1970\">\n<p data-start=\"1945\" data-end=\"1970\">Kabel USB (Mini USB) \u00d71<\/p>\n<\/li>\n<li data-start=\"1971\" data-end=\"1991\">\n<p data-start=\"1973\" data-end=\"1991\">Zasilacz \u00d71<\/p>\n<\/li>\n<\/ul>\n<\/li>\n<\/ul>\n<h1 data-start=\"2214\" data-end=\"2253\">Dlaczego warto wybra\u0107 tablet Android DiagZone?<\/h1>\n<ul data-start=\"2255\" data-end=\"2565\">\n<li data-start=\"2255\" data-end=\"2328\">\n<p data-start=\"2257\" data-end=\"2328\" class=\" translation-block\">Zoptymalizowane dla <strong data-start=\"2271\" data-end=\"2289\">u\u017cytkownik\u00f3w DiagZone<\/strong> \u2013 gotowe do profesjonalnej diagnostyki<\/p>\n<\/li>\n<li data-start=\"2329\" data-end=\"2392\">\n<p data-start=\"2331\" data-end=\"2392\" class=\" translation-block\"><strong data-start=\"2331\" data-end=\"2363\">Wydajny sprz\u0119t (3\/128 GB)<\/strong> do szybkiej komunikacji z ECU<\/p>\n<\/li>\n<li data-start=\"2393\" data-end=\"2465\">\n<p data-start=\"2395\" data-end=\"2465\">Du\u017cy wy\u015bwietlacz zapewniaj\u0105cy czyteln\u0105 wizualizacj\u0119 danych i raport\u00f3w diagnostycznych<\/p>\n<\/li>\n<li data-start=\"2466\" data-end=\"2509\">\n<p data-start=\"2468\" data-end=\"2509\">Wytrzyma\u0142a konstrukcja do \u015brodowisk warsztatowych<\/p>\n<\/li>\n<li data-start=\"2510\" data-end=\"2565\">\n<p data-start=\"2512\" data-end=\"2565\">W pe\u0142ni przetestowany, aby zagwarantowa\u0107 p\u0142ynne dzia\u0142anie DiagZone<\/p>\n<\/li>\n<\/ul>\n<p data-start=\"2567\" data-end=\"2750\">\u2705 Kr\u00f3tko m\u00f3wi\u0105c, <strong data-start=\"2583\" data-end=\"2610\">Tablet Android DiagZone<\/strong> oferuje idealne po\u0142\u0105czenie <strong data-start=\"2645\" data-end=\"2686\">moc, mobilno\u015b\u0107 i kompatybilno\u015b\u0107<\/strong>, co czyni go idealnym urz\u0105dzeniem do uruchamiania diagnostyki DiagZone.<\/p>","protected":false},"excerpt":{"rendered":"<p class=\" translation-block\"><strong data-start=\"2787\" data-end=\"2825\">Android DiagZone Tablet (3\/128 GB)<\/strong> to profesjonalny tablet diagnostyczny zoptymalizowany do pracy z platform\u0105 DiagZone. Dzi\u0119ki wydajnemu systemowi Android, du\u017cemu ekranowi, \u0142\u0105czno\u015bci WiFi\/Bluetooth oraz gwarantowanej kompatybilno\u015bci zapewnia p\u0142ynn\u0105 prac\u0119 i niezawodno\u015b\u0107 podczas wszystkich zada\u0144 diagnostycznych.<\/p>","protected":false},"featured_media":3332,"template":"","meta":{"_acf_changed":false,"_seopress_robots_primary_cat":"none","_seopress_titles_title":"Android 10\" Diagnostic Tablet 3\/128GB \u2013 DiagZone Ready Device","_seopress_titles_desc":"Professional Android 10\" diagnostic tablet with 3GB RAM and 128GB storage. Pre-tested for DiagZone, reliable performance for automotive diagnostics EOBD","_seopress_robots_index":"","inline_featured_image":false,"_kad_blocks_custom_css":"","_kad_blocks_head_custom_js":"","_kad_blocks_body_custom_js":"","_kad_blocks_footer_custom_js":"","_themeisle_gutenberg_block_has_review":false,"_kad_post_transparent":"default","_kad_post_title":"","_kad_post_layout":"default","_kad_post_sidebar_id":"","_kad_post_content_style":"default","_kad_post_vertical_padding":"default","_kad_post_feature":"","_kad_post_feature_position":"","_kad_post_header":false,"_kad_post_footer":false,"iawp_total_views":601},"product_cat":[21],"product_tag":[41,42,40],"class_list":{"0":"post-3329","1":"product","2":"type-product","3":"status-publish","4":"has-post-thumbnail","6":"product_cat-android-tablets","7":"product_tag-android","8":"product_tag-obd2","9":"product_tag-tablet","11":"first","12":"instock","13":"sale","14":"shipping-taxable","15":"purchasable","16":"product-type-simple","17":"entry","18":"content-bg","19":"loop-entry"},"acf":[],"taxonomy_info":{"product_cat":[{"value":21,"label":"Android tablets"}],"product_tag":[{"value":41,"label":"Android"},{"value":42,"label":"OBD2"},{"value":40,"label":"Tablet"}]},"featured_image_src_large":["https:\/\/diagzone.org\/wp-content\/uploads\/2025\/09\/Launch_Tablet_1.jpg",600,600,false],"author_info":[],"comment_info":"","_links":{"self":[{"href":"https:\/\/diagzone.org\/pl\/wp-json\/wp\/v2\/product\/3329","targetHints":{"allow":["GET"]}}],"collection":[{"href":"https:\/\/diagzone.org\/pl\/wp-json\/wp\/v2\/product"}],"about":[{"href":"https:\/\/diagzone.org\/pl\/wp-json\/wp\/v2\/types\/product"}],"wp:featuredmedia":[{"embeddable":true,"href":"https:\/\/diagzone.org\/pl\/wp-json\/wp\/v2\/media\/3332"}],"wp:attachment":[{"href":"https:\/\/diagzone.org\/pl\/wp-json\/wp\/v2\/media?parent=3329"}],"wp:term":[{"taxonomy":"product_cat","embeddable":true,"href":"https:\/\/diagzone.org\/pl\/wp-json\/wp\/v2\/product_cat?post=3329"},{"taxonomy":"product_tag","embeddable":true,"href":"https:\/\/diagzone.org\/pl\/wp-json\/wp\/v2\/product_tag?post=3329"}],"curies":[{"name":"wp","href":"https:\/\/api.w.org\/{rel}","templated":true}]}}