
{"id":3349,"date":"2025-09-26T16:17:18","date_gmt":"2025-09-26T14:17:18","guid":{"rendered":"https:\/\/diagzone.org\/?post_type=product&#038;p=3349"},"modified":"2025-09-26T16:23:59","modified_gmt":"2025-09-26T14:23:59","slug":"doip-obd2-16-pin-adapter-cable-compatible-with-dbscar-vii-thinkdiag-2","status":"publish","type":"product","link":"https:\/\/diagzone.org\/pl\/produkt\/doip-obd2-16-pin-adapter-cable-compatible-with-dbscar-vii-thinkdiag-2\/","title":{"rendered":"Adapter DOIP OBD2 16-pinowy \u2013 kompatybilny z DBScar VII \u2013 ThinkDiag 2"},"content":{"rendered":"<p data-start=\"131\" data-end=\"365\" class=\" translation-block\">Dzi\u0119kujemy za zainteresowanie kablem adaptera DOIP OBD2.<br data-start=\"208\" data-end=\"211\">Adapter jest fabrycznie nowy, przetestowany pod k\u0105tem kompatybilno\u015bci z <a href=\"https:\/\/diagzone.org\/product\/launch-dbscar-vii-dbscar7-bluetooth-obd2-scanner-supports-can-fd-doip-protocols-powerful-all-systems-for-x431\/\" target=\"_self\">DBScar VII<\/a> oraz <a href=\"https:\/\/diagzone.org\/product\/thinkcar-thinkdiag-2-can-fd-bi-directional-obd2-scanner\/\" target=\"_self\">ThinkDiag 2<\/a> i gwarantuje oryginalno\u015b\u0107 oraz stabiln\u0105 prac\u0119.<\/p>\n<p data-start=\"367\" data-end=\"577\">\ud83d\udd39 <strong data-start=\"370\" data-end=\"390\">Wa\u017cna informacja<\/strong><br data-start=\"390\" data-end=\"393\" \/>Kabel adaptera DOIP nie zawiera \u017cadnego oprogramowania.<br data-start=\"446\" data-end=\"449\" \/>Do korzystania z tego urz\u0105dzenia wymagany jest kompatybilny z\u0142\u0105cze diagnostyczne.<a href=\"https:\/\/diagzone.org\/product\/launch-dbscar-vii-dbscar7-bluetooth-obd2-scanner-supports-can-fd-doip-protocols-powerful-all-systems-for-x431\/\">DBScar VII<\/a> lub <a href=\"https:\/\/diagzone.org\/product\/thinkcar-thinkdiag-2-can-fd-bi-directional-obd2-scanner\/\">ThinkDiag 2<\/a>) i <a href=\"https:\/\/diagzone.org\/diagzone-activation\/\">oddzielny zakup oprogramowania<\/a> s\u0105 wymagane.<\/p>\n<p data-start=\"579\" data-end=\"806\">\ud83d\udd39 <strong data-start=\"582\" data-end=\"604\">Wsparcie i doradztwo<\/strong><br data-start=\"604\" data-end=\"607\" \/>Potrzebujesz pomocy z konfiguracj\u0105?<br data-start=\"628\" data-end=\"631\" \/>Nasz zesp\u00f3\u0142 jest zaanga\u017cowany w zapewnianie pomocy krok po kroku. Zach\u0119camy do <a href=\"https:\/\/wa.me\/31647604324\">skontaktuj si\u0119 z nami<\/a> w ka\u017cdej chwili, je\u015bli potrzebujesz wsparcia w korzystaniu z kabla DOIP z platform\u0105 DiagZone OBD2.<\/p>\n<p data-start=\"808\" data-end=\"1003\">\ud83d\udd39 <strong data-start=\"811\" data-end=\"832\">Zapewnienie jako\u015bci<\/strong><br data-start=\"832\" data-end=\"835\" \/>Ka\u017cdy kabel adaptera DOIP przechodzi testy funkcjonalne przed wysy\u0142k\u0105.<br data-start=\"908\" data-end=\"911\" \/>Zapewnia to bezb\u0142\u0119dne dzia\u0142anie, niezawodno\u015b\u0107 klasy profesjonalnej oraz d\u0142ugoterminow\u0105 trwa\u0142o\u015b\u0107.<\/p>\n<p data-start=\"1005\" data-end=\"1241\" class=\" translation-block\"><strong data-start=\"1005\" data-end=\"1028\">Opis produktu<\/strong><br data-start=\"1028\" data-end=\"1031\">Kabel adaptera DOIP OBD2 zosta\u0142 zaprojektowany w celu rozszerzenia mo\u017cliwo\u015bci diagnostycznych nowoczesnych pojazd\u00f3w obs\u0142uguj\u0105cych protok\u00f3\u0142 DOIP. Zapewnia szybki i stabilny transfer danych pomi\u0119dzy z\u0142\u0105czem OBD2 a pojazdem.<\/p>\n<p data-start=\"1243\" data-end=\"1504\">\u2705 Kompatybilny ze z\u0142\u0105czami DBScar VII i ThinkDiag 2<br data-start=\"1293\" data-end=\"1296\" \/>\u2705 Umo\u017cliwia diagnostyk\u0119 pojazd\u00f3w z protoko\u0142em DOIP<br data-start=\"1348\" data-end=\"1351\" \/>\u2705 Z\u0142\u0105cze OBD2 16-pin typu plug &amp; play<br data-start=\"1387\" data-end=\"1390\" \/>\u2705 Przetestowany z platform\u0105 DiagZone pod k\u0105tem kompatybilno\u015bci<br data-start=\"1439\" data-end=\"1442\" \/>\u2705 Wykonany z trwa\u0142ych materia\u0142\u00f3w do profesjonalnego u\u017cytku warsztatowego<\/p>\n<p data-start=\"1506\" data-end=\"1703\">\u26a0\ufe0f <strong data-start=\"1509\" data-end=\"1525\">Prosimy o uwag\u0119:<\/strong> Ten adapter nie zawiera oprogramowania ani z\u0142\u0105cza diagnostycznego.<br data-start=\"1591\" data-end=\"1594\" \/>\ud83d\udc49 Z\u0142\u0105cze kompatybilne z DiagZone (np., <a href=\"https:\/\/diagzone.org\/product\/launch-dbscar-vii-dbscar7-bluetooth-obd2-scanner-supports-can-fd-doip-protocols-powerful-all-systems-for-x431\/\">DBScar VII<\/a> lub <a href=\"https:\/\/diagzone.org\/product\/thinkcar-thinkdiag-2-can-fd-bi-directional-obd2-scanner\/\">ThinkDiag 2<\/a>) oraz do u\u017cytkowania wymagana jest subskrypcja.<\/p>\n<p data-start=\"1705\" data-end=\"1745\"><strong data-start=\"1705\" data-end=\"1743\">Dlaczego warto wybra\u0107 kabel adaptera DOIP?<\/strong><\/p>\n<ul data-start=\"1746\" data-end=\"1943\">\n<li data-start=\"1746\" data-end=\"1793\">\n<p data-start=\"1748\" data-end=\"1793\">W 100 % przetestowane pod k\u0105tem niezawodno\u015bci przed wysy\u0142k\u0105<\/p>\n<\/li>\n<li data-start=\"1794\" data-end=\"1848\">\n<p data-start=\"1796\" data-end=\"1848\">Obs\u0142uguje Diagnostics over Internet Protocol (DOIP)<\/p>\n<\/li>\n<li data-start=\"1849\" data-end=\"1898\">\n<p data-start=\"1851\" data-end=\"1898\">Kompatybilny z nowoczesnymi samochodami osobowymi i pojazdami elektrycznymi<\/p>\n<\/li>\n<li data-start=\"1899\" data-end=\"1943\">\n<p data-start=\"1901\" data-end=\"1943\">Kompaktowy, \u0142atwy w u\u017cyciu i gotowy do warsztatu<\/p>\n<\/li>\n<\/ul>","protected":false},"excerpt":{"rendered":"<p>Wysokiej jako\u015bci kabel adaptera DOIP OBD2 przeznaczony do urz\u0105dze\u0144 wykorzystuj\u0105cych z\u0142\u0105cza DBScar VII i ThinkDiag 2. Umo\u017cliwia diagnostyk\u0119 nowoczesnych pojazd\u00f3w z obs\u0142ug\u0105 protoko\u0142u DOIP.<\/p>","protected":false},"featured_media":3350,"template":"","meta":{"_acf_changed":false,"_seopress_robots_primary_cat":"none","_seopress_titles_title":"DOIP OBD2 Adapter Cable \u2013 Compatible with DBScar VII & ThinkDiag 2","_seopress_titles_desc":"Professional DOIP OBD2 adapter cable for DBScar VII and ThinkDiag 2. Supports Diagnostics over Internet Protocol for modern vehicles with stable, reliable performance.","_seopress_robots_index":"","inline_featured_image":false,"_kad_blocks_custom_css":"","_kad_blocks_head_custom_js":"","_kad_blocks_body_custom_js":"","_kad_blocks_footer_custom_js":"","_themeisle_gutenberg_block_has_review":false,"_kad_post_transparent":"default","_kad_post_title":"","_kad_post_layout":"default","_kad_post_sidebar_id":"","_kad_post_content_style":"default","_kad_post_vertical_padding":"default","_kad_post_feature":"","_kad_post_feature_position":"","_kad_post_header":false,"_kad_post_footer":false,"iawp_total_views":94},"product_cat":[22],"product_tag":[],"class_list":{"0":"post-3349","1":"product","2":"type-product","3":"status-publish","4":"has-post-thumbnail","6":"product_cat-accessories","8":"first","9":"instock","10":"shipping-taxable","11":"purchasable","12":"product-type-simple","13":"entry","14":"content-bg","15":"loop-entry"},"acf":[],"taxonomy_info":{"product_cat":[{"value":22,"label":"Accessories"}]},"featured_image_src_large":["https:\/\/diagzone.org\/wp-content\/uploads\/2025\/09\/Launch_DOIP_Connector_1.jpg",600,600,false],"author_info":[],"comment_info":"","_links":{"self":[{"href":"https:\/\/diagzone.org\/pl\/wp-json\/wp\/v2\/product\/3349","targetHints":{"allow":["GET"]}}],"collection":[{"href":"https:\/\/diagzone.org\/pl\/wp-json\/wp\/v2\/product"}],"about":[{"href":"https:\/\/diagzone.org\/pl\/wp-json\/wp\/v2\/types\/product"}],"wp:featuredmedia":[{"embeddable":true,"href":"https:\/\/diagzone.org\/pl\/wp-json\/wp\/v2\/media\/3350"}],"wp:attachment":[{"href":"https:\/\/diagzone.org\/pl\/wp-json\/wp\/v2\/media?parent=3349"}],"wp:term":[{"taxonomy":"product_cat","embeddable":true,"href":"https:\/\/diagzone.org\/pl\/wp-json\/wp\/v2\/product_cat?post=3349"},{"taxonomy":"product_tag","embeddable":true,"href":"https:\/\/diagzone.org\/pl\/wp-json\/wp\/v2\/product_tag?post=3349"}],"curies":[{"name":"wp","href":"https:\/\/api.w.org\/{rel}","templated":true}]}}