
{"id":3354,"date":"2025-09-26T16:32:30","date_gmt":"2025-09-26T14:32:30","guid":{"rendered":"https:\/\/diagzone.org\/?post_type=product&#038;p=3354"},"modified":"2025-09-26T16:47:00","modified_gmt":"2025-09-26T14:47:00","slug":"gt106-plus-heavy-truck-power-adapter-24v-to-12v-adapter","status":"publish","type":"product","link":"https:\/\/diagzone.org\/pl\/produkt\/gt106-plus-heavy-truck-power-adapter-24v-to-12v-adapter\/","title":{"rendered":"Adapter zasilania GT106 Plus do pojazd\u00f3w ci\u0119\u017carowych \/ adapter 24V na 12V"},"content":{"rendered":"<p data-start=\"781\" data-end=\"1040\" class=\" translation-block\">Dzi\u0119kujemy za zainteresowanie <strong data-start=\"816\" data-end=\"868\">GT106 Plus przetwornica mocy i adapter do ci\u0119\u017ckich pojazd\u00f3w<\/strong>.<br data-start=\"869\" data-end=\"872\">Urz\u0105dzenie to zosta\u0142o zaprojektowane do stabilnej konwersji napi\u0119cia z 24V na 12V w pojazdach ci\u0119\u017carowych, zapewniaj\u0105c niezawodne wsparcie dla sprz\u0119tu diagnostycznego i akcesori\u00f3w motoryzacyjnych.<\/p>\n<p data-start=\"1042\" data-end=\"1269\">\ud83d\udd39 <strong data-start=\"1045\" data-end=\"1065\">Wa\u017cna informacja<\/strong><br data-start=\"1065\" data-end=\"1068\" \/>GT106 Plus jest <strong data-start=\"1088\" data-end=\"1118\">tylko konwerter i adapter<\/strong>\u2014nie zawiera funkcji diagnostycznych ani oprogramowania.<br data-start=\"1172\" data-end=\"1175\" \/>Jego g\u0142\u00f3wn\u0105 rol\u0105 jest konwersja system\u00f3w 24V w pojazdach ci\u0119\u017carowych na bezpieczne wyj\u015bcie 12V dla narz\u0119dzi i urz\u0105dze\u0144.<\/p>\n<p data-start=\"1271\" data-end=\"1469\">\ud83d\udd39 <strong data-start=\"1274\" data-end=\"1296\">Wsparcie i doradztwo<\/strong><br data-start=\"1296\" data-end=\"1299\" \/>Potrzebujesz pomocy przy pod\u0142\u0105czaniu konwertera GT106 Plus?<br data-start=\"1346\" data-end=\"1349\" \/>Nasz zesp\u00f3\u0142 jest gotowy zapewni\u0107 pomoc krok po kroku przy instalacji oraz bezpiecznej integracji z Twoimi narz\u0119dziami diagnostycznymi.<\/p>\n<p data-start=\"1471\" data-end=\"1678\">\ud83d\udd39 <strong data-start=\"1474\" data-end=\"1495\">Zapewnienie jako\u015bci<\/strong><br data-start=\"1495\" data-end=\"1498\" \/>Ka\u017cdy konwerter GT106 Plus jest dok\u0142adnie testowany przed wysy\u0142k\u0105.<br data-start=\"1562\" data-end=\"1565\" \/>Zapewniamy stabilne napi\u0119cie wyj\u015bciowe, wysok\u0105 trwa\u0142o\u015b\u0107 oraz ochron\u0119 termiczn\u0105 dla bezpiecznego, d\u0142ugotrwa\u0142ego u\u017cytkowania w warsztatach.<\/p>\n<h2 data-start=\"1685\" data-end=\"1712\">Opis produktu<\/h2>\n<p data-start=\"1714\" data-end=\"2028\" class=\" translation-block\"><strong data-start=\"1718\" data-end=\"1770\">GT106 Plus przetwornica mocy i adapter do ci\u0119\u017ckich pojazd\u00f3w<\/strong> zosta\u0142 zaprojektowany dla profesjonalist\u00f3w pracuj\u0105cych z pojazdami ci\u0119\u017ckimi, autobusami i ci\u0119\u017car\u00f3wkami. Skutecznie obni\u017ca napi\u0119cie pojazdu z 24V do 12V, umo\u017cliwiaj\u0105c zasilanie skaner\u00f3w diagnostycznych, tablet\u00f3w, kamer oraz innych akcesori\u00f3w 12V bezpo\u015brednio z instalacji pojazdu.<\/p>\n<p data-start=\"2030\" data-end=\"2311\">\u2705 Redukcja napi\u0119cia z 24V do 12V<br data-start=\"2063\" data-end=\"2066\" \/>\u2705 Podw\u00f3jna funkcja \u2013 dzia\u0142a jako konwerter i adapter<br data-start=\"2114\" data-end=\"2117\" \/>\u2705 Wytrzyma\u0142a obudowa do pracy w trudnych warunkach<br data-start=\"2161\" data-end=\"2164\" \/>\u2705 Wbudowana ochrona przed nadpr\u0105dem, przepi\u0119ciem i przegrzaniem<br data-start=\"2237\" data-end=\"2240\" \/>\u2705 Idealny do zasilania narz\u0119dzi diagnostycznych OBD2 i elektroniki warsztatowej<\/p>\n<p data-start=\"2313\" data-end=\"2451\">\u26a0\ufe0f <strong data-start=\"2316\" data-end=\"2332\">Prosimy o uwag\u0119:<\/strong> Jest to wy\u0142\u0105cznie akcesorium do konwersji zasilania.<br data-start=\"2375\" data-end=\"2378\" \/>\ud83d\udc49 A <a href=\"https:\/\/diagzone.org\/obd-shop\/\">urz\u0105dzenie diagnostyczne<\/a> lub <a href=\"https:\/\/diagzone.org\/diagzone-buy-subscription\/\">oprogramowanie<\/a> jest wymagane do diagnostyki pojazd\u00f3w.<\/p>\n<h2 data-start=\"2458\" data-end=\"2508\">\ud83d\udccc Dlaczego warto wybra\u0107 konwerter i adapter GT106 Plus?<\/h2>\n<ul data-start=\"2510\" data-end=\"2741\">\n<li data-start=\"2510\" data-end=\"2564\">\n<p data-start=\"2512\" data-end=\"2564\">Profesjonalny konwerter 24V na 12V do pojazd\u00f3w ci\u0119\u017carowych<\/p>\n<\/li>\n<li data-start=\"2565\" data-end=\"2628\">\n<p data-start=\"2567\" data-end=\"2628\">Zapewnia stabilne zasilanie dla tablet\u00f3w diagnostycznych i narz\u0119dzi OBD2<\/p>\n<\/li>\n<li data-start=\"2629\" data-end=\"2678\">\n<p data-start=\"2631\" data-end=\"2678\">Trwa\u0142y i niezawodny \u2013 testowany przed wysy\u0142k\u0105<\/p>\n<\/li>\n<li data-start=\"2679\" data-end=\"2741\">\n<p data-start=\"2681\" data-end=\"2741\">Kompaktowy, bezpieczny i \u0142atwy w u\u017cyciu w warsztacie lub w trasie<\/p>\n<\/li>\n<\/ul>\n<p>\u2705 <strong data-start=\"140\" data-end=\"351\">Kr\u00f3tko m\u00f3wi\u0105c, Godiag GT106 Plus Heavy Truck Power Adapter to niezawodny konwerter 24V na 12V, zaprojektowany w celu zapewnienia bezpiecznego, stabilnego i wydajnego zasilania do diagnostyki pojazd\u00f3w ci\u0119\u017ckich oraz zastosowa\u0144 warsztatowych.<\/strong><\/p>","protected":false},"excerpt":{"rendered":"<p data-start=\"641\" data-end=\"852\" class=\" translation-block\"><strong data-start=\"585\" data-end=\"637\">Konwerter i adapter zasilania GT106 Plus do pojazd\u00f3w ci\u0119\u017carowych<\/strong> przekszta\u0142ca 24V na 12V, zapewniaj\u0105c bezpieczne zasilanie narz\u0119dzi diagnostycznych i akcesori\u00f3w w pojazdach u\u017cytkowych.<\/p>","protected":false},"featured_media":3355,"template":"","meta":{"_acf_changed":false,"_seopress_robots_primary_cat":"none","_seopress_titles_title":"GT106 Plus Heavy Truck 24V to 12V Power Converter & Adapter","_seopress_titles_desc":"GT106 Plus 24V to 12V converter and power adapter for heavy trucks. Stable voltage output for diagnostic tools, tablets, and automotive accessories.","_seopress_robots_index":"","inline_featured_image":false,"_kad_blocks_custom_css":"","_kad_blocks_head_custom_js":"","_kad_blocks_body_custom_js":"","_kad_blocks_footer_custom_js":"","_themeisle_gutenberg_block_has_review":false,"_kad_post_transparent":"default","_kad_post_title":"","_kad_post_layout":"default","_kad_post_sidebar_id":"","_kad_post_content_style":"default","_kad_post_vertical_padding":"default","_kad_post_feature":"","_kad_post_feature_position":"","_kad_post_header":false,"_kad_post_footer":false,"iawp_total_views":117},"product_cat":[22],"product_tag":[29,25,24,30,27,26,28],"class_list":{"0":"post-3354","1":"product","2":"type-product","3":"status-publish","4":"has-post-thumbnail","6":"product_cat-accessories","7":"product_tag-24v","8":"product_tag-adapter","9":"product_tag-converter","10":"product_tag-gt106","11":"product_tag-hd","12":"product_tag-heavy-truck","13":"product_tag-truck","15":"first","16":"instock","17":"shipping-taxable","18":"purchasable","19":"product-type-simple","20":"entry","21":"content-bg","22":"loop-entry"},"acf":[],"taxonomy_info":{"product_cat":[{"value":22,"label":"Accessories"}],"product_tag":[{"value":29,"label":"24V"},{"value":25,"label":"Adapter"},{"value":24,"label":"Converter"},{"value":30,"label":"GT106"},{"value":27,"label":"HD"},{"value":26,"label":"Heavy Truck"},{"value":28,"label":"Truck"}]},"featured_image_src_large":["https:\/\/diagzone.org\/wp-content\/uploads\/2025\/09\/Godiag_GT106_Plus_1.jpg",600,600,false],"author_info":[],"comment_info":"","_links":{"self":[{"href":"https:\/\/diagzone.org\/pl\/wp-json\/wp\/v2\/product\/3354","targetHints":{"allow":["GET"]}}],"collection":[{"href":"https:\/\/diagzone.org\/pl\/wp-json\/wp\/v2\/product"}],"about":[{"href":"https:\/\/diagzone.org\/pl\/wp-json\/wp\/v2\/types\/product"}],"wp:featuredmedia":[{"embeddable":true,"href":"https:\/\/diagzone.org\/pl\/wp-json\/wp\/v2\/media\/3355"}],"wp:attachment":[{"href":"https:\/\/diagzone.org\/pl\/wp-json\/wp\/v2\/media?parent=3354"}],"wp:term":[{"taxonomy":"product_cat","embeddable":true,"href":"https:\/\/diagzone.org\/pl\/wp-json\/wp\/v2\/product_cat?post=3354"},{"taxonomy":"product_tag","embeddable":true,"href":"https:\/\/diagzone.org\/pl\/wp-json\/wp\/v2\/product_tag?post=3354"}],"curies":[{"name":"wp","href":"https:\/\/api.w.org\/{rel}","templated":true}]}}