
{"id":3360,"date":"2025-09-26T16:57:54","date_gmt":"2025-09-26T14:57:54","guid":{"rendered":"https:\/\/diagzone.org\/?post_type=product&#038;p=3360"},"modified":"2025-09-26T16:58:58","modified_gmt":"2025-09-26T14:58:58","slug":"cable-for-dbscar-vii-original-main-diagnostic-cable-vci","status":"publish","type":"product","link":"https:\/\/diagzone.org\/pl\/produkt\/cable-for-dbscar-vii-original-main-diagnostic-cable-vci\/","title":{"rendered":"Kabel do DBScar VII \u2013 oryginalny g\u0142\u00f3wny kabel diagnostyczny (VCI)"},"content":{"rendered":"<p data-start=\"117\" data-end=\"308\" class=\" translation-block\">Dzi\u0119kujemy za zainteresowanie <strong data-start=\"152\" data-end=\"184\">adapterem kabla DBScar VII<\/strong>.<br data-start=\"185\" data-end=\"188\">Ten wysokiej jako\u015bci kabel jest fabrycznie nowy i zosta\u0142 zaprojektowany w celu rozszerzenia kompatybilno\u015bci oraz \u0142\u0105czno\u015bci urz\u0105dze\u0144 DBScar VII.<\/p>\n<p data-start=\"310\" data-end=\"479\">\ud83d\udd39 <strong data-start=\"313\" data-end=\"333\">Wa\u017cna informacja<\/strong><br data-start=\"333\" data-end=\"336\" \/>Kabel nie zawiera \u017cadnego oprogramowania diagnostycznego ani urz\u0105dzenia.<br data-start=\"397\" data-end=\"400\" \/>Do korzystania z tego kabla wymagana jest kompatybilna jednostka DBScar VII oraz oprogramowanie.<\/p>\n<p data-start=\"481\" data-end=\"708\">\ud83d\udd39 <strong data-start=\"484\" data-end=\"506\">Wsparcie i doradztwo<\/strong><br data-start=\"506\" data-end=\"509\" \/>Potrzebujesz pomocy przy instalacji lub konfiguracji?<br data-start=\"546\" data-end=\"549\" \/>Nasz zesp\u00f3\u0142 jest gotowy zapewni\u0107 pomoc krok po kroku. Skontaktuj si\u0119 z nami w dowolnym momencie, je\u015bli potrzebujesz wsparcia przy integracji kabla z Twoim zestawem diagnostycznym.<\/p>\n<p data-start=\"710\" data-end=\"900\">\ud83d\udd39 <strong data-start=\"713\" data-end=\"734\">Zapewnienie jako\u015bci<\/strong><br data-start=\"734\" data-end=\"737\" \/>Ka\u017cdy kabel przechodzi rygorystyczne testy przed wysy\u0142k\u0105.<br data-start=\"792\" data-end=\"795\" \/>Sprawdzamy stabilno\u015b\u0107 sygna\u0142u, integralno\u015b\u0107 z\u0142\u0105czy oraz trwa\u0142o\u015b\u0107, aby zapewni\u0107 niezawodno\u015b\u0107 klasy profesjonalnej.Sprawdzamy stabilno\u015b\u0107 sygna\u0142u, integralno\u015b\u0107 z\u0142\u0105czy oraz trwa\u0142o\u015b\u0107, aby zapewni\u0107 niezawodno\u015b\u0107 klasy profesjonalnej.<\/p>\n<h2 data-start=\"907\" data-end=\"931\">Opis produktu<\/h2>\n<p data-start=\"933\" data-end=\"1174\" class=\" translation-block\"><strong data-start=\"937\" data-end=\"969\">Adapter kabla DBScar VII<\/strong> zosta\u0142 zaprojektowany w celu rozszerzenia funkcjonalno\u015bci urz\u0105dzenia diagnostycznego DBScar VII, oferuj\u0105c stabilne po\u0142\u0105czenie i p\u0142ynny przep\u0142yw danych. Idealny dla u\u017cytkownik\u00f3w potrzebuj\u0105cych alternatywnego prowadzenia kabla lub okablowania zast\u0119pczego.<\/p>\n<p data-start=\"1176\" data-end=\"1369\">\u2705 Kompatybilny z jednostkami diagnostycznymi DBScar VII<br data-start=\"1227\" data-end=\"1230\" \/>\u2705 Zapewnia stabiln\u0105 i niezawodn\u0105 transmisj\u0119 danych<br data-start=\"1277\" data-end=\"1280\" \/>\u2705 Trwa\u0142e z\u0142\u0105cza i solidna konstrukcja kabla<br data-start=\"1323\" data-end=\"1326\" \/>\u2705 Idealny jako kabel zapasowy lub pomocniczy<\/p>\n<p data-start=\"1371\" data-end=\"1493\">\u26a0\ufe0f <strong data-start=\"1374\" data-end=\"1390\">Prosimy o uwag\u0119:<\/strong> Jest to wy\u0142\u0105cznie akcesorium. Do dzia\u0142ania wymagana jest jednostka diagnostyczna (DBScar VII) oraz oprogramowanie.<\/p>\n<h2 data-start=\"1500\" data-end=\"1525\">Dlaczego warto wybra\u0107 ten kabel?<\/h2>\n<ul data-start=\"1527\" data-end=\"1720\">\n<li data-start=\"1527\" data-end=\"1586\">\n<p data-start=\"1529\" data-end=\"1586\">W 100% testowany przed wysy\u0142k\u0105 pod k\u0105tem prawid\u0142owej integralno\u015bci sygna\u0142u<\/p>\n<\/li>\n<li data-start=\"1587\" data-end=\"1637\">\n<p data-start=\"1589\" data-end=\"1637\">Niezawodne dzia\u0142anie w warunkach warsztatowych<\/p>\n<\/li>\n<li data-start=\"1638\" data-end=\"1682\">\n<p data-start=\"1640\" data-end=\"1682\">Kompatybilny z platformami DBScar VII<\/p>\n<\/li>\n<li data-start=\"1683\" data-end=\"1720\">\n<p data-start=\"1685\" data-end=\"1720\">Kompaktowy, trwa\u0142y i \u0142atwy w u\u017cyciu<\/p>\n<\/li>\n<\/ul>","protected":false},"excerpt":{"rendered":"<p data-start=\"641\" data-end=\"852\">Wysokiej jako\u015bci adapter kabla przeznaczony do urz\u0105dze\u0144 diagnostycznych DBScar VII. Zapewnia stabiln\u0105 transmisj\u0119 danych, trwa\u0142\u0105 konstrukcj\u0119 oraz niezawodne dzia\u0142anie w profesjonalnych warsztatach samochodowych.<\/p>","protected":false},"featured_media":3361,"template":"","meta":{"_acf_changed":false,"_seopress_robots_primary_cat":"none","_seopress_titles_title":"DBScar VII Cable Adapter \u2013 Durable OBD2 Extension for Diagnostics","_seopress_titles_desc":"Buy DBScar VII Cable Adapter \u2013 high-quality, durable diagnostic cable for stable data transmission. Perfect replacement or extension for professional OBD2 tools.","_seopress_robots_index":"","inline_featured_image":false,"_kad_blocks_custom_css":"","_kad_blocks_head_custom_js":"","_kad_blocks_body_custom_js":"","_kad_blocks_footer_custom_js":"","_themeisle_gutenberg_block_has_review":false,"_kad_post_transparent":"default","_kad_post_title":"","_kad_post_layout":"default","_kad_post_sidebar_id":"","_kad_post_content_style":"default","_kad_post_vertical_padding":"default","_kad_post_feature":"","_kad_post_feature_position":"","_kad_post_header":false,"_kad_post_footer":false,"iawp_total_views":42},"product_cat":[22],"product_tag":[25,39,38,37],"class_list":{"0":"post-3360","1":"product","2":"type-product","3":"status-publish","4":"has-post-thumbnail","6":"product_cat-accessories","7":"product_tag-adapter","8":"product_tag-cable","9":"product_tag-dbscar","10":"product_tag-dbscar-vii","12":"first","13":"instock","14":"shipping-taxable","15":"purchasable","16":"product-type-simple","17":"entry","18":"content-bg","19":"loop-entry"},"acf":[],"taxonomy_info":{"product_cat":[{"value":22,"label":"Accessories"}],"product_tag":[{"value":25,"label":"Adapter"},{"value":39,"label":"cable"},{"value":38,"label":"DBScar"},{"value":37,"label":"DBScar VII"}]},"featured_image_src_large":["https:\/\/diagzone.org\/wp-content\/uploads\/2025\/09\/Cable_for_DBScar_Pro_V_Pro_TT_1.jpg",600,600,false],"author_info":[],"comment_info":"","_links":{"self":[{"href":"https:\/\/diagzone.org\/pl\/wp-json\/wp\/v2\/product\/3360","targetHints":{"allow":["GET"]}}],"collection":[{"href":"https:\/\/diagzone.org\/pl\/wp-json\/wp\/v2\/product"}],"about":[{"href":"https:\/\/diagzone.org\/pl\/wp-json\/wp\/v2\/types\/product"}],"wp:featuredmedia":[{"embeddable":true,"href":"https:\/\/diagzone.org\/pl\/wp-json\/wp\/v2\/media\/3361"}],"wp:attachment":[{"href":"https:\/\/diagzone.org\/pl\/wp-json\/wp\/v2\/media?parent=3360"}],"wp:term":[{"taxonomy":"product_cat","embeddable":true,"href":"https:\/\/diagzone.org\/pl\/wp-json\/wp\/v2\/product_cat?post=3360"},{"taxonomy":"product_tag","embeddable":true,"href":"https:\/\/diagzone.org\/pl\/wp-json\/wp\/v2\/product_tag?post=3360"}],"curies":[{"name":"wp","href":"https:\/\/api.w.org\/{rel}","templated":true}]}}