
{"id":3364,"date":"2025-09-26T17:16:22","date_gmt":"2025-09-26T15:16:22","guid":{"rendered":"https:\/\/diagzone.org\/?post_type=product&#038;p=3364"},"modified":"2025-09-26T17:31:21","modified_gmt":"2025-09-26T15:31:21","slug":"diagzone-diagnostic-set-dbscar-7","status":"publish","type":"product","link":"https:\/\/diagzone.org\/pl\/produkt\/diagzone-diagnostic-set-dbscar-7\/","title":{"rendered":"Diagzone zestaw diagnostyczny DBSCAR 7"},"content":{"rendered":"<p data-start=\"196\" data-end=\"441\" class=\" translation-block\">Dzi\u0119kujemy za zainteresowanie <strong data-start=\"231\" data-end=\"267\">zestawem diagnostycznym Diagzone DBScar 7<\/strong>.<br data-start=\"268\" data-end=\"271\">Ten profesjonalny zestaw diagnostyczny \u0142\u0105czy wydajny tablet z systemem Android z konektorem OBD2 DBScar 7, w pe\u0142ni przetestowanym i zoptymalizowanym do pracy z <strong data-start=\"417\" data-end=\"438\">platform\u0105 DiagZone<\/strong>.<\/p>\n<p data-start=\"443\" data-end=\"611\">\ud83d\udd39 <strong data-start=\"104\" data-end=\"124\">Wa\u017cna informacja<\/strong><br data-start=\"124\" data-end=\"127\" \/>Zestaw <strong data-start=\"135\" data-end=\"181\">zawiera wa\u017cn\u0105 licencj\u0119 oprogramowania DiagZone<\/strong> domy\u015blnie<br data-start=\"193\" data-end=\"196\" \/>Oznacza to, \u017ce mo\u017cesz natychmiast rozpocz\u0105\u0107 korzystanie ze wszystkich funkcji diagnostycznych bez konieczno\u015bci zakupu dodatkowej subskrypcji.<\/p>\n<p data-start=\"613\" data-end=\"819\">\ud83d\udd39 <strong data-start=\"616\" data-end=\"638\">Wsparcie i doradztwo<\/strong><br data-start=\"638\" data-end=\"641\" \/>Potrzebujesz pomocy przy konfiguracji zestawu diagnostycznego?<br data-start=\"682\" data-end=\"685\" \/>Nasz zesp\u00f3\u0142 jest dost\u0119pny, aby zapewni\u0107 pomoc krok po kroku \u2013 od konfiguracji tabletu po aktywacj\u0119 DBScar 7 na platformie DiagZone.<\/p>\n<p data-start=\"821\" data-end=\"1020\">\ud83d\udd39 <strong data-start=\"824\" data-end=\"845\">Zapewnienie jako\u015bci<\/strong><br data-start=\"845\" data-end=\"848\" \/>Ka\u017cdy zestaw diagnostyczny jest w pe\u0142ni testowany przed wysy\u0142k\u0105.<br data-start=\"901\" data-end=\"904\" \/>Tablet, adapter DBScar 7 oraz \u0142\u0105czno\u015b\u0107 s\u0105 weryfikowane, aby zapewni\u0107 bezb\u0142\u0119dne dzia\u0142anie i d\u0142ugoterminow\u0105 trwa\u0142o\u015b\u0107.<\/p>\n<h2 data-start=\"1027\" data-end=\"1051\">Opis produktu<\/h2>\n<p data-start=\"1053\" data-end=\"1244\" class=\" translation-block\"><strong data-start=\"1057\" data-end=\"1093\">Zestaw diagnostyczny Diagzone DBScar 7<\/strong> zosta\u0142 zaprojektowany z my\u015bl\u0105 o profesjonalnych warsztatach samochodowych, oferuj\u0105c zaawansowan\u0105 diagnostyk\u0119, kodowanie ECU oraz funkcje serwisowe dla szerokiej gamy pojazd\u00f3w.<\/p>\n<p data-start=\"1246\" data-end=\"2000\">\u2705 <strong data-start=\"1248\" data-end=\"1264\">Kompletny zestaw<\/strong> \u2013 Zawiera tablet z systemem Android oraz adapter OBD2 DBScar 7<br data-start=\"1316\" data-end=\"1319\" \/>\u2705 <strong data-start=\"1321\" data-end=\"1347\">Zgodno\u015b\u0107 z DiagZone<\/strong> \u2013 Dzia\u0142a bezproblemowo z oprogramowaniem DiagZone<br data-start=\"1389\" data-end=\"1392\" \/>\u2705 <strong data-start=\"1394\" data-end=\"1414\">Nowoczesne protoko\u0142y<\/strong> \u2013 Obs\u0142uguje <strong data-start=\"1426\" data-end=\"1436\">CAN FD<\/strong> i <strong data-start=\"1441\" data-end=\"1449\">DoIP<\/strong> dla nowych generacji pojazd\u00f3w<br data-start=\"1477\" data-end=\"1480\" \/>\u2705 <strong data-start=\"1482\" data-end=\"1508\">Sterowanie dwukierunkowe<\/strong> \u2013 Wykonuje testy aktywne, kalibracje komponent\u00f3w oraz kodowanie ECU<br data-start=\"1571\" data-end=\"1574\" \/>\u2705 <strong data-start=\"1576\" data-end=\"1603\">Wizualne mapowanie topologii<\/strong> \u2013 Umo\u017cliwia szybk\u0105 diagnostyk\u0119 ca\u0142ej sieci pojazdu<br data-start=\"1649\" data-end=\"1652\" \/>\u2705 <strong data-start=\"1654\" data-end=\"1681\">Kompleksowe funkcje<\/strong> \u2013 Ponad 40 funkcji serwisowych i resetowania (wtryskiwacze, DPF, TPMS, akumulatory, klucze itp.)<br data-start=\"1759\" data-end=\"1762\" \/>\u2705 <strong data-start=\"1764\" data-end=\"1790\">Szeroki zakres obs\u0142ugiwanych pojazd\u00f3w<\/strong> \u2013 Obs\u0142uguje <strong data-start=\"1802\" data-end=\"1879\"><a href=\"https:\/\/diagzone.org\/diagzone-supported-european-cars\/\">Europejski<\/a>, <a href=\"https:\/\/diagzone.org\/diagzone-supported-asian-passanger-cars\/\">Azjatycki<\/a>, <a href=\"https:\/\/diagzone.org\/diagzone-supported-chinese-cars\/\">Chi\u0144ski<\/a>, pojazdy elektryczne, motocykle oraz pojazdy ci\u0119\u017carowe<\/strong> (z opcjonalnym <a href=\"https:\/\/diagzone.org\/product\/gt106-plus-heavy-truck-power-adapter-24v-to-12v-adapter\/\">przetwornica 24V\u201312V<\/a>)<br data-start=\"1913\" data-end=\"1916\" \/>\u2705 <strong data-start=\"1918\" data-end=\"1935\">Wytrzyma\u0142a konstrukcja<\/strong> \u2013 Wytrzyma\u0142y tablet i wzmocniony adapter do codziennego u\u017cytku warsztatowego<\/p>\n<p data-start=\"2002\" data-end=\"2154\">\u26a0\ufe0f <strong data-start=\"37\" data-end=\"53\">Prosimy o uwag\u0119:<\/strong> Licencja oprogramowania jest ju\u017c zawarta w tym zestawie.<br data-start=\"109\" data-end=\"112\" \/>\ud83d\udc49 For heavy truck diagnostics, a <strong data-start=\"146\" data-end=\"175\">Adapter konwertera 24V\u201312V<\/strong> jest wymagane i musi zosta\u0107 zakupione osobno. Mo\u017cesz zam\u00f3wi\u0107 je tutaj: <a class=\"decorated-link cursor-pointer\" href=\"https:\/\/diagzone.org\/product\/gt106-plus-heavy-truck-power-adapter-24v-to-12v-adapter\/\" target=\"_new\" rel=\"noopener\" data-start=\"245\" data-end=\"331\" data-is-only-node=\"\">Adapter do pojazd\u00f3w ci\u0119\u017carowych<\/a><\/p>\n<h2 data-start=\"2161\" data-end=\"2210\">Dlaczego warto wybra\u0107 Diagzone Diagnostic Set DBScar 7?<\/h2>\n<ul data-start=\"2212\" data-end=\"2490\">\n<li data-start=\"2212\" data-end=\"2259\">\n<p data-start=\"2214\" data-end=\"2259\">Profesjonalne rozwi\u0105zanie diagnostyczne all-in-one<\/p>\n<\/li>\n<li data-start=\"2260\" data-end=\"2313\">\n<p data-start=\"2262\" data-end=\"2313\">Wst\u0119pnie przetestowany tablet Android z konektorem DBScar 7<\/p>\n<\/li>\n<li data-start=\"2314\" data-end=\"2363\">\n<p data-start=\"2316\" data-end=\"2363\" class=\" translation-block\">Protoko\u0142y gotowe na przysz\u0142o\u015b\u0107: <strong data-start=\"2340\" data-end=\"2350\">CAN FD<\/strong> &amp; <strong data-start=\"2353\" data-end=\"2361\">DoIP<\/strong><\/p>\n<\/li>\n<li data-start=\"2364\" data-end=\"2441\">\n<p data-start=\"2366\" data-end=\"2441\" class=\" translation-block\">Obs\u0142uguje <strong data-start=\"2375\" data-end=\"2422\">samochody osobowe, pojazdy elektryczne, hybrydy, motocykle oraz ci\u0119\u017car\u00f3wki<\/strong> (<a href=\"https:\/\/diagzone.org\/product\/gt106-plus-heavy-truck-power-adapter-24v-to-12v-adapter\/\" target=\"_self\">z konwerterem<\/a>)<\/p>\n<\/li>\n<li data-start=\"2442\" data-end=\"2490\">\n<p data-start=\"2444\" data-end=\"2490\">Niezawodna, przystosowana do warsztatu konstrukcja do codziennego u\u017cytku<\/p>\n<\/li>\n<\/ul>\n<p data-start=\"718\" data-end=\"743\"><strong data-start=\"718\" data-end=\"741\">\ud83d\udd39 Zawarto\u015b\u0107 zestawu<\/strong><\/p>\n<ul data-start=\"744\" data-end=\"906\">\n<li data-start=\"744\" data-end=\"805\">\n<p data-start=\"746\" data-end=\"805\">8-calowy tablet diagnostyczny Android (4 GB RAM \/ 64 GB pami\u0119ci)<\/p>\n<\/li>\n<li data-start=\"806\" data-end=\"833\">\n<p data-start=\"808\" data-end=\"833\">Z\u0142\u0105cze OBD2 DBScar 7<\/p>\n<\/li>\n<li data-start=\"834\" data-end=\"862\">\n<p data-start=\"836\" data-end=\"862\">Ochronne etui transportowe<\/p>\n<\/li>\n<li data-start=\"863\" data-end=\"888\">\n<p data-start=\"865\" data-end=\"888\">\u0141adowarka USB i kabel<\/p>\n<\/li>\n<li data-start=\"889\" data-end=\"906\">\n<p data-start=\"891\" data-end=\"906\">Zasilacz<\/p>\n<\/li>\n<\/ul>\n<h2 data-start=\"205\" data-end=\"223\">Dowiedz si\u0119 wi\u0119cej<\/h2>\n<p data-start=\"224\" data-end=\"443\">Chcesz dowiedzie\u0107 si\u0119 wi\u0119cej o tym, jak <strong data-start=\"256\" data-end=\"292\">Zestaw diagnostyczny DiagZone DBScar 7<\/strong> dzia\u0142a z samochodami osobowymi, pojazdami elektrycznymi, motocyklami oraz pojazdami ci\u0119\u017carowymi?<br data-start=\"350\" data-end=\"353\" \/>Sprawd\u017a nasz szczeg\u00f3\u0142owy poradnik na naszym blogu \ud83d\udc49 <a class=\"decorated-link cursor-pointer\" href=\"https:\/\/diagzone.org\/diagzone-package-description\/\" target=\"_new\" rel=\"noopener\" data-start=\"397\" data-end=\"441\">Przeczytaj wi\u0119cej tutaj<\/a><\/p>","protected":false},"excerpt":{"rendered":"<p class=\" translation-block\"><strong data-start=\"2527\" data-end=\"2563\">Zestaw diagnostyczny Diagzone DBScar 7<\/strong> zawiera tablet oraz z\u0142\u0105cze OBD2 i obs\u0142uguje CAN FD, DoIP, kodowanie ECU oraz ponad 40 funkcji serwisowych. Obejmuje pojazdy europejskie, azjatyckie, chi\u0144skie, elektryczne (EV), motocykle oraz pojazdy ci\u0119\u017carowe.<\/p>","protected":false},"featured_media":3367,"template":"","meta":{"_acf_changed":false,"_seopress_robots_primary_cat":"none","_seopress_titles_title":"Diagzone Diagnostic Set DBScar 7 \u2013 Professional OBD2 Diagnostic Tablet & Adapter","_seopress_titles_desc":"Complete Diagzone Diagnostic Set with DBScar 7 adapter and 8-inch Android tablet (4GB\/64GB). Includes rugged case, charger, and Diagzone license. Supports EU, Asian, Chinese, EV, hybrid vehicles, motorcycles, and heavy-duty trucks.","_seopress_robots_index":"","inline_featured_image":false,"_kad_blocks_custom_css":"","_kad_blocks_head_custom_js":"","_kad_blocks_body_custom_js":"","_kad_blocks_footer_custom_js":"","_themeisle_gutenberg_block_has_review":false,"_kad_post_transparent":"default","_kad_post_title":"","_kad_post_layout":"default","_kad_post_sidebar_id":"","_kad_post_content_style":"default","_kad_post_vertical_padding":"default","_kad_post_feature":"","_kad_post_feature_position":"","_kad_post_header":false,"_kad_post_footer":false,"iawp_total_views":338},"product_cat":[23],"product_tag":[48,44,47,45,42,43,40,46],"class_list":{"0":"post-3364","1":"product","2":"type-product","3":"status-publish","4":"has-post-thumbnail","6":"product_cat-diagnostic-kits","7":"product_tag-cars","8":"product_tag-dbscar-7","9":"product_tag-ev","10":"product_tag-kit","11":"product_tag-obd2","12":"product_tag-set","13":"product_tag-tablet","14":"product_tag-trucks","16":"first","17":"instock","18":"shipping-taxable","19":"purchasable","20":"product-type-simple","21":"entry","22":"content-bg","23":"loop-entry"},"acf":[],"taxonomy_info":{"product_cat":[{"value":23,"label":"Diagnostic kits"}],"product_tag":[{"value":48,"label":"cars"},{"value":44,"label":"DBSCAR 7"},{"value":47,"label":"EV"},{"value":45,"label":"Kit"},{"value":42,"label":"OBD2"},{"value":43,"label":"Set"},{"value":40,"label":"Tablet"},{"value":46,"label":"trucks"}]},"featured_image_src_large":["https:\/\/diagzone.org\/wp-content\/uploads\/2025\/09\/Diagzone_Diagnostics_DBSCAR_7.jpg",600,600,false],"author_info":[],"comment_info":"","_links":{"self":[{"href":"https:\/\/diagzone.org\/pl\/wp-json\/wp\/v2\/product\/3364","targetHints":{"allow":["GET"]}}],"collection":[{"href":"https:\/\/diagzone.org\/pl\/wp-json\/wp\/v2\/product"}],"about":[{"href":"https:\/\/diagzone.org\/pl\/wp-json\/wp\/v2\/types\/product"}],"wp:featuredmedia":[{"embeddable":true,"href":"https:\/\/diagzone.org\/pl\/wp-json\/wp\/v2\/media\/3367"}],"wp:attachment":[{"href":"https:\/\/diagzone.org\/pl\/wp-json\/wp\/v2\/media?parent=3364"}],"wp:term":[{"taxonomy":"product_cat","embeddable":true,"href":"https:\/\/diagzone.org\/pl\/wp-json\/wp\/v2\/product_cat?post=3364"},{"taxonomy":"product_tag","embeddable":true,"href":"https:\/\/diagzone.org\/pl\/wp-json\/wp\/v2\/product_tag?post=3364"}],"curies":[{"name":"wp","href":"https:\/\/api.w.org\/{rel}","templated":true}]}}