
{"id":3379,"date":"2025-09-27T09:38:14","date_gmt":"2025-09-27T07:38:14","guid":{"rendered":"https:\/\/diagzone.org\/?post_type=product&#038;p=3379"},"modified":"2025-09-27T09:47:51","modified_gmt":"2025-09-27T07:47:51","slug":"diagzone-diagnostic-set-dbscar-7-max","status":"publish","type":"product","link":"https:\/\/diagzone.org\/pl\/produkt\/diagzone-diagnostic-set-dbscar-7-max\/","title":{"rendered":"Diagzone Zestaw diagnostyczny DBSCAR 7 MAX"},"content":{"rendered":"<p data-start=\"207\" data-end=\"493\" class=\" translation-block\">Dzi\u0119kujemy za zainteresowanie <strong data-start=\"242\" data-end=\"282\">zestawem diagnostycznym Diagzone DBScar 7 Max<\/strong>.<br data-start=\"283\" data-end=\"286\">Ten profesjonalny zestaw diagnostyczny \u0142\u0105czy wydajny <strong data-start=\"339\" data-end=\"390\">tablet Android 10 cali (3 GB RAM \/ 64 GB pami\u0119ci)<\/strong> z <strong data-start=\"400\" data-end=\"427\">\u0142\u0105czem OBD2 DBScar 7<\/strong>, w pe\u0142ni przetestowanym i zoptymalizowanym do pracy z platform\u0105 DiagZone.<\/p>\n<p data-start=\"500\" data-end=\"712\">\ud83d\udd39 <strong data-start=\"503\" data-end=\"523\">Wa\u017cna informacja<\/strong><br data-start=\"523\" data-end=\"526\" \/>Zestaw zawiera wa\u017cn\u0105 <strong data-start=\"551\" data-end=\"580\">Licencja oprogramowania DiagZone<\/strong> domy\u015blnie<br data-start=\"592\" data-end=\"595\" \/>Oznacza to, \u017ce mo\u017cesz natychmiast rozpocz\u0105\u0107 korzystanie ze wszystkich funkcji diagnostycznych bez konieczno\u015bci zakupu dodatkowej subskrypcji.<\/p>\n<p data-start=\"719\" data-end=\"925\">\ud83d\udd39 <strong data-start=\"722\" data-end=\"744\">Wsparcie i doradztwo<\/strong><br data-start=\"744\" data-end=\"747\" \/>Potrzebujesz pomocy przy konfiguracji zestawu diagnostycznego?<br data-start=\"788\" data-end=\"791\" \/>Nasz zesp\u00f3\u0142 jest dost\u0119pny, aby zapewni\u0107 pomoc krok po kroku \u2013 od konfiguracji tabletu po aktywacj\u0119 DBScar 7 na platformie DiagZone.<\/p>\n<p data-start=\"932\" data-end=\"1135\">\ud83d\udd39 <strong data-start=\"935\" data-end=\"956\">Zapewnienie jako\u015bci<\/strong><br data-start=\"956\" data-end=\"959\" \/>Ka\u017cdy zestaw diagnostyczny jest w pe\u0142ni testowany przed wysy\u0142k\u0105.<br data-start=\"1012\" data-end=\"1015\" \/>The <strong data-start=\"1019\" data-end=\"1065\">Tablet, adapter DBScar 7 oraz \u0142\u0105czno\u015b\u0107<\/strong> s\u0105 weryfikowane, aby zapewni\u0107 bezb\u0142\u0119dne dzia\u0142anie i d\u0142ugoterminow\u0105 trwa\u0142o\u015b\u0107.<\/p>\n<h2 data-start=\"1142\" data-end=\"1166\">Opis produktu<\/h2>\n<p data-start=\"1168\" data-end=\"1363\" class=\" translation-block\"><strong data-start=\"1172\" data-end=\"1212\">Zestaw diagnostyczny Diagzone DBScar 7 Max<\/strong> zosta\u0142 zaprojektowany z my\u015bl\u0105 o profesjonalnych warsztatach samochodowych i oferuje zaawansowan\u0105 diagnostyk\u0119, kodowanie ECU oraz funkcje serwisowe dla szerokiej gamy pojazd\u00f3w.<\/p>\n<p data-start=\"1365\" data-end=\"2115\">\u2705 <strong data-start=\"1367\" data-end=\"1383\">Kompletny zestaw<\/strong> \u2013 Zawiera 10-calowy tablet z systemem Android oraz adapter OBD2 DBScar 7<br data-start=\"1443\" data-end=\"1446\" \/>\u2705 <strong data-start=\"1448\" data-end=\"1474\">Zgodno\u015b\u0107 z DiagZone<\/strong> \u2013 Dzia\u0142a bezproblemowo z oprogramowaniem DiagZone<br data-start=\"1516\" data-end=\"1519\" \/>\u2705 <strong data-start=\"1521\" data-end=\"1541\">Nowoczesne protoko\u0142y<\/strong> \u2013 Obs\u0142uguje CAN FD i DoIP dla nowych generacji pojazd\u00f3w<br data-start=\"1596\" data-end=\"1599\" \/>\u2705 <strong data-start=\"1601\" data-end=\"1627\">Sterowanie dwukierunkowe<\/strong> \u2013 Wykonuje testy aktywne, kalibracje komponent\u00f3w oraz kodowanie ECU<br data-start=\"1690\" data-end=\"1693\" \/>\u2705 <strong data-start=\"1695\" data-end=\"1722\">Wizualne mapowanie topologii<\/strong> \u2013 Umo\u017cliwia szybk\u0105 diagnostyk\u0119 ca\u0142ej sieci pojazdu<br data-start=\"1768\" data-end=\"1771\" \/>\u2705 <strong data-start=\"1773\" data-end=\"1800\">Kompleksowe funkcje<\/strong> \u2013 Ponad 40 funkcji serwisowych i resetowania (wtryskiwacze, DPF, TPMS, akumulatory, klucze itp.)<br data-start=\"1878\" data-end=\"1881\" \/>\u2705 <strong data-start=\"1883\" data-end=\"1909\">Szeroki zakres obs\u0142ugiwanych pojazd\u00f3w<\/strong> \u2013 Obs\u0142uguje <a href=\"https:\/\/diagzone.org\/diagzone-supported-european-cars\/\">Europejski<\/a>, <a href=\"https:\/\/diagzone.org\/diagzone-supported-asian-passanger-cars\/\">Azjatycki<\/a>, <a href=\"https:\/\/diagzone.org\/diagzone-supported-chinese-cars\/\">Chi\u0144ski<\/a>, pojazdy elektryczne, motocykle oraz pojazdy ci\u0119\u017carowe (z opcjonalnym <a href=\"https:\/\/diagzone.org\/product\/gt106-plus-heavy-truck-power-adapter-24v-to-12v-adapter\/\">przetwornica 24V\u201312V<\/a>)<br data-start=\"2028\" data-end=\"2031\" \/>\u2705 <strong data-start=\"2033\" data-end=\"2050\">Wytrzyma\u0142a konstrukcja<\/strong> \u2013 Wytrzyma\u0142y tablet i wzmocniony adapter do codziennego u\u017cytku warsztatowego<\/p>\n<p data-start=\"2122\" data-end=\"2429\">\u26a0\ufe0f <strong data-start=\"2125\" data-end=\"2141\">Prosimy o uwag\u0119:<\/strong> Licencja oprogramowania jest ju\u017c zawarta w tym zestawie.<br data-start=\"2197\" data-end=\"2200\" \/>\ud83d\udc49 Dla <strong data-start=\"2207\" data-end=\"2234\">diagnostyka pojazd\u00f3w ci\u0119\u017carowych<\/strong>, a <a href=\"https:\/\/diagzone.org\/product\/gt106-plus-heavy-truck-power-adapter-24v-to-12v-adapter\/\"><strong data-start=\"2238\" data-end=\"2267\">Adapter konwertera 24V\u201312V<\/strong><\/a> jest wymagane i musi zosta\u0107 zakupione osobno. Mo\u017cesz zam\u00f3wi\u0107 je tutaj: <strong data-start=\"2337\" data-end=\"2427\"><a class=\"decorated-link cursor-pointer\" href=\"https:\/\/diagzone.org\/product\/gt106-plus-heavy-truck-power-adapter-24v-to-12v-adapter\/\" target=\"_new\" rel=\"noopener\" data-start=\"2339\" data-end=\"2425\">Adapter do pojazd\u00f3w ci\u0119\u017carowych<\/a><\/strong><\/p>\n<h2 data-start=\"2436\" data-end=\"2489\">Dlaczego warto wybra\u0107 zestaw diagnostyczny Diagzone DBScar 7 Max?<\/h2>\n<ul data-start=\"2491\" data-end=\"2765\">\n<li data-start=\"2491\" data-end=\"2538\">\n<p data-start=\"2493\" data-end=\"2538\">Profesjonalne rozwi\u0105zanie diagnostyczne all-in-one<\/p>\n<\/li>\n<li data-start=\"2539\" data-end=\"2600\">\n<p data-start=\"2541\" data-end=\"2600\">Wst\u0119pnie przetestowany 10-calowy tablet z systemem Android z konektorem DBScar 7<\/p>\n<\/li>\n<li data-start=\"2601\" data-end=\"2642\">\n<p data-start=\"2603\" data-end=\"2642\" class=\" translation-block\">Protoko\u0142y gotowe na przysz\u0142o\u015b\u0107: <strong data-start=\"2340\" data-end=\"2350\">CAN FD<\/strong> &amp; <strong data-start=\"2353\" data-end=\"2361\">DoIP<\/strong><\/p>\n<\/li>\n<li data-start=\"2643\" data-end=\"2716\">\n<p data-start=\"2645\" data-end=\"2716\" class=\" translation-block\">Obs\u0142uguje <strong data-start=\"2375\" data-end=\"2422\">samochody osobowe, pojazdy elektryczne, hybrydy, motocykle oraz ci\u0119\u017car\u00f3wki<\/strong> (<a href=\"https:\/\/diagzone.org\/product\/gt106-plus-heavy-truck-power-adapter-24v-to-12v-adapter\/\" target=\"_self\">z konwerterem<\/a>)<\/p>\n<\/li>\n<li data-start=\"2717\" data-end=\"2765\">\n<p data-start=\"2719\" data-end=\"2765\">Niezawodna, przystosowana do warsztatu konstrukcja do codziennego u\u017cytku<\/p>\n<\/li>\n<\/ul>\n<p data-start=\"2772\" data-end=\"2800\">\ud83d\udd39 <strong data-start=\"2775\" data-end=\"2798\">Zawarte w zestawie<\/strong><\/p>\n<ul data-start=\"2802\" data-end=\"2969\">\n<li data-start=\"2802\" data-end=\"2868\">\n<p data-start=\"2804\" data-end=\"2868\" class=\" translation-block\">10-calowy tablet diagnostyczny z systemem Android (<strong data-start=\"2839\" data-end=\"2865\">3 GB RAM \/ 64 GB pami\u0119ci<\/strong>)<\/p>\n<\/li>\n<li data-start=\"2869\" data-end=\"2896\">\n<p data-start=\"2871\" data-end=\"2896\">Z\u0142\u0105cze OBD2 DBScar 7<\/p>\n<\/li>\n<li data-start=\"2926\" data-end=\"2951\">\n<p data-start=\"2928\" data-end=\"2951\">\u0141adowarka USB i kabel<\/p>\n<\/li>\n<li data-start=\"2952\" data-end=\"2969\">\n<p data-start=\"2954\" data-end=\"2969\">Zasilacz<\/p>\n<\/li>\n<\/ul>\n<h2 data-start=\"2976\" data-end=\"2991\">Dowiedz si\u0119 wi\u0119cej<\/h2>\n<p data-start=\"2993\" data-end=\"3190\">Chcesz dowiedzie\u0107 si\u0119 wi\u0119cej o tym, jak <strong data-start=\"3025\" data-end=\"3065\">Zestaw diagnostyczny DiagZone DBScar 7 Max<\/strong> dzia\u0142a z samochodami osobowymi, pojazdami elektrycznymi, motocyklami oraz pojazdami ci\u0119\u017carowymi?<br data-start=\"3123\" data-end=\"3126\" \/>Sprawd\u017a nasz szczeg\u00f3\u0142owy poradnik na naszym blogu \ud83d\udc49 <a href=\"https:\/\/diagzone.org\/diagzone-package-description\/\"><strong data-start=\"3170\" data-end=\"3188\">Przeczytaj wi\u0119cej tutaj<\/strong><\/a><\/p>","protected":false},"excerpt":{"rendered":"<p class=\" translation-block\"><strong data-start=\"2527\" data-end=\"2563\">Zestaw diagnostyczny Diagzone DBScar 7 MAX<\/strong> zawiera tablet i z\u0142\u0105cze OBD2, obs\u0142uguj\u0105c CAN FD, DoIP, kodowanie ECU oraz ponad 40 funkcji serwisowych. Obejmuje pojazdy europejskie, azjatyckie i chi\u0144skie, pojazdy elektryczne, motocykle oraz ci\u0119\u017car\u00f3wki.<\/p>","protected":false},"featured_media":3378,"template":"","meta":{"_acf_changed":false,"_seopress_robots_primary_cat":"none","_seopress_titles_title":"Diagzone Diagnostic Set DBScar 7 Max \u2013 10\" Tablet (3GB\/64GB) with OBD2 Adapter","_seopress_titles_desc":"Diagzone Diagnostic Set DBScar 7 Max includes a 10-inch Android tablet (3GB\/64GB), DBScar 7 OBD2 connector, case, charger, and license. Supports cars, EVs, motorcycles, and trucks with 24V\u201312V converter.","_seopress_robots_index":"","inline_featured_image":false,"_kad_blocks_custom_css":"","_kad_blocks_head_custom_js":"","_kad_blocks_body_custom_js":"","_kad_blocks_footer_custom_js":"","_themeisle_gutenberg_block_has_review":false,"_kad_post_transparent":"default","_kad_post_title":"","_kad_post_layout":"default","_kad_post_sidebar_id":"","_kad_post_content_style":"default","_kad_post_vertical_padding":"default","_kad_post_feature":"","_kad_post_feature_position":"","_kad_post_header":false,"_kad_post_footer":false,"iawp_total_views":608},"product_cat":[23],"product_tag":[48,44,49,47,45,42,43,40,46],"class_list":{"0":"post-3379","1":"product","2":"type-product","3":"status-publish","4":"has-post-thumbnail","6":"product_cat-diagnostic-kits","7":"product_tag-cars","8":"product_tag-dbscar-7","9":"product_tag-dbscar-7-max","10":"product_tag-ev","11":"product_tag-kit","12":"product_tag-obd2","13":"product_tag-set","14":"product_tag-tablet","15":"product_tag-trucks","17":"first","18":"instock","19":"shipping-taxable","20":"purchasable","21":"product-type-simple","22":"entry","23":"content-bg","24":"loop-entry"},"acf":[],"taxonomy_info":{"product_cat":[{"value":23,"label":"Diagnostic kits"}],"product_tag":[{"value":48,"label":"cars"},{"value":44,"label":"DBSCAR 7"},{"value":49,"label":"DBScar 7 MAX"},{"value":47,"label":"EV"},{"value":45,"label":"Kit"},{"value":42,"label":"OBD2"},{"value":43,"label":"Set"},{"value":40,"label":"Tablet"},{"value":46,"label":"trucks"}]},"featured_image_src_large":["https:\/\/diagzone.org\/wp-content\/uploads\/2025\/09\/Diagzone_Diagnostic_Set_DBSCAR_7_MAX.jpg",600,600,false],"author_info":[],"comment_info":"","_links":{"self":[{"href":"https:\/\/diagzone.org\/pl\/wp-json\/wp\/v2\/product\/3379","targetHints":{"allow":["GET"]}}],"collection":[{"href":"https:\/\/diagzone.org\/pl\/wp-json\/wp\/v2\/product"}],"about":[{"href":"https:\/\/diagzone.org\/pl\/wp-json\/wp\/v2\/types\/product"}],"wp:featuredmedia":[{"embeddable":true,"href":"https:\/\/diagzone.org\/pl\/wp-json\/wp\/v2\/media\/3378"}],"wp:attachment":[{"href":"https:\/\/diagzone.org\/pl\/wp-json\/wp\/v2\/media?parent=3379"}],"wp:term":[{"taxonomy":"product_cat","embeddable":true,"href":"https:\/\/diagzone.org\/pl\/wp-json\/wp\/v2\/product_cat?post=3379"},{"taxonomy":"product_tag","embeddable":true,"href":"https:\/\/diagzone.org\/pl\/wp-json\/wp\/v2\/product_tag?post=3379"}],"curies":[{"name":"wp","href":"https:\/\/api.w.org\/{rel}","templated":true}]}}