
{"id":3382,"date":"2025-09-27T09:50:32","date_gmt":"2025-09-27T07:50:32","guid":{"rendered":"https:\/\/diagzone.org\/?post_type=product&#038;p=3382"},"modified":"2025-09-27T09:55:20","modified_gmt":"2025-09-27T07:55:20","slug":"kingbolen-ediag-plus-diagnostic-kit-obd2-scanner-with-8-tablet-diagzone-license","status":"publish","type":"product","link":"https:\/\/diagzone.org\/pl\/produkt\/kingbolen-ediag-plus-diagnostic-kit-obd2-scanner-with-8-tablet-diagzone-license\/","title":{"rendered":"Zestaw diagnostyczny Kingbolen Ediag Plus \u2013 skaner OBD2 z tabletem 8\u2033 i licencj\u0105 DiagZone"},"content":{"rendered":"<p data-start=\"258\" data-end=\"580\" class=\" translation-block\">Dzi\u0119kujemy za zainteresowanie <strong data-start=\"293\" data-end=\"328\">Kingbolen Ediag+ Diagnostic Kit<\/strong>.<br data-start=\"329\" data-end=\"332\">Ten profesjonalny zestaw zawiera <strong data-start=\"367\" data-end=\"413\">z\u0142\u0105cze diagnostyczne Bluetooth OBD2 Ediag+<\/strong> (klon ThinkDiag 2) wraz z <strong data-start=\"460\" data-end=\"510\">8-calowym tabletem z Androidem (4 GB RAM \/ 64 GB pami\u0119ci)<\/strong>, w pe\u0142ni przetestowane i zoptymalizowane do pracy z <strong data-start=\"556\" data-end=\"577\">platform\u0105 DiagZone<\/strong>.<\/p>\n<p data-start=\"587\" data-end=\"769\">\ud83d\udd39 <strong data-start=\"590\" data-end=\"610\">Wa\u017cna informacja<\/strong><br data-start=\"610\" data-end=\"613\" \/>Zestaw nie zawiera preinstalowanej licencji oprogramowania.<br data-start=\"671\" data-end=\"674\" \/>Aby korzysta\u0107 ze wszystkich funkcji diagnostycznych, wymagana jest <strong data-start=\"714\" data-end=\"748\">oddzielna subskrypcja DiagZone<\/strong> musi zosta\u0107 zakupiona.<\/p>\n<p data-start=\"776\" data-end=\"1012\">\ud83d\udd39 <strong data-start=\"779\" data-end=\"801\">Wsparcie i doradztwo<\/strong><br data-start=\"801\" data-end=\"804\" \/>Potrzebujesz pomocy z konfiguracj\u0105 DiagZone?<br data-start=\"834\" data-end=\"837\" \/>Nasz zesp\u00f3\u0142 jest zaanga\u017cowany w zapewnianie wsparcia krok po kroku. Zach\u0119camy do kontaktu w dowolnym momencie, je\u015bli potrzebujesz pomocy przy korzystaniu z zestawu Ediag+ z platform\u0105 DiagZone OBD2.<\/p>\n<p data-start=\"1019\" data-end=\"1243\">\ud83d\udd39 <strong data-start=\"1022\" data-end=\"1043\">Zapewnienie jako\u015bci<\/strong><br data-start=\"1043\" data-end=\"1046\" \/>Ka\u017cdy <strong data-start=\"1052\" data-end=\"1072\">Kingbolen Ediag+<\/strong> a tablet jest testowany na DiagZone przed wysy\u0142k\u0105.<br data-start=\"1122\" data-end=\"1125\" \/>Zapewnia to prawid\u0142owe dzia\u0142anie, stabiln\u0105 komunikacj\u0119 oraz niezawodn\u0105 wydajno\u015b\u0107 do u\u017cytku profesjonalnego lub prywatnego.<\/p>\n<h2 data-start=\"1250\" data-end=\"1274\">Opis produktu<\/h2>\n<p data-start=\"1276\" data-end=\"1530\" class=\" translation-block\"><strong data-start=\"1280\" data-end=\"1315\">Kingbolen Ediag+ Diagnostic Kit<\/strong> \u0142\u0105czy wszechstronno\u015b\u0107 bluetoothowego z\u0142\u0105cza OBD2 Ediag+ z wygod\u0105 <strong data-start=\"1407\" data-end=\"1432\">8-calowego tabletu z Androidem<\/strong> wst\u0119pnie skonfigurowanego pod DiagZone. Czyni to zestaw gotowym do u\u017cycia rozwi\u0105zaniem dla warsztat\u00f3w i entuzjast\u00f3w.<\/p>\n<p data-start=\"1532\" data-end=\"2265\">\u2705 Kompletny zestaw \u2013 zawiera z\u0142\u0105cze OBD2 Ediag+ oraz 8-calowy tablet z systemem Android (4 GB RAM \/ 64 GB pami\u0119ci)<br data-start=\"1616\" data-end=\"1619\" \/>\u2705 Dzia\u0142a jako profesjonalny adapter Bluetooth OBD2<br data-start=\"1667\" data-end=\"1670\" \/>\u2705 Obs\u0142uguje urz\u0105dzenia z systemem Android \u2013 w pe\u0142ni kompatybilny z Androidem 7\u201313 oraz Androidem 14 (tylko 32-bit)<br data-start=\"1763\" data-end=\"1766\" \/>\u2705 Przetestowany z oprogramowaniem DiagZone pod k\u0105tem kompatybilno\u015bci<br data-start=\"1815\" data-end=\"1818\" \/>\u2705 Stabilne dwutrybowe po\u0142\u0105czenie Bluetooth 5.0\/5.1<br data-start=\"1865\" data-end=\"1868\" \/>\u2705 Wytrzyma\u0142a obudowa z ABS+PC+TPU z diodami sygnalizacyjnymi<br data-start=\"1917\" data-end=\"1920\" \/>\u2705 Zawiera kabel OBD2 o d\u0142ugo\u015bci 0,65 m zapewniaj\u0105cy wygodne u\u017cytkowanie<br data-start=\"1967\" data-end=\"1970\" \/>\u2705 Obs\u0142uguje protok\u00f3\u0142 CAN-FD dla pojazd\u00f3w nowej generacji<br data-start=\"2024\" data-end=\"2027\" \/>\u2705 Zaawansowane funkcje: reset oleju, regeneracja DPF, kodowanie wtryskiwaczy, dopasowanie akumulatora i inne (w zale\u017cno\u015bci od modelu pojazdu)<br data-start=\"2150\" data-end=\"2153\" \/>\u2705 Oferuje sterowanie dwukierunkowe, kodowanie i adaptacj\u0119 ECU, automatyczne wykrywanie VIN oraz pe\u0142ne raporty stanu system\u00f3w<\/p>\n<p data-start=\"2267\" data-end=\"2444\">\u26a0\ufe0f <strong data-start=\"100\" data-end=\"116\">Prosimy o uwag\u0119:<\/strong> Ten zestaw <strong data-start=\"126\" data-end=\"172\">zawiera wa\u017cn\u0105 licencj\u0119 oprogramowania DiagZone<\/strong> domy\u015blnie<br data-start=\"184\" data-end=\"187\" \/>\ud83d\udc49 Mo\u017cesz natychmiast rozpocz\u0105\u0107 korzystanie ze wszystkich funkcji diagnostycznych bez konieczno\u015bci zakupu dodatkowej subskrypcji.<\/p>\n<h2 data-start=\"2451\" data-end=\"2499\">Dlaczego warto wybra\u0107 zestaw diagnostyczny Kingbolen Ediag+?<\/h2>\n<ul data-start=\"2501\" data-end=\"2952\">\n<li data-start=\"2501\" data-end=\"2563\">\n<p data-start=\"2503\" data-end=\"2563\">Klon ThinkDiag 2 \u2013 ta sama funkcjonalno\u015b\u0107, bardziej przyst\u0119pny<\/p>\n<\/li>\n<li data-start=\"2564\" data-end=\"2616\">\n<p data-start=\"2566\" data-end=\"2616\">Zawiera 8-calowy tablet z Androidem gotowy do natychmiastowego u\u017cycia<\/p>\n<\/li>\n<li data-start=\"2617\" data-end=\"2660\">\n<p data-start=\"2619\" data-end=\"2660\" class=\" translation-block\"><strong data-start=\"290\" data-end=\"317\">Testowane w 100 % na DiagZone<\/strong> przed wysy\u0142k\u0105<\/p>\n<\/li>\n<li data-start=\"2661\" data-end=\"2716\">\n<p data-start=\"2663\" data-end=\"2716\">Profesjonalne z\u0142\u0105cze OBD2 o stabilnej wydajno\u015bci<\/p>\n<\/li>\n<li data-start=\"2717\" data-end=\"2771\">\n<p data-start=\"2719\" data-end=\"2771\">Kompaktowa konstrukcja z \u0142\u0105czno\u015bci\u0105 Bluetooth 5.0\/5.1<\/p>\n<\/li>\n<li data-start=\"2772\" data-end=\"2854\">\n<p data-start=\"2774\" data-end=\"2854\">Kompatybilny z pakietami oprogramowania DiagZone dla samochod\u00f3w osobowych, pojazd\u00f3w elektrycznych i pojazd\u00f3w ci\u0119\u017ckich<\/p>\n<\/li>\n<li data-start=\"2855\" data-end=\"2952\">\n<p data-start=\"2857\" data-end=\"2952\" class=\" translation-block\">Obs\u0142uguje g\u0142\u00f3wne protoko\u0142y diagnostyczne: <strong data-start=\"3072\" data-end=\"3132\">ISO9141, KWP2000, J1850 VPW, J1850 PWM, CAN, UDS, CAN-FD<\/strong><\/p>\n<\/li>\n<\/ul>\n<p data-start=\"2959\" data-end=\"3207\">\u2705 <strong data-start=\"2961\" data-end=\"3205\">W skr\u00f3cie, Kingbolen Ediag+ Diagnostic Kit to op\u0142acalna alternatywa dla ThinkDiag 2, oferuj\u0105ca t\u0119 sam\u0105 kompatybilno\u015b\u0107 z DiagZone, z dodatkow\u0105 wygod\u0105 8-calowego tabletu z systemem Android, co czyni go gotowym do u\u017cycia rozwi\u0105zaniem diagnostycznym.<\/strong><\/p>","protected":false},"excerpt":{"rendered":"<p class=\" translation-block\"><strong data-start=\"213\" data-end=\"248\">Kingbolen Ediag+ Diagnostic Kit<\/strong> zawiera kompaktowe z\u0142\u0105cze OBD2 Bluetooth, <strong data-start=\"297\" data-end=\"333\">8-calowy tablet z Androidem (4 GB\/64 GB)<\/strong> oraz <strong data-start=\"341\" data-end=\"376\">wa\u017cn\u0105 licencj\u0119 oprogramowania DiagZone<\/strong>. W pe\u0142ni kompatybilny z platform\u0105 DiagZone, obs\u0142uguje <strong data-start=\"435\" data-end=\"445\">CAN-FD<\/strong>, sterowanie dwukierunkowe, kodowanie ECU oraz wiele funkcji resetu serwisowego \u2014 zapewniaj\u0105c profesjonaln\u0105 diagnostyk\u0119 w gotowym do u\u017cycia zestawie.<\/p>","protected":false},"featured_media":3383,"template":"","meta":{"_acf_changed":false,"_seopress_robots_primary_cat":"none","_seopress_titles_title":"Kingbolen Ediag+ Diagnostic Kit \u2013 OBD2 Scanner with 8\" Tablet & DiagZone License","_seopress_titles_desc":"Kingbolen Ediag+ Diagnostic Kit with 8-inch Android tablet and DiagZone license. Supports CAN-FD, ECU coding, bi-directional tests, and service resets. Ready-to-use package for professional diagnostics.","_seopress_robots_index":"","inline_featured_image":false,"_kad_blocks_custom_css":"","_kad_blocks_head_custom_js":"","_kad_blocks_body_custom_js":"","_kad_blocks_footer_custom_js":"","_themeisle_gutenberg_block_has_review":false,"_kad_post_transparent":"default","_kad_post_title":"","_kad_post_layout":"default","_kad_post_sidebar_id":"","_kad_post_content_style":"default","_kad_post_vertical_padding":"default","_kad_post_feature":"","_kad_post_feature_position":"","_kad_post_header":false,"_kad_post_footer":false,"iawp_total_views":169},"product_cat":[23],"product_tag":[],"class_list":{"0":"post-3382","1":"product","2":"type-product","3":"status-publish","4":"has-post-thumbnail","6":"product_cat-diagnostic-kits","8":"first","9":"instock","10":"shipping-taxable","11":"purchasable","12":"product-type-simple","13":"entry","14":"content-bg","15":"loop-entry"},"acf":[],"taxonomy_info":{"product_cat":[{"value":23,"label":"Diagnostic kits"}]},"featured_image_src_large":["https:\/\/diagzone.org\/wp-content\/uploads\/2025\/09\/Diagzone_Automotive_Diagnostics_1.jpg",600,600,false],"author_info":[],"comment_info":"","_links":{"self":[{"href":"https:\/\/diagzone.org\/pl\/wp-json\/wp\/v2\/product\/3382","targetHints":{"allow":["GET"]}}],"collection":[{"href":"https:\/\/diagzone.org\/pl\/wp-json\/wp\/v2\/product"}],"about":[{"href":"https:\/\/diagzone.org\/pl\/wp-json\/wp\/v2\/types\/product"}],"wp:featuredmedia":[{"embeddable":true,"href":"https:\/\/diagzone.org\/pl\/wp-json\/wp\/v2\/media\/3383"}],"wp:attachment":[{"href":"https:\/\/diagzone.org\/pl\/wp-json\/wp\/v2\/media?parent=3382"}],"wp:term":[{"taxonomy":"product_cat","embeddable":true,"href":"https:\/\/diagzone.org\/pl\/wp-json\/wp\/v2\/product_cat?post=3382"},{"taxonomy":"product_tag","embeddable":true,"href":"https:\/\/diagzone.org\/pl\/wp-json\/wp\/v2\/product_tag?post=3382"}],"curies":[{"name":"wp","href":"https:\/\/api.w.org\/{rel}","templated":true}]}}