
{"id":3386,"date":"2025-09-27T10:01:34","date_gmt":"2025-09-27T08:01:34","guid":{"rendered":"https:\/\/diagzone.org\/?post_type=product&#038;p=3386"},"modified":"2025-09-27T10:03:22","modified_gmt":"2025-09-27T08:03:22","slug":"thinkcar-thinkdiag-2-diagnostic-set-with-10-inch-tablet-pre-installed-diagzone-license","status":"publish","type":"product","link":"https:\/\/diagzone.org\/pl\/produkt\/thinkcar-thinkdiag-2-diagnostic-set-with-10-inch-tablet-pre-installed-diagzone-license\/","title":{"rendered":"THINKCAR ThinkDiag 2 Zestaw diagnostyczny z 10-calowym tabletem i preinstalowan\u0105 licencj\u0105 DiagZone"},"content":{"rendered":"<p data-start=\"218\" data-end=\"600\" class=\" translation-block\">Dzi\u0119kujemy za zainteresowanie <strong data-start=\"253\" data-end=\"345\">zestawem diagnostycznym Diagzone \u2013 ThinkDiag 2 z 10-calowym tabletem (3GB\/128GB) + licencja DiagZone<\/strong>.<br data-start=\"346\" data-end=\"349\">Ten kompletny pakiet diagnostyczny \u0142\u0105czy oryginalny adapter Bluetooth OBD2 ThinkDiag 2 z wydajnym 10-calowym tabletem z systemem Android oraz <strong data-start=\"486\" data-end=\"529\">preinstalowan\u0105 licencj\u0105 oprogramowania DiagZone<\/strong>, zapewniaj\u0105c gotowe do u\u017cycia rozwi\u0105zanie dla profesjonalist\u00f3w i warsztat\u00f3w.<\/p>\n<h3 data-start=\"607\" data-end=\"632\">\ud83d\udd39 Wa\u017cna informacja<\/h3>\n<p data-start=\"633\" data-end=\"810\">Zestaw <strong data-start=\"641\" data-end=\"706\">standardowo zawiera ju\u017c wa\u017cn\u0105 licencj\u0119 oprogramowania DiagZone<\/strong>.<br data-start=\"707\" data-end=\"710\" \/>\ud83d\udc49 Nie jest wymagana \u017cadna dodatkowa subskrypcja \u2013 mo\u017cesz natychmiast korzysta\u0107 ze wszystkich funkcji diagnostycznych.<\/p>\n<h3 data-start=\"817\" data-end=\"844\">\ud83d\udd39 Wsparcie i wskaz\u00f3wki<\/h3>\n<p data-start=\"845\" data-end=\"1011\" class=\" translation-block\">Potrzebujesz pomocy przy konfiguracji zestawu diagnostycznego?<br data-start=\"886\" data-end=\"889\">Nasz zesp\u00f3\u0142 zapewnia wsparcie krok po kroku \u2013 od konfiguracji tabletu po aktywacj\u0119 ThinkDiag 2 na platformie DiagZone.<\/p>\n<h3 data-start=\"1018\" data-end=\"1044\">\ud83d\udd39 Zapewnienie jako\u015bci<\/h3>\n<p data-start=\"1045\" data-end=\"1252\" class=\" translation-block\">Ka\u017cdy adapter ThinkDiag 2 oraz ka\u017cdy tablet s\u0105 w pe\u0142ni testowane przed wysy\u0142k\u0105.<br data-start=\"1114\" data-end=\"1117\">Sprawdzana jest \u0142\u0105czno\u015b\u0107, kompatybilno\u015b\u0107 oprogramowania oraz wydajno\u015b\u0107, aby zapewni\u0107 niezawodno\u015b\u0107 klasy profesjonalnej i d\u0142ugotrwa\u0142\u0105 trwa\u0142o\u015b\u0107.<\/p>\n<h2 data-start=\"1259\" data-end=\"1287\">\ud83d\udccc Funkcje i mo\u017cliwo\u015bci<\/h2>\n<p data-start=\"1289\" data-end=\"2002\">\u2705 <strong data-start=\"1291\" data-end=\"1307\">Kompletny zestaw<\/strong> \u2013 Zawiera adapter ThinkDiag 2, 10-calowy tablet z systemem Android (3 GB RAM \/ 128 GB pami\u0119ci), \u0142adowark\u0119 i kable<br data-start=\"1426\" data-end=\"1429\" \/>\u2705 <strong data-start=\"1431\" data-end=\"1457\">Zgodno\u015b\u0107 z DiagZone<\/strong> \u2013 W pe\u0142ni zoptymalizowany do wsp\u00f3\u0142pracy z oprogramowaniem DiagZone<br data-start=\"1506\" data-end=\"1509\" \/>\u2705 <strong data-start=\"1511\" data-end=\"1531\">Nowoczesne protoko\u0142y<\/strong> \u2013 Obs\u0142uguje CAN-FD, DoIP oraz UDS dla nowych generacji pojazd\u00f3w<br data-start=\"1592\" data-end=\"1595\" \/>\u2705 <strong data-start=\"1597\" data-end=\"1623\">Sterowanie dwukierunkowe<\/strong> \u2013 Wykonuje testy aktywne, kodowanie ECU oraz adaptacje komponent\u00f3w<br data-start=\"1685\" data-end=\"1688\" \/>\u2705 <strong data-start=\"1690\" data-end=\"1711\">Funkcje serwisowe<\/strong> \u2013 Ponad 40 opcji resetowania i konserwacji (wtryskiwacze, DPF, TPMS, akumulatory, klucze itp.)<br data-start=\"1791\" data-end=\"1794\" \/>\u2705 <strong data-start=\"1796\" data-end=\"1814\">Szeroki zakres<\/strong> \u2013 Pojazdy europejskie, azjatyckie i chi\u0144skie, pojazdy elektryczne, hybrydy, motocykle oraz pojazdy ci\u0119\u017ckie (z adapterem 24V\u201312V)<br data-start=\"1918\" data-end=\"1921\" \/>\u2705 <strong data-start=\"1923\" data-end=\"1939\">Solidna konstrukcja<\/strong> \u2013 Wytrzyma\u0142y tablet i adapter zaprojektowane do codziennego u\u017cytku warsztatowego<\/p>\n<h2 data-start=\"2009\" data-end=\"2036\">\u26a0\ufe0f Informacja dotycz\u0105ca pojazd\u00f3w ci\u0119\u017carowych<\/h2>\n<p data-start=\"2037\" data-end=\"2198\">Do diagnostyki pojazd\u00f3w ci\u0119\u017carowych wymagany jest <strong data-start=\"2068\" data-end=\"2097\">Adapter konwertera 24V\u201312V<\/strong> jest wymagany i musi zosta\u0107 zakupiony oddzielnie.<br data-start=\"2143\" data-end=\"2146\" \/>\ud83d\udc49 Mo\u017cesz zam\u00f3wi\u0107 go tutaj: <a class=\"decorated-link\" href=\"#\" rel=\"noopener\" data-start=\"2172\" data-end=\"2196\">Adapter do pojazd\u00f3w ci\u0119\u017carowych<\/a><\/p>\n<h2 data-start=\"2205\" data-end=\"2225\">\ud83d\udce6 Lista pakowania<\/h2>\n<ul data-start=\"2227\" data-end=\"2435\">\n<li data-start=\"2227\" data-end=\"2267\">\n<p data-start=\"2229\" data-end=\"2267\">ThinkDiag 2 Z\u0142\u0105cze Bluetooth OBD2<\/p>\n<\/li>\n<li data-start=\"2268\" data-end=\"2320\">\n<p data-start=\"2270\" data-end=\"2320\">10-calowy tablet Android (3 GB RAM \/ 128 GB pami\u0119ci)<\/p>\n<\/li>\n<li data-start=\"2321\" data-end=\"2364\">\n<p data-start=\"2323\" data-end=\"2364\">Preinstalowana licencja oprogramowania DiagZone<\/p>\n<\/li>\n<li data-start=\"2394\" data-end=\"2417\">\n<p data-start=\"2396\" data-end=\"2417\">\u0141adowarka USB i kabel<\/p>\n<\/li>\n<li data-start=\"2418\" data-end=\"2435\">\n<p data-start=\"2420\" data-end=\"2435\">Zasilacz<\/p>\n<\/li>\n<\/ul>\n<h3 data-start=\"2442\" data-end=\"2458\">\u2705 W skr\u00f3cie<\/h3>\n<p data-start=\"2459\" data-end=\"2728\" class=\" translation-block\"><strong data-start=\"2463\" data-end=\"2524\">Zestaw diagnostyczny Diagzone z ThinkDiag 2 i 10-calowym tabletem<\/strong> to profesjonalne rozwi\u0105zanie diagnostyczne typu all-in-one. Dzi\u0119ki preinstalowanej licencji, wytrzyma\u0142emu tabletowi i szerokiej obs\u0142udze protoko\u0142\u00f3w jest gotowy do pracy z samochodami osobowymi, pojazdami elektrycznymi, hybrydami, motocyklami, a nawet ci\u0119\u017car\u00f3wkami (z adapterem).<\/p>","protected":false},"excerpt":{"rendered":"<p class=\" translation-block\"><strong data-start=\"157\" data-end=\"172\">THINKDIAG 2<\/strong> to wysokowydajny konektor Bluetooth OBD2, zaprojektowany z my\u015bl\u0105 o szybko\u015bci, niezawodno\u015bci i precyzyjnym przesyle danych. Obs\u0142uguje nowoczesn\u0105 komunikacj\u0119 <strong data-start=\"301\" data-end=\"325\">CAN-FD<\/strong>, dzi\u0119ki czemu idealnie nadaje si\u0119 do pojazd\u00f3w nowej generacji. Dzi\u0119ki szerokiemu zakresowi obs\u0142ugi \u2013 od samochod\u00f3w osobowych po pojazdy elektryczne i ci\u0119\u017carowe \u2013 oferuje profesjonaln\u0105 wydajno\u015b\u0107 w kompaktowej formie, w pe\u0142ni przetestowan\u0105 na <strong data-start=\"505\" data-end=\"526\">DiagZone platform<\/strong>.<\/p>","protected":false},"featured_media":3387,"template":"","meta":{"_acf_changed":false,"_seopress_robots_primary_cat":"none","_seopress_titles_title":"Diagzone Diagnostic Kit | ThinkDiag 2 + 10\" Tablet (3\/128GB) + DiagZone License","_seopress_titles_desc":"Buy the Diagzone Diagnostic Kit with ThinkDiag 2 adapter, 10-inch Android tablet (3\/128GB), and pre-installed DiagZone license. Supports CAN-FD, DoIP, ECU coding, bi-directional tests, and service resets for cars, EVs, motorcycles, and trucks (with adapter).","_seopress_robots_index":"","inline_featured_image":false,"_kad_blocks_custom_css":"","_kad_blocks_head_custom_js":"","_kad_blocks_body_custom_js":"","_kad_blocks_footer_custom_js":"","_themeisle_gutenberg_block_has_review":false,"_kad_post_transparent":"default","_kad_post_title":"","_kad_post_layout":"default","_kad_post_sidebar_id":"","_kad_post_content_style":"default","_kad_post_vertical_padding":"default","_kad_post_feature":"","_kad_post_feature_position":"","_kad_post_header":false,"_kad_post_footer":false,"iawp_total_views":456},"product_cat":[23],"product_tag":[],"class_list":{"0":"post-3386","1":"product","2":"type-product","3":"status-publish","4":"has-post-thumbnail","6":"product_cat-diagnostic-kits","8":"first","9":"instock","10":"shipping-taxable","11":"purchasable","12":"product-type-simple","13":"entry","14":"content-bg","15":"loop-entry"},"acf":[],"taxonomy_info":{"product_cat":[{"value":23,"label":"Diagnostic kits"}]},"featured_image_src_large":["https:\/\/diagzone.org\/wp-content\/uploads\/2025\/09\/Diagzone_Diagnostic_Set_PLUS.jpg",600,600,false],"author_info":[],"comment_info":"","_links":{"self":[{"href":"https:\/\/diagzone.org\/pl\/wp-json\/wp\/v2\/product\/3386","targetHints":{"allow":["GET"]}}],"collection":[{"href":"https:\/\/diagzone.org\/pl\/wp-json\/wp\/v2\/product"}],"about":[{"href":"https:\/\/diagzone.org\/pl\/wp-json\/wp\/v2\/types\/product"}],"wp:featuredmedia":[{"embeddable":true,"href":"https:\/\/diagzone.org\/pl\/wp-json\/wp\/v2\/media\/3387"}],"wp:attachment":[{"href":"https:\/\/diagzone.org\/pl\/wp-json\/wp\/v2\/media?parent=3386"}],"wp:term":[{"taxonomy":"product_cat","embeddable":true,"href":"https:\/\/diagzone.org\/pl\/wp-json\/wp\/v2\/product_cat?post=3386"},{"taxonomy":"product_tag","embeddable":true,"href":"https:\/\/diagzone.org\/pl\/wp-json\/wp\/v2\/product_tag?post=3386"}],"curies":[{"name":"wp","href":"https:\/\/api.w.org\/{rel}","templated":true}]}}