
{"id":3389,"date":"2025-09-27T10:07:39","date_gmt":"2025-09-27T08:07:39","guid":{"rendered":"https:\/\/diagzone.org\/?post_type=product&#038;p=3389"},"modified":"2025-09-27T10:10:57","modified_gmt":"2025-09-27T08:10:57","slug":"kingbolen-ediag-plus-diagnostic-kit-obd2-scanner-with-10-tablet-diagzone-license","status":"publish","type":"product","link":"https:\/\/diagzone.org\/pl\/produkt\/kingbolen-ediag-plus-diagnostic-kit-obd2-scanner-with-10-tablet-diagzone-license\/","title":{"rendered":"Zestaw diagnostyczny Kingbolen Ediag Plus \u2013 skaner OBD2 z tabletem 10\u2033 i licencj\u0105 DiagZone"},"content":{"rendered":"<p data-start=\"272\" data-end=\"591\" class=\" translation-block\">Dzi\u0119kujemy za zainteresowanie <strong data-start=\"307\" data-end=\"342\">Kingbolen Ediag+ Diagnostic Kit<\/strong>.<br data-start=\"343\" data-end=\"346\">Ten profesjonalny zestaw zawiera <strong data-start=\"381\" data-end=\"427\">diagnostyczne z\u0142\u0105cze Bluetooth OBD2 Ediag+<\/strong> (klon ThinkDiag 2) wraz z <strong data-start=\"473\" data-end=\"525\">10-calowym tabletem Android (3 GB RAM \/ 128 GB pami\u0119ci)<\/strong>, w pe\u0142ni przetestowanym i zoptymalizowanym do pracy z platform\u0105 DiagZone.<\/p>\n<p data-start=\"593\" data-end=\"797\">\ud83d\udd39 <strong data-start=\"596\" data-end=\"616\">Wa\u017cna informacja<\/strong><br data-start=\"616\" data-end=\"619\" \/>Ten zestaw <strong data-start=\"628\" data-end=\"682\">zawiera ju\u017c wa\u017cn\u0105 licencj\u0119 oprogramowania DiagZone<\/strong>.<br data-start=\"683\" data-end=\"686\" \/>Mo\u017cesz natychmiast rozpocz\u0105\u0107 korzystanie ze wszystkich funkcji diagnostycznych bez konieczno\u015bci zakupu oddzielnej subskrypcji.<\/p>\n<p data-start=\"799\" data-end=\"1003\">\ud83d\udd39 <strong data-start=\"802\" data-end=\"824\">Wsparcie i doradztwo<\/strong><br data-start=\"824\" data-end=\"827\" \/>Potrzebowa\u0107 <a href=\"https:\/\/wa.me\/31647604324\">pomoc<\/a> z konfiguracj\u0105 DiagZone?<br data-start=\"857\" data-end=\"860\" \/>Nasz zesp\u00f3\u0142 jest dost\u0119pny, aby zapewni\u0107 pomoc krok po kroku \u2013 od konfiguracji tabletu po pod\u0142\u0105czenie Twojego Ediag+ do platformy DiagZone OBD2.<\/p>\n<p data-start=\"1005\" data-end=\"1244\">\ud83d\udd39 <strong data-start=\"1008\" data-end=\"1029\">Zapewnienie jako\u015bci<\/strong><br data-start=\"1029\" data-end=\"1032\" \/>Ka\u017cde urz\u0105dzenie i tablet Kingbolen Ediag+ s\u0105 w pe\u0142ni testowane na DiagZone przed wysy\u0142k\u0105.<br data-start=\"1117\" data-end=\"1120\" \/>Zapewnia to stabiln\u0105 wydajno\u015b\u0107, prawid\u0142owe dzia\u0142anie oraz niezawodn\u0105 komunikacj\u0119 zar\u00f3wno do u\u017cytku profesjonalnego, jak i prywatnego.<\/p>\n<h3 data-start=\"1251\" data-end=\"1267\">\u2705 Funkcje<\/h3>\n<ul data-start=\"1269\" data-end=\"1909\">\n<li data-start=\"1269\" data-end=\"1365\">\n<p data-start=\"1271\" data-end=\"1365\" class=\" translation-block\">Kompletny zestaw \u2013 zawiera <strong data-start=\"1295\" data-end=\"1320\">z\u0142\u0105cze OBD2 Ediag+<\/strong> oraz <strong data-start=\"1325\" data-end=\"1363\">10-calowy tablet z Androidem (3 GB\/128 GB)<\/strong><\/p>\n<\/li>\n<li data-start=\"1366\" data-end=\"1416\">\n<p data-start=\"1368\" data-end=\"1416\">Dzia\u0142a jako profesjonalny adapter OBD2 Bluetooth<\/p>\n<\/li>\n<li data-start=\"1417\" data-end=\"1484\">\n<p data-start=\"1419\" data-end=\"1484\">W pe\u0142ni kompatybilny z Androidem 7\u201313 oraz Androidem 14 (tylko 32-bit)<\/p>\n<\/li>\n<li data-start=\"1485\" data-end=\"1534\">\n<p data-start=\"1487\" data-end=\"1534\">Stabilne po\u0142\u0105czenie Bluetooth 5.0\/5.1 w trybie dual-mode<\/p>\n<\/li>\n<li data-start=\"1535\" data-end=\"1586\">\n<p data-start=\"1537\" data-end=\"1586\">Wytrzyma\u0142a obudowa ABS+PC+TPU z diodami sygnalizacyjnymi<\/p>\n<\/li>\n<li data-start=\"1587\" data-end=\"1637\">\n<p data-start=\"1589\" data-end=\"1637\" class=\" translation-block\">Zawiera <strong data-start=\"1598\" data-end=\"1619\">kabel OBD2 o d\u0142ugo\u015bci 0,65 m<\/strong> dla wygody u\u017cytkowania<\/p>\n<\/li>\n<li data-start=\"1638\" data-end=\"1690\">\n<p data-start=\"1640\" data-end=\"1690\" class=\" translation-block\">Obs\u0142uguje <strong data-start=\"1649\" data-end=\"1668\">protok\u00f3\u0142 CAN-FD<\/strong> dla nowoczesnych pojazd\u00f3w<\/p>\n<\/li>\n<li data-start=\"1691\" data-end=\"1816\">\n<p data-start=\"1693\" data-end=\"1816\">Zaawansowane funkcje: reset oleju, regeneracja DPF, kodowanie wtryskiwaczy, dopasowanie baterii i inne (w zale\u017cno\u015bci od modelu pojazdu)<\/p>\n<\/li>\n<li data-start=\"1817\" data-end=\"1909\">\n<p data-start=\"1819\" data-end=\"1909\">Sterowanie dwukierunkowe, kodowanie i adaptacja ECU, wykrywanie Auto VIN, pe\u0142ne raporty stanu systemu<\/p>\n<\/li>\n<\/ul>\n<h3 data-start=\"1916\" data-end=\"1929\">\u26a0\ufe0f Uwaga<\/h3>\n<ul data-start=\"1930\" data-end=\"2110\">\n<li data-start=\"1930\" data-end=\"2023\">\n<p data-start=\"1932\" data-end=\"2023\" class=\" translation-block\">Zestaw <strong data-start=\"1940\" data-end=\"1982\">zawiera licencj\u0119 DiagZone w standardzie<\/strong> \u2013 nie jest wymagany dodatkowy zakup oprogramowania.<\/p>\n<\/li>\n<li data-start=\"2024\" data-end=\"2110\">\n<p data-start=\"2026\" data-end=\"2110\" class=\" translation-block\">Dla <strong data-start=\"2030\" data-end=\"2046\">ci\u0119\u017ckich pojazd\u00f3w<\/strong> wymagany jest <a href=\"https:\/\/diagzone.org\/product\/gt106-plus-heavy-truck-power-adapter-24v-to-12v-adapter\/\" target=\"_self\"><strong data-start=\"2050\" data-end=\"2079\">adapter konwertera 24V\u201312V<\/strong><\/a> (sprzedawany oddzielnie).<\/p>\n<\/li>\n<\/ul>\n<h3 data-start=\"2117\" data-end=\"2168\">\u00a0Dlaczego warto wybra\u0107 zestaw diagnostyczny Kingbolen Ediag+?<\/h3>\n<ul data-start=\"2170\" data-end=\"2591\">\n<li data-start=\"2170\" data-end=\"2232\">\n<p data-start=\"2172\" data-end=\"2232\">Klon ThinkDiag 2 \u2013 ta sama funkcjonalno\u015b\u0107, bardziej przyst\u0119pny<\/p>\n<\/li>\n<li data-start=\"2233\" data-end=\"2301\">\n<p data-start=\"2235\" data-end=\"2301\" class=\" translation-block\">Zawiera <strong data-start=\"2244\" data-end=\"2270\">10-calowy tablet z Androidem<\/strong> do diagnostyki gotowej do u\u017cycia<\/p>\n<\/li>\n<li data-start=\"2302\" data-end=\"2345\">\n<p data-start=\"2304\" data-end=\"2345\" class=\" translation-block\"><strong data-start=\"290\" data-end=\"317\">Testowane w 100 % na DiagZone<\/strong> przed wysy\u0142k\u0105<\/p>\n<\/li>\n<li data-start=\"2346\" data-end=\"2407\">\n<p data-start=\"2348\" data-end=\"2407\">Kompaktowa konstrukcja z mocn\u0105 \u0142\u0105czno\u015bci\u0105 Bluetooth 5.0\/5.1<\/p>\n<\/li>\n<li data-start=\"2408\" data-end=\"2495\">\n<p data-start=\"2410\" data-end=\"2495\">Obs\u0142uguje samochody osobowe, pojazdy elektryczne, motocykle oraz pojazdy ci\u0119\u017ckie (z konwerterem)<\/p>\n<\/li>\n<li data-start=\"2496\" data-end=\"2591\">\n<p data-start=\"2498\" data-end=\"2591\">Obejmuje g\u0142\u00f3wne protoko\u0142y diagnostyczne: ISO9141, KWP2000, J1850 VPW, J1850 PWM, CAN, UDS, CAN-FD<\/p>\n<\/li>\n<\/ul>\n<p data-start=\"2598\" data-end=\"2831\">\u2705 <strong data-start=\"2600\" data-end=\"2612\">W skr\u00f3cie<\/strong>: The <strong data-start=\"2618\" data-end=\"2672\">Zestaw diagnostyczny Kingbolen Ediag+ (10 cali, 3 GB RAM \/ 128 GB pami\u0119ci)<\/strong> jest op\u0142acaln\u0105 alternatyw\u0105 dla ThinkDiag 2, oferuj\u0105c\u0105 pe\u0142n\u0105 kompatybilno\u015b\u0107 z DiagZone oraz wydajny tablet zapewniaj\u0105cy kompletne, gotowe do u\u017cycia rozwi\u0105zanie diagnostyczne.<\/p>","protected":false},"excerpt":{"rendered":"<p class=\" translation-block\"><strong data-start=\"213\" data-end=\"248\">Kingbolen Ediag+ Diagnostic Kit<\/strong> zawiera kompaktowe z\u0142\u0105cze OBD2 Bluetooth, <strong data-start=\"297\" data-end=\"333\">8-calowy tablet z Androidem (4 GB\/64 GB)<\/strong> oraz <strong data-start=\"341\" data-end=\"376\">wa\u017cn\u0105 licencj\u0119 oprogramowania DiagZone<\/strong>. W pe\u0142ni kompatybilny z platform\u0105 DiagZone, obs\u0142uguje <strong data-start=\"435\" data-end=\"445\">CAN-FD<\/strong>, sterowanie dwukierunkowe, kodowanie ECU oraz wiele funkcji resetu serwisowego \u2014 zapewniaj\u0105c profesjonaln\u0105 diagnostyk\u0119 w gotowym do u\u017cycia zestawie.<\/p>","protected":false},"featured_media":3390,"template":"","meta":{"_acf_changed":false,"_seopress_robots_primary_cat":"none","_seopress_titles_title":"Kingbolen Ediag Plus Diagnostic Kit \u2013 OBD2 Scanner with 10\" Tablet & Pre-Installed DiagZone License","_seopress_titles_desc":"Buy the Kingbolen Ediag Plus Diagnostic Kit with 10-inch Android tablet (3GB\/128GB) and pre-installed DiagZone license. Supports CAN-FD, ECU coding, bi-directional control, and advanced service functions for cars, EVs, motorcycles, and heavy-duty vehicles (with adapter).","_seopress_robots_index":"","inline_featured_image":false,"_kad_blocks_custom_css":"","_kad_blocks_head_custom_js":"","_kad_blocks_body_custom_js":"","_kad_blocks_footer_custom_js":"","_themeisle_gutenberg_block_has_review":false,"_kad_post_transparent":"default","_kad_post_title":"","_kad_post_layout":"default","_kad_post_sidebar_id":"","_kad_post_content_style":"default","_kad_post_vertical_padding":"default","_kad_post_feature":"","_kad_post_feature_position":"","_kad_post_header":false,"_kad_post_footer":false,"iawp_total_views":210},"product_cat":[23],"product_tag":[],"class_list":{"0":"post-3389","1":"product","2":"type-product","3":"status-publish","4":"has-post-thumbnail","6":"product_cat-diagnostic-kits","8":"first","9":"instock","10":"shipping-taxable","11":"purchasable","12":"product-type-simple","13":"entry","14":"content-bg","15":"loop-entry"},"acf":[],"taxonomy_info":{"product_cat":[{"value":23,"label":"Diagnostic kits"}]},"featured_image_src_large":["https:\/\/diagzone.org\/wp-content\/uploads\/2025\/09\/Diagzone_Diagnostic_Set_EDIAG_PLUS.jpg",600,600,false],"author_info":[],"comment_info":"","_links":{"self":[{"href":"https:\/\/diagzone.org\/pl\/wp-json\/wp\/v2\/product\/3389","targetHints":{"allow":["GET"]}}],"collection":[{"href":"https:\/\/diagzone.org\/pl\/wp-json\/wp\/v2\/product"}],"about":[{"href":"https:\/\/diagzone.org\/pl\/wp-json\/wp\/v2\/types\/product"}],"wp:featuredmedia":[{"embeddable":true,"href":"https:\/\/diagzone.org\/pl\/wp-json\/wp\/v2\/media\/3390"}],"wp:attachment":[{"href":"https:\/\/diagzone.org\/pl\/wp-json\/wp\/v2\/media?parent=3389"}],"wp:term":[{"taxonomy":"product_cat","embeddable":true,"href":"https:\/\/diagzone.org\/pl\/wp-json\/wp\/v2\/product_cat?post=3389"},{"taxonomy":"product_tag","embeddable":true,"href":"https:\/\/diagzone.org\/pl\/wp-json\/wp\/v2\/product_tag?post=3389"}],"curies":[{"name":"wp","href":"https:\/\/api.w.org\/{rel}","templated":true}]}}