
{"id":3403,"date":"2025-09-27T12:07:16","date_gmt":"2025-09-27T10:07:16","guid":{"rendered":"https:\/\/diagzone.org\/?post_type=product&#038;p=3403"},"modified":"2025-09-27T18:50:35","modified_gmt":"2025-09-27T16:50:35","slug":"launch-x431-smartlink-c-2-0-diagzone-version","status":"publish","type":"product","link":"https:\/\/diagzone.org\/pl\/produkt\/launch-x431-smartlink-c-2-0-diagzone-version\/","title":{"rendered":"Launch X431 Smartlink C 2.0 \u2013 wersja DiagZone"},"content":{"rendered":"<p data-start=\"172\" data-end=\"443\" class=\" translation-block\">Dzi\u0119kujemy za zainteresowanie <strong data-start=\"207\" data-end=\"226\">SmartLink C 2.0<\/strong>.<br data-start=\"227\" data-end=\"230\">Ten modu\u0142 diagnostyczny jest przeznaczony do pojazd\u00f3w ci\u0119\u017carowych i osobowych, w pe\u0142ni przetestowany na platformie <strong data-start=\"324\" data-end=\"345\">DiagZone platform<\/strong>, i zapewnia stabiln\u0105 prac\u0119, szerok\u0105 kompatybilno\u015b\u0107 oraz profesjonalne funkcje diagnostyczne.<\/p>\n<p data-start=\"475\" data-end=\"768\">\ud83d\udd39 <strong data-start=\"478\" data-end=\"498\">Wa\u017cna informacja<\/strong><br data-start=\"498\" data-end=\"501\" \/>SmartLink C 2.0 jest dostarczany bez \u017cadnego wst\u0119pnie zainstalowanego oprogramowania.<br data-start=\"569\" data-end=\"572\" \/>\ud83d\udc49 Aby korzysta\u0107 z tego urz\u0105dzenia, wymagany jest <a href=\"https:\/\/diagzone.org\/diagzone-buy-subscription\/\"><strong data-start=\"597\" data-end=\"626\">oddzielna licencja DiagZone<\/strong><\/a> musi zosta\u0107 zakupiona.<br data-start=\"645\" data-end=\"648\" \/>\ud83d\udc49 Kompatybilny z <strong data-start=\"667\" data-end=\"709\">samochody osobowe i pojazdy ci\u0119\u017ckie<\/strong>, obs\u0142uguj\u0105c szerok\u0105 <strong data-start=\"729\" data-end=\"765\">napi\u0119cie robocze od 9V do 36V<\/strong>.<\/p>\n<p data-start=\"629\" data-end=\"870\">\ud83d\udd39 <strong data-start=\"632\" data-end=\"654\">Wsparcie i doradztwo<\/strong><br data-start=\"654\" data-end=\"657\" \/>Potrzebujesz pomocy z konfiguracj\u0105 DiagZone?<br data-start=\"687\" data-end=\"690\" \/>Nasz zesp\u00f3\u0142 jest zaanga\u017cowany w zapewnianie pomocy krok po kroku. Zach\u0119camy do <a href=\"https:\/\/wa.me\/31647604324\">skontaktuj si\u0119 z nami<\/a> w dowolnym momencie, je\u015bli potrzebujesz wsparcia przy korzystaniu z urz\u0105dzenia SmartLink C 2.0 z platform\u0105 OBD2 DiagZone.<\/p>\n<p data-start=\"877\" data-end=\"1108\">\ud83d\udd39 <strong data-start=\"880\" data-end=\"901\">Zapewnienie jako\u015bci<\/strong><br data-start=\"901\" data-end=\"904\" \/>Ka\u017cdy SmartLink C 2.0 przechodzi rygorystyczne testy na DiagZone przed wysy\u0142k\u0105.<br data-start=\"981\" data-end=\"984\" \/>Zapewnia to prawid\u0142owe dzia\u0142anie, stabiln\u0105 komunikacj\u0119 oraz niezawodn\u0105 wydajno\u015b\u0107 zar\u00f3wno do u\u017cytku profesjonalnego, jak i prywatnego.<\/p>\n<h2 data-start=\"1261\" data-end=\"1285\">Opis produktu<\/h2>\n<p data-start=\"1287\" data-end=\"1559\" class=\" translation-block\"><strong data-start=\"1291\" data-end=\"1310\">SmartLink C 2.0<\/strong> to zaawansowany modu\u0142 diagnostyczny, zaprojektowany w celu rozszerzenia mo\u017cliwo\u015bci DiagZone zar\u00f3wno dla samochod\u00f3w osobowych, jak i pojazd\u00f3w ci\u0119\u017ckich. Dzi\u0119ki wydajnemu sprz\u0119towi i wielu opcjom \u0142\u0105czno\u015bci zapewnia szybkie, stabilne i profesjonalne dzia\u0142anie.<\/p>\n<p data-start=\"1561\" data-end=\"2352\">\u2705 Dzia\u0142a jako profesjonalny modu\u0142 diagnostyczny dla DiagZone<br data-start=\"1617\" data-end=\"1620\" \/>\u2705 W pe\u0142ni kompatybilny z urz\u0105dzeniami z systemem Android (smartfony i tablety) \u2013 obs\u0142uguje Android 7\u201313 oraz Android 14 (tylko 32-bit)<br data-start=\"1737\" data-end=\"1740\" \/>\u2705 Przetestowany z oprogramowaniem DiagZone pod k\u0105tem kompatybilno\u015bci<br data-start=\"1789\" data-end=\"1792\" \/>\u2705 Wielopo\u0142\u0105czeniowo\u015b\u0107: Bluetooth, WiFi, USB i Ethernet<br data-start=\"1848\" data-end=\"1851\" \/>\u2705 Obs\u0142uguje <strong data-start=\"1862\" data-end=\"1882\">nowoczesne protoko\u0142y<\/strong> \u2013 DoIP, CAN-FD, UDS, J2534, RP1210, D-PDU<br data-start=\"1924\" data-end=\"1927\" \/>\u2705 Zaawansowane funkcje: kodowanie ECU, sterowanie dwukierunkowe, adaptacje, automatyczne wykrywanie VIN oraz pe\u0142ne raporty stanu systemu<br data-start=\"2048\" data-end=\"2051\" \/>\u2705 Obs\u0142uguje samochody osobowe, pojazdy elektryczne, motocykle, autobusy, maszyny rolnicze, pojazdy budowlane oraz ci\u0119\u017car\u00f3wki (z opcjonalnym adapterem 24V\u201312V)<br data-start=\"2203\" data-end=\"2206\" \/>\u2705 Szeroka <strong data-start=\"2213\" data-end=\"2240\">napi\u0119cie robocze 9\u201336V<\/strong>, idealne zar\u00f3wno dla samochod\u00f3w osobowych (12V), jak i ci\u0119\u017car\u00f3wek\/autobus\u00f3w (24V)<br data-start=\"2290\" data-end=\"2293\" \/>\u2705 Wytrzyma\u0142a obudowa zapewniaj\u0105ca trwa\u0142o\u015b\u0107 w codziennym profesjonalnym u\u017cytkowaniu<\/p>\n<h3 data-start=\"2126\" data-end=\"2158\">\ud83d\udce6 Zawarto\u015b\u0107 opakowania<\/h3>\n<ul data-start=\"2159\" data-end=\"2279\">\n<li data-start=\"2159\" data-end=\"2189\">\n<p data-start=\"2161\" data-end=\"2189\">1 \u00d7 Modu\u0142 SmartLink C 2.0<\/p>\n<\/li>\n<li data-start=\"2190\" data-end=\"2213\">\n<p data-start=\"2192\" data-end=\"2213\">1 \u00d7 G\u0142\u00f3wny kabel OBD2<\/p>\n<\/li>\n<li data-start=\"2214\" data-end=\"2231\">\n<p data-start=\"2216\" data-end=\"2231\">1 \u00d7 Kabel USB<\/p>\n<\/li>\n<li data-start=\"2232\" data-end=\"2253\">\n<p data-start=\"2234\" data-end=\"2253\">1 \u00d7 Zasilacz<\/p>\n<\/li>\n<\/ul>\n<p data-start=\"2286\" data-end=\"2563\">\u2705 <strong data-start=\"2521\" data-end=\"2801\">Podsumowuj\u0105c, SmartLink C 2.0 to wydajny i wszechstronny modu\u0142 diagnostyczny, oferuj\u0105cy pe\u0142n\u0105 kompatybilno\u015b\u0107 z DiagZone, obs\u0142ug\u0119 napi\u0119cia 9\u201336V dla samochod\u00f3w osobowych i ci\u0119\u017carowych, wsparcie nowoczesnych protoko\u0142\u00f3w oraz niezawodn\u0105 wydajno\u015b\u0107 \u2013 co czyni go idealnym, op\u0142acalnym rozwi\u0105zaniem dla profesjonalnych warsztat\u00f3w.<\/strong><\/p>","protected":false},"excerpt":{"rendered":"<p class=\" translation-block\"><strong data-start=\"1806\" data-end=\"1825\">SmartLink C 2.0<\/strong> to profesjonalny modu\u0142 diagnostyczny dla DiagZone, obs\u0142uguj\u0105cy samochody osobowe, pojazdy elektryczne, ci\u0119\u017car\u00f3wki, autobusy i maszyny. Oferuje protoko\u0142y DoIP i CAN-FD, kodowanie ECU, testy dwukierunkowe oraz wymaga osobnej licencji DiagZone.<\/p>","protected":false},"featured_media":3431,"template":"","meta":{"_acf_changed":false,"_seopress_robots_primary_cat":"none","_seopress_titles_title":"SmartLink C 2.0 \u2013 Heavy Duty Diagnostic Module for DiagZone","_seopress_titles_desc":"Buy SmartLink C 2.0 \u2013 advanced diagnostic module for DiagZone platform. Supports cars, EVs, trucks, buses, and machinery with DoIP, CAN-FD, ECU coding, and bi-directional tests. DiagZone license required separately.","_seopress_robots_index":"","inline_featured_image":false,"_kad_blocks_custom_css":"","_kad_blocks_head_custom_js":"","_kad_blocks_body_custom_js":"","_kad_blocks_footer_custom_js":"","_themeisle_gutenberg_block_has_review":false,"_kad_post_transparent":"default","_kad_post_title":"","_kad_post_layout":"default","_kad_post_sidebar_id":"","_kad_post_content_style":"default","_kad_post_vertical_padding":"default","_kad_post_feature":"","_kad_post_feature_position":"","_kad_post_header":false,"_kad_post_footer":false,"iawp_total_views":259},"product_cat":[19],"product_tag":[52,53,42,54,51],"class_list":{"0":"post-3403","1":"product","2":"type-product","3":"status-publish","4":"has-post-thumbnail","6":"product_cat-obd-connectors","7":"product_tag-bluetooth","8":"product_tag-diagzone","9":"product_tag-obd2","10":"product_tag-smartlink-c-2-0","11":"product_tag-x431","13":"first","14":"instock","15":"sale","16":"shipping-taxable","17":"purchasable","18":"product-type-simple","19":"entry","20":"content-bg","21":"loop-entry"},"acf":[],"taxonomy_info":{"product_cat":[{"value":19,"label":"Obd connectors"}],"product_tag":[{"value":52,"label":"Bluetooth"},{"value":53,"label":"DiagZone"},{"value":42,"label":"OBD2"},{"value":54,"label":"SmartLink C 2.0"},{"value":51,"label":"X431"}]},"featured_image_src_large":["https:\/\/diagzone.org\/wp-content\/uploads\/2025\/09\/Diagzone_org__Smartlink_C_2.0_1.jpg",600,600,false],"author_info":[],"comment_info":"","_links":{"self":[{"href":"https:\/\/diagzone.org\/pl\/wp-json\/wp\/v2\/product\/3403","targetHints":{"allow":["GET"]}}],"collection":[{"href":"https:\/\/diagzone.org\/pl\/wp-json\/wp\/v2\/product"}],"about":[{"href":"https:\/\/diagzone.org\/pl\/wp-json\/wp\/v2\/types\/product"}],"wp:featuredmedia":[{"embeddable":true,"href":"https:\/\/diagzone.org\/pl\/wp-json\/wp\/v2\/media\/3431"}],"wp:attachment":[{"href":"https:\/\/diagzone.org\/pl\/wp-json\/wp\/v2\/media?parent=3403"}],"wp:term":[{"taxonomy":"product_cat","embeddable":true,"href":"https:\/\/diagzone.org\/pl\/wp-json\/wp\/v2\/product_cat?post=3403"},{"taxonomy":"product_tag","embeddable":true,"href":"https:\/\/diagzone.org\/pl\/wp-json\/wp\/v2\/product_tag?post=3403"}],"curies":[{"name":"wp","href":"https:\/\/api.w.org\/{rel}","templated":true}]}}