
{"id":3408,"date":"2025-09-27T12:15:53","date_gmt":"2025-09-27T10:15:53","guid":{"rendered":"https:\/\/diagzone.org\/?post_type=product&#038;p=3408"},"modified":"2025-09-27T18:56:27","modified_gmt":"2025-09-27T16:56:27","slug":"diagzone-dbscar-1-x431","status":"publish","type":"product","link":"https:\/\/diagzone.org\/pl\/produkt\/diagzone-dbscar-1-x431\/","title":{"rendered":"Diagzone Dbscar 1 X431"},"content":{"rendered":"<p data-start=\"223\" data-end=\"519\" class=\" translation-block\">Dzi\u0119kujemy za zainteresowanie <strong data-start=\"258\" data-end=\"288\">adapterem Bluetooth DBScar 1<\/strong>.<br data-start=\"289\" data-end=\"292\">Ten kompaktowy konektor OBD2 Bluetooth zosta\u0142 opracowany przez firm\u0119 Launch w celu po\u0142\u0105czenia urz\u0105dze\u0144 diagnostycznych z platformami Android. W pe\u0142ni przetestowany pod k\u0105tem kompatybilno\u015bci, zapewnia niezawodn\u0105 komunikacj\u0119 do diagnostyki pojazd\u00f3w i odczytu danych.<\/p>\n<p data-start=\"526\" data-end=\"693\">\ud83d\udd39 <strong data-start=\"529\" data-end=\"549\">Wa\u017cna informacja<\/strong><br data-start=\"549\" data-end=\"552\" \/>Ten adapter zawiera wy\u0142\u0105cznie sprz\u0119t.<br data-start=\"592\" data-end=\"595\" \/>\ud83d\udc49 A <a href=\"https:\/\/diagzone.org\/diagzone-buy-subscription\/\">Licencja oprogramowania DiagZone<\/a> musi zosta\u0107 zakupiona osobno, aby odblokowa\u0107 wszystkie funkcje diagnostyczne.<\/p>\n<p data-start=\"700\" data-end=\"890\">\ud83d\udd39 <strong data-start=\"703\" data-end=\"725\">Wsparcie i doradztwo<\/strong><br data-start=\"725\" data-end=\"728\" \/>Potrzebujesz pomocy przy integracji DBScar 1 z Twoim systemem diagnostycznym?<br data-start=\"786\" data-end=\"789\" \/>Nasz zesp\u00f3\u0142 jest gotowy, aby <a href=\"https:\/\/wa.me\/31647604324\">pom\u00f3c<\/a> w zakresie parowania, konfiguracji i u\u017cytkowania z platform\u0105 OBD2 DiagZone.<\/p>\n<p data-start=\"897\" data-end=\"1085\">\ud83d\udd39 <strong data-start=\"900\" data-end=\"921\">Zapewnienie jako\u015bci<\/strong><br data-start=\"921\" data-end=\"924\" \/>Ka\u017cdy DBScar 1 jest testowany przed wysy\u0142k\u0105, aby zapewni\u0107 stabiln\u0105 komunikacj\u0119 Bluetooth, dok\u0142adny transfer danych oraz sta\u0142\u0105 wydajno\u015b\u0107 w warunkach warsztatowych.<\/p>\n<h2 data-start=\"1092\" data-end=\"1133\">Opis produktu i specyfikacja<\/h2>\n<ul data-start=\"1135\" data-end=\"1764\">\n<li data-start=\"1135\" data-end=\"1227\">\n<p data-start=\"1137\" data-end=\"1227\">Adapter OBD2 Bluetooth do komunikacji diagnostycznej z tabletami i smartfonami z Androidem<\/p>\n<\/li>\n<li data-start=\"1228\" data-end=\"1354\">\n<p data-start=\"1230\" data-end=\"1354\" class=\" translation-block\">Wyposa\u017cony w standardowe <strong data-start=\"1255\" data-end=\"1280\">16-pinowe z\u0142\u0105cze OBD2<\/strong> oraz <strong data-start=\"1287\" data-end=\"1305\">port Micro-USB<\/strong> do aktualizacji oprogramowania lub bezpo\u015bredniego po\u0142\u0105czenia danych.<\/p>\n<\/li>\n<li data-start=\"1355\" data-end=\"1443\">\n<p data-start=\"1357\" data-end=\"1443\" class=\" translation-block\"><strong data-start=\"1357\" data-end=\"1389\">Kompatybilny z Androidem 7\u201313<\/strong> oraz z <strong data-start=\"1405\" data-end=\"1441\">Androidem 14 (wy\u0142\u0105cznie systemy 32-bitowe)<\/strong><\/p>\n<\/li>\n<li data-start=\"1444\" data-end=\"1475\">\n<p data-start=\"1446\" data-end=\"1475\" class=\" translation-block\">Napi\u0119cie robocze: <strong data-start=\"1463\" data-end=\"1473\">9\u201315 V<\/strong><\/p>\n<\/li>\n<li data-start=\"1476\" data-end=\"1504\">\n<p data-start=\"1478\" data-end=\"1504\">Pr\u0105d roboczy: &lt; 30 mA<\/p>\n<\/li>\n<li data-start=\"1505\" data-end=\"1553\">\n<p data-start=\"1507\" data-end=\"1553\">Zakres temperatury pracy: \u201310 \u00b0C do 55 \u00b0C<\/p>\n<\/li>\n<li data-start=\"1554\" data-end=\"1600\">\n<p data-start=\"1556\" data-end=\"1600\">Zakres temperatury przechowywania: \u201320 \u00b0C do 70 \u00b0C<\/p>\n<\/li>\n<li data-start=\"1601\" data-end=\"1711\">\n<p data-start=\"1603\" data-end=\"1711\">Obs\u0142uguje standardowe protoko\u0142y OBD2 do odczytu\/usuwania kod\u00f3w usterek, transmisji danych na \u017cywo, informacji ECU i nie tylko<\/p>\n<\/li>\n<li data-start=\"1712\" data-end=\"1764\">\n<p data-start=\"1714\" data-end=\"1764\">Aktualizacje oprogramowania firmware dost\u0119pne przez Bluetooth lub USB<\/p>\n<\/li>\n<\/ul>\n<h3 data-start=\"1771\" data-end=\"1787\">\u2705 W skr\u00f3cie<\/h3>\n<p data-start=\"1788\" data-end=\"2057\">DBScar 1 to stabilny i sprawdzony adapter Bluetooth OBD2 przeznaczony dla urz\u0105dze\u0144 z systemem Android (7\u201313 oraz 14 w wersji 32-bitowej). Zapewnia p\u0142ynne po\u0142\u0105czenie z oprogramowaniem DiagZone, obs\u0142uguje wszystkie kluczowe funkcje OBD2 i stanowi ekonomiczne rozwi\u0105zanie do rozpocz\u0119cia profesjonalnej diagnostyki.<\/p>","protected":false},"excerpt":{"rendered":"<p>Launch DBScar 1 to kompaktowy adapter Bluetooth OBD2 przeznaczony dla urz\u0105dze\u0144 z systemem Android (wersje 7\u201313 oraz 14 w wersji 32-bitowej). W pe\u0142ni przetestowany z DiagZone, umo\u017cliwia stabiln\u0105 diagnostyk\u0119 pojazdu, odczyt kod\u00f3w b\u0142\u0119d\u00f3w, dane na \u017cywo oraz informacje o ECU. Wymagana jest licencja oprogramowania DiagZone, dost\u0119pna do zakupu osobno.<\/p>","protected":false},"featured_media":3434,"template":"","meta":{"_acf_changed":false,"_seopress_robots_primary_cat":"none","_seopress_titles_title":"Launch DBScar 1 Bluetooth OBD2 Adapter \u2013 Compatible with Android & DiagZone","_seopress_titles_desc":"Buy the Launch DBScar 1 Bluetooth OBD2 adapter \u2013 compact and reliable, compatible with Android 7\u201313 (and 14 on 32-bit). Fully tested for DiagZone diagnostics. Supports OBD2 fault code reading, live data, and ECU functions..","_seopress_robots_index":"","inline_featured_image":false,"_kad_blocks_custom_css":"","_kad_blocks_head_custom_js":"","_kad_blocks_body_custom_js":"","_kad_blocks_footer_custom_js":"","_themeisle_gutenberg_block_has_review":false,"_kad_post_transparent":"default","_kad_post_title":"","_kad_post_layout":"default","_kad_post_sidebar_id":"","_kad_post_content_style":"default","_kad_post_vertical_padding":"default","_kad_post_feature":"","_kad_post_feature_position":"","_kad_post_header":false,"_kad_post_footer":false,"iawp_total_views":451},"product_cat":[19],"product_tag":[52,53,42,54,51],"class_list":{"0":"post-3408","1":"product","2":"type-product","3":"status-publish","4":"has-post-thumbnail","6":"product_cat-obd-connectors","7":"product_tag-bluetooth","8":"product_tag-diagzone","9":"product_tag-obd2","10":"product_tag-smartlink-c-2-0","11":"product_tag-x431","13":"first","14":"instock","15":"shipping-taxable","16":"purchasable","17":"product-type-simple","18":"entry","19":"content-bg","20":"loop-entry"},"acf":[],"taxonomy_info":{"product_cat":[{"value":19,"label":"Obd connectors"}],"product_tag":[{"value":52,"label":"Bluetooth"},{"value":53,"label":"DiagZone"},{"value":42,"label":"OBD2"},{"value":54,"label":"SmartLink C 2.0"},{"value":51,"label":"X431"}]},"featured_image_src_large":["https:\/\/diagzone.org\/wp-content\/uploads\/2025\/09\/Diagzone_org__Launch_Dbscar_1_1.jpg",600,600,false],"author_info":[],"comment_info":"","_links":{"self":[{"href":"https:\/\/diagzone.org\/pl\/wp-json\/wp\/v2\/product\/3408","targetHints":{"allow":["GET"]}}],"collection":[{"href":"https:\/\/diagzone.org\/pl\/wp-json\/wp\/v2\/product"}],"about":[{"href":"https:\/\/diagzone.org\/pl\/wp-json\/wp\/v2\/types\/product"}],"wp:featuredmedia":[{"embeddable":true,"href":"https:\/\/diagzone.org\/pl\/wp-json\/wp\/v2\/media\/3434"}],"wp:attachment":[{"href":"https:\/\/diagzone.org\/pl\/wp-json\/wp\/v2\/media?parent=3408"}],"wp:term":[{"taxonomy":"product_cat","embeddable":true,"href":"https:\/\/diagzone.org\/pl\/wp-json\/wp\/v2\/product_cat?post=3408"},{"taxonomy":"product_tag","embeddable":true,"href":"https:\/\/diagzone.org\/pl\/wp-json\/wp\/v2\/product_tag?post=3408"}],"curies":[{"name":"wp","href":"https:\/\/api.w.org\/{rel}","templated":true}]}}