
{"id":3412,"date":"2025-09-27T12:38:04","date_gmt":"2025-09-27T10:38:04","guid":{"rendered":"https:\/\/diagzone.org\/?post_type=product&#038;p=3412"},"modified":"2026-01-08T18:16:16","modified_gmt":"2026-01-08T17:16:16","slug":"launch-i-tpms-handheld-tpms-service-tool-sensor-activation-programming-relearn","status":"publish","type":"product","link":"https:\/\/diagzone.org\/pl\/produkt\/launch-i-tpms-handheld-tpms-service-tool-sensor-activation-programming-relearn\/","title":{"rendered":"Launch i-TPMS R\u0119czne narz\u0119dzie serwisowe TPMS \u2013 Aktywacja, programowanie i uczenie czujnik\u00f3w"},"content":{"rendered":"<p data-start=\"230\" data-end=\"619\" class=\" translation-block\">Dzi\u0119kujemy za zainteresowanie produktem <strong data-start=\"265\" data-end=\"295\">Launch i-TPMS dla DiagZone<\/strong>.<br data-start=\"296\" data-end=\"299\">To r\u0119czne narz\u0119dzie TPMS (system monitorowania ci\u015bnienia w oponach) zosta\u0142o zaprojektowane do integracji z tabletami DiagZone wyposa\u017conymi w DiagZone lub do pracy za po\u015brednictwem aplikacji Android i-TPMS. Urz\u0105dzenie zosta\u0142o rygorystycznie przetestowane pod k\u0105tem kompatybilno\u015bci i wydajno\u015bci oraz obs\u0142uguje aktywacj\u0119 czujnik\u00f3w, programowanie, odczyt danych i procedury uczenia dla szerokiej gamy pojazd\u00f3w.<\/p>\n<p data-start=\"621\" data-end=\"725\">\ud83d\udd39 <strong data-start=\"624\" data-end=\"644\">Wa\u017cna informacja<\/strong><br data-start=\"644\" data-end=\"647\" \/>Ten produkt zawiera wy\u0142\u0105cznie sprz\u0119t. Licencja DiagZone nie jest wliczona.<\/p>\n<p data-start=\"727\" data-end=\"909\">\ud83d\udd39 <strong data-start=\"730\" data-end=\"752\">Wsparcie i doradztwo<\/strong><br data-start=\"752\" data-end=\"755\" \/>Potrzebujesz pomocy z po\u0142\u0105czeniem go z tabletem DiagZone?<br data-start=\"802\" data-end=\"805\" \/>Oferujemy wsparcie przy parowaniu i-TPMS z tabletem DiagZone oraz instrukcje krok po kroku dla wszystkich operacji TPMS.<\/p>\n<p data-start=\"911\" data-end=\"1099\">\ud83d\udd39 <strong data-start=\"914\" data-end=\"935\">Zapewnienie jako\u015bci<\/strong><br data-start=\"935\" data-end=\"938\" \/>Ka\u017cda jednostka przechodzi testy funkcjonalne przed wysy\u0142k\u0105, aby zapewni\u0107 stabiln\u0105 aktywacj\u0119 czujnik\u00f3w, dok\u0142adne odczyty oraz niezawodn\u0105 kompatybilno\u015b\u0107 z systemami DiagZone.<\/p>\n<h3 data-start=\"1106\" data-end=\"1134\">\u2705 Funkcje i mo\u017cliwo\u015bci<\/h3>\n<ul data-start=\"1136\" data-end=\"1513\">\n<li data-start=\"1136\" data-end=\"1190\">\n<p data-start=\"1138\" data-end=\"1190\">Aktywacja TPMS, odczyt, programowanie i uczenie<\/p>\n<\/li>\n<li data-start=\"1191\" data-end=\"1239\">\n<p data-start=\"1193\" data-end=\"1239\" class=\" translation-block\">Obs\u0142uguje czujniki <strong data-start=\"1202\" data-end=\"1213\">315 MHz<\/strong> i <strong data-start=\"1218\" data-end=\"1229\">433 MHz<\/strong><\/p>\n<\/li>\n<li data-start=\"1240\" data-end=\"1298\">\n<p data-start=\"1242\" data-end=\"1298\">Mo\u017cliwe do u\u017cycia z DiagZone na tabletach DiagZone lub za pomoc\u0105 aplikacji i-TPMS<\/p>\n<\/li>\n<li data-start=\"1299\" data-end=\"1349\">\n<p data-start=\"1301\" data-end=\"1349\">Obejmuje zdecydowan\u0105 wi\u0119kszo\u015b\u0107 pojazd\u00f3w wyposa\u017conych w TPMS<\/p>\n<\/li>\n<li data-start=\"1421\" data-end=\"1470\">\n<p data-start=\"1423\" data-end=\"1470\">Tryby uczenia: automatyczny, statyczny i OBD<\/p>\n<\/li>\n<li data-start=\"1471\" data-end=\"1513\">\n<p data-start=\"1473\" data-end=\"1513\">Kompaktowa, przyjazna dla u\u017cytkownika konstrukcja r\u0119czna<\/p>\n<\/li>\n<li>Displays real-time sensor data: ID, pressure, temperature, battery<\/li>\n<\/ul>\n<h3 data-start=\"1520\" data-end=\"1552\">\ud83d\udce6 Zawarto\u015b\u0107 opakowania<\/h3>\n<ul data-start=\"1554\" data-end=\"1620\">\n<li data-start=\"1554\" data-end=\"1582\">\n<p data-start=\"1556\" data-end=\"1582\">1 \u00d7 Urz\u0105dzenie Launch i-TPMS<\/p>\n<\/li>\n<li data-start=\"1583\" data-end=\"1600\">\n<p data-start=\"1585\" data-end=\"1600\">1 \u00d7 Kabel USB<\/p>\n<\/li>\n<li data-start=\"1601\" data-end=\"1620\">\n<p data-start=\"1603\" data-end=\"1620\">1 \u00d7 Instrukcja obs\u0142ugi<\/p>\n<\/li>\n<\/ul>\n<p data-start=\"1627\" data-end=\"1825\">\u2705 <strong data-start=\"1629\" data-end=\"1825\">W skr\u00f3cie, Launch i-TPMS dla DiagZone to dedykowane narz\u0119dzie serwisowe TPMS, zoptymalizowane pod k\u0105tem tablet\u00f3w DiagZone i oprogramowania DiagZone, oferuj\u0105ce pe\u0142n\u0105 aktywacj\u0119 czujnik\u00f3w, programowanie oraz funkcje uczenia.<\/strong><\/p>","protected":false},"excerpt":{"rendered":"<p>Launch i-TPMS to profesjonalne narz\u0119dzie do aktywacji i programowania TPMS przeznaczone do pracy z tabletami DiagZone. Obs\u0142uguje czujniki 315 MHz i 433 MHz, odczyt czujnik\u00f3w, programowanie oraz procedury uczenia dla szerokiej gamy pojazd\u00f3w.<\/p>","protected":false},"featured_media":3463,"template":"","meta":{"_acf_changed":false,"_seopress_robots_primary_cat":"none","_seopress_titles_title":"Launch i-TPMS for DiagZone Tablet \u2013 TPMS Activation & Programming Tool","_seopress_titles_desc":"Buy Launch i-TPMS for DiagZone tablets. Professional TPMS tool for 315 MHz & 433 MHz sensors with activation, programming, and relearn functions. Reliable, tested, and workshop-ready.","_seopress_robots_index":"","inline_featured_image":false,"_kad_blocks_custom_css":"","_kad_blocks_head_custom_js":"","_kad_blocks_body_custom_js":"","_kad_blocks_footer_custom_js":"","_themeisle_gutenberg_block_has_review":false,"_kad_post_transparent":"default","_kad_post_title":"","_kad_post_layout":"default","_kad_post_sidebar_id":"","_kad_post_content_style":"default","_kad_post_vertical_padding":"default","_kad_post_feature":"","_kad_post_feature_position":"","_kad_post_header":false,"_kad_post_footer":false,"iawp_total_views":123},"product_cat":[22],"product_tag":[59,57,55,58,56],"class_list":{"0":"post-3412","1":"product","2":"type-product","3":"status-publish","4":"has-post-thumbnail","6":"product_cat-accessories","7":"product_tag-315-mhz","8":"product_tag-433-mhz","9":"product_tag-i-tpms","10":"product_tag-sensors","11":"product_tag-tpms","13":"first","14":"instock","15":"shipping-taxable","16":"purchasable","17":"product-type-simple","18":"entry","19":"content-bg","20":"loop-entry"},"acf":[],"taxonomy_info":{"product_cat":[{"value":22,"label":"Accessories"}],"product_tag":[{"value":59,"label":"315 MHz"},{"value":57,"label":"433 MHz"},{"value":55,"label":"i-TPMS"},{"value":58,"label":"sensors"},{"value":56,"label":"TPMS"}]},"featured_image_src_large":["https:\/\/diagzone.org\/wp-content\/uploads\/2025\/09\/Diagzone_Launch_X431_TPMS_1_ORG.jpg",600,600,false],"author_info":[],"comment_info":"","_links":{"self":[{"href":"https:\/\/diagzone.org\/pl\/wp-json\/wp\/v2\/product\/3412","targetHints":{"allow":["GET"]}}],"collection":[{"href":"https:\/\/diagzone.org\/pl\/wp-json\/wp\/v2\/product"}],"about":[{"href":"https:\/\/diagzone.org\/pl\/wp-json\/wp\/v2\/types\/product"}],"wp:featuredmedia":[{"embeddable":true,"href":"https:\/\/diagzone.org\/pl\/wp-json\/wp\/v2\/media\/3463"}],"wp:attachment":[{"href":"https:\/\/diagzone.org\/pl\/wp-json\/wp\/v2\/media?parent=3412"}],"wp:term":[{"taxonomy":"product_cat","embeddable":true,"href":"https:\/\/diagzone.org\/pl\/wp-json\/wp\/v2\/product_cat?post=3412"},{"taxonomy":"product_tag","embeddable":true,"href":"https:\/\/diagzone.org\/pl\/wp-json\/wp\/v2\/product_tag?post=3412"}],"curies":[{"name":"wp","href":"https:\/\/api.w.org\/{rel}","templated":true}]}}