
{"id":3419,"date":"2025-09-27T12:51:07","date_gmt":"2025-09-27T10:51:07","guid":{"rendered":"https:\/\/diagzone.org\/?post_type=product&#038;p=3419"},"modified":"2025-09-27T19:05:11","modified_gmt":"2025-09-27T17:05:11","slug":"diagzone-obd2-can-fd-extension-cable-16-pin-male-to-female-adapter","status":"publish","type":"product","link":"https:\/\/diagzone.org\/pl\/produkt\/diagzone-obd2-can-fd-extension-cable-16-pin-male-to-female-adapter\/","title":{"rendered":"DiagZone OBD2 CAN-FD kabel przed\u0142u\u017caj\u0105cy \u2013 adapter 16-pin m\u0119ski do \u017ce\u0144skiego"},"content":{"rendered":"<p data-start=\"138\" data-end=\"507\" class=\" translation-block\">Dzi\u0119kujemy za zainteresowanie <strong data-start=\"173\" data-end=\"213\">kablem przed\u0142u\u017caj\u0105cym DiagZone CAN-FD OBD2<\/strong>.<br data-start=\"214\" data-end=\"217\">Ten wysokiej jako\u015bci kabel przed\u0142u\u017caj\u0105cy zosta\u0142 zaprojektowany w celu wyd\u0142u\u017cenia po\u0142\u0105czenia mi\u0119dzy interfejsem diagnostycznym (np. DBScar, ThinkDiag, Ediag+) a portem OBD2 pojazdu. Zapewnia wi\u0119ksz\u0105 elastyczno\u015b\u0107, \u0142atwiejszy dost\u0119p w ciasnych przestrzeniach oraz chroni oryginalne gniazdo OBD2 przed cz\u0119stym zu\u017cyciem.<\/p>\n<p data-start=\"514\" data-end=\"655\">\ud83d\udd39 <strong data-start=\"517\" data-end=\"537\">Wa\u017cna informacja<\/strong><br data-start=\"537\" data-end=\"540\" \/>Ten produkt jest <strong data-start=\"559\" data-end=\"577\">wy\u0142\u0105cznie akcesorium<\/strong>.<br data-start=\"578\" data-end=\"581\" \/>Nie zawiera oprogramowania ani nie zapewnia funkcji diagnostycznych samodzielnie.<\/p>\n<p data-start=\"662\" data-end=\"843\">\ud83d\udd39 <strong data-start=\"665\" data-end=\"687\">Wsparcie i doradztwo<\/strong><br data-start=\"687\" data-end=\"690\" \/>Potrzebujesz pomocy przy pod\u0142\u0105czaniu narz\u0119dzia diagnostycznego za pomoc\u0105 kabla przed\u0142u\u017caj\u0105cego?<br data-start=\"757\" data-end=\"760\" \/>Nasz zesp\u00f3\u0142 mo\u017ce zapewni\u0107 wskaz\u00f3wki, aby zagwarantowa\u0107 prawid\u0142ow\u0105 instalacj\u0119 i najlepsz\u0105 wydajno\u015b\u0107.<\/p>\n<p data-start=\"850\" data-end=\"1034\">\ud83d\udd39 <strong data-start=\"853\" data-end=\"874\">Zapewnienie jako\u015bci<\/strong><br data-start=\"874\" data-end=\"877\" \/>Ka\u017cdy kabel jest testowany przed wysy\u0142k\u0105, aby zagwarantowa\u0107 niezawodny transfer danych przez wszystkie 16 pin\u00f3w oraz stabiln\u0105 komunikacj\u0119 dla diagnostyki OBD2 i CAN-FD.<\/p>\n<h2 data-start=\"1041\" data-end=\"1062\">Cechy produktu<\/h2>\n<ul data-start=\"1064\" data-end=\"1460\">\n<li data-start=\"1064\" data-end=\"1114\">\n<p data-start=\"1066\" data-end=\"1114\"><strong data-start=\"1066\" data-end=\"1112\">16-pinowy kabel przed\u0142u\u017caj\u0105cy OBD2 m\u0119ski\u2013\u017ce\u0144ski<\/strong><\/p>\n<\/li>\n<li data-start=\"1115\" data-end=\"1164\">\n<p data-start=\"1117\" data-end=\"1164\" class=\" translation-block\">Obs\u0142uguje <strong data-start=\"1126\" data-end=\"1162\">standardowe protoko\u0142y OBD2 i CAN-FD<\/strong><\/p>\n<\/li>\n<li data-start=\"1165\" data-end=\"1232\">\n<p data-start=\"1167\" data-end=\"1232\">Elastyczna i wytrzyma\u0142a konstrukcja, odpowiednia do \u015brodowiska warsztatowego<\/p>\n<\/li>\n<li data-start=\"1233\" data-end=\"1306\">\n<p data-start=\"1235\" data-end=\"1306\">Zmniejsza zu\u017cycie gniazda OBD2 pojazdu poprzez ograniczenie bezpo\u015bredniego obci\u0105\u017cenia<\/p>\n<\/li>\n<li data-start=\"1307\" data-end=\"1367\">\n<p data-start=\"1309\" data-end=\"1367\">Zapewnia \u0142atwiejszy dost\u0119p do trudno dost\u0119pnych port\u00f3w diagnostycznych<\/p>\n<\/li>\n<li data-start=\"1368\" data-end=\"1460\">\n<p data-start=\"1370\" data-end=\"1460\">Idealny do u\u017cytku z adapterami Bluetooth OBD2 \u2013 poprawia umiejscowienie i stabilno\u015b\u0107 po\u0142\u0105czenia<\/p>\n<\/li>\n<\/ul>\n<h3 data-start=\"1467\" data-end=\"1499\">\ud83d\udce6 Zawarto\u015b\u0107 opakowania<\/h3>\n<ul data-start=\"1500\" data-end=\"1544\">\n<li data-start=\"1500\" data-end=\"1544\">\n<p data-start=\"1502\" data-end=\"1544\">1 \u00d7 kabel przed\u0142u\u017caj\u0105cy DiagZone CAN-FD OBD2<\/p>\n<\/li>\n<\/ul>\n<p data-start=\"1551\" data-end=\"1807\">\u2705 <strong data-start=\"1553\" data-end=\"1805\">Kr\u00f3tko m\u00f3wi\u0105c, przed\u0142u\u017cacz OBD2 CAN-FD DiagZone to praktyczne i niezawodne akcesorium do diagnostyki profesjonalnej lub prywatnej. Zapewnia stabiln\u0105 komunikacj\u0119, wyd\u0142u\u017ca \u017cywotno\u015b\u0107 z\u0142\u0105cza i sprawia, \u017ce konfiguracja diagnostyczna jest wygodniejsza i trwalsza.<\/strong><\/p>","protected":false},"excerpt":{"rendered":"<p>Wysokiej jako\u015bci kabel przed\u0142u\u017caj\u0105cy OBD2 (16-pinowy) umo\u017cliwiaj\u0105cy zwi\u0119kszenie odleg\u0142o\u015bci mi\u0119dzy urz\u0105dzeniem diagnostycznym a portem OBD2 pojazdu. Poprawia dost\u0119p, zmniejsza zu\u017cycie z\u0142\u0105cza oraz optymalizuje wydajno\u015b\u0107 Bluetooth\/WiFi.<\/p>","protected":false},"featured_media":3450,"template":"","meta":{"_acf_changed":false,"_seopress_robots_primary_cat":"none","_seopress_titles_title":"OBD2 Extension Cable \u2013 16-pin Male to Female Diagnostic Extension","_seopress_titles_desc":"Buy durable OBD2 extension cable (16-pin). Extends reach between diagnostic tool and vehicle\u2019s OBD2 port, reduces socket wear, and improves accessibility for workshop setups.","_seopress_robots_index":"","inline_featured_image":false,"_kad_blocks_custom_css":"","_kad_blocks_head_custom_js":"","_kad_blocks_body_custom_js":"","_kad_blocks_footer_custom_js":"","_themeisle_gutenberg_block_has_review":false,"_kad_post_transparent":"default","_kad_post_title":"","_kad_post_layout":"default","_kad_post_sidebar_id":"","_kad_post_content_style":"default","_kad_post_vertical_padding":"default","_kad_post_feature":"","_kad_post_feature_position":"","_kad_post_header":false,"_kad_post_footer":false,"iawp_total_views":63},"product_cat":[22],"product_tag":[65,25,63,64,42],"class_list":{"0":"post-3419","1":"product","2":"type-product","3":"status-publish","4":"has-post-thumbnail","6":"product_cat-accessories","7":"product_tag-16-pin","8":"product_tag-adapter","9":"product_tag-can-fd","10":"product_tag-extension-cable","11":"product_tag-obd2","13":"first","14":"instock","15":"shipping-taxable","16":"purchasable","17":"product-type-simple","18":"entry","19":"content-bg","20":"loop-entry"},"acf":[],"taxonomy_info":{"product_cat":[{"value":22,"label":"Accessories"}],"product_tag":[{"value":65,"label":"16-Pin"},{"value":25,"label":"Adapter"},{"value":63,"label":"CAN-FD"},{"value":64,"label":"Extension Cable"},{"value":42,"label":"OBD2"}]},"featured_image_src_large":["https:\/\/diagzone.org\/wp-content\/uploads\/2025\/09\/Diagzone_Launch_X431_CAN_FD_1.jpg",600,600,false],"author_info":[],"comment_info":"","_links":{"self":[{"href":"https:\/\/diagzone.org\/pl\/wp-json\/wp\/v2\/product\/3419","targetHints":{"allow":["GET"]}}],"collection":[{"href":"https:\/\/diagzone.org\/pl\/wp-json\/wp\/v2\/product"}],"about":[{"href":"https:\/\/diagzone.org\/pl\/wp-json\/wp\/v2\/types\/product"}],"wp:featuredmedia":[{"embeddable":true,"href":"https:\/\/diagzone.org\/pl\/wp-json\/wp\/v2\/media\/3450"}],"wp:attachment":[{"href":"https:\/\/diagzone.org\/pl\/wp-json\/wp\/v2\/media?parent=3419"}],"wp:term":[{"taxonomy":"product_cat","embeddable":true,"href":"https:\/\/diagzone.org\/pl\/wp-json\/wp\/v2\/product_cat?post=3419"},{"taxonomy":"product_tag","embeddable":true,"href":"https:\/\/diagzone.org\/pl\/wp-json\/wp\/v2\/product_tag?post=3419"}],"curies":[{"name":"wp","href":"https:\/\/api.w.org\/{rel}","templated":true}]}}