
{"id":3422,"date":"2025-09-27T12:56:14","date_gmt":"2025-09-27T10:56:14","guid":{"rendered":"https:\/\/diagzone.org\/?post_type=product&#038;p=3422"},"modified":"2025-09-27T19:06:54","modified_gmt":"2025-09-27T17:06:54","slug":"16-pin-eobd-extension-cable-diagzone-compatible","status":"publish","type":"product","link":"https:\/\/diagzone.org\/pl\/produkt\/16-pin-eobd-extension-cable-diagzone-compatible\/","title":{"rendered":"Przed\u0142u\u017cacz EOBD 16-pin \u2013 kompatybilny z DiagZone"},"content":{"rendered":"<p data-start=\"220\" data-end=\"677\" class=\" translation-block\">Dzi\u0119kujemy za zainteresowanie <strong data-start=\"255\" data-end=\"296\">przewodem przed\u0142u\u017caj\u0105cym EOBD 16-pin na 16-pin<\/strong>.<br data-start=\"297\" data-end=\"300\">Ten wysokiej jako\u015bci kabel zosta\u0142 zaprojektowany do wsp\u00f3\u0142pracy z <strong data-start=\"353\" data-end=\"374\">platform\u0105 DiagZone<\/strong> i jest w pe\u0142ni kompatybilny ze wszystkimi oferowanymi przez nas z\u0142\u0105czami OBD, w tym DBScar 5, DBScar 7, ThinkDiag 2, Ediag+ oraz SmartLink C 2.0. Przed\u0142u\u017ca po\u0142\u0105czenie pomi\u0119dzy adapterem diagnostycznym a portem OBD2\/EOBD pojazdu, zapewniaj\u0105c wi\u0119ksz\u0105 elastyczno\u015b\u0107, \u0142atwiejszy dost\u0119p oraz mniejsze zu\u017cycie oryginalnego gniazda.<\/p>\n<p data-start=\"684\" data-end=\"791\">\ud83d\udd39 <strong data-start=\"687\" data-end=\"707\">Wa\u017cna informacja<\/strong><br data-start=\"707\" data-end=\"710\" \/>Ten produkt jest <strong data-start=\"726\" data-end=\"743\">wy\u0142\u0105cznie sprz\u0119t<\/strong>.<br data-start=\"744\" data-end=\"747\" \/>Nie zawiera oprogramowania ani licencji.<\/p>\n<p data-start=\"798\" data-end=\"996\">\ud83d\udd39 <strong data-start=\"801\" data-end=\"823\">Wsparcie i doradztwo<\/strong><br data-start=\"823\" data-end=\"826\" \/>Potrzebujesz pomocy przy pod\u0142\u0105czaniu adaptera za pomoc\u0105 kabla przed\u0142u\u017caj\u0105cego?<br data-start=\"888\" data-end=\"891\" \/>Nasz zesp\u00f3\u0142 mo\u017ce zapewni\u0107 wsparcie, aby zagwarantowa\u0107 prawid\u0142ow\u0105 instalacj\u0119 i niezawodne u\u017cytkowanie z oprogramowaniem DiagZone.<\/p>\n<p data-start=\"1003\" data-end=\"1179\">\ud83d\udd39 <strong data-start=\"1006\" data-end=\"1027\">Zapewnienie jako\u015bci<\/strong><br data-start=\"1027\" data-end=\"1030\" \/>Ka\u017cdy kabel jest testowany przed wysy\u0142k\u0105, aby zagwarantowa\u0107 prawid\u0142owe po\u0142\u0105czenie pin-do-pin, stabiln\u0105 transmisj\u0119 danych oraz trwa\u0142o\u015b\u0107 odpowiedni\u0105 do warunk\u00f3w warsztatowych.<\/p>\n<h2 data-start=\"1186\" data-end=\"1207\">Cechy produktu<\/h2>\n<ul data-start=\"1209\" data-end=\"1702\">\n<li data-start=\"1209\" data-end=\"1271\">\n<p data-start=\"1211\" data-end=\"1271\"><strong data-start=\"1211\" data-end=\"1269\">Przed\u0142u\u017cacz OBD2\/EOBD 16-pin m\u0119ski na 16-pin \u017ce\u0144ski<\/strong><\/p>\n<\/li>\n<li data-start=\"1272\" data-end=\"1382\">\n<p data-start=\"1274\" data-end=\"1382\" class=\" translation-block\">W pe\u0142ni kompatybilny z <strong data-start=\"1296\" data-end=\"1321\">DiagZone OBD adapters<\/strong> (DBScar 5, DBScar 7, ThinkDiag 2, Ediag+, SmartLink C 2.0)<\/p>\n<\/li>\n<li data-start=\"1383\" data-end=\"1469\">\n<p data-start=\"1385\" data-end=\"1469\">Wyd\u0142u\u017ca po\u0142\u0105czenie mi\u0119dzy narz\u0119dziem diagnostycznym a pojazdem, zapewniaj\u0105c wi\u0119ksz\u0105 elastyczno\u015b\u0107<\/p>\n<\/li>\n<li data-start=\"1470\" data-end=\"1537\">\n<p data-start=\"1472\" data-end=\"1537\">Chroni oryginalne gniazdo OBD2 przed cz\u0119stym obci\u0105\u017ceniem i zu\u017cyciem<\/p>\n<\/li>\n<li data-start=\"1538\" data-end=\"1621\">\n<p data-start=\"1540\" data-end=\"1621\">Niezawodna transmisja sygna\u0142u zapewniaj\u0105ca dok\u0142adn\u0105 diagnostyk\u0119 wszystkich obs\u0142ugiwanych pojazd\u00f3w<\/p>\n<\/li>\n<li data-start=\"1622\" data-end=\"1702\">\n<p data-start=\"1624\" data-end=\"1702\">Wytrzyma\u0142a i elastyczna konstrukcja do profesjonalnych warsztat\u00f3w oraz u\u017cytku prywatnego<\/p>\n<\/li>\n<\/ul>\n<h3 data-start=\"1709\" data-end=\"1741\">\ud83d\udce6 Zawarto\u015b\u0107 opakowania<\/h3>\n<ul data-start=\"1742\" data-end=\"1792\">\n<li data-start=\"1742\" data-end=\"1792\">\n<p data-start=\"1744\" data-end=\"1792\">1 \u00d7 Przed\u0142u\u017cacz OBD2\/EOBD 16-pin do 16-pin<\/p>\n<\/li>\n<\/ul>\n<p data-start=\"1799\" data-end=\"2065\">\u2705 <strong data-start=\"1801\" data-end=\"2063\">Kr\u00f3tko m\u00f3wi\u0105c, przed\u0142u\u017cacz EOBD 16-pin na 16-pin to idealne akcesorium dla u\u017cytkownik\u00f3w DiagZone. Wsp\u00f3\u0142pracuje ze wszystkimi obs\u0142ugiwanymi adapterami OBD, zapewnia stabiln\u0105 diagnostyk\u0119, chroni port OBD2 pojazdu i u\u0142atwia pod\u0142\u0105czanie w ka\u017cdym \u015brodowisku warsztatowym.<\/strong><\/p>","protected":false},"excerpt":{"rendered":"<p>Przed\u0142u\u017cacz EOBD 16-pin do 16-pin jest w pe\u0142ni kompatybilny z platform\u0105 DiagZone oraz wszystkimi naszymi adapterami OBD (DBScar 5, DBScar 7, ThinkDiag 2, Ediag+, SmartLink C 2.0). Przed\u0142u\u017ca po\u0142\u0105czenie diagnostyczne, chroni port OBD2 i zapewnia stabiln\u0105 komunikacj\u0119 podczas diagnostyki pojazdu.<\/p>","protected":false},"featured_media":3458,"template":"","meta":{"_acf_changed":false,"_seopress_robots_primary_cat":"none","_seopress_titles_title":"16-Pin EOBD Extension Cable \u2013 Compatible with DiagZone & All OBD Adapters","_seopress_titles_desc":"Buy the 16-Pin to 16-Pin EOBD Extension Cable for DiagZone. Works with DBScar 5, DBScar 7, ThinkDiag 2, Ediag+, and SmartLink C 2.0. Protects the OBD2 port, extends connection reach, and ensures stable diagnostic performance.","_seopress_robots_index":"","inline_featured_image":false,"_kad_blocks_custom_css":"","_kad_blocks_head_custom_js":"","_kad_blocks_body_custom_js":"","_kad_blocks_footer_custom_js":"","_themeisle_gutenberg_block_has_review":false,"_kad_post_transparent":"default","_kad_post_title":"","_kad_post_layout":"default","_kad_post_sidebar_id":"","_kad_post_content_style":"default","_kad_post_vertical_padding":"default","_kad_post_feature":"","_kad_post_feature_position":"","_kad_post_header":false,"_kad_post_footer":false,"iawp_total_views":85},"product_cat":[22],"product_tag":[65,66,64,42],"class_list":{"0":"post-3422","1":"product","2":"type-product","3":"status-publish","4":"has-post-thumbnail","6":"product_cat-accessories","7":"product_tag-16-pin","8":"product_tag-eobd","9":"product_tag-extension-cable","10":"product_tag-obd2","12":"first","13":"instock","14":"shipping-taxable","15":"purchasable","16":"product-type-simple","17":"entry","18":"content-bg","19":"loop-entry"},"acf":[],"taxonomy_info":{"product_cat":[{"value":22,"label":"Accessories"}],"product_tag":[{"value":65,"label":"16-Pin"},{"value":66,"label":"EOBD"},{"value":64,"label":"Extension Cable"},{"value":42,"label":"OBD2"}]},"featured_image_src_large":["https:\/\/diagzone.org\/wp-content\/uploads\/2025\/09\/Diagzone_16pin_to_16pin_OBD2_cable_1.jpg",600,600,false],"author_info":[],"comment_info":"","_links":{"self":[{"href":"https:\/\/diagzone.org\/pl\/wp-json\/wp\/v2\/product\/3422","targetHints":{"allow":["GET"]}}],"collection":[{"href":"https:\/\/diagzone.org\/pl\/wp-json\/wp\/v2\/product"}],"about":[{"href":"https:\/\/diagzone.org\/pl\/wp-json\/wp\/v2\/types\/product"}],"wp:featuredmedia":[{"embeddable":true,"href":"https:\/\/diagzone.org\/pl\/wp-json\/wp\/v2\/media\/3458"}],"wp:attachment":[{"href":"https:\/\/diagzone.org\/pl\/wp-json\/wp\/v2\/media?parent=3422"}],"wp:term":[{"taxonomy":"product_cat","embeddable":true,"href":"https:\/\/diagzone.org\/pl\/wp-json\/wp\/v2\/product_cat?post=3422"},{"taxonomy":"product_tag","embeddable":true,"href":"https:\/\/diagzone.org\/pl\/wp-json\/wp\/v2\/product_tag?post=3422"}],"curies":[{"name":"wp","href":"https:\/\/api.w.org\/{rel}","templated":true}]}}