
{"id":670,"date":"2024-01-19T20:56:43","date_gmt":"2024-01-19T19:56:43","guid":{"rendered":"https:\/\/diagzone.org\/?post_type=product&#038;p=670"},"modified":"2025-09-26T13:15:37","modified_gmt":"2025-09-26T11:15:37","slug":"launch-dbscar-vii-dbscar7-bluetooth-obd2-scanner-supports-can-fd-doip-protocols-powerful-all-systems-for-x431","status":"publish","type":"product","link":"https:\/\/diagzone.org\/pl\/produkt\/launch-dbscar-vii-dbscar7-bluetooth-obd2-scanner-supports-can-fd-doip-protocols-powerful-all-systems-for-x431\/","title":{"rendered":"Launch DBScar VII DBSCAR7 Bluetooth skaner OBD2 z obs\u0142ug\u0105 CAN-FD i DoIP \u2013 zaawansowana diagnostyka wszystkich system\u00f3w dla X431"},"content":{"rendered":"<p data-start=\"252\" data-end=\"470\" class=\" translation-block\"><strong data-start=\"252\" data-end=\"329\">Dzi\u0119kujemy za zainteresowanie Original Launch DBScar VII (DBScar 7).<\/strong><br data-start=\"329\" data-end=\"332\">Ten konektor jest <strong data-start=\"350\" data-end=\"363\">fabrycznie nowy<\/strong>, przetestowany na <strong data-start=\"379\" data-end=\"400\">platformie DiagZone<\/strong>, i gwarantuje zar\u00f3wno <strong data-start=\"422\" data-end=\"438\">autentyczno\u015b\u0107<\/strong>, jak i <strong data-start=\"443\" data-end=\"467\">najwy\u017csz\u0105 wydajno\u015b\u0107<\/strong>.<\/p>\n<h2 data-start=\"472\" data-end=\"496\">\ud83d\udd39 Wa\u017cna informacja<\/h2>\n<p data-start=\"497\" data-end=\"681\" class=\" translation-block\">Launch <strong data-start=\"508\" data-end=\"533\">DBScar VII (DBScar 7)<\/strong> jest dostarczany <strong data-start=\"547\" data-end=\"585\">bez <a href=\"https:\/\/diagzone.org\/diagzone-activation\/\" target=\"_self\">preinstalowanego oprogramowania<\/a><\/strong>.<br data-start=\"586\" data-end=\"589\">Aby odblokowa\u0107 pe\u0142ny potencja\u0142 tego urz\u0105dzenia, wymagany jest <strong data-start=\"636\" data-end=\"678\">oddzielny <a href=\"https:\/\/diagzone.org\/diagzone-buy-subscription\/\" target=\"_self\">zakup oprogramowania<\/a><\/strong>.<\/p>\n<h2 data-start=\"683\" data-end=\"709\">\ud83d\udd39 Wsparcie i wskaz\u00f3wki<\/h2>\n<p data-start=\"710\" data-end=\"940\" class=\" translation-block\">Potrzebujesz pomocy przy <strong data-start=\"725\" data-end=\"748\">aktywacji DiagZone<\/strong>?<br data-start=\"749\" data-end=\"752\">Nasz zesp\u00f3\u0142 zapewnia <strong data-start=\"787\" data-end=\"814\">pomoc krok po kroku<\/strong>. Zach\u0119camy do <a href=\"https:\/\/wa.me\/31647604324\" target=\"_self\"><strong data-start=\"829\" data-end=\"851\">kontaktu w dowolnym momencie<\/strong><\/a>, je\u015bli potrzebujesz wsparcia przy aktywacji urz\u0105dzenia na <strong data-start=\"911\" data-end=\"937\">platformie OBD2 DiagZone<\/strong>.<\/p>\n<h2 data-start=\"942\" data-end=\"967\">\ud83d\udd39 Zapewnienie jako\u015bci<\/h2>\n<p data-start=\"968\" data-end=\"1141\" class=\" translation-block\">Ka\u017cdy DBScar VII przechodzi <strong data-start=\"995\" data-end=\"1040\">rygorystyczne testy na testerze IO przed wysy\u0142k\u0105<\/strong>.<br data-start=\"1041\" data-end=\"1044\">Gwarantuje to <strong data-start=\"1060\" data-end=\"1086\">bezb\u0142\u0119dne dzia\u0142anie<\/strong>, profesjonaln\u0105 niezawodno\u015b\u0107 oraz d\u0142ugotrwa\u0142\u0105 trwa\u0142o\u015b\u0107.<\/p>\n<h2 data-start=\"1143\" data-end=\"1167\">Opis produktu<\/h2>\n<p data-start=\"1168\" data-end=\"1318\" class=\" translation-block\"><strong data-start=\"1172\" data-end=\"1204\">Launch DBScar VII (DBScar 7)<\/strong> to zaawansowany <strong data-start=\"1220\" data-end=\"1249\">z\u0142\u0105cze diagnostyczne OBD2<\/strong>, zaprojektowane <strong data-start=\"1259\" data-end=\"1315\">wy\u0142\u0105cznie z my\u015bl\u0105 o kompatybilno\u015bci z oprogramowaniem DiagZone<\/strong>.<\/p>\n<p data-start=\"1320\" data-end=\"1533\">\u2705 Dzia\u0142a jako <strong data-start=\"1333\" data-end=\"1372\">profesjonalny adapter Bluetooth OBD2<\/strong><br data-start=\"1372\" data-end=\"1375\" \/>\u2705 <strong data-start=\"444\" data-end=\"496\">Obs\u0142uguje urz\u0105dzenia z systemem Android (smartfony i tablety)<\/strong> \u2013 w pe\u0142ni kompatybilny z <strong data-start=\"521\" data-end=\"537\">Android 7\u201313<\/strong>, a tak\u017ce z <strong data-start=\"553\" data-end=\"589\">Android 14 (tylko systemy 32-bitowe)<\/strong><br data-start=\"1425\" data-end=\"1428\" \/>\u2705 Przetestowany z <strong data-start=\"1442\" data-end=\"1480\">oprogramowanie DiagZone do weryfikacji autentyczno\u015bci<\/strong><br data-start=\"1480\" data-end=\"1483\" \/>\u2705 \u0141atwa aktywacja z oddzieln\u0105 licencj\u0105 oprogramowania<\/p>\n<p data-start=\"1535\" data-end=\"1618\">\u26a0\ufe0f <strong data-start=\"176\" data-end=\"192\">Prosimy o uwag\u0119:<\/strong> To z\u0142\u0105cze nie zawiera \u017cadnego oprogramowania ani subskrypcji.<br data-start=\"254\" data-end=\"257\" \/>\ud83d\udc49 A <strong data-start=\"262\" data-end=\"296\">Subskrypcja oprogramowania DiagZone<\/strong> mo\u017cna zakupi\u0107 osobno tutaj: <a class=\"decorated-link\" href=\"https:\/\/diagzone.org\/diagzone-buy-subscription\/\" target=\"_new\" rel=\"noopener\" data-start=\"331\" data-end=\"407\" data-is-only-node=\"\">Kup subskrypcj\u0119 DiagZone<\/a><\/p>\n<h2 data-start=\"1620\" data-end=\"1654\">Dlaczego warto wybra\u0107 Launch DBScar VII?<\/h2>\n<ul>\n<li data-start=\"216\" data-end=\"287\">\n<p data-start=\"218\" data-end=\"287\"><strong data-start=\"218\" data-end=\"285\">Oryginalne urz\u0105dzenie Launch \u2013 Pe\u0142ny chip \u2013 brak klon\u00f3w, brak podr\u00f3bek<\/strong><\/p>\n<\/li>\n<li data-start=\"288\" data-end=\"335\">\n<p data-start=\"290\" data-end=\"335\" class=\" translation-block\"><strong data-start=\"290\" data-end=\"317\">Testowane w 100 % na DiagZone<\/strong> przed wysy\u0142k\u0105<\/p>\n<\/li>\n<li data-start=\"336\" data-end=\"399\">\n<p data-start=\"338\" data-end=\"399\" class=\" translation-block\"><strong data-start=\"338\" data-end=\"369\">Profesjonalne z\u0142\u0105cze OBD2<\/strong> z gwarantowan\u0105 wydajno\u015bci\u0105<\/p>\n<\/li>\n<li data-start=\"400\" data-end=\"500\">\n<p data-start=\"402\" data-end=\"500\" class=\" translation-block\">Kompatybilny z <strong data-start=\"418\" data-end=\"498\">pakietami oprogramowania DiagZone dla samochod\u00f3w osobowych, pojazd\u00f3w elektrycznych i ci\u0119\u017carowych<\/strong><\/p>\n<\/li>\n<li data-start=\"501\" data-end=\"612\">\n<p data-start=\"503\" data-end=\"612\" class=\" translation-block\">Obs\u0142uguje wszystkie g\u0142\u00f3wne protoko\u0142y diagnostyczne: <strong data-start=\"544\" data-end=\"610\">ISO9141, KWP2000, J1850 VPW, J1850 PWM, CAN, UDS, DOIP, CAN-FD<\/strong><\/p>\n<\/li>\n<\/ul>","protected":false},"excerpt":{"rendered":"<p data-start=\"129\" data-end=\"534\">Oryginalny Launch DBScar VII (DBScar 7) to wysokowydajny adapter Bluetooth OBD2, zaprojektowany z my\u015bl\u0105 o szybko\u015bci, niezawodno\u015bci i precyzyjnym przesyle danych. Obs\u0142uguje najnowsze protoko\u0142y pojazd\u00f3w, w tym CAN FD i DOIP, dzi\u0119ki czemu doskonale sprawdza si\u0119 w nowoczesnych samochodach, pojazdach elektrycznych i ci\u0119\u017carowych. Szeroki zakres obs\u0142ugi oraz profesjonalna wydajno\u015b\u0107 w kompaktowej obudowie zapewniaj\u0105 szybk\u0105 i stabiln\u0105 komunikacj\u0119 do zaawansowanej diagnostyki.<\/p>","protected":false},"featured_media":3312,"template":"","meta":{"_acf_changed":false,"_seopress_robots_primary_cat":"none","_seopress_titles_title":"Original Launch DBScar VII (DBScar 7)","_seopress_titles_desc":"Original Launch DBScar VII, a tested product ensuring authenticity and superior performance on the Diagzone platform.","_seopress_robots_index":"","inline_featured_image":false,"_kad_blocks_custom_css":"","_kad_blocks_head_custom_js":"","_kad_blocks_body_custom_js":"","_kad_blocks_footer_custom_js":"","_themeisle_gutenberg_block_has_review":false,"_kad_post_transparent":"default","_kad_post_title":"","_kad_post_layout":"default","_kad_post_sidebar_id":"","_kad_post_content_style":"default","_kad_post_vertical_padding":"default","_kad_post_feature":"","_kad_post_feature_position":"","_kad_post_header":false,"_kad_post_footer":false,"iawp_total_views":745},"product_cat":[19],"product_tag":[],"class_list":{"0":"post-670","1":"product","2":"type-product","3":"status-publish","4":"has-post-thumbnail","6":"product_cat-obd-connectors","8":"first","9":"instock","10":"shipping-taxable","11":"purchasable","12":"product-type-simple","13":"entry","14":"content-bg","15":"loop-entry"},"acf":[],"taxonomy_info":{"product_cat":[{"value":19,"label":"Obd connectors"}]},"featured_image_src_large":["https:\/\/diagzone.org\/wp-content\/uploads\/2024\/01\/DBS_Car_VII_1.jpg",600,600,false],"author_info":[],"comment_info":"","_links":{"self":[{"href":"https:\/\/diagzone.org\/pl\/wp-json\/wp\/v2\/product\/670","targetHints":{"allow":["GET"]}}],"collection":[{"href":"https:\/\/diagzone.org\/pl\/wp-json\/wp\/v2\/product"}],"about":[{"href":"https:\/\/diagzone.org\/pl\/wp-json\/wp\/v2\/types\/product"}],"wp:featuredmedia":[{"embeddable":true,"href":"https:\/\/diagzone.org\/pl\/wp-json\/wp\/v2\/media\/3312"}],"wp:attachment":[{"href":"https:\/\/diagzone.org\/pl\/wp-json\/wp\/v2\/media?parent=670"}],"wp:term":[{"taxonomy":"product_cat","embeddable":true,"href":"https:\/\/diagzone.org\/pl\/wp-json\/wp\/v2\/product_cat?post=670"},{"taxonomy":"product_tag","embeddable":true,"href":"https:\/\/diagzone.org\/pl\/wp-json\/wp\/v2\/product_tag?post=670"}],"curies":[{"name":"wp","href":"https:\/\/api.w.org\/{rel}","templated":true}]}}