
{"id":673,"date":"2024-01-19T20:57:45","date_gmt":"2024-01-19T19:57:45","guid":{"rendered":"https:\/\/diagzone.org\/?post_type=product&#038;p=673"},"modified":"2026-01-05T13:58:38","modified_gmt":"2026-01-05T12:58:38","slug":"thinkcar-thinkdiag-2-can-fd-bi-directional-obd2-scanner","status":"publish","type":"product","link":"https:\/\/diagzone.org\/pl\/produkt\/thinkcar-thinkdiag-2-can-fd-bi-directional-obd2-scanner\/","title":{"rendered":"THINKCAR ThinkDiag 2 Dwukierunkowy skaner OBD2 CAN-FD"},"content":{"rendered":"<p data-start=\"162\" data-end=\"369\" class=\" translation-block\">Dzi\u0119kujemy za zainteresowanie <strong data-start=\"197\" data-end=\"221\">Original THINKDIAG 2<\/strong>.<br data-start=\"222\" data-end=\"225\">Ten z\u0142\u0105cze diagnostyczne jest fabrycznie nowe, w pe\u0142ni przetestowane na <strong data-start=\"285\" data-end=\"306\">DiagZone platform<\/strong> i gwarantuje zar\u00f3wno oryginalno\u015b\u0107, jak i doskona\u0142\u0105 wydajno\u015b\u0107.<\/p>\n<h2 data-start=\"371\" data-end=\"395\">\ud83d\udd39 Wa\u017cna informacja<\/h2>\n<p data-start=\"396\" data-end=\"534\" class=\" translation-block\">THINKDIAG 2 jest dostarczany <a href=\"https:\/\/diagzone.org\/diagzone-activation\/\" target=\"_self\"><strong data-start=\"425\" data-end=\"463\">bez wst\u0119pnie zainstalowanego oprogramowania<\/strong><\/a>.<br data-start=\"464\" data-end=\"467\">Aby korzysta\u0107 z tego urz\u0105dzenia, wymagany jest <strong data-start=\"489\" data-end=\"531\">oddzielny <a href=\"https:\/\/diagzone.org\/diagzone-buy-subscription\/\" target=\"_self\">zakup oprogramowania<\/a><\/strong>.<\/p>\n<h2 data-start=\"536\" data-end=\"562\">\ud83d\udd39 Wsparcie i wskaz\u00f3wki<\/h2>\n<p data-start=\"563\" data-end=\"775\" class=\" translation-block\">Potrzebujesz pomocy przy <strong data-start=\"578\" data-end=\"596\">konfiguracji DiagZone<\/strong>?<br data-start=\"597\" data-end=\"600\">Nasz zesp\u00f3\u0142 zapewnia wsparcie krok po kroku. W razie potrzeby mo\u017cesz w ka\u017cdej chwili <a href=\"https:\/\/wa.me\/31647604324\" target=\"_self\">skontaktowa\u0107 si\u0119 z nami<\/a>, aby uzyska\u0107 pomoc w korzystaniu z urz\u0105dzenia z <strong data-start=\"746\" data-end=\"772\">DiagZone OBD2 platform<\/strong>.<\/p>\n<h2 data-start=\"777\" data-end=\"802\">\ud83d\udd39 Zapewnienie jako\u015bci<\/h2>\n<p data-start=\"803\" data-end=\"977\" class=\" translation-block\">Ka\u017cdy THINKDIAG 2 przechodzi <strong data-start=\"831\" data-end=\"881\">rygorystyczne testy funkcjonalno\u015bci przed wysy\u0142k\u0105<\/strong>.<br data-start=\"882\" data-end=\"885\">Zapewnia to bezb\u0142\u0119dne dzia\u0142anie, niezawodno\u015b\u0107 klasy profesjonalnej oraz d\u0142ug\u0105 \u017cywotno\u015b\u0107.<\/p>\n<h1 data-start=\"979\" data-end=\"1002\">Opis produktu<\/h1>\n<p data-start=\"1004\" data-end=\"1159\" class=\" translation-block\"><strong data-start=\"1008\" data-end=\"1023\">THINKDIAG 2<\/strong> to kompaktowy i wydajny <strong data-start=\"1050\" data-end=\"1089\">diagnostyczny konektor OBD2 Bluetooth<\/strong>, zaprojektowany wy\u0142\u0105cznie do wsp\u00f3\u0142pracy z <strong data-start=\"1135\" data-end=\"1156\">oprogramowaniem DiagZone<\/strong>.<\/p>\n<p data-start=\"1161\" data-end=\"1586\">\u2705 Dzia\u0142a jako profesjonalny adapter Bluetooth OBD2<br data-start=\"1209\" data-end=\"1212\" \/>\u2705 Obs\u0142uguje urz\u0105dzenia z systemem Android (smartfony i tablety) \u2013 w pe\u0142ni kompatybilny z <strong data-start=\"1287\" data-end=\"1303\">Android 7\u201313<\/strong>, a tak\u017ce z <strong data-start=\"1319\" data-end=\"1355\">Android 14 (tylko systemy 32-bitowe)<\/strong><br data-start=\"1355\" data-end=\"1358\" \/>\u2705 Przetestowany z oprogramowaniem DiagZone w celu potwierdzenia autentyczno\u015bci<br data-start=\"1406\" data-end=\"1409\" \/>\u2705 Szybkie i stabilne po\u0142\u0105czenie Bluetooth 5.0 dual-mode<br data-start=\"1459\" data-end=\"1462\" \/>\u2705 Wytrzyma\u0142a konstrukcja z obudow\u0105 ABS+PC+TPU oraz podw\u00f3jnymi diodami sygnalizacyjnymi<br data-start=\"1528\" data-end=\"1531\" \/>\u2705 W zestawie <strong data-start=\"1544\" data-end=\"1565\">Kabel OBD2 0,65 m<\/strong> dla wygodnego u\u017cytkowania<\/p>\n<p data-start=\"1588\" data-end=\"1824\">\u26a0\ufe0f Uwaga: To z\u0142\u0105cze nie zawiera \u017cadnego oprogramowania ani subskrypcji.<br data-start=\"1669\" data-end=\"1672\" \/>\ud83d\udc49 Subskrypcj\u0119 oprogramowania DiagZone mo\u017cna dokupi\u0107 osobno tutaj: <a class=\"decorated-link\" href=\"https:\/\/diagzone.org\/diagzone-buy-subscription\/\" target=\"_new\" rel=\"noopener\" data-start=\"1746\" data-end=\"1822\">Kup subskrypcj\u0119 DiagZone<\/a><\/p>\n<h1 data-start=\"1826\" data-end=\"1853\">Dlaczego warto wybra\u0107 THINKDIAG 2?<\/h1>\n<ul data-start=\"1855\" data-end=\"2272\">\n<li data-start=\"1855\" data-end=\"1907\">\n<p data-start=\"1857\" data-end=\"1907\"><strong data-start=\"1857\" data-end=\"1905\">Oryginalne urz\u0105dzenie \u2013 brak klon\u00f3w i podr\u00f3bek<\/strong><\/p>\n<\/li>\n<li data-start=\"1908\" data-end=\"1955\">\n<p data-start=\"1910\" data-end=\"1955\" class=\" translation-block\"><strong data-start=\"290\" data-end=\"317\">Testowane w 100 % na DiagZone<\/strong> przed wysy\u0142k\u0105<\/p>\n<\/li>\n<li data-start=\"1956\" data-end=\"2019\">\n<p data-start=\"1958\" data-end=\"2019\" class=\" translation-block\"><strong data-start=\"338\" data-end=\"369\">Profesjonalne z\u0142\u0105cze OBD2<\/strong> z gwarantowan\u0105 wydajno\u015bci\u0105<\/p>\n<\/li>\n<li data-start=\"2020\" data-end=\"2072\">\n<p data-start=\"2022\" data-end=\"2072\" class=\" translation-block\">Kompaktowy rozmiar, <strong data-start=\"2036\" data-end=\"2070\">\u0142atwa obs\u0142uga dzi\u0119ki Bluetooth 5.0<\/strong><\/p>\n<\/li>\n<li data-start=\"2073\" data-end=\"2169\">\n<p data-start=\"2075\" data-end=\"2169\" class=\" translation-block\">Kompatybilny z <strong data-start=\"418\" data-end=\"498\">pakietami oprogramowania DiagZone dla samochod\u00f3w osobowych, pojazd\u00f3w elektrycznych i ci\u0119\u017carowych<\/strong><\/p>\n<\/li>\n<li data-start=\"2170\" data-end=\"2272\">\n<p data-start=\"2172\" data-end=\"2272\" class=\" translation-block\">Obs\u0142uguje nowoczesne protoko\u0142y diagnostyczne: <strong data-start=\"2210\" data-end=\"2270\">ISO9141, KWP2000, J1850 VPW, J1850 PWM, CAN, UDS, CAN-FD<\/strong><\/p>\n<\/li>\n<\/ul>\n<p data-start=\"2274\" data-end=\"2453\">\u2705 Kr\u00f3tko m\u00f3wi\u0105c, <strong data-start=\"2290\" data-end=\"2305\">THINKDIAG 2<\/strong> jest idealnym rozwi\u0105zaniem dla ka\u017cdego, kto szuka <strong data-start=\"2353\" data-end=\"2414\">wydajny, kompaktowy i kompatybilny z DiagZone z\u0142\u0105cze OBD2<\/strong>, kt\u00f3remu ufaj\u0105 profesjonali\u015bci na ca\u0142ym \u015bwiecie.<\/p>","protected":false},"excerpt":{"rendered":"<p class=\" translation-block\"><strong data-start=\"157\" data-end=\"172\">THINKDIAG 2<\/strong> to wysokowydajny konektor Bluetooth OBD2, zaprojektowany z my\u015bl\u0105 o szybko\u015bci, niezawodno\u015bci i precyzyjnym przesyle danych. Obs\u0142uguje nowoczesn\u0105 komunikacj\u0119 <strong data-start=\"301\" data-end=\"325\">CAN-FD<\/strong>, dzi\u0119ki czemu idealnie nadaje si\u0119 do pojazd\u00f3w nowej generacji. Dzi\u0119ki szerokiemu zakresowi obs\u0142ugi \u2013 od samochod\u00f3w osobowych po pojazdy elektryczne i ci\u0119\u017carowe \u2013 oferuje profesjonaln\u0105 wydajno\u015b\u0107 w kompaktowej formie, w pe\u0142ni przetestowan\u0105 na <strong data-start=\"505\" data-end=\"526\">DiagZone platform<\/strong>.<\/p>","protected":false},"featured_media":3320,"template":"","meta":{"_acf_changed":false,"_seopress_robots_primary_cat":"none","_seopress_titles_title":"Elevate Your Diagnostic Capabilities - THINKDIAG2: CAN-FD","_seopress_titles_desc":"Enhance Your Diagnostics with THINKDIAG 2, Offering Support for CAN-FD Protocol and Bluetooth 5.0, Compatible with the DiagZone Server.","_seopress_robots_index":"","inline_featured_image":false,"_kad_blocks_custom_css":"","_kad_blocks_head_custom_js":"","_kad_blocks_body_custom_js":"","_kad_blocks_footer_custom_js":"","_themeisle_gutenberg_block_has_review":false,"_kad_post_transparent":"default","_kad_post_title":"","_kad_post_layout":"default","_kad_post_sidebar_id":"","_kad_post_content_style":"default","_kad_post_vertical_padding":"default","_kad_post_feature":"","_kad_post_feature_position":"","_kad_post_header":false,"_kad_post_footer":false,"iawp_total_views":1098},"product_cat":[19],"product_tag":[],"class_list":{"0":"post-673","1":"product","2":"type-product","3":"status-publish","4":"has-post-thumbnail","6":"product_cat-obd-connectors","8":"first","9":"instock","10":"sale","11":"shipping-taxable","12":"purchasable","13":"product-type-simple","14":"entry","15":"content-bg","16":"loop-entry"},"acf":[],"taxonomy_info":{"product_cat":[{"value":19,"label":"Obd connectors"}]},"featured_image_src_large":["https:\/\/diagzone.org\/wp-content\/uploads\/2024\/01\/ThinkDiag_2_1.jpg",600,600,false],"author_info":[],"comment_info":"","_links":{"self":[{"href":"https:\/\/diagzone.org\/pl\/wp-json\/wp\/v2\/product\/673","targetHints":{"allow":["GET"]}}],"collection":[{"href":"https:\/\/diagzone.org\/pl\/wp-json\/wp\/v2\/product"}],"about":[{"href":"https:\/\/diagzone.org\/pl\/wp-json\/wp\/v2\/types\/product"}],"wp:featuredmedia":[{"embeddable":true,"href":"https:\/\/diagzone.org\/pl\/wp-json\/wp\/v2\/media\/3320"}],"wp:attachment":[{"href":"https:\/\/diagzone.org\/pl\/wp-json\/wp\/v2\/media?parent=673"}],"wp:term":[{"taxonomy":"product_cat","embeddable":true,"href":"https:\/\/diagzone.org\/pl\/wp-json\/wp\/v2\/product_cat?post=673"},{"taxonomy":"product_tag","embeddable":true,"href":"https:\/\/diagzone.org\/pl\/wp-json\/wp\/v2\/product_tag?post=673"}],"curies":[{"name":"wp","href":"https:\/\/api.w.org\/{rel}","templated":true}]}}