
{"id":677,"date":"2024-01-19T20:59:38","date_gmt":"2024-01-19T19:59:38","guid":{"rendered":"https:\/\/diagzone.org\/?post_type=product&#038;p=677"},"modified":"2026-04-17T16:12:31","modified_gmt":"2026-04-17T14:12:31","slug":"launch-x431-dbscar5","status":"publish","type":"product","link":"https:\/\/diagzone.org\/pl\/produkt\/launch-x431-dbscar5\/","title":{"rendered":"Launch X431 DBSCAR5"},"content":{"rendered":"<p data-start=\"100\" data-end=\"411\" class=\" translation-block\"><strong data-start=\"104\" data-end=\"135\">DBScar 5 Bluetooth Connector<\/strong> to kompaktowy i profesjonalny adapter OBD2, zaprojektowany do po\u0142\u0105czenia oprogramowania DiagZone z tabletami lub smartfonami z systemem Android za po\u015brednictwem Bluetooth. Wykonany z wysokiej jako\u015bci komponent\u00f3w i przetestowany pod k\u0105tem pe\u0142nej kompatybilno\u015bci, zapewnia stabiln\u0105 i szybk\u0105 komunikacj\u0119 do diagnostyki pojazd\u00f3w.<\/p>\n<p data-start=\"413\" data-end=\"634\">\u2705 Stabilne po\u0142\u0105czenie Bluetooth 5.0<br data-start=\"446\" data-end=\"449\" \/>\u2705 Obs\u0142uguje protoko\u0142y OBD2, w tym CAN, UDS oraz CAN-FD<br data-start=\"505\" data-end=\"508\" \/>\u2705 Kompaktowa i trwa\u0142a obudowa ABS\/PC<br data-start=\"541\" data-end=\"544\" \/>\u2705 Konstrukcja plug-and-play zapewniaj\u0105ca \u0142atwe u\u017cytkowanie<br data-start=\"579\" data-end=\"582\" \/>\u2705 W pe\u0142ni zoptymalizowany i przetestowany pod k\u0105tem platformy DiagZone<\/p>\n<p data-start=\"636\" data-end=\"887\">\u26a0\ufe0f <strong data-start=\"639\" data-end=\"660\">Wa\u017cna informacja:<\/strong><br data-start=\"660\" data-end=\"663\" \/>Ten produkt zawiera wy\u0142\u0105cznie sprz\u0119t.<br data-start=\"703\" data-end=\"706\" \/>\ud83d\udc49 Licencja oprogramowania DiagZone jest <strong data-start=\"742\" data-end=\"758\">nie jest wliczona<\/strong> i musi zosta\u0107 zakupiona oddzielnie. Mo\u017cesz j\u0105 kupi\u0107 tutaj: <a class=\"decorated-link\" href=\"https:\/\/diagzone.org\/diagzone-buy-subscription\/\" target=\"_new\" rel=\"noopener\" data-start=\"814\" data-end=\"885\">Kup licencj\u0119 DiagZone<\/a><\/p>\n<hr data-start=\"889\" data-end=\"892\" \/>\n<h3 data-start=\"894\" data-end=\"924\">Zawarto\u015b\u0107 opakowania:<\/h3>\n<ul data-start=\"925\" data-end=\"960\">\n<li data-start=\"925\" data-end=\"960\">\n<p data-start=\"927\" data-end=\"960\">1 \u00d7 DBScar5 Bluetooth Z\u0142\u0105cze<\/p>\n<\/li>\n<\/ul>","protected":false},"excerpt":{"rendered":"<p>DBScar 5 Bluetooth Adapter to kompaktowe i niezawodne z\u0142\u0105cze diagnostyczne OBD2, zaprojektowane do bezproblemowej wsp\u00f3\u0142pracy z platform\u0105 DiagZone. Zapewnia stabiln\u0105 komunikacj\u0119, zaawansowan\u0105 diagnostyk\u0119 pojazd\u00f3w oraz kompatybilno\u015b\u0107 z nowoczesnymi protoko\u0142ami.<\/p>","protected":false},"featured_media":3428,"template":"","meta":{"_acf_changed":false,"_seopress_robots_primary_cat":"none","_seopress_titles_title":"Diagnostics by Launch X431 DBScar5 Bluetooth Adapter","_seopress_titles_desc":"DbScar5 connector enhances your diagnostic experience by utilizing the Launch X431 DBScar5 Bluetooth Adapter","_seopress_robots_index":"","inline_featured_image":false,"_kad_blocks_custom_css":"","_kad_blocks_head_custom_js":"","_kad_blocks_body_custom_js":"","_kad_blocks_footer_custom_js":"","_themeisle_gutenberg_block_has_review":false,"_kad_post_transparent":"default","_kad_post_title":"","_kad_post_layout":"default","_kad_post_sidebar_id":"","_kad_post_content_style":"default","_kad_post_vertical_padding":"default","_kad_post_feature":"","_kad_post_feature_position":"","_kad_post_header":false,"_kad_post_footer":false,"iawp_total_views":253},"product_cat":[19],"product_tag":[52,50,53,42,51],"class_list":{"0":"post-677","1":"product","2":"type-product","3":"status-publish","4":"has-post-thumbnail","6":"product_cat-obd-connectors","7":"product_tag-bluetooth","8":"product_tag-dbscar-5","9":"product_tag-diagzone","10":"product_tag-obd2","11":"product_tag-x431","13":"first","14":"onbackorder","15":"sold-individually","16":"shipping-taxable","17":"purchasable","18":"product-type-simple","19":"entry","20":"content-bg","21":"loop-entry"},"acf":[],"taxonomy_info":{"product_cat":[{"value":19,"label":"Obd connectors"}],"product_tag":[{"value":52,"label":"Bluetooth"},{"value":50,"label":"DBScar 5"},{"value":53,"label":"DiagZone"},{"value":42,"label":"OBD2"},{"value":51,"label":"X431"}]},"featured_image_src_large":["https:\/\/diagzone.org\/wp-content\/uploads\/2025\/09\/Diagzone_org_Launch_Dbscar_5_1.jpg",600,600,false],"author_info":[],"comment_info":"","_links":{"self":[{"href":"https:\/\/diagzone.org\/pl\/wp-json\/wp\/v2\/product\/677","targetHints":{"allow":["GET"]}}],"collection":[{"href":"https:\/\/diagzone.org\/pl\/wp-json\/wp\/v2\/product"}],"about":[{"href":"https:\/\/diagzone.org\/pl\/wp-json\/wp\/v2\/types\/product"}],"wp:featuredmedia":[{"embeddable":true,"href":"https:\/\/diagzone.org\/pl\/wp-json\/wp\/v2\/media\/3428"}],"wp:attachment":[{"href":"https:\/\/diagzone.org\/pl\/wp-json\/wp\/v2\/media?parent=677"}],"wp:term":[{"taxonomy":"product_cat","embeddable":true,"href":"https:\/\/diagzone.org\/pl\/wp-json\/wp\/v2\/product_cat?post=677"},{"taxonomy":"product_tag","embeddable":true,"href":"https:\/\/diagzone.org\/pl\/wp-json\/wp\/v2\/product_tag?post=677"}],"curies":[{"name":"wp","href":"https:\/\/api.w.org\/{rel}","templated":true}]}}