
{"id":454,"date":"2024-01-18T15:40:09","date_gmt":"2024-01-18T14:40:09","guid":{"rendered":"https:\/\/diagzone.org\/?page_id=454"},"modified":"2025-10-09T10:46:11","modified_gmt":"2025-10-09T08:46:11","slug":"terms-and-conditions","status":"publish","type":"page","link":"https:\/\/diagzone.org\/pt\/terms-and-conditions\/","title":{"rendered":"Termos e Condi\u00e7\u00f5es"},"content":{"rendered":"<style>.kb-row-layout-id454_a26300-05 > .kt-row-column-wrap{align-content:start;}:where(.kb-row-layout-id454_a26300-05 > .kt-row-column-wrap) > .wp-block-kadence-column{justify-content:start;}.kb-row-layout-id454_a26300-05 > .kt-row-column-wrap{column-gap:var(--global-kb-gap-md, 2rem);row-gap:var(--global-kb-gap-md, 2rem);max-width:var( --global-content-width, 1444px );padding-left:var(--global-content-edge-padding);padding-right:var(--global-content-edge-padding);padding-top:var(--global-kb-spacing-4xl, 8rem);padding-bottom:var(--global-kb-spacing-4xl, 8rem);grid-template-columns:minmax(0, 1fr);}.kb-row-layout-id454_a26300-05 > .kt-row-layout-overlay{opacity:0.30;}@media all and (max-width: 1024px){.kb-row-layout-id454_a26300-05 > .kt-row-column-wrap{grid-template-columns:minmax(0, 1fr);}}@media all and (max-width: 767px){.kb-row-layout-id454_a26300-05 > .kt-row-column-wrap{grid-template-columns:minmax(0, 1fr);}}<\/style><div class=\"kb-row-layout-wrap kb-row-layout-id454_a26300-05 alignnone wp-block-kadence-rowlayout\"><div class=\"kt-row-column-wrap kt-has-1-columns kt-row-layout-equal kt-tab-layout-inherit kt-mobile-layout-row kt-row-valign-top kb-theme-content-width\">\n<style>.kadence-column454_34c797-f0 > .kt-inside-inner-col,.kadence-column454_34c797-f0 > .kt-inside-inner-col:before{border-top-left-radius:0px;border-top-right-radius:0px;border-bottom-right-radius:0px;border-bottom-left-radius:0px;}.kadence-column454_34c797-f0 > .kt-inside-inner-col{column-gap:var(--global-kb-gap-sm, 1rem);}.kadence-column454_34c797-f0 > .kt-inside-inner-col{flex-direction:column;}.kadence-column454_34c797-f0 > .kt-inside-inner-col > .aligncenter{width:100%;}.kadence-column454_34c797-f0 > .kt-inside-inner-col:before{opacity:0.3;}.kadence-column454_34c797-f0{position:relative;}@media all and (max-width: 1024px){.kadence-column454_34c797-f0 > .kt-inside-inner-col{flex-direction:column;justify-content:center;}}@media all and (max-width: 767px){.kadence-column454_34c797-f0 > .kt-inside-inner-col{flex-direction:column;justify-content:center;}}<\/style>\n<div class=\"wp-block-kadence-column kadence-column454_34c797-f0\"><div class=\"kt-inside-inner-col\">\n<p>Termos e Condi\u00e7\u00f5es<\/p>\n\n\n\n<p>\u00daltima atualiza\u00e7\u00e3o: 15.06.2025<\/p>\n\n\n\n<p class=\" translation-block\">Leia atentamente estes Termos e Condi\u00e7\u00f5es antes de utilizar <a href=\"https:\/\/diagzone.org\" target=\"_self\">https:\/\/diagzone.org\n<\/a> (o \u201cwebsite\u201d) e de realizar quaisquer transa\u00e7\u00f5es com a <strong>CodeShift<\/strong>, operadora da DiagZone.<\/p>\n\n\n\n<p>Ao aceder ou utilizar o nosso website e ao adquirir produtos da DiagZone, concorda em cumprir e ficar vinculado a estes Termos e Condi\u00e7\u00f5es.<\/p>\n\n\n\n<hr class=\"wp-block-separator has-alpha-channel-opacity\"\/>\n\n\n\n<p class=\" translation-block\"><strong>Condi\u00e7\u00f5es gerais:<\/strong><br>\na. Ao efetuar uma encomenda atrav\u00e9s do nosso website, confirma que tem pelo menos 18 anos ou capacidade legal para celebrar contratos.<br>\nb. Concorda em fornecer informa\u00e7\u00f5es corretas e completas no momento da compra.<br>\nc. A DiagZone reserva-se o direito de recusar o servi\u00e7o, encerrar contas e cancelar encomendas ao seu exclusivo crit\u00e9rio.<\/p>\n\n\n\n<hr class=\"wp-block-separator has-alpha-channel-opacity\"\/>\n\n\n\n<p class=\" translation-block\"><strong>Informa\u00e7\u00f5es do produto:<\/strong><br>\na. A DiagZone envida todos os esfor\u00e7os para apresentar as informa\u00e7\u00f5es dos produtos com exatid\u00e3o. No entanto, n\u00e3o garantimos que as descri\u00e7\u00f5es dos produtos ou outros conte\u00fados do website sejam exatos, completos, fi\u00e1veis, atuais ou isentos de erros.<br>\nb. Os pre\u00e7os est\u00e3o sujeitos a altera\u00e7\u00f5es sem aviso pr\u00e9vio.<\/p>\n\n\n\n<hr class=\"wp-block-separator has-alpha-channel-opacity\"\/>\n\n\n\n<p class=\" translation-block\"><strong>Aceita\u00e7\u00e3o e confirma\u00e7\u00e3o da encomenda:<\/strong><br>\na. Ap\u00f3s efetuar a encomenda, receber\u00e1 um e-mail de confirma\u00e7\u00e3o. Esta confirma\u00e7\u00e3o n\u00e3o garante a aceita\u00e7\u00e3o da sua encomenda. A DiagZone reserva-se o direito de limitar quantidades e de recusar ou cancelar encomendas.<br>\nb. A aceita\u00e7\u00e3o da encomenda s\u00f3 \u00e9 confirmada quando o produto \u00e9 enviado ou entregue eletronicamente e quando o notificamos dessa entrega.<\/p>\n\n\n\n<hr class=\"wp-block-separator has-alpha-channel-opacity\"\/>\n\n\n\n<p class=\" translation-block\"><strong>Pagamento:<\/strong><br>\na. Todos os pagamentos s\u00e3o processados atrav\u00e9s de gateways de pagamento seguros. <strong>Utilizamos a Stripe como processador de pagamentos<\/strong>, e a CodeShift d.o.o. n\u00e3o armazena nem tem acesso \u00e0s informa\u00e7\u00f5es do seu cart\u00e3o de cr\u00e9dito.<br>\nb. Ao concluir uma compra, autoriza a Stripe a processar o pagamento de forma segura em nome da CodeShift d.o.o.<\/p>\n\n\n\n<hr class=\"wp-block-separator has-alpha-channel-opacity\"\/>\n\n\n\n<p class=\" translation-block\"><strong>Entrega digital:<\/strong><br>\na. Todas as licen\u00e7as de software, ativa\u00e7\u00f5es e c\u00f3digos digitais s\u00e3o entregues eletronicamente por e-mail ou atrav\u00e9s da sua conta.<br>\nb. Devido \u00e0 natureza dos produtos digitais, <strong>n\u00e3o est\u00e3o dispon\u00edveis reembolsos ap\u00f3s a ativa\u00e7\u00e3o ou o download da licen\u00e7a<\/strong>.<\/p>\n\n\n\n<hr class=\"wp-block-separator has-alpha-channel-opacity\"\/>\n\n\n\n<p class=\" translation-block\"><strong>Propriedade intelectual:<\/strong><br>\na. O conte\u00fado deste website, incluindo imagens, textos, log\u00f3tipos e gr\u00e1ficos, \u00e9 propriedade da DiagZone \/ CodeShift e est\u00e1 protegido pelas leis de propriedade intelectual.<\/p>\n\n\n\n<hr class=\"wp-block-separator has-alpha-channel-opacity\"\/>\n\n\n\n<p class=\" translation-block\"><strong>Limita\u00e7\u00e3o de responsabilidade:<\/strong><br>\na. Em nenhuma circunst\u00e2ncia a CodeShift d.o.o. ou a DiagZone ser\u00e3o respons\u00e1veis por quaisquer danos diretos, indiretos, incidentais, especiais ou consequentes decorrentes ou relacionados de qualquer forma com a utiliza\u00e7\u00e3o do nosso website ou dos nossos produtos.<\/p>\n\n\n\n<hr class=\"wp-block-separator has-alpha-channel-opacity\"\/>\n\n\n\n<p class=\" translation-block\"><strong>Lei aplic\u00e1vel:<\/strong><br>\na. Estes Termos e Condi\u00e7\u00f5es s\u00e3o regidos e interpretados de acordo com as leis da <strong>BIH<\/strong>.<\/p>\n\n\n\n<hr class=\"wp-block-separator has-alpha-channel-opacity\"\/>\n\n\n\n<p class=\" translation-block\"><strong>Contacte-nos:<\/strong><br>\nSe tiver alguma quest\u00e3o ou preocupa\u00e7\u00e3o sobre estes Termos e Condi\u00e7\u00f5es, contacte-nos atrav\u00e9s de <strong><a target=\"_self\">support@diagzone.org\n<\/a><\/strong>.<\/p>\n\n\n\n<hr class=\"wp-block-separator has-alpha-channel-opacity\"\/>\n\n\n\n<p>A DiagZone \/ CodeShift reserva-se o direito de atualizar ou modificar estes Termos e Condi\u00e7\u00f5es a qualquer momento, sem aviso pr\u00e9vio. Ao continuar a utilizar o nosso website, concorda em ficar vinculado \u00e0 vers\u00e3o mais recente destes Termos e Condi\u00e7\u00f5es.<\/p>\n\n\n\n<ol class=\"wp-block-list\"><\/ol>\n\n\n\n<p>A DiagZone reserva-se o direito de atualizar ou modificar estes Termos e Condi\u00e7\u00f5es a qualquer momento, sem aviso pr\u00e9vio. Ao continuar a utilizar o nosso website, concorda em ficar vinculado \u00e0 vers\u00e3o mais recente destes Termos e Condi\u00e7\u00f5es.<\/p>\n<\/div><\/div>\n\n<\/div><\/div>\n\n<style>.kb-row-layout-id522_1b74f9-56 > .kt-row-column-wrap{align-content:start;}:where(.kb-row-layout-id522_1b74f9-56 > .kt-row-column-wrap) > .wp-block-kadence-column{justify-content:start;}.kb-row-layout-id522_1b74f9-56 > .kt-row-column-wrap{column-gap:var(--global-kb-gap-md, 2rem);row-gap:var(--global-kb-gap-md, 2rem);padding-bottom:var(--global-kb-spacing-md, 2rem);grid-template-columns:minmax(0, 1fr);}.kb-row-layout-id522_1b74f9-56{background-image:linear-gradient(180deg,var(--global-palette1) 30%,rgb(20,39,109) 100%);}.kb-row-layout-id522_1b74f9-56 > .kt-row-layout-overlay{opacity:0.09;}@media all and (max-width: 1024px){.kb-row-layout-id522_1b74f9-56 > .kt-row-column-wrap{grid-template-columns:minmax(0, 1fr);}}@media all and (max-width: 767px){.kb-row-layout-id522_1b74f9-56 > .kt-row-column-wrap{grid-template-columns:minmax(0, 1fr);}}<\/style><div class=\"kb-row-layout-wrap kb-row-layout-id522_1b74f9-56 alignfull has-theme-palette1-background-color kt-row-has-bg wp-block-kadence-rowlayout\"><div class=\"kt-row-column-wrap kt-has-1-columns kt-row-layout-equal kt-tab-layout-inherit kt-mobile-layout-row kt-row-valign-top\">\n<style>.kadence-column522_d2c269-2f > .kt-inside-inner-col,.kadence-column522_d2c269-2f > .kt-inside-inner-col:before{border-top-left-radius:0px;border-top-right-radius:0px;border-bottom-right-radius:0px;border-bottom-left-radius:0px;}.kadence-column522_d2c269-2f > .kt-inside-inner-col{column-gap:var(--global-kb-gap-sm, 1rem);}.kadence-column522_d2c269-2f > .kt-inside-inner-col{flex-direction:column;}.kadence-column522_d2c269-2f > .kt-inside-inner-col > .aligncenter{width:100%;}.kadence-column522_d2c269-2f > .kt-inside-inner-col:before{opacity:0.3;}.kadence-column522_d2c269-2f{position:relative;}@media all and (max-width: 1024px){.kadence-column522_d2c269-2f > .kt-inside-inner-col{flex-direction:column;justify-content:center;}}@media all and (max-width: 767px){.kadence-column522_d2c269-2f > .kt-inside-inner-col{flex-direction:column;justify-content:center;}}<\/style>\n<div class=\"wp-block-kadence-column kadence-column522_d2c269-2f\"><div class=\"kt-inside-inner-col\"><style>.kb-row-layout-id522_001f9d-01 > .kt-row-column-wrap{align-content:start;}:where(.kb-row-layout-id522_001f9d-01 > .kt-row-column-wrap) > .wp-block-kadence-column{justify-content:start;}.kb-row-layout-id522_001f9d-01 > .kt-row-column-wrap{column-gap:var(--global-kb-gap-md, 2rem);row-gap:var(--global-kb-gap-md, 2rem);padding-top:var(--global-kb-spacing-sm, 1.5rem);padding-bottom:var(--global-kb-spacing-sm, 1.5rem);grid-template-columns:minmax(0, 1fr);}.kb-row-layout-id522_001f9d-01 > .kt-row-layout-overlay{opacity:0.30;}@media all and (max-width: 1024px){.kb-row-layout-id522_001f9d-01 > .kt-row-column-wrap{grid-template-columns:minmax(0, 1fr);}}@media all and (max-width: 767px){.kb-row-layout-id522_001f9d-01 > .kt-row-column-wrap{grid-template-columns:minmax(0, 1fr);}}<\/style><div class=\"kb-row-layout-wrap kb-row-layout-id522_001f9d-01 alignnone wp-block-kadence-rowlayout\"><div class=\"kt-row-column-wrap kt-has-1-columns kt-row-layout-equal kt-tab-layout-inherit kt-mobile-layout-row kt-row-valign-top\">\n<style>.kadence-column522_52d44e-a8 > .kt-inside-inner-col,.kadence-column522_52d44e-a8 > .kt-inside-inner-col:before{border-top-left-radius:0px;border-top-right-radius:0px;border-bottom-right-radius:0px;border-bottom-left-radius:0px;}.kadence-column522_52d44e-a8 > .kt-inside-inner-col{column-gap:var(--global-kb-gap-sm, 1rem);}.kadence-column522_52d44e-a8 > .kt-inside-inner-col{flex-direction:column;}.kadence-column522_52d44e-a8 > .kt-inside-inner-col > .aligncenter{width:100%;}.kadence-column522_52d44e-a8 > .kt-inside-inner-col:before{opacity:0.3;}.kadence-column522_52d44e-a8{position:relative;}@media all and (max-width: 1024px){.kadence-column522_52d44e-a8 > .kt-inside-inner-col{flex-direction:column;justify-content:center;}}@media all and (max-width: 767px){.kadence-column522_52d44e-a8 > .kt-inside-inner-col{flex-direction:column;justify-content:center;}}<\/style>\n<div class=\"wp-block-kadence-column kadence-column522_52d44e-a8\"><div class=\"kt-inside-inner-col\"><style>.wp-block-kadence-advancedheading.kt-adv-heading522_694c7d-3d, .wp-block-kadence-advancedheading.kt-adv-heading522_694c7d-3d[data-kb-block=\"kb-adv-heading522_694c7d-3d\"]{text-align:center;font-size:var(--global-kb-font-size-xxl, 4rem);font-style:normal;}.wp-block-kadence-advancedheading.kt-adv-heading522_694c7d-3d mark.kt-highlight, .wp-block-kadence-advancedheading.kt-adv-heading522_694c7d-3d[data-kb-block=\"kb-adv-heading522_694c7d-3d\"] mark.kt-highlight{font-style:normal;color:#f76a0c;-webkit-box-decoration-break:clone;box-decoration-break:clone;padding-top:0px;padding-right:0px;padding-bottom:0px;padding-left:0px;}<\/style>\n<h2 class=\"kt-adv-heading522_694c7d-3d wp-block-kadence-advancedheading has-theme-palette-9-color has-text-color\" data-kb-block=\"kb-adv-heading522_694c7d-3d\">Compre com a DiagZone e diagnostique o seu ve\u00edculo com o nosso software premium. <\/h2>\n\n\n<style>.wp-block-kadence-advancedbtn.kb-btns522_0da8e3-fa{gap:var(--global-kb-gap-sm, 1rem);justify-content:center;align-items:center;}.kt-btns522_0da8e3-fa .kt-button{font-weight:normal;font-style:normal;}.kt-btns522_0da8e3-fa .kt-btn-wrap-0{margin-right:5px;}.wp-block-kadence-advancedbtn.kt-btns522_0da8e3-fa .kt-btn-wrap-0 .kt-button{color:#555555;border-color:#555555;}.wp-block-kadence-advancedbtn.kt-btns522_0da8e3-fa .kt-btn-wrap-0 .kt-button:hover, .wp-block-kadence-advancedbtn.kt-btns522_0da8e3-fa .kt-btn-wrap-0 .kt-button:focus{color:#ffffff;border-color:#444444;}.wp-block-kadence-advancedbtn.kt-btns522_0da8e3-fa .kt-btn-wrap-0 .kt-button::before{display:none;}.wp-block-kadence-advancedbtn.kt-btns522_0da8e3-fa .kt-btn-wrap-0 .kt-button:hover, .wp-block-kadence-advancedbtn.kt-btns522_0da8e3-fa .kt-btn-wrap-0 .kt-button:focus{background:#444444;}<\/style>\n<div class=\"wp-block-kadence-advancedbtn kb-buttons-wrap kb-btns522_0da8e3-fa\"><style>ul.menu .wp-block-kadence-advancedbtn .kb-btn522_64975e-51.kb-button{width:initial;}.wp-block-kadence-advancedbtn .kb-btn522_64975e-51.kb-button{background:var(--global-palette3, #1A202C);}.wp-block-kadence-advancedbtn .kb-btn522_64975e-51.kb-button:hover, .wp-block-kadence-advancedbtn .kb-btn522_64975e-51.kb-button:focus{background:var(--global-palette6, #718096);}<\/style><a class=\"kb-button kt-button button kb-btn522_64975e-51 kt-btn-size-large kt-btn-width-type-auto kb-btn-global-fill kt-btn-has-text-true kt-btn-has-svg-false  wp-block-kadence-singlebtn\" href=\"https:\/\/diagzone.org\/#diagzone-sn-check-container\"><span class=\"kt-btn-inner-text\">Verificar conectores compat\u00edveis<\/span><\/a>\n\n<style>ul.menu .wp-block-kadence-advancedbtn .kb-btn522_718b54-cd.kb-button{width:initial;}.wp-block-kadence-advancedbtn .kb-btn522_718b54-cd.kb-button{background:var(--global-palette3, #1A202C);}.wp-block-kadence-advancedbtn .kb-btn522_718b54-cd.kb-button:hover, .wp-block-kadence-advancedbtn .kb-btn522_718b54-cd.kb-button:focus{background:var(--global-palette2, #2B6CB0);}<\/style><a class=\"kb-button kt-button button kb-btn522_718b54-cd kt-btn-size-large kt-btn-width-type-auto kb-btn-global-fill kt-btn-has-text-true kt-btn-has-svg-false  wp-block-kadence-singlebtn\" href=\"https:\/\/diagzone.org\/downloads\/\" target=\"_blank\" rel=\"noreferrer noopener\"><span class=\"kt-btn-inner-text\">Transferir APK<\/span><\/a><\/div>\n<\/div><\/div>\n\n<\/div><\/div><\/div><\/div>\n\n<\/div><\/div>","protected":false},"excerpt":{"rendered":"<p>Terms and Conditions Last updated: 15.06.2025 Please read these Terms and Conditions carefully before using https:\/\/diagzone.org (the \u201cwebsite\u201d) and engaging in any transactions with CodeShift, the operator of DiagZone. By accessing or using our website and purchasing products from DiagZone, you agree to comply with and be bound by these Terms and Conditions. General Conditions:a&#8230;.<\/p>","protected":false},"author":1,"featured_media":0,"parent":0,"menu_order":0,"comment_status":"closed","ping_status":"closed","template":"","meta":{"_acf_changed":false,"_seopress_robots_primary_cat":"","_seopress_titles_title":"","_seopress_titles_desc":"","_seopress_robots_index":"","inline_featured_image":false,"_kad_blocks_custom_css":"","_kad_blocks_head_custom_js":"","_kad_blocks_body_custom_js":"","_kad_blocks_footer_custom_js":"","_themeisle_gutenberg_block_has_review":false,"_kad_post_transparent":"","_kad_post_title":"","_kad_post_layout":"","_kad_post_sidebar_id":"","_kad_post_content_style":"","_kad_post_vertical_padding":"","_kad_post_feature":"","_kad_post_feature_position":"","_kad_post_header":false,"_kad_post_footer":false,"iawp_total_views":365,"footnotes":""},"class_list":["post-454","page","type-page","status-publish","hentry"],"acf":[],"taxonomy_info":[],"featured_image_src_large":false,"author_info":{"display_name":"diagzone","author_link":"https:\/\/diagzone.org\/pt\/author\/xpro5\/"},"comment_info":0,"_links":{"self":[{"href":"https:\/\/diagzone.org\/pt\/wp-json\/wp\/v2\/pages\/454","targetHints":{"allow":["GET"]}}],"collection":[{"href":"https:\/\/diagzone.org\/pt\/wp-json\/wp\/v2\/pages"}],"about":[{"href":"https:\/\/diagzone.org\/pt\/wp-json\/wp\/v2\/types\/page"}],"author":[{"embeddable":true,"href":"https:\/\/diagzone.org\/pt\/wp-json\/wp\/v2\/users\/1"}],"replies":[{"embeddable":true,"href":"https:\/\/diagzone.org\/pt\/wp-json\/wp\/v2\/comments?post=454"}],"version-history":[{"count":6,"href":"https:\/\/diagzone.org\/pt\/wp-json\/wp\/v2\/pages\/454\/revisions"}],"predecessor-version":[{"id":3566,"href":"https:\/\/diagzone.org\/pt\/wp-json\/wp\/v2\/pages\/454\/revisions\/3566"}],"wp:attachment":[{"href":"https:\/\/diagzone.org\/pt\/wp-json\/wp\/v2\/media?parent=454"}],"curies":[{"name":"wp","href":"https:\/\/api.w.org\/{rel}","templated":true}]}}