
{"id":3324,"date":"2025-09-26T13:55:05","date_gmt":"2025-09-26T11:55:05","guid":{"rendered":"https:\/\/diagzone.org\/?post_type=product&#038;p=3324"},"modified":"2025-09-26T16:35:41","modified_gmt":"2025-09-26T14:35:41","slug":"kingbolen-ediag-plus-can-fd-bi-directional-obd2-scanner","status":"publish","type":"product","link":"https:\/\/diagzone.org\/pt\/produto\/kingbolen-ediag-plus-can-fd-bi-directional-obd2-scanner\/","title":{"rendered":"Kingbolen Ediag Plus CAN-FD scanner OBD2 bidirecional"},"content":{"rendered":"<p data-start=\"646\" data-end=\"863\" class=\" translation-block\">Obrigado pelo seu interesse no <strong data-start=\"681\" data-end=\"701\">Kingbolen Ediag+<\/strong>.<br data-start=\"702\" data-end=\"705\">Este conector de diagn\u00f3stico \u00e9 um <strong data-start=\"736\" data-end=\"764\">clone do ThinkDiag 2<\/strong>, totalmente testado na <strong data-start=\"786\" data-end=\"807\">plataforma DiagZone<\/strong>, garantindo desempenho est\u00e1vel e compatibilidade.<\/p>\n<h2 data-start=\"865\" data-end=\"889\">\ud83d\udd39 Aviso importante<\/h2>\n<p data-start=\"890\" data-end=\"1027\" class=\" translation-block\">O <strong data-start=\"894\" data-end=\"904\">Ediag+<\/strong> \u00e9 fornecido <strong data-start=\"918\" data-end=\"956\">sem <a href=\"https:\/\/diagzone.org\/diagzone-activation\/\" target=\"_self\">software pr\u00e9-instalado<\/a><\/strong>.<br data-start=\"957\" data-end=\"960\">Para utilizar este dispositivo, \u00e9 necess\u00e1ria uma <strong data-start=\"982\" data-end=\"1024\"><a href=\"https:\/\/diagzone.org\/diagzone-buy-subscription\/\" target=\"_self\">compra de software<\/a> separada<\/strong>.<\/p>\n<h2 data-start=\"1029\" data-end=\"1055\">\ud83d\udd39 Suporte e orienta\u00e7\u00e3o<\/h2>\n<p data-start=\"1056\" data-end=\"1279\" class=\" translation-block\">Precisa de ajuda com a <strong data-start=\"1071\" data-end=\"1089\">configura\u00e7\u00e3o do DiagZone<\/strong>?<br data-start=\"1090\" data-end=\"1093\">A nossa equipa dedica-se a fornecer assist\u00eancia passo a passo. Sinta-se \u00e0 vontade para <a href=\"https:\/\/wa.me\/31647604324\" target=\"_self\">contactar-nos<\/a> a qualquer momento se precisar de orienta\u00e7\u00e3o para utilizar o seu dispositivo <strong data-start=\"1223\" data-end=\"1233\">Ediag+<\/strong> com a <strong data-start=\"1250\" data-end=\"1276\">plataforma OBD2 DiagZone<\/strong>.<\/p>\n<h2 data-start=\"1281\" data-end=\"1306\">\ud83d\udd39 Garantia de qualidade<\/h2>\n<p data-start=\"1307\" data-end=\"1514\" class=\" translation-block\">Cada <strong data-start=\"1313\" data-end=\"1333\">Kingbolen Ediag+<\/strong> \u00e9 <strong data-start=\"1344\" data-end=\"1383\">testado na plataforma DiagZone antes do envio<\/strong>.<br data-start=\"1384\" data-end=\"1387\">Isto garante um funcionamento correto e uma comunica\u00e7\u00e3o est\u00e1vel, oferecendo desempenho fi\u00e1vel para uso profissional e pessoal.<\/p>\n<h1 data-start=\"1516\" data-end=\"1539\">Descri\u00e7\u00e3o do produto<\/h1>\n<p data-start=\"1541\" data-end=\"1716\" class=\" translation-block\">O <strong data-start=\"1545\" data-end=\"1565\">Kingbolen Ediag+<\/strong> \u00e9 um <strong data-start=\"1579\" data-end=\"1618\">conector de diagn\u00f3stico OBD2 Bluetooth<\/strong> compacto, desenvolvido como um clone do ThinkDiag 2 e concebido para compatibilidade com o <strong data-start=\"1692\" data-end=\"1713\">software DiagZone<\/strong>.<\/p>\n<p data-start=\"1718\" data-end=\"2445\">\u2705 Funciona como um adaptador Bluetooth OBD2 profissional<br data-start=\"1766\" data-end=\"1769\" \/>\u2705 Suporta dispositivos Android (smartphones e tablets) \u2013 totalmente compat\u00edvel com <strong data-start=\"1844\" data-end=\"1860\">Android 7\u201313<\/strong>, e tamb\u00e9m com <strong data-start=\"1876\" data-end=\"1912\">Android 14 (apenas sistemas de 32 bits)<\/strong><br data-start=\"1912\" data-end=\"1915\" \/>\u2705 Testado com o software DiagZone para compatibilidade<br data-start=\"1964\" data-end=\"1967\" \/>\u2705 Conex\u00e3o Bluetooth 5.0\/5.1 de modo duplo est\u00e1vel<br data-start=\"2014\" data-end=\"2017\" \/>\u2705 Carca\u00e7a robusta em ABS+PC+TPU com luzes indicadoras<br data-start=\"2066\" data-end=\"2069\" \/>\u2705 Inclui <strong data-start=\"2080\" data-end=\"2101\">Cabo OBD2 de 0,65 m<\/strong> para uma utiliza\u00e7\u00e3o conveniente<br data-start=\"2120\" data-end=\"2123\" \/>\u2705 Suporta <strong data-start=\"2134\" data-end=\"2153\">protocolo CAN-FD<\/strong> para ve\u00edculos de nova gera\u00e7\u00e3o<br data-start=\"2181\" data-end=\"2184\" \/>\u2705 M\u00faltiplas fun\u00e7\u00f5es de servi\u00e7o, como <strong data-start=\"2221\" data-end=\"2297\">reset de \u00f3leo, regenera\u00e7\u00e3o do DPF, codifica\u00e7\u00e3o de injetores, emparelhamento da bateria e muito mais<\/strong> (dependendo do modelo do ve\u00edculo)<br data-start=\"2326\" data-end=\"2329\" \/>\u2705 Funcionalidades <strong data-start=\"2340\" data-end=\"2391\">controlo bidirecional, codifica\u00e7\u00e3o e adapta\u00e7\u00e3o da ECU<\/strong>, dete\u00e7\u00e3o autom\u00e1tica do VIN e relat\u00f3rios completos do estado do sistema<\/p>\n<p data-start=\"2447\" data-end=\"2683\">\u26a0\ufe0f <strong data-start=\"2450\" data-end=\"2466\">Por favor, note:<\/strong> Este conector n\u00e3o inclui qualquer software ou subscri\u00e7\u00e3o.<br data-start=\"2528\" data-end=\"2531\" \/>\ud83d\udc49 A <strong data-start=\"2536\" data-end=\"2570\">Subscri\u00e7\u00e3o do software DiagZone<\/strong> pode ser adquirido separadamente aqui: <a class=\"decorated-link\" href=\"https:\/\/diagzone.org\/diagzone-buy-subscription\/\" target=\"_new\" rel=\"noopener\" data-start=\"2605\" data-end=\"2681\">Comprar subscri\u00e7\u00e3o DiagZone<\/a><\/p>\n<h1 data-start=\"2685\" data-end=\"2717\">Por que escolher o Kingbolen Ediag+?<\/h1>\n<ul data-start=\"2719\" data-end=\"3134\">\n<li data-start=\"2719\" data-end=\"2780\">\n<p data-start=\"2721\" data-end=\"2780\"><strong data-start=\"2721\" data-end=\"2778\">Clone do ThinkDiag 2 \u2013 mesma funcionalidade, menor custo<\/strong><\/p>\n<\/li>\n<li data-start=\"2781\" data-end=\"2828\">\n<p data-start=\"2783\" data-end=\"2828\" class=\" translation-block\"><strong data-start=\"290\" data-end=\"317\">Testado 100 % no DiagZone<\/strong> antes do envio<\/p>\n<\/li>\n<li data-start=\"2829\" data-end=\"2884\">\n<p data-start=\"2831\" data-end=\"2884\">Conector OBD2 profissional com desempenho est\u00e1vel<\/p>\n<\/li>\n<li data-start=\"2885\" data-end=\"2935\">\n<p data-start=\"2887\" data-end=\"2935\">Design compacto, f\u00e1cil de usar com Bluetooth 5.0<\/p>\n<\/li>\n<li data-start=\"2936\" data-end=\"3032\">\n<p data-start=\"2938\" data-end=\"3032\" class=\" translation-block\">Compat\u00edvel com os <strong data-start=\"418\" data-end=\"498\">pacotes de software DiagZone para autom\u00f3veis de passageiros, ve\u00edculos el\u00e9tricos e ve\u00edculos pesados<\/strong><\/p>\n<\/li>\n<li data-start=\"3033\" data-end=\"3134\">\n<p data-start=\"3035\" data-end=\"3134\" class=\" translation-block\">Suporta os principais protocolos de diagn\u00f3stico: <strong data-start=\"3072\" data-end=\"3132\">ISO9141, KWP2000, J1850 VPW, J1850 PWM, CAN, UDS, CAN-FD<\/strong><\/p>\n<\/li>\n<\/ul>\n<p data-start=\"3136\" data-end=\"3328\">\u2705 Em resumo, o <strong data-start=\"3152\" data-end=\"3172\">Kingbolen Ediag+<\/strong> is a cost-effective alternative to the ThinkDiag 2, offering the same DiagZone compatibility and advanced features in a compact Bluetooth OBD2 connector.<\/p>","protected":false},"excerpt":{"rendered":"<p class=\" translation-block\">O <strong data-start=\"136\" data-end=\"156\">Kingbolen Ediag+<\/strong> \u00e9 um conector OBD2 Bluetooth compacto, desenvolvido como um clone do ThinkDiag 2 e totalmente compat\u00edvel com a plataforma DiagZone. Suporta <strong data-start=\"296\" data-end=\"320\">comunica\u00e7\u00e3o CAN-FD<\/strong>, controlo bidirecional, codifica\u00e7\u00e3o ECU e v\u00e1rias fun\u00e7\u00f5es de reposi\u00e7\u00e3o de servi\u00e7os. Testado na plataforma DiagZone quanto \u00e0 fiabilidade, oferece desempenho profissional a um pre\u00e7o mais acess\u00edvel.<\/p>","protected":false},"featured_media":3325,"template":"","meta":{"_acf_changed":false,"_seopress_robots_primary_cat":"none","_seopress_titles_title":"Elevate Your Diagnostic Capabilities - Kingbolen Ediag Plus FD","_seopress_titles_desc":"Enhance Your Diagnostics with Kingbolen Ediag Plus, Offering Support for CAN-FD Protocol and Bluetooth 5.0, Compatible with the DiagZone Server.","_seopress_robots_index":"","inline_featured_image":false,"_kad_blocks_custom_css":"","_kad_blocks_head_custom_js":"","_kad_blocks_body_custom_js":"","_kad_blocks_footer_custom_js":"","_themeisle_gutenberg_block_has_review":false,"_kad_post_transparent":"default","_kad_post_title":"","_kad_post_layout":"default","_kad_post_sidebar_id":"","_kad_post_content_style":"default","_kad_post_vertical_padding":"default","_kad_post_feature":"","_kad_post_feature_position":"","_kad_post_header":false,"_kad_post_footer":false,"iawp_total_views":260},"product_cat":[19],"product_tag":[],"class_list":{"0":"post-3324","1":"product","2":"type-product","3":"status-publish","4":"has-post-thumbnail","6":"product_cat-obd-connectors","8":"first","9":"instock","10":"shipping-taxable","11":"purchasable","12":"product-type-simple","13":"entry","14":"content-bg","15":"loop-entry"},"acf":[],"taxonomy_info":{"product_cat":[{"value":19,"label":"Obd connectors"}]},"featured_image_src_large":["https:\/\/diagzone.org\/wp-content\/uploads\/2025\/09\/Ediag_Plus_1.jpg",600,600,false],"author_info":[],"comment_info":"","_links":{"self":[{"href":"https:\/\/diagzone.org\/pt\/wp-json\/wp\/v2\/product\/3324","targetHints":{"allow":["GET"]}}],"collection":[{"href":"https:\/\/diagzone.org\/pt\/wp-json\/wp\/v2\/product"}],"about":[{"href":"https:\/\/diagzone.org\/pt\/wp-json\/wp\/v2\/types\/product"}],"wp:featuredmedia":[{"embeddable":true,"href":"https:\/\/diagzone.org\/pt\/wp-json\/wp\/v2\/media\/3325"}],"wp:attachment":[{"href":"https:\/\/diagzone.org\/pt\/wp-json\/wp\/v2\/media?parent=3324"}],"wp:term":[{"taxonomy":"product_cat","embeddable":true,"href":"https:\/\/diagzone.org\/pt\/wp-json\/wp\/v2\/product_cat?post=3324"},{"taxonomy":"product_tag","embeddable":true,"href":"https:\/\/diagzone.org\/pt\/wp-json\/wp\/v2\/product_tag?post=3324"}],"curies":[{"name":"wp","href":"https:\/\/api.w.org\/{rel}","templated":true}]}}