
{"id":3329,"date":"2025-09-26T14:12:16","date_gmt":"2025-09-26T12:12:16","guid":{"rendered":"https:\/\/diagzone.org\/?post_type=product&#038;p=3329"},"modified":"2026-04-17T16:17:23","modified_gmt":"2026-04-17T14:17:23","slug":"android-diagzone-10inch-obd2-tablet-professional-diagnostic","status":"publish","type":"product","link":"https:\/\/diagzone.org\/pt\/produto\/android-diagzone-10inch-obd2-tablet-professional-diagnostic\/","title":{"rendered":"Tablet OBD2 Android DiagZone de 10 polegadas \u2013 Diagn\u00f3stico profissional"},"content":{"rendered":"<p data-start=\"233\" data-end=\"459\" class=\" translation-block\">Obrigado pelo seu interesse no <strong data-start=\"268\" data-end=\"306\">tablet Android DiagZone (3\/128 GB)<\/strong>.<br data-start=\"307\" data-end=\"310\">Este tablet de diagn\u00f3stico profissional foi otimizado para utiliza\u00e7\u00e3o com a <strong data-start=\"376\" data-end=\"397\">plataforma DiagZone<\/strong> e garante tanto autenticidade como excelente desempenho.<\/p>\n<h2 data-start=\"461\" data-end=\"485\">\ud83d\udd39 Aviso importante<\/h2>\n<p data-start=\"486\" data-end=\"649\" class=\" translation-block\">O <strong data-start=\"490\" data-end=\"517\">Android DiagZone Tablet<\/strong> \u00e9 fornecido <a href=\"https:\/\/diagzone.org\/diagzone-activation\/\" target=\"_self\"><strong data-start=\"531\" data-end=\"578\">sem software DiagZone pr\u00e9-instalado<\/strong><\/a>.<\/p>\n<h2 data-start=\"651\" data-end=\"677\">\ud83d\udd39 Suporte e orienta\u00e7\u00e3o<\/h2>\n<p data-start=\"678\" data-end=\"919\" class=\" translation-block\">Precisa de ajuda com a <strong data-start=\"693\" data-end=\"711\">configura\u00e7\u00e3o do DiagZone<\/strong> no seu tablet ou dispositivo OBD2?<br data-start=\"742\" data-end=\"745\">A nossa equipa dedica-se a fornecer assist\u00eancia passo a passo. Sinta-se \u00e0 vontade para <a href=\"https:\/\/wa.me\/31647604324\" target=\"_self\">contactar-nos<\/a> a qualquer momento se precisar de orienta\u00e7\u00e3o para instalar ou configurar a sua <strong data-start=\"895\" data-end=\"916\">plataforma DiagZone<\/strong>.<\/p>\n<h2 data-start=\"921\" data-end=\"946\">\ud83d\udd39 Garantia de qualidade<\/h2>\n<p data-start=\"947\" data-end=\"1170\" class=\" translation-block\">Cada <strong data-start=\"953\" data-end=\"980\">Android DiagZone Tablet<\/strong> \u00e9 <strong data-start=\"984\" data-end=\"1010\">testado antes do envio<\/strong> para confirmar um funcionamento impec\u00e1vel e a compatibilidade com a DiagZone.<br data-start=\"1077\" data-end=\"1080\">Isto garante uma opera\u00e7\u00e3o fluida, fiabilidade de n\u00edvel profissional e durabilidade a longo prazo.<\/p>\n<h1 data-start=\"1177\" data-end=\"1200\">Descri\u00e7\u00e3o do produto<\/h1>\n<p data-start=\"1202\" data-end=\"1549\" class=\" translation-block\">O <strong data-start=\"1206\" data-end=\"1259\">tablet Android DiagZone (3 GB de RAM \/ 128 GB de armazenamento)<\/strong> \u00e9 uma ferramenta de diagn\u00f3stico de alto desempenho, oferecendo uma plataforma r\u00e1pida e est\u00e1vel para executar o <strong data-start=\"1348\" data-end=\"1369\">software DiagZone<\/strong>. Com o seu grande ecr\u00e3 t\u00e1til, hardware potente e sistema operativo Android otimizado, \u00e9 o companheiro perfeito para conectores OBD2 como <strong data-start=\"1498\" data-end=\"1546\">DBScar VII, ThinkDiag 2 ou Kingbolen Ediag plus<\/strong>.<\/p>\n<p data-start=\"1551\" data-end=\"1967\">\u2705 Tablet de diagn\u00f3stico Android de n\u00edvel profissional<br data-start=\"1597\" data-end=\"1600\" \/>\u2705 Ecr\u00e3 grande de alta resolu\u00e7\u00e3o para diagn\u00f3sticos f\u00e1ceis<br data-start=\"1652\" data-end=\"1655\" \/>\u2705 <strong data-start=\"1657\" data-end=\"1684\">3 GB de RAM + 128 GB de armazenamento<\/strong> \u2013 desempenho fluido e espa\u00e7o suficiente para atualiza\u00e7\u00f5es<br data-start=\"1727\" data-end=\"1730\" \/>\u2705 Bateria de longa dura\u00e7\u00e3o para uso em oficina ou m\u00f3vel<br data-start=\"1779\" data-end=\"1782\" \/>\u2705 Conectividade Wi-Fi e Bluetooth para atualiza\u00e7\u00f5es r\u00e1pidas e emparelhamento OBD2 est\u00e1vel<br data-start=\"1854\" data-end=\"1857\" \/>\u2705 Estrutura robusta para durabilidade profissional<br data-start=\"1901\" data-end=\"1904\" \/>\u2705 Totalmente testado para <strong data-start=\"1923\" data-end=\"1949\">Compatibilidade com DiagZone<\/strong> antes do envio<\/p>\n<p>\u26a0\ufe0f <strong data-start=\"179\" data-end=\"195\">Por favor, note:<\/strong> Este tablet n\u00e3o inclui o software DiagZone, a subscri\u00e7\u00e3o nem o conector OBD2.<br data-start=\"276\" data-end=\"279\" \/>\ud83d\udc49 A <strong data-start=\"284\" data-end=\"318\">Subscri\u00e7\u00e3o do software DiagZone<\/strong> pode ser adquirido separadamente aqui: <a class=\"decorated-link\" href=\"https:\/\/diagzone.org\/diagzone-buy-subscription\/\" target=\"_new\" rel=\"noopener\" data-start=\"353\" data-end=\"429\" data-is-only-node=\"\">Comprar subscri\u00e7\u00e3o DiagZone<\/a><br data-start=\"429\" data-end=\"432\" \/>\ud83d\udc49 An <strong data-start=\"438\" data-end=\"509\">Conector de diagn\u00f3stico OBD2 (<a href=\"https:\/\/diagzone.org\/obd-shop\/\">por ex. DBScar VII, ThinkDiag 2 ou Ediag+ )<\/a><\/strong> tamb\u00e9m deve ser adquirido separadamente em <a href=\"https:\/\/diagzone.org\/obd-shop\/\">nossa loja<\/a> para utilizar o tablet com DiagZone<\/p>\n<h2 data-start=\"921\" data-end=\"946\">\ud83d\udd39 Lista de embalagem<\/h2>\n<ul>\n<li style=\"list-style-type: none;\">\n<ul data-start=\"1929\" data-end=\"1991\">\n<li data-start=\"1929\" data-end=\"1942\">\n<p data-start=\"1931\" data-end=\"1942\">Tablet \u00d71<\/p>\n<\/li>\n<li data-start=\"1943\" data-end=\"1970\">\n<p data-start=\"1945\" data-end=\"1970\">Cabo USB (Mini USB) \u00d71<\/p>\n<\/li>\n<li data-start=\"1971\" data-end=\"1991\">\n<p data-start=\"1973\" data-end=\"1991\">Adaptador de energia \u00d71<\/p>\n<\/li>\n<\/ul>\n<\/li>\n<\/ul>\n<h1 data-start=\"2214\" data-end=\"2253\">Por que escolher o tablet Android DiagZone?<\/h1>\n<ul data-start=\"2255\" data-end=\"2565\">\n<li data-start=\"2255\" data-end=\"2328\">\n<p data-start=\"2257\" data-end=\"2328\" class=\" translation-block\">Otimizado para <strong data-start=\"2271\" data-end=\"2289\">utilizadores DiagZone<\/strong> \u2013 pronto para diagn\u00f3sticos profissionais<\/p>\n<\/li>\n<li data-start=\"2329\" data-end=\"2392\">\n<p data-start=\"2331\" data-end=\"2392\" class=\" translation-block\"><strong data-start=\"2331\" data-end=\"2363\">Hardware potente (3\/128 GB)<\/strong> para comunica\u00e7\u00e3o r\u00e1pida com a ECU<\/p>\n<\/li>\n<li data-start=\"2393\" data-end=\"2465\">\n<p data-start=\"2395\" data-end=\"2465\">Ecr\u00e3 grande para uma visualiza\u00e7\u00e3o clara dos dados e relat\u00f3rios de diagn\u00f3stico<\/p>\n<\/li>\n<li data-start=\"2466\" data-end=\"2509\">\n<p data-start=\"2468\" data-end=\"2509\">Design robusto para ambientes de oficina<\/p>\n<\/li>\n<li data-start=\"2510\" data-end=\"2565\">\n<p data-start=\"2512\" data-end=\"2565\">Totalmente testado para garantir o funcionamento fluido do DiagZone<\/p>\n<\/li>\n<\/ul>\n<p data-start=\"2567\" data-end=\"2750\">\u2705 Em resumo, o <strong data-start=\"2583\" data-end=\"2610\">Tablet Android DiagZone<\/strong> oferece a combina\u00e7\u00e3o perfeita de <strong data-start=\"2645\" data-end=\"2686\">pot\u00eancia, portabilidade e compatibilidade<\/strong>, tornando-o o dispositivo ideal para executar diagn\u00f3sticos DiagZone.<\/p>","protected":false},"excerpt":{"rendered":"<p class=\" translation-block\">O <strong data-start=\"2787\" data-end=\"2825\">Android DiagZone Tablet (3\/128 GB)<\/strong> \u00e9 um tablet de diagn\u00f3stico profissional otimizado para executar a plataforma DiagZone. Com um sistema Android potente, ecr\u00e3 grande, conectividade WiFi\/Bluetooth e compatibilidade garantida, oferece desempenho fluido e fiabilidade para todas as tarefas de diagn\u00f3stico.<\/p>","protected":false},"featured_media":3332,"template":"","meta":{"_acf_changed":false,"_seopress_robots_primary_cat":"none","_seopress_titles_title":"Android 10\" Diagnostic Tablet 3\/128GB \u2013 DiagZone Ready Device","_seopress_titles_desc":"Professional Android 10\" diagnostic tablet with 3GB RAM and 128GB storage. Pre-tested for DiagZone, reliable performance for automotive diagnostics EOBD","_seopress_robots_index":"","inline_featured_image":false,"_kad_blocks_custom_css":"","_kad_blocks_head_custom_js":"","_kad_blocks_body_custom_js":"","_kad_blocks_footer_custom_js":"","_themeisle_gutenberg_block_has_review":false,"_kad_post_transparent":"default","_kad_post_title":"","_kad_post_layout":"default","_kad_post_sidebar_id":"","_kad_post_content_style":"default","_kad_post_vertical_padding":"default","_kad_post_feature":"","_kad_post_feature_position":"","_kad_post_header":false,"_kad_post_footer":false,"iawp_total_views":607},"product_cat":[21],"product_tag":[41,42,40],"class_list":{"0":"post-3329","1":"product","2":"type-product","3":"status-publish","4":"has-post-thumbnail","6":"product_cat-android-tablets","7":"product_tag-android","8":"product_tag-obd2","9":"product_tag-tablet","11":"first","12":"instock","13":"sale","14":"shipping-taxable","15":"purchasable","16":"product-type-simple","17":"entry","18":"content-bg","19":"loop-entry"},"acf":[],"taxonomy_info":{"product_cat":[{"value":21,"label":"Android tablets"}],"product_tag":[{"value":41,"label":"Android"},{"value":42,"label":"OBD2"},{"value":40,"label":"Tablet"}]},"featured_image_src_large":["https:\/\/diagzone.org\/wp-content\/uploads\/2025\/09\/Launch_Tablet_1.jpg",600,600,false],"author_info":[],"comment_info":"","_links":{"self":[{"href":"https:\/\/diagzone.org\/pt\/wp-json\/wp\/v2\/product\/3329","targetHints":{"allow":["GET"]}}],"collection":[{"href":"https:\/\/diagzone.org\/pt\/wp-json\/wp\/v2\/product"}],"about":[{"href":"https:\/\/diagzone.org\/pt\/wp-json\/wp\/v2\/types\/product"}],"wp:featuredmedia":[{"embeddable":true,"href":"https:\/\/diagzone.org\/pt\/wp-json\/wp\/v2\/media\/3332"}],"wp:attachment":[{"href":"https:\/\/diagzone.org\/pt\/wp-json\/wp\/v2\/media?parent=3329"}],"wp:term":[{"taxonomy":"product_cat","embeddable":true,"href":"https:\/\/diagzone.org\/pt\/wp-json\/wp\/v2\/product_cat?post=3329"},{"taxonomy":"product_tag","embeddable":true,"href":"https:\/\/diagzone.org\/pt\/wp-json\/wp\/v2\/product_tag?post=3329"}],"curies":[{"name":"wp","href":"https:\/\/api.w.org\/{rel}","templated":true}]}}