
{"id":3335,"date":"2025-09-26T14:21:23","date_gmt":"2025-09-26T12:21:23","guid":{"rendered":"https:\/\/diagzone.org\/?post_type=product&#038;p=3335"},"modified":"2025-09-26T16:48:19","modified_gmt":"2025-09-26T14:48:19","slug":"launch-vsp600-videoscope-camera-endoscope","status":"publish","type":"product","link":"https:\/\/diagzone.org\/pt\/produto\/launch-vsp600-videoscope-camera-endoscope\/","title":{"rendered":"Endosc\u00f3pio com c\u00e2mera Launch VSP600 Videoscope"},"content":{"rendered":"<p data-start=\"142\" data-end=\"372\" class=\" translation-block\">Obrigado pelo seu interesse na <strong data-start=\"177\" data-end=\"213\">Launch VSP-600 Inspection Camera<\/strong>.<br data-start=\"214\" data-end=\"217\">Este dispositivo \u00e9 totalmente novo, rigorosamente testado em termos de qualidade e concebido para oferecer capacidades de inspe\u00e7\u00e3o visual de n\u00edvel profissional para diagn\u00f3stico automotivo.<\/p>\n<h2 data-start=\"374\" data-end=\"398\">\ud83d\udd39 Aviso importante<\/h2>\n<p data-start=\"399\" data-end=\"613\" class=\" translation-block\">O <strong data-start=\"403\" data-end=\"414\">VSP-600<\/strong> \u00e9 fornecido <strong data-start=\"428\" data-end=\"463\">sem qualquer software de diagn\u00f3stico<\/strong>.<br data-start=\"464\" data-end=\"467\">Para utiliz\u00e1-lo em inspe\u00e7\u00f5es de ve\u00edculos em conjunto com o DiagZone ou outras ferramentas de diagn\u00f3stico, pode ser necess\u00e1ria uma aplica\u00e7\u00e3o ou m\u00f3dulo de inspe\u00e7\u00e3o compat\u00edvel.<\/p>\n<h2 data-start=\"615\" data-end=\"641\">\ud83d\udd39 Suporte e orienta\u00e7\u00e3o<\/h2>\n<p data-start=\"642\" data-end=\"856\" class=\" translation-block\">Precisa de ajuda para configurar ou utilizar a c\u00e2mera de inspe\u00e7\u00e3o?<br data-start=\"694\" data-end=\"697\">A nossa equipa est\u00e1 pronta para fornecer suporte passo a passo. Sinta-se \u00e0 vontade para nos contactar a qualquer momento se precisar de ajuda para integrar o VSP-600 na sua configura\u00e7\u00e3o de diagn\u00f3stico.<\/p>\n<h2 data-start=\"858\" data-end=\"883\">\ud83d\udd39 Garantia de qualidade<\/h2>\n<p data-start=\"884\" data-end=\"1088\" class=\" translation-block\">Cada <strong data-start=\"890\" data-end=\"908\">Launch VSP-600<\/strong> passa por testes rigorosos antes do envio.<br data-start=\"952\" data-end=\"955\">Verificamos a nitidez da c\u00e2mera, a integridade do cabo, as veda\u00e7\u00f5es \u00e0 prova d\u2019\u00e1gua e a conectividade para garantir um funcionamento confi\u00e1vel e durabilidade a longo prazo.<\/p>\n<hr data-start=\"1090\" data-end=\"1093\" \/>\n<h1 data-start=\"1095\" data-end=\"1118\">Descri\u00e7\u00e3o do produto<\/h1>\n<p data-start=\"1120\" data-end=\"1350\" class=\" translation-block\">A <strong data-start=\"1124\" data-end=\"1160\">Launch VSP-600 Inspection Camera<\/strong> \u00e9 uma ferramenta profissional de inspe\u00e7\u00e3o visual desenvolvida para diagn\u00f3stico automotivo. Ajuda a inspecionar espa\u00e7os apertados, tubula\u00e7\u00f5es, compartimentos do motor e componentes de dif\u00edcil acesso.<\/p>\n<p data-start=\"1352\" data-end=\"1591\">\u2705 M\u00f3dulo de c\u00e2mara de alta defini\u00e7\u00e3o com ilumina\u00e7\u00e3o LED ajust\u00e1vel<br data-start=\"1412\" data-end=\"1415\" \/>\u2705 Sonda flex\u00edvel e \u00e0 prova de \u00e1gua para \u00e1reas confinadas<br data-start=\"1462\" data-end=\"1465\" \/>\u2705 Estrutura e cabo dur\u00e1veis, adequados para uso em oficina<br data-start=\"1516\" data-end=\"1519\" \/>\u2705 Compat\u00edvel com software ou m\u00f3dulos de inspe\u00e7\u00e3o em sistemas de diagn\u00f3stico<\/p>\n<p data-start=\"1593\" data-end=\"1809\">\u26a0\ufe0f <strong data-start=\"1596\" data-end=\"1612\">Por favor, note:<\/strong> O VSP-600 n\u00e3o inclui o software DiagZone nem uma subscri\u00e7\u00e3o de diagn\u00f3stico.<br data-start=\"1689\" data-end=\"1692\" \/>\ud83d\udc49 \u00c9 necess\u00e1ria uma aplica\u00e7\u00e3o de inspe\u00e7\u00e3o separada ou um m\u00f3dulo compat\u00edvel para exibir a imagem da c\u00e2mara no sistema de diagn\u00f3stico.<\/p>\n<hr data-start=\"1811\" data-end=\"1814\" \/>\n<h1 data-start=\"1816\" data-end=\"1846\">Por que escolher o Launch VSP-600?<\/h1>\n<ul data-start=\"1848\" data-end=\"2078\">\n<li data-start=\"1848\" data-end=\"1910\">\n<p data-start=\"1850\" data-end=\"1910\">C\u00e2mera de inspe\u00e7\u00e3o profissional para ambientes automotivos<\/p>\n<\/li>\n<li data-start=\"1911\" data-end=\"1967\">\n<p data-start=\"1913\" data-end=\"1967\">Testada quanto \u00e0 clareza \u00f3ptica e durabilidade mec\u00e2nica<\/p>\n<\/li>\n<li data-start=\"1968\" data-end=\"2016\">\n<p data-start=\"1970\" data-end=\"2016\">Ferramenta complementar ideal para t\u00e9cnicos de diagn\u00f3stico<\/p>\n<\/li>\n<li data-start=\"2017\" data-end=\"2078\">\n<p data-start=\"2019\" data-end=\"2078\">Companheiro perfeito para scanners OBD2 e tablets de diagn\u00f3stico<\/p>\n<\/li>\n<\/ul>\n<p data-start=\"2080\" data-end=\"2266\">\u2705 Em resumo, o <strong data-start=\"2096\" data-end=\"2132\">Launch VSP-600 Inspection Camera<\/strong> is a robust, high-clarity visual tool designed to help mechanics and diagnostic professionals inspect hard-to-reach areas reliably.<\/p>","protected":false},"excerpt":{"rendered":"<p>A Launch VSP-600 Inspection Camera \u00e9 uma ferramenta profissional complementar para diagn\u00f3stico automotivo, equipada com c\u00e2mera de alta resolu\u00e7\u00e3o, ilumina\u00e7\u00e3o LED e uma sonda flex\u00edvel \u00e0 prova d\u2019\u00e1gua. Ideal para inspecionar \u00e1reas de dif\u00edcil acesso em motores, tubula\u00e7\u00f5es e componentes do ve\u00edculo, garante imagens n\u00edtidas e desempenho confi\u00e1vel em ambientes de oficina.<\/p>","protected":false},"featured_media":3338,"template":"","meta":{"_acf_changed":false,"_seopress_robots_primary_cat":"none","_seopress_titles_title":"Launch VSP-600 Inspection Camera \u2013 Professional Automotive Endoscope HD","_seopress_titles_desc":"The Launch VSP-600 Inspection Camera offers HD imaging, LED lights, and a flexible waterproof probe. Ideal for checking hard-to-reach vehicle parts.","_seopress_robots_index":"","inline_featured_image":false,"_kad_blocks_custom_css":"","_kad_blocks_head_custom_js":"","_kad_blocks_body_custom_js":"","_kad_blocks_footer_custom_js":"","_themeisle_gutenberg_block_has_review":false,"_kad_post_transparent":"default","_kad_post_title":"","_kad_post_layout":"default","_kad_post_sidebar_id":"","_kad_post_content_style":"default","_kad_post_vertical_padding":"default","_kad_post_feature":"","_kad_post_feature_position":"","_kad_post_header":false,"_kad_post_footer":false,"iawp_total_views":22},"product_cat":[22],"product_tag":[32,36,27,35,33,34,31],"class_list":{"0":"post-3335","1":"product","2":"type-product","3":"status-publish","4":"has-post-thumbnail","6":"product_cat-accessories","7":"product_tag-camera","8":"product_tag-diagnostics","9":"product_tag-hd","10":"product_tag-led","11":"product_tag-videoscope","12":"product_tag-vsp-600","13":"product_tag-vsp600","15":"first","16":"instock","17":"shipping-taxable","18":"purchasable","19":"product-type-simple","20":"entry","21":"content-bg","22":"loop-entry"},"acf":[],"taxonomy_info":{"product_cat":[{"value":22,"label":"Accessories"}],"product_tag":[{"value":32,"label":"Camera"},{"value":36,"label":"diagnostics"},{"value":27,"label":"HD"},{"value":35,"label":"LED"},{"value":33,"label":"Videoscope"},{"value":34,"label":"VSP-600"},{"value":31,"label":"VSP600"}]},"featured_image_src_large":["https:\/\/diagzone.org\/wp-content\/uploads\/2025\/09\/Launch_VSP_600_1.jpg",600,600,false],"author_info":[],"comment_info":"","_links":{"self":[{"href":"https:\/\/diagzone.org\/pt\/wp-json\/wp\/v2\/product\/3335","targetHints":{"allow":["GET"]}}],"collection":[{"href":"https:\/\/diagzone.org\/pt\/wp-json\/wp\/v2\/product"}],"about":[{"href":"https:\/\/diagzone.org\/pt\/wp-json\/wp\/v2\/types\/product"}],"wp:featuredmedia":[{"embeddable":true,"href":"https:\/\/diagzone.org\/pt\/wp-json\/wp\/v2\/media\/3338"}],"wp:attachment":[{"href":"https:\/\/diagzone.org\/pt\/wp-json\/wp\/v2\/media?parent=3335"}],"wp:term":[{"taxonomy":"product_cat","embeddable":true,"href":"https:\/\/diagzone.org\/pt\/wp-json\/wp\/v2\/product_cat?post=3335"},{"taxonomy":"product_tag","embeddable":true,"href":"https:\/\/diagzone.org\/pt\/wp-json\/wp\/v2\/product_tag?post=3335"}],"curies":[{"name":"wp","href":"https:\/\/api.w.org\/{rel}","templated":true}]}}