
{"id":3349,"date":"2025-09-26T16:17:18","date_gmt":"2025-09-26T14:17:18","guid":{"rendered":"https:\/\/diagzone.org\/?post_type=product&#038;p=3349"},"modified":"2025-09-26T16:23:59","modified_gmt":"2025-09-26T14:23:59","slug":"doip-obd2-16-pin-adapter-cable-compatible-with-dbscar-vii-thinkdiag-2","status":"publish","type":"product","link":"https:\/\/diagzone.org\/pt\/produto\/doip-obd2-16-pin-adapter-cable-compatible-with-dbscar-vii-thinkdiag-2\/","title":{"rendered":"Cabo adaptador DOIP OBD2 de 16 pinos \u2013 compat\u00edvel com DBScar VII \u2013 ThinkDiag 2"},"content":{"rendered":"<p data-start=\"131\" data-end=\"365\" class=\" translation-block\">Obrigado pelo seu interesse no cabo adaptador DOIP OBD2.<br data-start=\"208\" data-end=\"211\">Este adaptador \u00e9 totalmente novo, testado quanto \u00e0 compatibilidade com <a href=\"https:\/\/diagzone.org\/product\/launch-dbscar-vii-dbscar7-bluetooth-obd2-scanner-supports-can-fd-doip-protocols-powerful-all-systems-for-x431\/\" target=\"_self\">DBScar VII<\/a> e <a href=\"https:\/\/diagzone.org\/product\/thinkcar-thinkdiag-2-can-fd-bi-directional-obd2-scanner\/\" target=\"_self\">ThinkDiag 2<\/a>, garantindo autenticidade e desempenho est\u00e1vel.<\/p>\n<p data-start=\"367\" data-end=\"577\">\ud83d\udd39 <strong data-start=\"370\" data-end=\"390\">Aviso importante<\/strong><br data-start=\"390\" data-end=\"393\" \/>O cabo adaptador DOIP n\u00e3o inclui nenhum software.<br data-start=\"446\" data-end=\"449\" \/>Para utilizar este dispositivo, \u00e9 necess\u00e1rio um conector de diagn\u00f3stico compat\u00edvel.<a href=\"https:\/\/diagzone.org\/product\/launch-dbscar-vii-dbscar7-bluetooth-obd2-scanner-supports-can-fd-doip-protocols-powerful-all-systems-for-x431\/\">DBScar VII<\/a> ou <a href=\"https:\/\/diagzone.org\/product\/thinkcar-thinkdiag-2-can-fd-bi-directional-obd2-scanner\/\">ThinkDiag 2<\/a>) e <a href=\"https:\/\/diagzone.org\/diagzone-activation\/\">compra separada de software<\/a> s\u00e3o necess\u00e1rios.<\/p>\n<p data-start=\"579\" data-end=\"806\">\ud83d\udd39 <strong data-start=\"582\" data-end=\"604\">Suporte e orienta\u00e7\u00e3o<\/strong><br data-start=\"604\" data-end=\"607\" \/>Precisa de ajuda com a configura\u00e7\u00e3o?<br data-start=\"628\" data-end=\"631\" \/>Nossa equipe \u00e9 dedicada a fornecer assist\u00eancia passo a passo. Sinta-se \u00e0 vontade para <a href=\"https:\/\/wa.me\/31647604324\">contacte-nos<\/a> a qualquer momento, se precisar de orienta\u00e7\u00e3o para utilizar o seu cabo DOIP com a plataforma DiagZone OBD2.<\/p>\n<p data-start=\"808\" data-end=\"1003\">\ud83d\udd39 <strong data-start=\"811\" data-end=\"832\">Garantia de qualidade<\/strong><br data-start=\"832\" data-end=\"835\" \/>Cada cabo adaptador DOIP passa por testes de funcionalidade antes do envio.<br data-start=\"908\" data-end=\"911\" \/>Isto garante um funcionamento impec\u00e1vel, fiabilidade de n\u00edvel profissional e durabilidade a longo prazo.<\/p>\n<p data-start=\"1005\" data-end=\"1241\" class=\" translation-block\"><strong data-start=\"1005\" data-end=\"1028\">Descri\u00e7\u00e3o do produto<\/strong><br data-start=\"1028\" data-end=\"1031\">O cabo adaptador DOIP OBD2 foi concebido para expandir as capacidades de diagn\u00f3stico em ve\u00edculos modernos que suportam o protocolo DOIP. Garante uma transfer\u00eancia de dados r\u00e1pida e est\u00e1vel entre o conector OBD2 e o ve\u00edculo.<\/p>\n<p data-start=\"1243\" data-end=\"1504\">\u2705 Compat\u00edvel com conectores DBScar VII e ThinkDiag 2<br data-start=\"1293\" data-end=\"1296\" \/>\u2705 Permite diagn\u00f3sticos em ve\u00edculos com protocolo DOIP<br data-start=\"1348\" data-end=\"1351\" \/>\u2705 Conex\u00e3o OBD2 de 16 pinos plug &amp; play<br data-start=\"1387\" data-end=\"1390\" \/>\u2705 Testado com a plataforma DiagZone para compatibilidade<br data-start=\"1439\" data-end=\"1442\" \/>\u2705 Constru\u00eddo com materiais dur\u00e1veis para uso profissional em oficinas<\/p>\n<p data-start=\"1506\" data-end=\"1703\">\u26a0\ufe0f <strong data-start=\"1509\" data-end=\"1525\">Por favor, note:<\/strong> Este adaptador n\u00e3o inclui software nem conector de diagn\u00f3stico.<br data-start=\"1591\" data-end=\"1594\" \/>\ud83d\udc49 Um conector compat\u00edvel com DiagZone (por ex., <a href=\"https:\/\/diagzone.org\/product\/launch-dbscar-vii-dbscar7-bluetooth-obd2-scanner-supports-can-fd-doip-protocols-powerful-all-systems-for-x431\/\">DBScar VII<\/a> ou <a href=\"https:\/\/diagzone.org\/product\/thinkcar-thinkdiag-2-can-fd-bi-directional-obd2-scanner\/\">ThinkDiag 2<\/a>) e \u00e9 necess\u00e1ria uma subscri\u00e7\u00e3o para utiliza\u00e7\u00e3o.<\/p>\n<p data-start=\"1705\" data-end=\"1745\"><strong data-start=\"1705\" data-end=\"1743\">Por que escolher o cabo adaptador DOIP?<\/strong><\/p>\n<ul data-start=\"1746\" data-end=\"1943\">\n<li data-start=\"1746\" data-end=\"1793\">\n<p data-start=\"1748\" data-end=\"1793\">Testado a 100 % quanto \u00e0 fiabilidade antes do envio<\/p>\n<\/li>\n<li data-start=\"1794\" data-end=\"1848\">\n<p data-start=\"1796\" data-end=\"1848\">Compat\u00edvel com Diagnostics over Internet Protocol (DOIP)<\/p>\n<\/li>\n<li data-start=\"1849\" data-end=\"1898\">\n<p data-start=\"1851\" data-end=\"1898\">Compat\u00edvel com autom\u00f3veis modernos e ve\u00edculos el\u00e9tricos<\/p>\n<\/li>\n<li data-start=\"1899\" data-end=\"1943\">\n<p data-start=\"1901\" data-end=\"1943\">Compacto, f\u00e1cil de usar e pronto para a oficina<\/p>\n<\/li>\n<\/ul>","protected":false},"excerpt":{"rendered":"<p>Cabo adaptador DOIP OBD2 de alta qualidade, concebido para dispositivos que utilizam conectores DBScar VII e ThinkDiag 2. Permite diagn\u00f3sticos em ve\u00edculos modernos com suporte ao protocolo DOIP.<\/p>","protected":false},"featured_media":3350,"template":"","meta":{"_acf_changed":false,"_seopress_robots_primary_cat":"none","_seopress_titles_title":"DOIP OBD2 Adapter Cable \u2013 Compatible with DBScar VII & ThinkDiag 2","_seopress_titles_desc":"Professional DOIP OBD2 adapter cable for DBScar VII and ThinkDiag 2. Supports Diagnostics over Internet Protocol for modern vehicles with stable, reliable performance.","_seopress_robots_index":"","inline_featured_image":false,"_kad_blocks_custom_css":"","_kad_blocks_head_custom_js":"","_kad_blocks_body_custom_js":"","_kad_blocks_footer_custom_js":"","_themeisle_gutenberg_block_has_review":false,"_kad_post_transparent":"default","_kad_post_title":"","_kad_post_layout":"default","_kad_post_sidebar_id":"","_kad_post_content_style":"default","_kad_post_vertical_padding":"default","_kad_post_feature":"","_kad_post_feature_position":"","_kad_post_header":false,"_kad_post_footer":false,"iawp_total_views":94},"product_cat":[22],"product_tag":[],"class_list":{"0":"post-3349","1":"product","2":"type-product","3":"status-publish","4":"has-post-thumbnail","6":"product_cat-accessories","8":"first","9":"instock","10":"shipping-taxable","11":"purchasable","12":"product-type-simple","13":"entry","14":"content-bg","15":"loop-entry"},"acf":[],"taxonomy_info":{"product_cat":[{"value":22,"label":"Accessories"}]},"featured_image_src_large":["https:\/\/diagzone.org\/wp-content\/uploads\/2025\/09\/Launch_DOIP_Connector_1.jpg",600,600,false],"author_info":[],"comment_info":"","_links":{"self":[{"href":"https:\/\/diagzone.org\/pt\/wp-json\/wp\/v2\/product\/3349","targetHints":{"allow":["GET"]}}],"collection":[{"href":"https:\/\/diagzone.org\/pt\/wp-json\/wp\/v2\/product"}],"about":[{"href":"https:\/\/diagzone.org\/pt\/wp-json\/wp\/v2\/types\/product"}],"wp:featuredmedia":[{"embeddable":true,"href":"https:\/\/diagzone.org\/pt\/wp-json\/wp\/v2\/media\/3350"}],"wp:attachment":[{"href":"https:\/\/diagzone.org\/pt\/wp-json\/wp\/v2\/media?parent=3349"}],"wp:term":[{"taxonomy":"product_cat","embeddable":true,"href":"https:\/\/diagzone.org\/pt\/wp-json\/wp\/v2\/product_cat?post=3349"},{"taxonomy":"product_tag","embeddable":true,"href":"https:\/\/diagzone.org\/pt\/wp-json\/wp\/v2\/product_tag?post=3349"}],"curies":[{"name":"wp","href":"https:\/\/api.w.org\/{rel}","templated":true}]}}