
{"id":3379,"date":"2025-09-27T09:38:14","date_gmt":"2025-09-27T07:38:14","guid":{"rendered":"https:\/\/diagzone.org\/?post_type=product&#038;p=3379"},"modified":"2025-09-27T09:47:51","modified_gmt":"2025-09-27T07:47:51","slug":"diagzone-diagnostic-set-dbscar-7-max","status":"publish","type":"product","link":"https:\/\/diagzone.org\/pt\/produto\/diagzone-diagnostic-set-dbscar-7-max\/","title":{"rendered":"Diagzone Conjunto de diagn\u00f3stico DBSCAR 7 MAX"},"content":{"rendered":"<p data-start=\"207\" data-end=\"493\" class=\" translation-block\">Obrigado pelo seu interesse no <strong data-start=\"242\" data-end=\"282\">conjunto de diagn\u00f3stico Diagzone DBScar 7 Max<\/strong>.<br data-start=\"283\" data-end=\"286\">Este conjunto de diagn\u00f3stico profissional combina um potente <strong data-start=\"339\" data-end=\"390\">tablet Android de 10 polegadas (3 GB RAM \/ 64 GB de armazenamento)<\/strong> com o <strong data-start=\"400\" data-end=\"427\">conector OBD2 DBScar 7<\/strong>, totalmente testado e otimizado para utiliza\u00e7\u00e3o com a plataforma DiagZone.<\/p>\n<p data-start=\"500\" data-end=\"712\">\ud83d\udd39 <strong data-start=\"503\" data-end=\"523\">Aviso importante<\/strong><br data-start=\"523\" data-end=\"526\" \/>O conjunto inclui uma licen\u00e7a v\u00e1lida <strong data-start=\"551\" data-end=\"580\">Licen\u00e7a do software DiagZone<\/strong> por padr\u00e3o<br data-start=\"592\" data-end=\"595\" \/>Isto significa que pode come\u00e7ar imediatamente a utilizar todas as fun\u00e7\u00f5es de diagn\u00f3stico sem adquirir uma subscri\u00e7\u00e3o adicional.<\/p>\n<p data-start=\"719\" data-end=\"925\">\ud83d\udd39 <strong data-start=\"722\" data-end=\"744\">Suporte e orienta\u00e7\u00e3o<\/strong><br data-start=\"744\" data-end=\"747\" \/>Precisa de ajuda para configurar o seu conjunto de diagn\u00f3stico?<br data-start=\"788\" data-end=\"791\" \/>A nossa equipa est\u00e1 dispon\u00edvel para fornecer assist\u00eancia passo a passo, desde a configura\u00e7\u00e3o do tablet at\u00e9 \u00e0 ativa\u00e7\u00e3o do DBScar 7 na plataforma DiagZone.<\/p>\n<p data-start=\"932\" data-end=\"1135\">\ud83d\udd39 <strong data-start=\"935\" data-end=\"956\">Garantia de qualidade<\/strong><br data-start=\"956\" data-end=\"959\" \/>Cada conjunto de diagn\u00f3stico \u00e9 totalmente testado antes do envio.<br data-start=\"1012\" data-end=\"1015\" \/>O <strong data-start=\"1019\" data-end=\"1065\">O tablet, o adaptador DBScar 7 e a conectividade<\/strong> s\u00e3o verificados para garantir um funcionamento impec\u00e1vel e durabilidade a longo prazo.<\/p>\n<h2 data-start=\"1142\" data-end=\"1166\">Descri\u00e7\u00e3o do produto<\/h2>\n<p data-start=\"1168\" data-end=\"1363\" class=\" translation-block\">O <strong data-start=\"1172\" data-end=\"1212\">conjunto de diagn\u00f3stico Diagzone DBScar 7 Max<\/strong> foi concebido para oficinas automotivas profissionais, oferecendo diagn\u00f3sticos avan\u00e7ados, codifica\u00e7\u00e3o ECU e fun\u00e7\u00f5es de servi\u00e7o para uma ampla gama de ve\u00edculos.<\/p>\n<p data-start=\"1365\" data-end=\"2115\">\u2705 <strong data-start=\"1367\" data-end=\"1383\">Conjunto completo<\/strong> \u2013 Inclui um tablet Android de 10 polegadas e um adaptador OBD2 DBScar 7<br data-start=\"1443\" data-end=\"1446\" \/>\u2705 <strong data-start=\"1448\" data-end=\"1474\">Compatibilidade com DiagZone<\/strong> \u2013 Funciona perfeitamente com o software DiagZone<br data-start=\"1516\" data-end=\"1519\" \/>\u2705 <strong data-start=\"1521\" data-end=\"1541\">Protocolos modernos<\/strong> \u2013 Suporta CAN FD e DoIP para novas gera\u00e7\u00f5es de ve\u00edculos<br data-start=\"1596\" data-end=\"1599\" \/>\u2705 <strong data-start=\"1601\" data-end=\"1627\">Controle bidirecional<\/strong> \u2013 Executa testes ativos, calibra\u00e7\u00f5es de componentes e codifica\u00e7\u00e3o da ECU<br data-start=\"1690\" data-end=\"1693\" \/>\u2705 <strong data-start=\"1695\" data-end=\"1722\">Mapeamento topol\u00f3gico visual<\/strong> \u2013 Permite diagnosticar rapidamente toda a rede do ve\u00edculo<br data-start=\"1768\" data-end=\"1771\" \/>\u2705 <strong data-start=\"1773\" data-end=\"1800\">Fun\u00e7\u00f5es abrangentes<\/strong> \u2013 Mais de 40 fun\u00e7\u00f5es de servi\u00e7o e reset (injetores, DPF, TPMS, baterias, chaves, etc.)<br data-start=\"1878\" data-end=\"1881\" \/>\u2705 <strong data-start=\"1883\" data-end=\"1909\">Ampla cobertura de ve\u00edculos<\/strong> \u2013 Suporta <a href=\"https:\/\/diagzone.org\/diagzone-supported-european-cars\/\">Europeu<\/a>, <a href=\"https:\/\/diagzone.org\/diagzone-supported-asian-passanger-cars\/\">Asi\u00e1tico<\/a>, <a href=\"https:\/\/diagzone.org\/diagzone-supported-chinese-cars\/\">Chin\u00eas<\/a>, ve\u00edculos el\u00e9tricos, motociclos e ve\u00edculos pesados (com opcional <a href=\"https:\/\/diagzone.org\/product\/gt106-plus-heavy-truck-power-adapter-24v-to-12v-adapter\/\">conversor 24V\u201312V<\/a>)<br data-start=\"2028\" data-end=\"2031\" \/>\u2705 <strong data-start=\"2033\" data-end=\"2050\">Design robusto<\/strong> \u2013 Tablet dur\u00e1vel e adaptador refor\u00e7ado para uso di\u00e1rio em oficina<\/p>\n<p data-start=\"2122\" data-end=\"2429\">\u26a0\ufe0f <strong data-start=\"2125\" data-end=\"2141\">Por favor, note:<\/strong> A licen\u00e7a do software j\u00e1 est\u00e1 inclu\u00edda neste conjunto.<br data-start=\"2197\" data-end=\"2200\" \/>\ud83d\udc49 Para <strong data-start=\"2207\" data-end=\"2234\">diagn\u00f3stico de ve\u00edculos pesados<\/strong>, a <a href=\"https:\/\/diagzone.org\/product\/gt106-plus-heavy-truck-power-adapter-24v-to-12v-adapter\/\"><strong data-start=\"2238\" data-end=\"2267\">Adaptador conversor 24V\u201312V<\/strong><\/a> \u00e9 necess\u00e1rio e deve ser adquirido separadamente. Pode encomend\u00e1-lo aqui: <strong data-start=\"2337\" data-end=\"2427\"><a class=\"decorated-link cursor-pointer\" href=\"https:\/\/diagzone.org\/product\/gt106-plus-heavy-truck-power-adapter-24v-to-12v-adapter\/\" target=\"_new\" rel=\"noopener\" data-start=\"2339\" data-end=\"2425\">Adaptador para ve\u00edculos pesados<\/a><\/strong><\/p>\n<h2 data-start=\"2436\" data-end=\"2489\">Por que escolher o conjunto de diagn\u00f3stico Diagzone DBScar 7 Max?<\/h2>\n<ul data-start=\"2491\" data-end=\"2765\">\n<li data-start=\"2491\" data-end=\"2538\">\n<p data-start=\"2493\" data-end=\"2538\">Solu\u00e7\u00e3o de diagn\u00f3stico profissional tudo-em-um<\/p>\n<\/li>\n<li data-start=\"2539\" data-end=\"2600\">\n<p data-start=\"2541\" data-end=\"2600\">Tablet Android de 10 polegadas pr\u00e9-testado com conector DBScar 7<\/p>\n<\/li>\n<li data-start=\"2601\" data-end=\"2642\">\n<p data-start=\"2603\" data-end=\"2642\" class=\" translation-block\">Protocolos preparados para o futuro: <strong data-start=\"2340\" data-end=\"2350\">CAN FD<\/strong> &amp; <strong data-start=\"2353\" data-end=\"2361\">DoIP<\/strong><\/p>\n<\/li>\n<li data-start=\"2643\" data-end=\"2716\">\n<p data-start=\"2645\" data-end=\"2716\" class=\" translation-block\">Suporta <strong data-start=\"2375\" data-end=\"2422\">autom\u00f3veis, ve\u00edculos el\u00e9tricos, h\u00edbridos, motociclos e cami\u00f5es<\/strong> (<a href=\"https:\/\/diagzone.org\/product\/gt106-plus-heavy-truck-power-adapter-24v-to-12v-adapter\/\" target=\"_self\">com conversor<\/a>)<\/p>\n<\/li>\n<li data-start=\"2717\" data-end=\"2765\">\n<p data-start=\"2719\" data-end=\"2765\">Constru\u00e7\u00e3o fi\u00e1vel, pronta para oficina, para uso di\u00e1rio<\/p>\n<\/li>\n<\/ul>\n<p data-start=\"2772\" data-end=\"2800\">\ud83d\udd39 <strong data-start=\"2775\" data-end=\"2798\">Inclu\u00eddo no conjunto<\/strong><\/p>\n<ul data-start=\"2802\" data-end=\"2969\">\n<li data-start=\"2802\" data-end=\"2868\">\n<p data-start=\"2804\" data-end=\"2868\" class=\" translation-block\">Tablet de diagn\u00f3stico Android de 10 polegadas (<strong data-start=\"2839\" data-end=\"2865\">3 GB de RAM \/ 64 GB de armazenamento<\/strong>)<\/p>\n<\/li>\n<li data-start=\"2869\" data-end=\"2896\">\n<p data-start=\"2871\" data-end=\"2896\">Conector OBD2 DBScar 7<\/p>\n<\/li>\n<li data-start=\"2926\" data-end=\"2951\">\n<p data-start=\"2928\" data-end=\"2951\">Carregador USB e cabo<\/p>\n<\/li>\n<li data-start=\"2952\" data-end=\"2969\">\n<p data-start=\"2954\" data-end=\"2969\">Adaptador de alimenta\u00e7\u00e3o<\/p>\n<\/li>\n<\/ul>\n<h2 data-start=\"2976\" data-end=\"2991\">Saber mais<\/h2>\n<p data-start=\"2993\" data-end=\"3190\">Quer saber mais sobre como o <strong data-start=\"3025\" data-end=\"3065\">Conjunto de diagn\u00f3stico DiagZone DBScar 7 Max<\/strong> funciona com autom\u00f3veis, ve\u00edculos el\u00e9tricos, motociclos e ve\u00edculos pesados?<br data-start=\"3123\" data-end=\"3126\" \/>Confira o nosso guia detalhado no nosso blog \ud83d\udc49 <a href=\"https:\/\/diagzone.org\/diagzone-package-description\/\"><strong data-start=\"3170\" data-end=\"3188\">Leia mais aqui<\/strong><\/a><\/p>","protected":false},"excerpt":{"rendered":"<p class=\" translation-block\">O <strong data-start=\"2527\" data-end=\"2563\">conjunto de diagn\u00f3stico Diagzone DBScar 7 MAX<\/strong> inclui um tablet e um conector OBD2, suportando CAN FD, DoIP, codifica\u00e7\u00e3o ECU e mais de 40 fun\u00e7\u00f5es de servi\u00e7o. Abrange ve\u00edculos europeus, asi\u00e1ticos e chineses, ve\u00edculos el\u00e9tricos, motociclos e cami\u00f5es pesados.<\/p>","protected":false},"featured_media":3378,"template":"","meta":{"_acf_changed":false,"_seopress_robots_primary_cat":"none","_seopress_titles_title":"Diagzone Diagnostic Set DBScar 7 Max \u2013 10\" Tablet (3GB\/64GB) with OBD2 Adapter","_seopress_titles_desc":"Diagzone Diagnostic Set DBScar 7 Max includes a 10-inch Android tablet (3GB\/64GB), DBScar 7 OBD2 connector, case, charger, and license. Supports cars, EVs, motorcycles, and trucks with 24V\u201312V converter.","_seopress_robots_index":"","inline_featured_image":false,"_kad_blocks_custom_css":"","_kad_blocks_head_custom_js":"","_kad_blocks_body_custom_js":"","_kad_blocks_footer_custom_js":"","_themeisle_gutenberg_block_has_review":false,"_kad_post_transparent":"default","_kad_post_title":"","_kad_post_layout":"default","_kad_post_sidebar_id":"","_kad_post_content_style":"default","_kad_post_vertical_padding":"default","_kad_post_feature":"","_kad_post_feature_position":"","_kad_post_header":false,"_kad_post_footer":false,"iawp_total_views":608},"product_cat":[23],"product_tag":[48,44,49,47,45,42,43,40,46],"class_list":{"0":"post-3379","1":"product","2":"type-product","3":"status-publish","4":"has-post-thumbnail","6":"product_cat-diagnostic-kits","7":"product_tag-cars","8":"product_tag-dbscar-7","9":"product_tag-dbscar-7-max","10":"product_tag-ev","11":"product_tag-kit","12":"product_tag-obd2","13":"product_tag-set","14":"product_tag-tablet","15":"product_tag-trucks","17":"first","18":"instock","19":"shipping-taxable","20":"purchasable","21":"product-type-simple","22":"entry","23":"content-bg","24":"loop-entry"},"acf":[],"taxonomy_info":{"product_cat":[{"value":23,"label":"Diagnostic kits"}],"product_tag":[{"value":48,"label":"cars"},{"value":44,"label":"DBSCAR 7"},{"value":49,"label":"DBScar 7 MAX"},{"value":47,"label":"EV"},{"value":45,"label":"Kit"},{"value":42,"label":"OBD2"},{"value":43,"label":"Set"},{"value":40,"label":"Tablet"},{"value":46,"label":"trucks"}]},"featured_image_src_large":["https:\/\/diagzone.org\/wp-content\/uploads\/2025\/09\/Diagzone_Diagnostic_Set_DBSCAR_7_MAX.jpg",600,600,false],"author_info":[],"comment_info":"","_links":{"self":[{"href":"https:\/\/diagzone.org\/pt\/wp-json\/wp\/v2\/product\/3379","targetHints":{"allow":["GET"]}}],"collection":[{"href":"https:\/\/diagzone.org\/pt\/wp-json\/wp\/v2\/product"}],"about":[{"href":"https:\/\/diagzone.org\/pt\/wp-json\/wp\/v2\/types\/product"}],"wp:featuredmedia":[{"embeddable":true,"href":"https:\/\/diagzone.org\/pt\/wp-json\/wp\/v2\/media\/3378"}],"wp:attachment":[{"href":"https:\/\/diagzone.org\/pt\/wp-json\/wp\/v2\/media?parent=3379"}],"wp:term":[{"taxonomy":"product_cat","embeddable":true,"href":"https:\/\/diagzone.org\/pt\/wp-json\/wp\/v2\/product_cat?post=3379"},{"taxonomy":"product_tag","embeddable":true,"href":"https:\/\/diagzone.org\/pt\/wp-json\/wp\/v2\/product_tag?post=3379"}],"curies":[{"name":"wp","href":"https:\/\/api.w.org\/{rel}","templated":true}]}}