
{"id":3382,"date":"2025-09-27T09:50:32","date_gmt":"2025-09-27T07:50:32","guid":{"rendered":"https:\/\/diagzone.org\/?post_type=product&#038;p=3382"},"modified":"2025-09-27T09:55:20","modified_gmt":"2025-09-27T07:55:20","slug":"kingbolen-ediag-plus-diagnostic-kit-obd2-scanner-with-8-tablet-diagzone-license","status":"publish","type":"product","link":"https:\/\/diagzone.org\/pt\/produto\/kingbolen-ediag-plus-diagnostic-kit-obd2-scanner-with-8-tablet-diagzone-license\/","title":{"rendered":"Kit de diagn\u00f3stico Kingbolen Ediag Plus \u2013 scanner OBD2 com tablet de 8\u2033 e licen\u00e7a DiagZone"},"content":{"rendered":"<p data-start=\"258\" data-end=\"580\" class=\" translation-block\">Obrigado pelo seu interesse no <strong data-start=\"293\" data-end=\"328\">Kingbolen Ediag+ Diagnostic Kit<\/strong>.<br data-start=\"329\" data-end=\"332\">Este kit profissional inclui o <strong data-start=\"367\" data-end=\"413\">conector de diagn\u00f3stico Bluetooth OBD2 Ediag+<\/strong> (clone do ThinkDiag 2) juntamente com um <strong data-start=\"460\" data-end=\"510\">tablet Android de 8 polegadas (4 GB RAM \/ 64 GB de armazenamento)<\/strong>, totalmente testados e otimizados para uso com a <strong data-start=\"556\" data-end=\"577\">plataforma DiagZone<\/strong>.<\/p>\n<p data-start=\"587\" data-end=\"769\">\ud83d\udd39 <strong data-start=\"590\" data-end=\"610\">Aviso importante<\/strong><br data-start=\"610\" data-end=\"613\" \/>O kit n\u00e3o inclui uma licen\u00e7a de software pr\u00e9-instalada.<br data-start=\"671\" data-end=\"674\" \/>Para utilizar todas as fun\u00e7\u00f5es de diagn\u00f3stico, \u00e9 necess\u00e1ria uma <strong data-start=\"714\" data-end=\"748\">uma subscri\u00e7\u00e3o DiagZone separada<\/strong> deve ser adquirida.<\/p>\n<p data-start=\"776\" data-end=\"1012\">\ud83d\udd39 <strong data-start=\"779\" data-end=\"801\">Suporte e orienta\u00e7\u00e3o<\/strong><br data-start=\"801\" data-end=\"804\" \/>Precisa de ajuda com a configura\u00e7\u00e3o do DiagZone?<br data-start=\"834\" data-end=\"837\" \/>A nossa equipa dedica-se a fornecer assist\u00eancia passo a passo. Sinta-se \u00e0 vontade para nos contactar a qualquer momento se precisar de orienta\u00e7\u00e3o sobre a utiliza\u00e7\u00e3o do seu kit Ediag+ com a plataforma DiagZone OBD2.<\/p>\n<p data-start=\"1019\" data-end=\"1243\">\ud83d\udd39 <strong data-start=\"1022\" data-end=\"1043\">Garantia de qualidade<\/strong><br data-start=\"1043\" data-end=\"1046\" \/>Cada <strong data-start=\"1052\" data-end=\"1072\">Kingbolen Ediag+<\/strong> e o tablet \u00e9 testado no DiagZone antes do envio.<br data-start=\"1122\" data-end=\"1125\" \/>Isto garante um funcionamento correto, comunica\u00e7\u00e3o est\u00e1vel e desempenho fi\u00e1vel para uso profissional ou pessoal.<\/p>\n<h2 data-start=\"1250\" data-end=\"1274\">Descri\u00e7\u00e3o do produto<\/h2>\n<p data-start=\"1276\" data-end=\"1530\" class=\" translation-block\">O <strong data-start=\"1280\" data-end=\"1315\">Kingbolen Ediag+ Diagnostic Kit<\/strong> combina a versatilidade do conector Bluetooth OBD2 Ediag+ com a conveni\u00eancia de um <strong data-start=\"1407\" data-end=\"1432\">tablet Android de 8 polegadas<\/strong> pr\u00e9-configurado para DiagZone. Isto torna-o num pacote pronto a usar para oficinas e entusiastas.<\/p>\n<p data-start=\"1532\" data-end=\"2265\">\u2705 Conjunto completo \u2013 inclui o conector OBD2 Ediag+ e um tablet Android de 8 polegadas (4 GB RAM \/ 64 GB de armazenamento)<br data-start=\"1616\" data-end=\"1619\" \/>\u2705 Funciona como um adaptador Bluetooth OBD2 profissional<br data-start=\"1667\" data-end=\"1670\" \/>\u2705 Compat\u00edvel com dispositivos Android \u2013 totalmente compat\u00edvel com Android 7\u201313 e Android 14 (apenas 32 bits)<br data-start=\"1763\" data-end=\"1766\" \/>\u2705 Testado com o software DiagZone para compatibilidade<br data-start=\"1815\" data-end=\"1818\" \/>\u2705 Conex\u00e3o Bluetooth 5.0\/5.1 de modo duplo est\u00e1vel<br data-start=\"1865\" data-end=\"1868\" \/>\u2705 Carca\u00e7a robusta em ABS+PC+TPU com luzes indicadoras<br data-start=\"1917\" data-end=\"1920\" \/>\u2705 Inclui um cabo OBD2 de 0,65 m para uma utiliza\u00e7\u00e3o conveniente<br data-start=\"1967\" data-end=\"1970\" \/>\u2705 Suporta o protocolo CAN-FD para ve\u00edculos de nova gera\u00e7\u00e3o<br data-start=\"2024\" data-end=\"2027\" \/>\u2705 Fun\u00e7\u00f5es avan\u00e7adas: reposi\u00e7\u00e3o do \u00f3leo, regenera\u00e7\u00e3o do DPF, codifica\u00e7\u00e3o de injetores, emparelhamento da bateria e muito mais (dependendo do modelo do ve\u00edculo)<br data-start=\"2150\" data-end=\"2153\" \/>\u2705 Oferece controlo bidirecional, codifica\u00e7\u00e3o e adapta\u00e7\u00e3o da ECU, dete\u00e7\u00e3o autom\u00e1tica do VIN e relat\u00f3rios completos do estado dos sistemas<\/p>\n<p data-start=\"2267\" data-end=\"2444\">\u26a0\ufe0f <strong data-start=\"100\" data-end=\"116\">Por favor, note:<\/strong> Este kit <strong data-start=\"126\" data-end=\"172\">inclui uma licen\u00e7a v\u00e1lida do software DiagZone<\/strong> por padr\u00e3o<br data-start=\"184\" data-end=\"187\" \/>\ud83d\udc49 Pode come\u00e7ar imediatamente a utilizar todas as fun\u00e7\u00f5es de diagn\u00f3stico sem adquirir uma subscri\u00e7\u00e3o adicional.<\/p>\n<h2 data-start=\"2451\" data-end=\"2499\">Por que escolher o kit de diagn\u00f3stico Kingbolen Ediag+?<\/h2>\n<ul data-start=\"2501\" data-end=\"2952\">\n<li data-start=\"2501\" data-end=\"2563\">\n<p data-start=\"2503\" data-end=\"2563\">Clone do ThinkDiag 2 \u2013 mesma funcionalidade, mais acess\u00edvel<\/p>\n<\/li>\n<li data-start=\"2564\" data-end=\"2616\">\n<p data-start=\"2566\" data-end=\"2616\">Inclui um tablet Android de 8 polegadas pronto a usar<\/p>\n<\/li>\n<li data-start=\"2617\" data-end=\"2660\">\n<p data-start=\"2619\" data-end=\"2660\" class=\" translation-block\"><strong data-start=\"290\" data-end=\"317\">Testado 100 % no DiagZone<\/strong> antes do envio<\/p>\n<\/li>\n<li data-start=\"2661\" data-end=\"2716\">\n<p data-start=\"2663\" data-end=\"2716\">Conector OBD2 profissional com desempenho est\u00e1vel<\/p>\n<\/li>\n<li data-start=\"2717\" data-end=\"2771\">\n<p data-start=\"2719\" data-end=\"2771\">Design compacto com conectividade Bluetooth 5.0\/5.1<\/p>\n<\/li>\n<li data-start=\"2772\" data-end=\"2854\">\n<p data-start=\"2774\" data-end=\"2854\">Compat\u00edvel com os pacotes de software DiagZone para autom\u00f3veis de passageiros, ve\u00edculos el\u00e9tricos e ve\u00edculos pesados<\/p>\n<\/li>\n<li data-start=\"2855\" data-end=\"2952\">\n<p data-start=\"2857\" data-end=\"2952\" class=\" translation-block\">Suporta os principais protocolos de diagn\u00f3stico: <strong data-start=\"3072\" data-end=\"3132\">ISO9141, KWP2000, J1850 VPW, J1850 PWM, CAN, UDS, CAN-FD<\/strong><\/p>\n<\/li>\n<\/ul>\n<p data-start=\"2959\" data-end=\"3207\">\u2705 <strong data-start=\"2961\" data-end=\"3205\">Em resumo, o Kingbolen Ediag+ Diagnostic Kit \u00e9 uma alternativa econ\u00f3mica ao ThinkDiag 2, oferecendo a mesma compatibilidade com o DiagZone com a conveni\u00eancia adicional de um tablet Android de 8 polegadas, tornando-o uma solu\u00e7\u00e3o de diagn\u00f3stico pronta a usar.<\/strong><\/p>","protected":false},"excerpt":{"rendered":"<p class=\" translation-block\">O <strong data-start=\"213\" data-end=\"248\">Kingbolen Ediag+ Diagnostic Kit<\/strong> inclui um conector OBD2 Bluetooth compacto, um <strong data-start=\"297\" data-end=\"333\">tablet Android de 8 polegadas (4 GB\/64 GB)<\/strong> e uma <strong data-start=\"341\" data-end=\"376\">licen\u00e7a v\u00e1lida do software DiagZone<\/strong>. Totalmente compat\u00edvel com a plataforma DiagZone, suporta <strong data-start=\"435\" data-end=\"445\">CAN-FD<\/strong>, controlo bidirecional, codifica\u00e7\u00e3o ECU e m\u00faltiplas fun\u00e7\u00f5es de reset \u2014 oferecendo diagn\u00f3stico profissional num pacote pronto a usar.<\/p>","protected":false},"featured_media":3383,"template":"","meta":{"_acf_changed":false,"_seopress_robots_primary_cat":"none","_seopress_titles_title":"Kingbolen Ediag+ Diagnostic Kit \u2013 OBD2 Scanner with 8\" Tablet & DiagZone License","_seopress_titles_desc":"Kingbolen Ediag+ Diagnostic Kit with 8-inch Android tablet and DiagZone license. Supports CAN-FD, ECU coding, bi-directional tests, and service resets. Ready-to-use package for professional diagnostics.","_seopress_robots_index":"","inline_featured_image":false,"_kad_blocks_custom_css":"","_kad_blocks_head_custom_js":"","_kad_blocks_body_custom_js":"","_kad_blocks_footer_custom_js":"","_themeisle_gutenberg_block_has_review":false,"_kad_post_transparent":"default","_kad_post_title":"","_kad_post_layout":"default","_kad_post_sidebar_id":"","_kad_post_content_style":"default","_kad_post_vertical_padding":"default","_kad_post_feature":"","_kad_post_feature_position":"","_kad_post_header":false,"_kad_post_footer":false,"iawp_total_views":169},"product_cat":[23],"product_tag":[],"class_list":{"0":"post-3382","1":"product","2":"type-product","3":"status-publish","4":"has-post-thumbnail","6":"product_cat-diagnostic-kits","8":"first","9":"instock","10":"shipping-taxable","11":"purchasable","12":"product-type-simple","13":"entry","14":"content-bg","15":"loop-entry"},"acf":[],"taxonomy_info":{"product_cat":[{"value":23,"label":"Diagnostic kits"}]},"featured_image_src_large":["https:\/\/diagzone.org\/wp-content\/uploads\/2025\/09\/Diagzone_Automotive_Diagnostics_1.jpg",600,600,false],"author_info":[],"comment_info":"","_links":{"self":[{"href":"https:\/\/diagzone.org\/pt\/wp-json\/wp\/v2\/product\/3382","targetHints":{"allow":["GET"]}}],"collection":[{"href":"https:\/\/diagzone.org\/pt\/wp-json\/wp\/v2\/product"}],"about":[{"href":"https:\/\/diagzone.org\/pt\/wp-json\/wp\/v2\/types\/product"}],"wp:featuredmedia":[{"embeddable":true,"href":"https:\/\/diagzone.org\/pt\/wp-json\/wp\/v2\/media\/3383"}],"wp:attachment":[{"href":"https:\/\/diagzone.org\/pt\/wp-json\/wp\/v2\/media?parent=3382"}],"wp:term":[{"taxonomy":"product_cat","embeddable":true,"href":"https:\/\/diagzone.org\/pt\/wp-json\/wp\/v2\/product_cat?post=3382"},{"taxonomy":"product_tag","embeddable":true,"href":"https:\/\/diagzone.org\/pt\/wp-json\/wp\/v2\/product_tag?post=3382"}],"curies":[{"name":"wp","href":"https:\/\/api.w.org\/{rel}","templated":true}]}}