
{"id":3386,"date":"2025-09-27T10:01:34","date_gmt":"2025-09-27T08:01:34","guid":{"rendered":"https:\/\/diagzone.org\/?post_type=product&#038;p=3386"},"modified":"2025-09-27T10:03:22","modified_gmt":"2025-09-27T08:03:22","slug":"thinkcar-thinkdiag-2-diagnostic-set-with-10-inch-tablet-pre-installed-diagzone-license","status":"publish","type":"product","link":"https:\/\/diagzone.org\/pt\/produto\/thinkcar-thinkdiag-2-diagnostic-set-with-10-inch-tablet-pre-installed-diagzone-license\/","title":{"rendered":"THINKCAR ThinkDiag 2 Conjunto de diagn\u00f3stico com tablet de 10 polegadas e licen\u00e7a DiagZone pr\u00e9-instalada"},"content":{"rendered":"<p data-start=\"218\" data-end=\"600\" class=\" translation-block\">Obrigado pelo seu interesse no <strong data-start=\"253\" data-end=\"345\">kit de diagn\u00f3stico Diagzone \u2013 ThinkDiag 2 com tablet de 10 polegadas (3GB\/128GB) + licen\u00e7a DiagZone<\/strong>.<br data-start=\"346\" data-end=\"349\">Este pacote de diagn\u00f3stico completo combina o conector OBD2 Bluetooth ThinkDiag 2 original com um potente tablet Android de 10 polegadas e uma <strong data-start=\"486\" data-end=\"529\">licen\u00e7a de software DiagZone pr\u00e9-instalada<\/strong>, oferecendo uma solu\u00e7\u00e3o pronta a usar para profissionais e oficinas.<\/p>\n<h3 data-start=\"607\" data-end=\"632\">\ud83d\udd39 Aviso importante<\/h3>\n<p data-start=\"633\" data-end=\"810\">O kit <strong data-start=\"641\" data-end=\"706\">j\u00e1 inclui por padr\u00e3o uma licen\u00e7a de software DiagZone v\u00e1lida<\/strong>.<br data-start=\"707\" data-end=\"710\" \/>\ud83d\udc49 N\u00e3o \u00e9 necess\u00e1ria nenhuma subscri\u00e7\u00e3o adicional \u2013 pode come\u00e7ar imediatamente a utilizar todas as funcionalidades de diagn\u00f3stico.<\/p>\n<h3 data-start=\"817\" data-end=\"844\">\ud83d\udd39 Suporte e orienta\u00e7\u00e3o<\/h3>\n<p data-start=\"845\" data-end=\"1011\" class=\" translation-block\">Precisa de ajuda para configurar o seu kit de diagn\u00f3stico?<br data-start=\"886\" data-end=\"889\">A nossa equipa fornece assist\u00eancia passo a passo, desde a configura\u00e7\u00e3o do tablet at\u00e9 \u00e0 ativa\u00e7\u00e3o do ThinkDiag 2 na plataforma DiagZone.<\/p>\n<h3 data-start=\"1018\" data-end=\"1044\">\ud83d\udd39 Garantia de qualidade<\/h3>\n<p data-start=\"1045\" data-end=\"1252\" class=\" translation-block\">Cada adaptador ThinkDiag 2 e cada tablet s\u00e3o totalmente testados antes do envio.<br data-start=\"1114\" data-end=\"1117\">A conectividade, a compatibilidade do software e o desempenho s\u00e3o verificados para garantir fiabilidade de n\u00edvel profissional e durabilidade a longo prazo.<\/p>\n<h2 data-start=\"1259\" data-end=\"1287\">\ud83d\udccc Recursos e fun\u00e7\u00f5es<\/h2>\n<p data-start=\"1289\" data-end=\"2002\">\u2705 <strong data-start=\"1291\" data-end=\"1307\">Conjunto completo<\/strong> \u2013 Inclui adaptador ThinkDiag 2, tablet Android de 10 polegadas (3 GB RAM \/ 128 GB de armazenamento), carregador e cabos<br data-start=\"1426\" data-end=\"1429\" \/>\u2705 <strong data-start=\"1431\" data-end=\"1457\">Compatibilidade com DiagZone<\/strong> \u2013 Totalmente otimizado para uso com o software DiagZone<br data-start=\"1506\" data-end=\"1509\" \/>\u2705 <strong data-start=\"1511\" data-end=\"1531\">Protocolos modernos<\/strong> \u2013 Suporta CAN-FD, DoIP e UDS para novas gera\u00e7\u00f5es de ve\u00edculos<br data-start=\"1592\" data-end=\"1595\" \/>\u2705 <strong data-start=\"1597\" data-end=\"1623\">Controle bidirecional<\/strong> \u2013 Executa testes ativos, codifica\u00e7\u00e3o da ECU e adapta\u00e7\u00f5es de componentes<br data-start=\"1685\" data-end=\"1688\" \/>\u2705 <strong data-start=\"1690\" data-end=\"1711\">Fun\u00e7\u00f5es de servi\u00e7o<\/strong> \u2013 Mais de 40 op\u00e7\u00f5es de reset e manuten\u00e7\u00e3o (injetores, DPF, TPMS, baterias, chaves, etc.)<br data-start=\"1791\" data-end=\"1794\" \/>\u2705 <strong data-start=\"1796\" data-end=\"1814\">Ampla cobertura<\/strong> \u2013 Ve\u00edculos europeus, asi\u00e1ticos e chineses, ve\u00edculos el\u00e9tricos, h\u00edbridos, motocicletas e ve\u00edculos pesados (com adaptador 24V\u201312V)<br data-start=\"1918\" data-end=\"1921\" \/>\u2705 <strong data-start=\"1923\" data-end=\"1939\">Constru\u00e7\u00e3o robusta<\/strong> \u2013 Tablet e adaptador dur\u00e1veis, projetados para uso di\u00e1rio em oficina<\/p>\n<h2 data-start=\"2009\" data-end=\"2036\">\u26a0\ufe0f Aviso para ve\u00edculos pesados<\/h2>\n<p data-start=\"2037\" data-end=\"2198\">Para diagn\u00f3stico de ve\u00edculos pesados, \u00e9 necess\u00e1rio um <strong data-start=\"2068\" data-end=\"2097\">Adaptador conversor 24V\u201312V<\/strong> \u00e9 necess\u00e1rio e deve ser adquirido separadamente.<br data-start=\"2143\" data-end=\"2146\" \/>\ud83d\udc49 Voc\u00ea pode encomend\u00e1-lo aqui: <a class=\"decorated-link\" href=\"#\" rel=\"noopener\" data-start=\"2172\" data-end=\"2196\">Adaptador para ve\u00edculos pesados<\/a><\/p>\n<h2 data-start=\"2205\" data-end=\"2225\">\ud83d\udce6 Lista de embalagem<\/h2>\n<ul data-start=\"2227\" data-end=\"2435\">\n<li data-start=\"2227\" data-end=\"2267\">\n<p data-start=\"2229\" data-end=\"2267\">ThinkDiag 2 Conector Bluetooth OBD2<\/p>\n<\/li>\n<li data-start=\"2268\" data-end=\"2320\">\n<p data-start=\"2270\" data-end=\"2320\">Tablet Android de 10 polegadas (3 GB RAM \/ 128 GB de armazenamento)<\/p>\n<\/li>\n<li data-start=\"2321\" data-end=\"2364\">\n<p data-start=\"2323\" data-end=\"2364\">Licen\u00e7a de software DiagZone pr\u00e9-instalada<\/p>\n<\/li>\n<li data-start=\"2394\" data-end=\"2417\">\n<p data-start=\"2396\" data-end=\"2417\">Carregador USB e cabo<\/p>\n<\/li>\n<li data-start=\"2418\" data-end=\"2435\">\n<p data-start=\"2420\" data-end=\"2435\">Adaptador de energia<\/p>\n<\/li>\n<\/ul>\n<h3 data-start=\"2442\" data-end=\"2458\">\u2705 Em resumo<\/h3>\n<p data-start=\"2459\" data-end=\"2728\" class=\" translation-block\">O <strong data-start=\"2463\" data-end=\"2524\">kit de diagn\u00f3stico Diagzone com ThinkDiag 2 e tablet de 10 polegadas<\/strong> \u00e9 uma solu\u00e7\u00e3o de diagn\u00f3stico profissional tudo-em-um. Com licen\u00e7a pr\u00e9-instalada, tablet robusto e amplo suporte de protocolos, est\u00e1 pronto para autom\u00f3veis, ve\u00edculos el\u00e9tricos, h\u00edbridos, motociclos e at\u00e9 cami\u00f5es (com adaptador).<\/p>","protected":false},"excerpt":{"rendered":"<p class=\" translation-block\">O <strong data-start=\"157\" data-end=\"172\">THINKDIAG 2<\/strong> \u00e9 um conector OBD2 Bluetooth de alto desempenho, concebido para velocidade, fiabilidade e transfer\u00eancia de dados precisa. Suporta a comunica\u00e7\u00e3o moderna <strong data-start=\"301\" data-end=\"325\">CAN-FD<\/strong>, tornando-o ideal para ve\u00edculos de nova gera\u00e7\u00e3o. Com ampla cobertura desde autom\u00f3veis at\u00e9 ve\u00edculos el\u00e9tricos e cami\u00f5es, oferece desempenho de n\u00edvel profissional num design compacto, totalmente testado na <strong data-start=\"505\" data-end=\"526\">DiagZone platform<\/strong>.<\/p>","protected":false},"featured_media":3387,"template":"","meta":{"_acf_changed":false,"_seopress_robots_primary_cat":"none","_seopress_titles_title":"Diagzone Diagnostic Kit | ThinkDiag 2 + 10\" Tablet (3\/128GB) + DiagZone License","_seopress_titles_desc":"Buy the Diagzone Diagnostic Kit with ThinkDiag 2 adapter, 10-inch Android tablet (3\/128GB), and pre-installed DiagZone license. Supports CAN-FD, DoIP, ECU coding, bi-directional tests, and service resets for cars, EVs, motorcycles, and trucks (with adapter).","_seopress_robots_index":"","inline_featured_image":false,"_kad_blocks_custom_css":"","_kad_blocks_head_custom_js":"","_kad_blocks_body_custom_js":"","_kad_blocks_footer_custom_js":"","_themeisle_gutenberg_block_has_review":false,"_kad_post_transparent":"default","_kad_post_title":"","_kad_post_layout":"default","_kad_post_sidebar_id":"","_kad_post_content_style":"default","_kad_post_vertical_padding":"default","_kad_post_feature":"","_kad_post_feature_position":"","_kad_post_header":false,"_kad_post_footer":false,"iawp_total_views":446},"product_cat":[23],"product_tag":[],"class_list":{"0":"post-3386","1":"product","2":"type-product","3":"status-publish","4":"has-post-thumbnail","6":"product_cat-diagnostic-kits","8":"first","9":"instock","10":"shipping-taxable","11":"purchasable","12":"product-type-simple","13":"entry","14":"content-bg","15":"loop-entry"},"acf":[],"taxonomy_info":{"product_cat":[{"value":23,"label":"Diagnostic kits"}]},"featured_image_src_large":["https:\/\/diagzone.org\/wp-content\/uploads\/2025\/09\/Diagzone_Diagnostic_Set_PLUS.jpg",600,600,false],"author_info":[],"comment_info":"","_links":{"self":[{"href":"https:\/\/diagzone.org\/pt\/wp-json\/wp\/v2\/product\/3386","targetHints":{"allow":["GET"]}}],"collection":[{"href":"https:\/\/diagzone.org\/pt\/wp-json\/wp\/v2\/product"}],"about":[{"href":"https:\/\/diagzone.org\/pt\/wp-json\/wp\/v2\/types\/product"}],"wp:featuredmedia":[{"embeddable":true,"href":"https:\/\/diagzone.org\/pt\/wp-json\/wp\/v2\/media\/3387"}],"wp:attachment":[{"href":"https:\/\/diagzone.org\/pt\/wp-json\/wp\/v2\/media?parent=3386"}],"wp:term":[{"taxonomy":"product_cat","embeddable":true,"href":"https:\/\/diagzone.org\/pt\/wp-json\/wp\/v2\/product_cat?post=3386"},{"taxonomy":"product_tag","embeddable":true,"href":"https:\/\/diagzone.org\/pt\/wp-json\/wp\/v2\/product_tag?post=3386"}],"curies":[{"name":"wp","href":"https:\/\/api.w.org\/{rel}","templated":true}]}}