
{"id":3389,"date":"2025-09-27T10:07:39","date_gmt":"2025-09-27T08:07:39","guid":{"rendered":"https:\/\/diagzone.org\/?post_type=product&#038;p=3389"},"modified":"2025-09-27T10:10:57","modified_gmt":"2025-09-27T08:10:57","slug":"kingbolen-ediag-plus-diagnostic-kit-obd2-scanner-with-10-tablet-diagzone-license","status":"publish","type":"product","link":"https:\/\/diagzone.org\/pt\/produto\/kingbolen-ediag-plus-diagnostic-kit-obd2-scanner-with-10-tablet-diagzone-license\/","title":{"rendered":"Kit de diagn\u00f3stico Kingbolen Ediag Plus \u2013 scanner OBD2 com tablet de 10\u2033 e licen\u00e7a DiagZone"},"content":{"rendered":"<p data-start=\"272\" data-end=\"591\" class=\" translation-block\">Obrigado pelo seu interesse no <strong data-start=\"307\" data-end=\"342\">Kingbolen Ediag+ Diagnostic Kit<\/strong>.<br data-start=\"343\" data-end=\"346\">Este kit profissional inclui o <strong data-start=\"381\" data-end=\"427\">conector de diagn\u00f3stico Bluetooth OBD2 Ediag+<\/strong> (um clone do ThinkDiag 2), juntamente com um <strong data-start=\"473\" data-end=\"525\">tablet Android de 10 polegadas (3 GB de RAM \/ 128 GB de armazenamento)<\/strong>, totalmente testado e otimizado para utiliza\u00e7\u00e3o com a plataforma DiagZone.<\/p>\n<p data-start=\"593\" data-end=\"797\">\ud83d\udd39 <strong data-start=\"596\" data-end=\"616\">Aviso importante<\/strong><br data-start=\"616\" data-end=\"619\" \/>Este kit <strong data-start=\"628\" data-end=\"682\">j\u00e1 inclui uma licen\u00e7a de software DiagZone v\u00e1lida<\/strong>.<br data-start=\"683\" data-end=\"686\" \/>Pode come\u00e7ar imediatamente a utilizar todas as fun\u00e7\u00f5es de diagn\u00f3stico sem necessidade de adquirir uma subscri\u00e7\u00e3o separada.<\/p>\n<p data-start=\"799\" data-end=\"1003\">\ud83d\udd39 <strong data-start=\"802\" data-end=\"824\">Suporte e orienta\u00e7\u00e3o<\/strong><br data-start=\"824\" data-end=\"827\" \/>necessidade <a href=\"https:\/\/wa.me\/31647604324\">ajuda<\/a> com a configura\u00e7\u00e3o do DiagZone?<br data-start=\"857\" data-end=\"860\" \/>A nossa equipa est\u00e1 dispon\u00edvel para fornecer assist\u00eancia passo a passo \u2013 desde a configura\u00e7\u00e3o do tablet at\u00e9 \u00e0 liga\u00e7\u00e3o do seu Ediag+ \u00e0 plataforma DiagZone OBD2.<\/p>\n<p data-start=\"1005\" data-end=\"1244\">\ud83d\udd39 <strong data-start=\"1008\" data-end=\"1029\">Garantia de qualidade<\/strong><br data-start=\"1029\" data-end=\"1032\" \/>Cada dispositivo e tablet Kingbolen Ediag+ s\u00e3o totalmente testados no DiagZone antes do envio.<br data-start=\"1117\" data-end=\"1120\" \/>Isto garante um desempenho est\u00e1vel, funcionamento correto e comunica\u00e7\u00e3o fi\u00e1vel, tanto para uso profissional como pessoal.<\/p>\n<h3 data-start=\"1251\" data-end=\"1267\">\u2705 Funcionalidades<\/h3>\n<ul data-start=\"1269\" data-end=\"1909\">\n<li data-start=\"1269\" data-end=\"1365\">\n<p data-start=\"1271\" data-end=\"1365\" class=\" translation-block\">Conjunto completo \u2013 inclui o <strong data-start=\"1295\" data-end=\"1320\">conector OBD2 Ediag+<\/strong> e um <strong data-start=\"1325\" data-end=\"1363\">tablet Android de 10 polegadas (3 GB\/128 GB)<\/strong><\/p>\n<\/li>\n<li data-start=\"1366\" data-end=\"1416\">\n<p data-start=\"1368\" data-end=\"1416\">Funciona como um adaptador OBD2 Bluetooth profissional<\/p>\n<\/li>\n<li data-start=\"1417\" data-end=\"1484\">\n<p data-start=\"1419\" data-end=\"1484\">Totalmente compat\u00edvel com Android 7\u201313 e Android 14 (apenas 32 bits)<\/p>\n<\/li>\n<li data-start=\"1485\" data-end=\"1534\">\n<p data-start=\"1487\" data-end=\"1534\">Liga\u00e7\u00e3o Bluetooth 5.0\/5.1 dual-mode est\u00e1vel<\/p>\n<\/li>\n<li data-start=\"1535\" data-end=\"1586\">\n<p data-start=\"1537\" data-end=\"1586\">Estrutura robusta em ABS+PC+TPU com luzes indicadoras<\/p>\n<\/li>\n<li data-start=\"1587\" data-end=\"1637\">\n<p data-start=\"1589\" data-end=\"1637\" class=\" translation-block\">Inclui <strong data-start=\"1598\" data-end=\"1619\">cabo OBD2 de 0,65 m<\/strong> para maior comodidade<\/p>\n<\/li>\n<li data-start=\"1638\" data-end=\"1690\">\n<p data-start=\"1640\" data-end=\"1690\" class=\" translation-block\">Suporta o <strong data-start=\"1649\" data-end=\"1668\">protocolo CAN-FD<\/strong> para ve\u00edculos modernos<\/p>\n<\/li>\n<li data-start=\"1691\" data-end=\"1816\">\n<p data-start=\"1693\" data-end=\"1816\">Fun\u00e7\u00f5es avan\u00e7adas: reset do \u00f3leo, regenera\u00e7\u00e3o DPF, codifica\u00e7\u00e3o de injetores, correspond\u00eancia da bateria e muito mais (dependendo do modelo do ve\u00edculo)<\/p>\n<\/li>\n<li data-start=\"1817\" data-end=\"1909\">\n<p data-start=\"1819\" data-end=\"1909\">Controlo bidirecional, codifica\u00e7\u00e3o e adapta\u00e7\u00e3o ECU, dete\u00e7\u00e3o Auto VIN, relat\u00f3rios completos do estado do sistema<\/p>\n<\/li>\n<\/ul>\n<h3 data-start=\"1916\" data-end=\"1929\">\u26a0\ufe0f Nota<\/h3>\n<ul data-start=\"1930\" data-end=\"2110\">\n<li data-start=\"1930\" data-end=\"2023\">\n<p data-start=\"1932\" data-end=\"2023\" class=\" translation-block\">O kit <strong data-start=\"1940\" data-end=\"1982\">inclui uma licen\u00e7a DiagZone por defeito<\/strong> \u2013 n\u00e3o \u00e9 necess\u00e1ria a compra de software adicional.<\/p>\n<\/li>\n<li data-start=\"2024\" data-end=\"2110\">\n<p data-start=\"2026\" data-end=\"2110\" class=\" translation-block\">Para <strong data-start=\"2030\" data-end=\"2046\">ve\u00edculos pesados<\/strong>, \u00e9 necess\u00e1rio um <a href=\"https:\/\/diagzone.org\/product\/gt106-plus-heavy-truck-power-adapter-24v-to-12v-adapter\/\" target=\"_self\"><strong data-start=\"2050\" data-end=\"2079\">adaptador conversor 24V\u201312V<\/strong><\/a> (vendido separadamente).<\/p>\n<\/li>\n<\/ul>\n<h3 data-start=\"2117\" data-end=\"2168\">\u00a0Por que escolher o kit de diagn\u00f3stico Kingbolen Ediag+?<\/h3>\n<ul data-start=\"2170\" data-end=\"2591\">\n<li data-start=\"2170\" data-end=\"2232\">\n<p data-start=\"2172\" data-end=\"2232\">Clone do ThinkDiag 2 \u2013 mesma funcionalidade, mais acess\u00edvel<\/p>\n<\/li>\n<li data-start=\"2233\" data-end=\"2301\">\n<p data-start=\"2235\" data-end=\"2301\" class=\" translation-block\">Inclui um <strong data-start=\"2244\" data-end=\"2270\">tablet Android de 10 polegadas<\/strong> para diagn\u00f3sticos prontos a usar<\/p>\n<\/li>\n<li data-start=\"2302\" data-end=\"2345\">\n<p data-start=\"2304\" data-end=\"2345\" class=\" translation-block\"><strong data-start=\"290\" data-end=\"317\">Testado 100 % no DiagZone<\/strong> antes do envio<\/p>\n<\/li>\n<li data-start=\"2346\" data-end=\"2407\">\n<p data-start=\"2348\" data-end=\"2407\">Design compacto com conectividade Bluetooth 5.0\/5.1 potente<\/p>\n<\/li>\n<li data-start=\"2408\" data-end=\"2495\">\n<p data-start=\"2410\" data-end=\"2495\">Suporta autom\u00f3veis de passageiros, ve\u00edculos el\u00e9tricos, motociclos e ve\u00edculos pesados (com conversor)<\/p>\n<\/li>\n<li data-start=\"2496\" data-end=\"2591\">\n<p data-start=\"2498\" data-end=\"2591\">Abrange os principais protocolos de diagn\u00f3stico: ISO9141, KWP2000, J1850 VPW, J1850 PWM, CAN, UDS, CAN-FD<\/p>\n<\/li>\n<\/ul>\n<p data-start=\"2598\" data-end=\"2831\">\u2705 <strong data-start=\"2600\" data-end=\"2612\">Em resumo<\/strong>: The <strong data-start=\"2618\" data-end=\"2672\">Kit de diagn\u00f3stico Kingbolen Ediag+ (10 polegadas, 3 GB RAM \/ 128 GB de armazenamento)<\/strong> \u00e9 uma alternativa econ\u00f3mica ao ThinkDiag 2, oferecendo compatibilidade total com o DiagZone e um tablet potente para uma solu\u00e7\u00e3o de diagn\u00f3stico completa e pronta a usar.<\/p>","protected":false},"excerpt":{"rendered":"<p class=\" translation-block\">O <strong data-start=\"213\" data-end=\"248\">Kingbolen Ediag+ Diagnostic Kit<\/strong> inclui um conector OBD2 Bluetooth compacto, um <strong data-start=\"297\" data-end=\"333\">tablet Android de 8 polegadas (4 GB\/64 GB)<\/strong> e uma <strong data-start=\"341\" data-end=\"376\">licen\u00e7a v\u00e1lida do software DiagZone<\/strong>. Totalmente compat\u00edvel com a plataforma DiagZone, suporta <strong data-start=\"435\" data-end=\"445\">CAN-FD<\/strong>, controlo bidirecional, codifica\u00e7\u00e3o ECU e m\u00faltiplas fun\u00e7\u00f5es de reset \u2014 oferecendo diagn\u00f3stico profissional num pacote pronto a usar.<\/p>","protected":false},"featured_media":3390,"template":"","meta":{"_acf_changed":false,"_seopress_robots_primary_cat":"none","_seopress_titles_title":"Kingbolen Ediag Plus Diagnostic Kit \u2013 OBD2 Scanner with 10\" Tablet & Pre-Installed DiagZone License","_seopress_titles_desc":"Buy the Kingbolen Ediag Plus Diagnostic Kit with 10-inch Android tablet (3GB\/128GB) and pre-installed DiagZone license. Supports CAN-FD, ECU coding, bi-directional control, and advanced service functions for cars, EVs, motorcycles, and heavy-duty vehicles (with adapter).","_seopress_robots_index":"","inline_featured_image":false,"_kad_blocks_custom_css":"","_kad_blocks_head_custom_js":"","_kad_blocks_body_custom_js":"","_kad_blocks_footer_custom_js":"","_themeisle_gutenberg_block_has_review":false,"_kad_post_transparent":"default","_kad_post_title":"","_kad_post_layout":"default","_kad_post_sidebar_id":"","_kad_post_content_style":"default","_kad_post_vertical_padding":"default","_kad_post_feature":"","_kad_post_feature_position":"","_kad_post_header":false,"_kad_post_footer":false,"iawp_total_views":210},"product_cat":[23],"product_tag":[],"class_list":{"0":"post-3389","1":"product","2":"type-product","3":"status-publish","4":"has-post-thumbnail","6":"product_cat-diagnostic-kits","8":"first","9":"instock","10":"shipping-taxable","11":"purchasable","12":"product-type-simple","13":"entry","14":"content-bg","15":"loop-entry"},"acf":[],"taxonomy_info":{"product_cat":[{"value":23,"label":"Diagnostic kits"}]},"featured_image_src_large":["https:\/\/diagzone.org\/wp-content\/uploads\/2025\/09\/Diagzone_Diagnostic_Set_EDIAG_PLUS.jpg",600,600,false],"author_info":[],"comment_info":"","_links":{"self":[{"href":"https:\/\/diagzone.org\/pt\/wp-json\/wp\/v2\/product\/3389","targetHints":{"allow":["GET"]}}],"collection":[{"href":"https:\/\/diagzone.org\/pt\/wp-json\/wp\/v2\/product"}],"about":[{"href":"https:\/\/diagzone.org\/pt\/wp-json\/wp\/v2\/types\/product"}],"wp:featuredmedia":[{"embeddable":true,"href":"https:\/\/diagzone.org\/pt\/wp-json\/wp\/v2\/media\/3390"}],"wp:attachment":[{"href":"https:\/\/diagzone.org\/pt\/wp-json\/wp\/v2\/media?parent=3389"}],"wp:term":[{"taxonomy":"product_cat","embeddable":true,"href":"https:\/\/diagzone.org\/pt\/wp-json\/wp\/v2\/product_cat?post=3389"},{"taxonomy":"product_tag","embeddable":true,"href":"https:\/\/diagzone.org\/pt\/wp-json\/wp\/v2\/product_tag?post=3389"}],"curies":[{"name":"wp","href":"https:\/\/api.w.org\/{rel}","templated":true}]}}