
{"id":3403,"date":"2025-09-27T12:07:16","date_gmt":"2025-09-27T10:07:16","guid":{"rendered":"https:\/\/diagzone.org\/?post_type=product&#038;p=3403"},"modified":"2025-09-27T18:50:35","modified_gmt":"2025-09-27T16:50:35","slug":"launch-x431-smartlink-c-2-0-diagzone-version","status":"publish","type":"product","link":"https:\/\/diagzone.org\/pt\/produto\/launch-x431-smartlink-c-2-0-diagzone-version\/","title":{"rendered":"Launch X431 Smartlink C 2.0 \u2013 vers\u00e3o DiagZone"},"content":{"rendered":"<p data-start=\"172\" data-end=\"443\" class=\" translation-block\">Obrigado pelo seu interesse no <strong data-start=\"207\" data-end=\"226\">SmartLink C 2.0<\/strong>.<br data-start=\"227\" data-end=\"230\">Este m\u00f3dulo de diagn\u00f3stico foi concebido para ve\u00edculos pesados e ligeiros, totalmente testado na <strong data-start=\"324\" data-end=\"345\">DiagZone platform<\/strong>, e garante desempenho est\u00e1vel, ampla compatibilidade e fun\u00e7\u00f5es de diagn\u00f3stico profissionais.<\/p>\n<p data-start=\"475\" data-end=\"768\">\ud83d\udd39 <strong data-start=\"478\" data-end=\"498\">Aviso importante<\/strong><br data-start=\"498\" data-end=\"501\" \/>O SmartLink C 2.0 \u00e9 entregue sem qualquer software pr\u00e9-instalado.<br data-start=\"569\" data-end=\"572\" \/>\ud83d\udc49 Para utilizar este dispositivo, \u00e9 necess\u00e1rio um <a href=\"https:\/\/diagzone.org\/diagzone-buy-subscription\/\"><strong data-start=\"597\" data-end=\"626\">licen\u00e7a DiagZone separada<\/strong><\/a> deve ser adquirida.<br data-start=\"645\" data-end=\"648\" \/>\ud83d\udc49 Compat\u00edvel com <strong data-start=\"667\" data-end=\"709\">autom\u00f3veis de passageiros e ve\u00edculos pesados<\/strong>, suportando uma ampla <strong data-start=\"729\" data-end=\"765\">tens\u00e3o de opera\u00e7\u00e3o de 9V a 36V<\/strong>.<\/p>\n<p data-start=\"629\" data-end=\"870\">\ud83d\udd39 <strong data-start=\"632\" data-end=\"654\">Suporte e orienta\u00e7\u00e3o<\/strong><br data-start=\"654\" data-end=\"657\" \/>Precisa de ajuda com a configura\u00e7\u00e3o do DiagZone?<br data-start=\"687\" data-end=\"690\" \/>Nossa equipe \u00e9 dedicada a fornecer assist\u00eancia passo a passo. Sinta-se \u00e0 vontade para <a href=\"https:\/\/wa.me\/31647604324\">contacte-nos<\/a> a qualquer momento, caso necessite de orienta\u00e7\u00e3o para utilizar o seu SmartLink C 2.0 com a plataforma OBD2 DiagZone.<\/p>\n<p data-start=\"877\" data-end=\"1108\">\ud83d\udd39 <strong data-start=\"880\" data-end=\"901\">Garantia de qualidade<\/strong><br data-start=\"901\" data-end=\"904\" \/>Cada SmartLink C 2.0 passa por testes rigorosos no DiagZone antes do envio.<br data-start=\"981\" data-end=\"984\" \/>Isso garante funcionamento correto, comunica\u00e7\u00e3o est\u00e1vel e desempenho confi\u00e1vel para uso profissional e pessoal.<\/p>\n<h2 data-start=\"1261\" data-end=\"1285\">Descri\u00e7\u00e3o do produto<\/h2>\n<p data-start=\"1287\" data-end=\"1559\" class=\" translation-block\">O <strong data-start=\"1291\" data-end=\"1310\">SmartLink C 2.0<\/strong> \u00e9 um m\u00f3dulo de diagn\u00f3stico avan\u00e7ado, concebido para expandir as capacidades do DiagZone para ve\u00edculos ligeiros e pesados. Com hardware potente e m\u00faltiplas op\u00e7\u00f5es de conectividade, oferece um desempenho r\u00e1pido, est\u00e1vel e de n\u00edvel profissional.<\/p>\n<p data-start=\"1561\" data-end=\"2352\">\u2705 Funciona como um m\u00f3dulo de diagn\u00f3stico profissional para DiagZone<br data-start=\"1617\" data-end=\"1620\" \/>\u2705 Totalmente compat\u00edvel com dispositivos Android (smartphones e tablets) \u2013 suporta Android 7\u201313 e Android 14 (apenas 32 bits)<br data-start=\"1737\" data-end=\"1740\" \/>\u2705 Testado com o software DiagZone para compatibilidade<br data-start=\"1789\" data-end=\"1792\" \/>\u2705 Conectividade m\u00faltipla: Bluetooth, WiFi, USB e Ethernet<br data-start=\"1848\" data-end=\"1851\" \/>\u2705 Suporta <strong data-start=\"1862\" data-end=\"1882\">protocolos modernos<\/strong> \u2013 DoIP, CAN-FD, UDS, J2534, RP1210, D-PDU<br data-start=\"1924\" data-end=\"1927\" \/>\u2705 Fun\u00e7\u00f5es avan\u00e7adas: codifica\u00e7\u00e3o da ECU, controlo bidirecional, adapta\u00e7\u00f5es, dete\u00e7\u00e3o autom\u00e1tica do VIN e relat\u00f3rios completos do estado do sistema<br data-start=\"2048\" data-end=\"2051\" \/>\u2705 Suporta autom\u00f3veis de passageiros, ve\u00edculos el\u00e9tricos, motocicletas, autocarros, m\u00e1quinas agr\u00edcolas, ve\u00edculos de constru\u00e7\u00e3o e cami\u00f5es pesados (com adaptador 24V\u201312V opcional)<br data-start=\"2203\" data-end=\"2206\" \/>\u2705 Ampla <strong data-start=\"2213\" data-end=\"2240\">tens\u00e3o de opera\u00e7\u00e3o 9\u201336V<\/strong>, ideal tanto para autom\u00f3veis (12V) como para cami\u00f5es\/autocarros (24V)<br data-start=\"2290\" data-end=\"2293\" \/>\u2705 Estrutura robusta para durabilidade no uso profissional di\u00e1rio<\/p>\n<h3 data-start=\"2126\" data-end=\"2158\">\ud83d\udce6 Conte\u00fado da embalagem<\/h3>\n<ul data-start=\"2159\" data-end=\"2279\">\n<li data-start=\"2159\" data-end=\"2189\">\n<p data-start=\"2161\" data-end=\"2189\">1 \u00d7 M\u00f3dulo SmartLink C 2.0<\/p>\n<\/li>\n<li data-start=\"2190\" data-end=\"2213\">\n<p data-start=\"2192\" data-end=\"2213\">1 \u00d7 Cabo principal OBD2<\/p>\n<\/li>\n<li data-start=\"2214\" data-end=\"2231\">\n<p data-start=\"2216\" data-end=\"2231\">1 \u00d7 Cabo USB<\/p>\n<\/li>\n<li data-start=\"2232\" data-end=\"2253\">\n<p data-start=\"2234\" data-end=\"2253\">1 \u00d7 Adaptador de alimenta\u00e7\u00e3o<\/p>\n<\/li>\n<\/ul>\n<p data-start=\"2286\" data-end=\"2563\">\u2705 <strong data-start=\"2521\" data-end=\"2801\">Em resumo, o SmartLink C 2.0 \u00e9 um m\u00f3dulo de diagn\u00f3stico potente e vers\u00e1til, oferecendo total compatibilidade com o DiagZone, suporte de 9\u201336V para autom\u00f3veis e cami\u00f5es, suporte a protocolos modernos e desempenho fi\u00e1vel \u2013 tornando-o a solu\u00e7\u00e3o econ\u00f3mica ideal para oficinas profissionais.<\/strong><\/p>","protected":false},"excerpt":{"rendered":"<p class=\" translation-block\">O <strong data-start=\"1806\" data-end=\"1825\">SmartLink C 2.0<\/strong> \u00e9 um m\u00f3dulo de diagn\u00f3stico profissional para DiagZone, compat\u00edvel com autom\u00f3veis, ve\u00edculos el\u00e9tricos, cami\u00f5es pesados, autocarros e m\u00e1quinas. Oferece protocolos DoIP e CAN-FD, codifica\u00e7\u00e3o ECU, testes bidirecionais e requer uma licen\u00e7a DiagZone separada.<\/p>","protected":false},"featured_media":3431,"template":"","meta":{"_acf_changed":false,"_seopress_robots_primary_cat":"none","_seopress_titles_title":"SmartLink C 2.0 \u2013 Heavy Duty Diagnostic Module for DiagZone","_seopress_titles_desc":"Buy SmartLink C 2.0 \u2013 advanced diagnostic module for DiagZone platform. Supports cars, EVs, trucks, buses, and machinery with DoIP, CAN-FD, ECU coding, and bi-directional tests. DiagZone license required separately.","_seopress_robots_index":"","inline_featured_image":false,"_kad_blocks_custom_css":"","_kad_blocks_head_custom_js":"","_kad_blocks_body_custom_js":"","_kad_blocks_footer_custom_js":"","_themeisle_gutenberg_block_has_review":false,"_kad_post_transparent":"default","_kad_post_title":"","_kad_post_layout":"default","_kad_post_sidebar_id":"","_kad_post_content_style":"default","_kad_post_vertical_padding":"default","_kad_post_feature":"","_kad_post_feature_position":"","_kad_post_header":false,"_kad_post_footer":false,"iawp_total_views":260},"product_cat":[19],"product_tag":[52,53,42,54,51],"class_list":{"0":"post-3403","1":"product","2":"type-product","3":"status-publish","4":"has-post-thumbnail","6":"product_cat-obd-connectors","7":"product_tag-bluetooth","8":"product_tag-diagzone","9":"product_tag-obd2","10":"product_tag-smartlink-c-2-0","11":"product_tag-x431","13":"first","14":"instock","15":"sale","16":"shipping-taxable","17":"purchasable","18":"product-type-simple","19":"entry","20":"content-bg","21":"loop-entry"},"acf":[],"taxonomy_info":{"product_cat":[{"value":19,"label":"Obd connectors"}],"product_tag":[{"value":52,"label":"Bluetooth"},{"value":53,"label":"DiagZone"},{"value":42,"label":"OBD2"},{"value":54,"label":"SmartLink C 2.0"},{"value":51,"label":"X431"}]},"featured_image_src_large":["https:\/\/diagzone.org\/wp-content\/uploads\/2025\/09\/Diagzone_org__Smartlink_C_2.0_1.jpg",600,600,false],"author_info":[],"comment_info":"","_links":{"self":[{"href":"https:\/\/diagzone.org\/pt\/wp-json\/wp\/v2\/product\/3403","targetHints":{"allow":["GET"]}}],"collection":[{"href":"https:\/\/diagzone.org\/pt\/wp-json\/wp\/v2\/product"}],"about":[{"href":"https:\/\/diagzone.org\/pt\/wp-json\/wp\/v2\/types\/product"}],"wp:featuredmedia":[{"embeddable":true,"href":"https:\/\/diagzone.org\/pt\/wp-json\/wp\/v2\/media\/3431"}],"wp:attachment":[{"href":"https:\/\/diagzone.org\/pt\/wp-json\/wp\/v2\/media?parent=3403"}],"wp:term":[{"taxonomy":"product_cat","embeddable":true,"href":"https:\/\/diagzone.org\/pt\/wp-json\/wp\/v2\/product_cat?post=3403"},{"taxonomy":"product_tag","embeddable":true,"href":"https:\/\/diagzone.org\/pt\/wp-json\/wp\/v2\/product_tag?post=3403"}],"curies":[{"name":"wp","href":"https:\/\/api.w.org\/{rel}","templated":true}]}}