
{"id":3408,"date":"2025-09-27T12:15:53","date_gmt":"2025-09-27T10:15:53","guid":{"rendered":"https:\/\/diagzone.org\/?post_type=product&#038;p=3408"},"modified":"2025-09-27T18:56:27","modified_gmt":"2025-09-27T16:56:27","slug":"diagzone-dbscar-1-x431","status":"publish","type":"product","link":"https:\/\/diagzone.org\/pt\/produto\/diagzone-dbscar-1-x431\/","title":{"rendered":"Diagzone Dbscar 1 X431"},"content":{"rendered":"<p data-start=\"223\" data-end=\"519\" class=\" translation-block\">Obrigado pelo seu interesse no <strong data-start=\"258\" data-end=\"288\">adaptador Bluetooth DBScar 1<\/strong>.<br data-start=\"289\" data-end=\"292\">Este conector OBD2 Bluetooth compacto foi desenvolvido pela Launch para interligar dispositivos de diagn\u00f3stico com plataformas Android. Totalmente testado quanto \u00e0 compatibilidade, oferece uma comunica\u00e7\u00e3o fi\u00e1vel para diagn\u00f3sticos de ve\u00edculos e leitura de dados.<\/p>\n<p data-start=\"526\" data-end=\"693\">\ud83d\udd39 <strong data-start=\"529\" data-end=\"549\">Aviso importante<\/strong><br data-start=\"549\" data-end=\"552\" \/>Este adaptador inclui apenas o hardware.<br data-start=\"592\" data-end=\"595\" \/>\ud83d\udc49 A <a href=\"https:\/\/diagzone.org\/diagzone-buy-subscription\/\">Licen\u00e7a do software DiagZone<\/a> deve ser adquirida separadamente para desbloquear todas as fun\u00e7\u00f5es de diagn\u00f3stico.<\/p>\n<p data-start=\"700\" data-end=\"890\">\ud83d\udd39 <strong data-start=\"703\" data-end=\"725\">Suporte e orienta\u00e7\u00e3o<\/strong><br data-start=\"725\" data-end=\"728\" \/>Precisa de ajuda para integrar o DBScar 1 no seu sistema de diagn\u00f3stico?<br data-start=\"786\" data-end=\"789\" \/>A nossa equipa est\u00e1 pronta para <a href=\"https:\/\/wa.me\/31647604324\">ajudar<\/a> no emparelhamento, configura\u00e7\u00e3o e utiliza\u00e7\u00e3o com a plataforma OBD2 DiagZone.<\/p>\n<p data-start=\"897\" data-end=\"1085\">\ud83d\udd39 <strong data-start=\"900\" data-end=\"921\">Garantia de qualidade<\/strong><br data-start=\"921\" data-end=\"924\" \/>Cada DBScar 1 \u00e9 testado antes do envio para garantir uma comunica\u00e7\u00e3o Bluetooth est\u00e1vel, uma transfer\u00eancia de dados precisa e um desempenho consistente em condi\u00e7\u00f5es de oficina.<\/p>\n<h2 data-start=\"1092\" data-end=\"1133\">Descri\u00e7\u00e3o do produto e especifica\u00e7\u00f5es<\/h2>\n<ul data-start=\"1135\" data-end=\"1764\">\n<li data-start=\"1135\" data-end=\"1227\">\n<p data-start=\"1137\" data-end=\"1227\">Adaptador OBD2 Bluetooth para comunica\u00e7\u00e3o de diagn\u00f3stico com tablets e smartphones Android<\/p>\n<\/li>\n<li data-start=\"1228\" data-end=\"1354\">\n<p data-start=\"1230\" data-end=\"1354\" class=\" translation-block\">Equipado com um <strong data-start=\"1255\" data-end=\"1280\">conector OBD2 padr\u00e3o de 16 pinos<\/strong> e uma <strong data-start=\"1287\" data-end=\"1305\">porta Micro-USB<\/strong> para atualiza\u00e7\u00f5es de firmware ou liga\u00e7\u00e3o direta de dados.<\/p>\n<\/li>\n<li data-start=\"1355\" data-end=\"1443\">\n<p data-start=\"1357\" data-end=\"1443\" class=\" translation-block\"><strong data-start=\"1357\" data-end=\"1389\">Compat\u00edvel com Android 7\u201313<\/strong> e tamb\u00e9m com <strong data-start=\"1405\" data-end=\"1441\">Android 14 (apenas sistemas de 32 bits)<\/strong><\/p>\n<\/li>\n<li data-start=\"1444\" data-end=\"1475\">\n<p data-start=\"1446\" data-end=\"1475\" class=\" translation-block\">Tens\u00e3o de funcionamento: <strong data-start=\"1463\" data-end=\"1473\">9\u201315 V<\/strong><\/p>\n<\/li>\n<li data-start=\"1476\" data-end=\"1504\">\n<p data-start=\"1478\" data-end=\"1504\">Corrente de funcionamento: &lt; 30 mA<\/p>\n<\/li>\n<li data-start=\"1505\" data-end=\"1553\">\n<p data-start=\"1507\" data-end=\"1553\">Faixa de temperatura de opera\u00e7\u00e3o: \u201310 \u00b0C a 55 \u00b0C<\/p>\n<\/li>\n<li data-start=\"1554\" data-end=\"1600\">\n<p data-start=\"1556\" data-end=\"1600\">Faixa de temperatura de armazenamento: \u201320 \u00b0C a 70 \u00b0C<\/p>\n<\/li>\n<li data-start=\"1601\" data-end=\"1711\">\n<p data-start=\"1603\" data-end=\"1711\">Suporta protocolos OBD2 padr\u00e3o para leitura\/apagamento de c\u00f3digos de falha, transmiss\u00e3o de dados em tempo real, informa\u00e7\u00f5es da ECU e muito mais<\/p>\n<\/li>\n<li data-start=\"1712\" data-end=\"1764\">\n<p data-start=\"1714\" data-end=\"1764\">Atualiza\u00e7\u00f5es de firmware dispon\u00edveis via Bluetooth ou USB<\/p>\n<\/li>\n<\/ul>\n<h3 data-start=\"1771\" data-end=\"1787\">\u2705 Em resumo<\/h3>\n<p data-start=\"1788\" data-end=\"2057\">O DBScar 1 \u00e9 um adaptador OBD2 Bluetooth est\u00e1vel e comprovado, desenvolvido para dispositivos Android (7\u201313 e 14 em sistemas de 32 bits). Garante uma liga\u00e7\u00e3o fluida com o software DiagZone, suporta todas as fun\u00e7\u00f5es OBD2 essenciais e oferece uma solu\u00e7\u00e3o econ\u00f3mica para iniciar na diagnose profissional.<\/p>","protected":false},"excerpt":{"rendered":"<p>O Launch DBScar 1 \u00e9 um adaptador OBD2 Bluetooth compacto desenvolvido para dispositivos Android (vers\u00f5es 7\u201313 e 14 em 32 bits). Totalmente testado com DiagZone, permite diagn\u00f3sticos est\u00e1veis do ve\u00edculo, leitura de c\u00f3digos de falha, dados em tempo real e informa\u00e7\u00f5es da ECU. \u00c9 necess\u00e1ria uma licen\u00e7a de software DiagZone, que pode ser adquirida separadamente.<\/p>","protected":false},"featured_media":3434,"template":"","meta":{"_acf_changed":false,"_seopress_robots_primary_cat":"none","_seopress_titles_title":"Launch DBScar 1 Bluetooth OBD2 Adapter \u2013 Compatible with Android & DiagZone","_seopress_titles_desc":"Buy the Launch DBScar 1 Bluetooth OBD2 adapter \u2013 compact and reliable, compatible with Android 7\u201313 (and 14 on 32-bit). Fully tested for DiagZone diagnostics. Supports OBD2 fault code reading, live data, and ECU functions..","_seopress_robots_index":"","inline_featured_image":false,"_kad_blocks_custom_css":"","_kad_blocks_head_custom_js":"","_kad_blocks_body_custom_js":"","_kad_blocks_footer_custom_js":"","_themeisle_gutenberg_block_has_review":false,"_kad_post_transparent":"default","_kad_post_title":"","_kad_post_layout":"default","_kad_post_sidebar_id":"","_kad_post_content_style":"default","_kad_post_vertical_padding":"default","_kad_post_feature":"","_kad_post_feature_position":"","_kad_post_header":false,"_kad_post_footer":false,"iawp_total_views":451},"product_cat":[19],"product_tag":[52,53,42,54,51],"class_list":{"0":"post-3408","1":"product","2":"type-product","3":"status-publish","4":"has-post-thumbnail","6":"product_cat-obd-connectors","7":"product_tag-bluetooth","8":"product_tag-diagzone","9":"product_tag-obd2","10":"product_tag-smartlink-c-2-0","11":"product_tag-x431","13":"first","14":"instock","15":"shipping-taxable","16":"purchasable","17":"product-type-simple","18":"entry","19":"content-bg","20":"loop-entry"},"acf":[],"taxonomy_info":{"product_cat":[{"value":19,"label":"Obd connectors"}],"product_tag":[{"value":52,"label":"Bluetooth"},{"value":53,"label":"DiagZone"},{"value":42,"label":"OBD2"},{"value":54,"label":"SmartLink C 2.0"},{"value":51,"label":"X431"}]},"featured_image_src_large":["https:\/\/diagzone.org\/wp-content\/uploads\/2025\/09\/Diagzone_org__Launch_Dbscar_1_1.jpg",600,600,false],"author_info":[],"comment_info":"","_links":{"self":[{"href":"https:\/\/diagzone.org\/pt\/wp-json\/wp\/v2\/product\/3408","targetHints":{"allow":["GET"]}}],"collection":[{"href":"https:\/\/diagzone.org\/pt\/wp-json\/wp\/v2\/product"}],"about":[{"href":"https:\/\/diagzone.org\/pt\/wp-json\/wp\/v2\/types\/product"}],"wp:featuredmedia":[{"embeddable":true,"href":"https:\/\/diagzone.org\/pt\/wp-json\/wp\/v2\/media\/3434"}],"wp:attachment":[{"href":"https:\/\/diagzone.org\/pt\/wp-json\/wp\/v2\/media?parent=3408"}],"wp:term":[{"taxonomy":"product_cat","embeddable":true,"href":"https:\/\/diagzone.org\/pt\/wp-json\/wp\/v2\/product_cat?post=3408"},{"taxonomy":"product_tag","embeddable":true,"href":"https:\/\/diagzone.org\/pt\/wp-json\/wp\/v2\/product_tag?post=3408"}],"curies":[{"name":"wp","href":"https:\/\/api.w.org\/{rel}","templated":true}]}}