
{"id":3412,"date":"2025-09-27T12:38:04","date_gmt":"2025-09-27T10:38:04","guid":{"rendered":"https:\/\/diagzone.org\/?post_type=product&#038;p=3412"},"modified":"2026-01-08T18:16:16","modified_gmt":"2026-01-08T17:16:16","slug":"launch-i-tpms-handheld-tpms-service-tool-sensor-activation-programming-relearn","status":"publish","type":"product","link":"https:\/\/diagzone.org\/pt\/produto\/launch-i-tpms-handheld-tpms-service-tool-sensor-activation-programming-relearn\/","title":{"rendered":"Launch i-TPMS Ferramenta TPMS port\u00e1til \u2013 Ativa\u00e7\u00e3o, programa\u00e7\u00e3o e reaprendizagem de sensores"},"content":{"rendered":"<p data-start=\"230\" data-end=\"619\" class=\" translation-block\">Obrigado pelo seu interesse no <strong data-start=\"265\" data-end=\"295\">Launch i-TPMS para DiagZone<\/strong>.<br data-start=\"296\" data-end=\"299\">Esta ferramenta TPMS port\u00e1til (Sistema de Monitoriza\u00e7\u00e3o da Press\u00e3o dos Pneus) foi concebida para integra\u00e7\u00e3o com tablets DiagZone equipados com DiagZone ou para funcionar atrav\u00e9s da aplica\u00e7\u00e3o Android i-TPMS. Rigorosamente testada quanto \u00e0 compatibilidade e desempenho, suporta ativa\u00e7\u00e3o de sensores, programa\u00e7\u00e3o, leitura de dados e fun\u00e7\u00f5es de reaprendizagem para uma ampla gama de ve\u00edculos.<\/p>\n<p data-start=\"621\" data-end=\"725\">\ud83d\udd39 <strong data-start=\"624\" data-end=\"644\">Aviso importante<\/strong><br data-start=\"644\" data-end=\"647\" \/>Este produto inclui apenas o hardware. A licen\u00e7a DiagZone n\u00e3o est\u00e1 inclu\u00edda.<\/p>\n<p data-start=\"727\" data-end=\"909\">\ud83d\udd39 <strong data-start=\"730\" data-end=\"752\">Suporte e orienta\u00e7\u00e3o<\/strong><br data-start=\"752\" data-end=\"755\" \/>Precisa de ajuda para lig\u00e1-lo ao seu tablet DiagZone?<br data-start=\"802\" data-end=\"805\" \/>Oferecemos orienta\u00e7\u00e3o para emparelhar o i-TPMS com o seu tablet DiagZone, bem como guias passo a passo para todas as opera\u00e7\u00f5es TPMS.<\/p>\n<p data-start=\"911\" data-end=\"1099\">\ud83d\udd39 <strong data-start=\"914\" data-end=\"935\">Garantia de qualidade<\/strong><br data-start=\"935\" data-end=\"938\" \/>Cada unidade passa por testes funcionais antes do envio para garantir ativa\u00e7\u00e3o est\u00e1vel dos sensores, leituras precisas e compatibilidade confi\u00e1vel com configura\u00e7\u00f5es DiagZone.<\/p>\n<h3 data-start=\"1106\" data-end=\"1134\">\u2705 Funcionalidades e recursos<\/h3>\n<ul data-start=\"1136\" data-end=\"1513\">\n<li data-start=\"1136\" data-end=\"1190\">\n<p data-start=\"1138\" data-end=\"1190\">Ativa\u00e7\u00e3o TPMS, leitura, programa\u00e7\u00e3o e reaprendizagem<\/p>\n<\/li>\n<li data-start=\"1191\" data-end=\"1239\">\n<p data-start=\"1193\" data-end=\"1239\" class=\" translation-block\">Suporta sensores de <strong data-start=\"1202\" data-end=\"1213\">315 MHz<\/strong> e <strong data-start=\"1218\" data-end=\"1229\">433 MHz<\/strong><\/p>\n<\/li>\n<li data-start=\"1240\" data-end=\"1298\">\n<p data-start=\"1242\" data-end=\"1298\">Utiliz\u00e1vel com DiagZone em tablets DiagZone ou atrav\u00e9s da aplica\u00e7\u00e3o i-TPMS<\/p>\n<\/li>\n<li data-start=\"1299\" data-end=\"1349\">\n<p data-start=\"1301\" data-end=\"1349\">Cobre a grande maioria dos ve\u00edculos equipados com TPMS<\/p>\n<\/li>\n<li data-start=\"1421\" data-end=\"1470\">\n<p data-start=\"1423\" data-end=\"1470\">Modos de reaprendizagem: autom\u00e1tico, estacion\u00e1rio e OBD<\/p>\n<\/li>\n<li data-start=\"1471\" data-end=\"1513\">\n<p data-start=\"1473\" data-end=\"1513\">Design compacto e port\u00e1til, f\u00e1cil de usar<\/p>\n<\/li>\n<li>Displays real-time sensor data: ID, pressure, temperature, battery<\/li>\n<\/ul>\n<h3 data-start=\"1520\" data-end=\"1552\">\ud83d\udce6 Conte\u00fado da embalagem<\/h3>\n<ul data-start=\"1554\" data-end=\"1620\">\n<li data-start=\"1554\" data-end=\"1582\">\n<p data-start=\"1556\" data-end=\"1582\">1 \u00d7 Dispositivo Launch i-TPMS<\/p>\n<\/li>\n<li data-start=\"1583\" data-end=\"1600\">\n<p data-start=\"1585\" data-end=\"1600\">1 \u00d7 Cabo USB<\/p>\n<\/li>\n<li data-start=\"1601\" data-end=\"1620\">\n<p data-start=\"1603\" data-end=\"1620\">1 \u00d7 Manual do utilizador<\/p>\n<\/li>\n<\/ul>\n<p data-start=\"1627\" data-end=\"1825\">\u2705 <strong data-start=\"1629\" data-end=\"1825\">Em resumo, o Launch i-TPMS para DiagZone \u00e9 uma ferramenta de servi\u00e7o TPMS dedicada, otimizada para tablets DiagZone e o software DiagZone, oferecendo ativa\u00e7\u00e3o completa de sensores, programa\u00e7\u00e3o e fun\u00e7\u00f5es de reaprendizagem.<\/strong><\/p>","protected":false},"excerpt":{"rendered":"<p>Launch i-TPMS \u00e9 uma ferramenta profissional de ativa\u00e7\u00e3o e programa\u00e7\u00e3o TPMS para utiliza\u00e7\u00e3o com tablets DiagZone. Suporta sensores de 315 MHz e 433 MHz, leitura de sensores, programa\u00e7\u00e3o e reaprendizagem numa ampla gama de ve\u00edculos.<\/p>","protected":false},"featured_media":3463,"template":"","meta":{"_acf_changed":false,"_seopress_robots_primary_cat":"none","_seopress_titles_title":"Launch i-TPMS for DiagZone Tablet \u2013 TPMS Activation & Programming Tool","_seopress_titles_desc":"Buy Launch i-TPMS for DiagZone tablets. Professional TPMS tool for 315 MHz & 433 MHz sensors with activation, programming, and relearn functions. Reliable, tested, and workshop-ready.","_seopress_robots_index":"","inline_featured_image":false,"_kad_blocks_custom_css":"","_kad_blocks_head_custom_js":"","_kad_blocks_body_custom_js":"","_kad_blocks_footer_custom_js":"","_themeisle_gutenberg_block_has_review":false,"_kad_post_transparent":"default","_kad_post_title":"","_kad_post_layout":"default","_kad_post_sidebar_id":"","_kad_post_content_style":"default","_kad_post_vertical_padding":"default","_kad_post_feature":"","_kad_post_feature_position":"","_kad_post_header":false,"_kad_post_footer":false,"iawp_total_views":123},"product_cat":[22],"product_tag":[59,57,55,58,56],"class_list":{"0":"post-3412","1":"product","2":"type-product","3":"status-publish","4":"has-post-thumbnail","6":"product_cat-accessories","7":"product_tag-315-mhz","8":"product_tag-433-mhz","9":"product_tag-i-tpms","10":"product_tag-sensors","11":"product_tag-tpms","13":"first","14":"instock","15":"shipping-taxable","16":"purchasable","17":"product-type-simple","18":"entry","19":"content-bg","20":"loop-entry"},"acf":[],"taxonomy_info":{"product_cat":[{"value":22,"label":"Accessories"}],"product_tag":[{"value":59,"label":"315 MHz"},{"value":57,"label":"433 MHz"},{"value":55,"label":"i-TPMS"},{"value":58,"label":"sensors"},{"value":56,"label":"TPMS"}]},"featured_image_src_large":["https:\/\/diagzone.org\/wp-content\/uploads\/2025\/09\/Diagzone_Launch_X431_TPMS_1_ORG.jpg",600,600,false],"author_info":[],"comment_info":"","_links":{"self":[{"href":"https:\/\/diagzone.org\/pt\/wp-json\/wp\/v2\/product\/3412","targetHints":{"allow":["GET"]}}],"collection":[{"href":"https:\/\/diagzone.org\/pt\/wp-json\/wp\/v2\/product"}],"about":[{"href":"https:\/\/diagzone.org\/pt\/wp-json\/wp\/v2\/types\/product"}],"wp:featuredmedia":[{"embeddable":true,"href":"https:\/\/diagzone.org\/pt\/wp-json\/wp\/v2\/media\/3463"}],"wp:attachment":[{"href":"https:\/\/diagzone.org\/pt\/wp-json\/wp\/v2\/media?parent=3412"}],"wp:term":[{"taxonomy":"product_cat","embeddable":true,"href":"https:\/\/diagzone.org\/pt\/wp-json\/wp\/v2\/product_cat?post=3412"},{"taxonomy":"product_tag","embeddable":true,"href":"https:\/\/diagzone.org\/pt\/wp-json\/wp\/v2\/product_tag?post=3412"}],"curies":[{"name":"wp","href":"https:\/\/api.w.org\/{rel}","templated":true}]}}