
{"id":3416,"date":"2025-09-27T12:46:15","date_gmt":"2025-09-27T10:46:15","guid":{"rendered":"https:\/\/diagzone.org\/?post_type=product&#038;p=3416"},"modified":"2025-09-27T19:06:24","modified_gmt":"2025-09-27T17:06:24","slug":"bst360-bluetooth-battery-tester-diagzone-x431-compatible","status":"publish","type":"product","link":"https:\/\/diagzone.org\/pt\/produto\/bst360-bluetooth-battery-tester-diagzone-x431-compatible\/","title":{"rendered":"BST360 Testador de bateria Bluetooth \u2013 Compat\u00edvel com DiagZone \/ X431"},"content":{"rendered":"<p data-start=\"268\" data-end=\"591\" class=\" translation-block\">Obrigado pelo seu interesse no DiagZone<strong data-start=\"303\" data-end=\"345\"> testador de bateria Bluetooth BST360<\/strong>.<br data-start=\"346\" data-end=\"349\">Este testador de bateria Bluetooth compacto foi concebido para utiliza\u00e7\u00e3o com tablets DiagZone compat\u00edveis ou atrav\u00e9s de aplica\u00e7\u00f5es para smartphone. Totalmente testado quanto \u00e0 estabilidade e precis\u00e3o, realiza verifica\u00e7\u00f5es r\u00e1pidas do estado da bateria, bem como diagn\u00f3sticos do sistema de arranque e carregamento.<\/p>\n<p data-start=\"593\" data-end=\"739\">\ud83d\udd39 <strong data-start=\"596\" data-end=\"616\">Aviso importante<\/strong><br data-start=\"616\" data-end=\"619\" \/>Este produto inclui apenas a pin\u00e7a de teste de hardware e o m\u00f3dulo Bluetooth. N\u00e3o inclui qualquer licen\u00e7a de diagn\u00f3stico ou DiagZone.<\/p>\n<p data-start=\"741\" data-end=\"934\">\ud83d\udd39 <strong data-start=\"744\" data-end=\"766\">Suporte e orienta\u00e7\u00e3o<\/strong><br data-start=\"766\" data-end=\"769\" \/>Precisa de ajuda para emparelh\u00e1-lo com o seu tablet DiagZone ou aplica\u00e7\u00e3o?<br data-start=\"823\" data-end=\"826\" \/>A nossa equipa est\u00e1 pronta para orient\u00e1-lo na configura\u00e7\u00e3o, calibra\u00e7\u00e3o e utiliza\u00e7\u00e3o do BST360 com o seu sistema de diagn\u00f3stico.<\/p>\n<p data-start=\"936\" data-end=\"1159\">\ud83d\udd39 <strong data-start=\"939\" data-end=\"960\">Garantia de qualidade<\/strong><br data-start=\"960\" data-end=\"963\" \/>Cada unidade BST360 passa por testes funcionais antes do envio.<br data-start=\"1026\" data-end=\"1029\" \/>Isto garante testes de bateria fi\u00e1veis, comunica\u00e7\u00e3o Bluetooth est\u00e1vel e diagn\u00f3sticos precisos em condi\u00e7\u00f5es t\u00edpicas de oficina.<\/p>\n<h3 data-start=\"124\" data-end=\"152\">\u2705 Funcionalidades e recursos<\/h3>\n<ul data-start=\"154\" data-end=\"907\">\n<li data-start=\"154\" data-end=\"244\">\n<p data-start=\"156\" data-end=\"244\" class=\" translation-block\">Suporta <strong data-start=\"165\" data-end=\"199\">baterias de chumbo-\u00e1cido de 6V e 12V<\/strong>, incluindo os tipos Flooded, GEL, AGM e EFP<\/p>\n<\/li>\n<li data-start=\"245\" data-end=\"359\">\n<p data-start=\"247\" data-end=\"359\" class=\" translation-block\">Mede a <strong data-start=\"256\" data-end=\"357\">capacidade da bateria, a corrente de arranque a frio (CCA), a tens\u00e3o, o estado de sa\u00fade (SOH) e o estado de carga (SOC)<\/strong><\/p>\n<\/li>\n<li data-start=\"360\" data-end=\"455\">\n<p data-start=\"362\" data-end=\"455\" class=\" translation-block\">Executa <strong data-start=\"371\" data-end=\"453\">testes do sistema de carregamento, do motor de arranque, dete\u00e7\u00e3o de ripple e an\u00e1lise de tens\u00e3o\/corrente<\/strong><\/p>\n<\/li>\n<li data-start=\"456\" data-end=\"530\">\n<p data-start=\"458\" data-end=\"530\" class=\" translation-block\">Net dijital raporlarla birlikte <strong data-start=\"467\" data-end=\"501\">yakla\u015f\u0131k 3 saniyede h\u0131zl\u0131 te\u015fhis<\/strong> sa\u011flar<\/p>\n<\/li>\n<li data-start=\"531\" data-end=\"606\">\n<p data-start=\"533\" data-end=\"606\" class=\" translation-block\">Conectividade Bluetooth para utiliza\u00e7\u00e3o com <strong data-start=\"569\" data-end=\"604\">smartphones ou tablets DiagZone<\/strong><\/p>\n<\/li>\n<li data-start=\"607\" data-end=\"694\">\n<p data-start=\"609\" data-end=\"694\" class=\" translation-block\">Suporta v\u00e1rios <strong data-start=\"627\" data-end=\"648\">padr\u00f5es de bateria<\/strong>: CCA, DIN, IEC, EN, SAE, GB, JIS, BCI, etc.<\/p>\n<\/li>\n<li data-start=\"695\" data-end=\"790\">\n<p data-start=\"697\" data-end=\"790\" class=\" translation-block\"><strong data-start=\"706\" data-end=\"738\">Prote\u00e7\u00e3o integrada contra invers\u00e3o de polaridade<\/strong> \u2013 utiliza\u00e7\u00e3o segura sem calor, fa\u00edscas ou risco de danos<\/p>\n<\/li>\n<li data-start=\"791\" data-end=\"824\">\n<p data-start=\"793\" data-end=\"824\" class=\" translation-block\">Faixa de tens\u00e3o de teste: <strong data-start=\"813\" data-end=\"822\">6\u201316V<\/strong><\/p>\n<\/li>\n<li data-start=\"825\" data-end=\"907\">\n<p data-start=\"827\" data-end=\"907\" class=\" translation-block\">Totalmente compat\u00edvel com os <strong data-start=\"849\" data-end=\"880\">DiagZone diagnostic tablets<\/strong> para integra\u00e7\u00e3o avan\u00e7ada<\/p>\n<\/li>\n<\/ul>\n<h3 data-start=\"2270\" data-end=\"2302\">\ud83d\udce6 Conte\u00fado da embalagem<\/h3>\n<ul data-start=\"2304\" data-end=\"2375\">\n<li data-start=\"2304\" data-end=\"2355\">\n<p data-start=\"2306\" data-end=\"2355\">1 \u00d7 grampo do testador de baterias Bluetooth DiagZone BST360<\/p>\n<\/li>\n<li data-start=\"2356\" data-end=\"2375\">\n<p data-start=\"2358\" data-end=\"2375\">1 \u00d7 Manual do utilizador<\/p>\n<\/li>\n<\/ul>\n<p>\u2705 <strong data-start=\"111\" data-end=\"451\">Em resumo, o testador de bateria Bluetooth DiagZone BST360 \u00e9 uma ferramenta compacta, precisa e pronta para oficina para a an\u00e1lise da sa\u00fade da bateria. Suporta baterias de chumbo-\u00e1cido de 6V\/12V, realiza testes do sistema de arranque e carregamento e integra-se de forma fluida com tablets DiagZone via Bluetooth \u2014 um dispositivo indispens\u00e1vel para qualquer oficina profissional.<\/strong><\/p>","protected":false},"excerpt":{"rendered":"<p>O DiagZone BST360 \u00e9 um testador de baterias Bluetooth compat\u00edvel com tablets DiagZone \/ X431. Suporta baterias de 6\u201316 V, realiza testes de carga, arranque e estado de sa\u00fade, e envia os resultados via Bluetooth para diagn\u00f3stico.<\/p>","protected":false},"featured_media":3459,"template":"","meta":{"_acf_changed":false,"_seopress_robots_primary_cat":"none","_seopress_titles_title":"DiagZone BST360 Bluetooth Battery Tester \u2013 Compatible with DiagZone & X431","_seopress_titles_desc":"Buy the DiagZone BST360 Bluetooth Battery Tester\u2014compact and powerful, compatible with DiagZone and X431 tablets. Tests 6V & 12V batteries, checks charging systems, starter, ripple, and displays full battery health report via Bluetooth.","_seopress_robots_index":"","inline_featured_image":false,"_kad_blocks_custom_css":"","_kad_blocks_head_custom_js":"","_kad_blocks_body_custom_js":"","_kad_blocks_footer_custom_js":"","_themeisle_gutenberg_block_has_review":false,"_kad_post_transparent":"default","_kad_post_title":"","_kad_post_layout":"default","_kad_post_sidebar_id":"","_kad_post_content_style":"default","_kad_post_vertical_padding":"default","_kad_post_feature":"","_kad_post_feature_position":"","_kad_post_header":false,"_kad_post_footer":false,"iawp_total_views":82},"product_cat":[22],"product_tag":[61,60,62],"class_list":{"0":"post-3416","1":"product","2":"type-product","3":"status-publish","4":"has-post-thumbnail","6":"product_cat-accessories","7":"product_tag-battery","8":"product_tag-bst360","9":"product_tag-tester-clip","11":"first","12":"instock","13":"shipping-taxable","14":"purchasable","15":"product-type-simple","16":"entry","17":"content-bg","18":"loop-entry"},"acf":[],"taxonomy_info":{"product_cat":[{"value":22,"label":"Accessories"}],"product_tag":[{"value":61,"label":"Battery"},{"value":60,"label":"BST360"},{"value":62,"label":"Tester clip"}]},"featured_image_src_large":["https:\/\/diagzone.org\/wp-content\/uploads\/2025\/09\/Diagzone_Launch-_BST_360_1.jpg",600,600,false],"author_info":[],"comment_info":"","_links":{"self":[{"href":"https:\/\/diagzone.org\/pt\/wp-json\/wp\/v2\/product\/3416","targetHints":{"allow":["GET"]}}],"collection":[{"href":"https:\/\/diagzone.org\/pt\/wp-json\/wp\/v2\/product"}],"about":[{"href":"https:\/\/diagzone.org\/pt\/wp-json\/wp\/v2\/types\/product"}],"wp:featuredmedia":[{"embeddable":true,"href":"https:\/\/diagzone.org\/pt\/wp-json\/wp\/v2\/media\/3459"}],"wp:attachment":[{"href":"https:\/\/diagzone.org\/pt\/wp-json\/wp\/v2\/media?parent=3416"}],"wp:term":[{"taxonomy":"product_cat","embeddable":true,"href":"https:\/\/diagzone.org\/pt\/wp-json\/wp\/v2\/product_cat?post=3416"},{"taxonomy":"product_tag","embeddable":true,"href":"https:\/\/diagzone.org\/pt\/wp-json\/wp\/v2\/product_tag?post=3416"}],"curies":[{"name":"wp","href":"https:\/\/api.w.org\/{rel}","templated":true}]}}