
{"id":3419,"date":"2025-09-27T12:51:07","date_gmt":"2025-09-27T10:51:07","guid":{"rendered":"https:\/\/diagzone.org\/?post_type=product&#038;p=3419"},"modified":"2025-09-27T19:05:11","modified_gmt":"2025-09-27T17:05:11","slug":"diagzone-obd2-can-fd-extension-cable-16-pin-male-to-female-adapter","status":"publish","type":"product","link":"https:\/\/diagzone.org\/pt\/produto\/diagzone-obd2-can-fd-extension-cable-16-pin-male-to-female-adapter\/","title":{"rendered":"DiagZone OBD2 CAN-FD cabo de extens\u00e3o \u2013 adaptador macho de 16 pinos para f\u00eamea"},"content":{"rendered":"<p data-start=\"138\" data-end=\"507\" class=\" translation-block\">Obrigado pelo seu interesse no <strong data-start=\"173\" data-end=\"213\">cabo de extens\u00e3o OBD2 CAN-FD DiagZone<\/strong>.<br data-start=\"214\" data-end=\"217\">Este cabo de extens\u00e3o de alta qualidade foi concebido para prolongar a liga\u00e7\u00e3o entre a interface de diagn\u00f3stico (por exemplo, DBScar, ThinkDiag, Ediag+) e a porta OBD2 do ve\u00edculo. Oferece maior flexibilidade, acesso facilitado em espa\u00e7os reduzidos e protege a tomada OBD2 original contra o desgaste frequente.<\/p>\n<p data-start=\"514\" data-end=\"655\">\ud83d\udd39 <strong data-start=\"517\" data-end=\"537\">Aviso importante<\/strong><br data-start=\"537\" data-end=\"540\" \/>Este produto \u00e9 um <strong data-start=\"559\" data-end=\"577\">apenas um acess\u00f3rio<\/strong>.<br data-start=\"578\" data-end=\"581\" \/>N\u00e3o inclui software nem fornece fun\u00e7\u00f5es de diagn\u00f3stico por si s\u00f3.<\/p>\n<p data-start=\"662\" data-end=\"843\">\ud83d\udd39 <strong data-start=\"665\" data-end=\"687\">Suporte e orienta\u00e7\u00e3o<\/strong><br data-start=\"687\" data-end=\"690\" \/>Precisa de ajuda para ligar a sua ferramenta de diagn\u00f3stico com o cabo de extens\u00e3o?<br data-start=\"757\" data-end=\"760\" \/>A nossa equipa pode fornecer orienta\u00e7\u00e3o para garantir uma instala\u00e7\u00e3o correta e o melhor desempenho.<\/p>\n<p data-start=\"850\" data-end=\"1034\">\ud83d\udd39 <strong data-start=\"853\" data-end=\"874\">Garantia de qualidade<\/strong><br data-start=\"874\" data-end=\"877\" \/>Cada cabo \u00e9 testado antes do envio para garantir uma transfer\u00eancia de dados fi\u00e1vel atrav\u00e9s dos 16 pinos e uma comunica\u00e7\u00e3o est\u00e1vel para diagn\u00f3sticos OBD2 e CAN-FD.<\/p>\n<h2 data-start=\"1041\" data-end=\"1062\">Caracter\u00edsticas do produto<\/h2>\n<ul data-start=\"1064\" data-end=\"1460\">\n<li data-start=\"1064\" data-end=\"1114\">\n<p data-start=\"1066\" data-end=\"1114\"><strong data-start=\"1066\" data-end=\"1112\">Cabo de extens\u00e3o OBD2 de 16 pinos macho para f\u00eamea<\/strong><\/p>\n<\/li>\n<li data-start=\"1115\" data-end=\"1164\">\n<p data-start=\"1117\" data-end=\"1164\" class=\" translation-block\">Compat\u00edvel com <strong data-start=\"1126\" data-end=\"1162\">protocolos OBD2 e CAN-FD padr\u00e3o<\/strong><\/p>\n<\/li>\n<li data-start=\"1165\" data-end=\"1232\">\n<p data-start=\"1167\" data-end=\"1232\">Design flex\u00edvel e dur\u00e1vel, adequado para ambientes de oficina<\/p>\n<\/li>\n<li data-start=\"1233\" data-end=\"1306\">\n<p data-start=\"1235\" data-end=\"1306\">Reduz o desgaste da tomada OBD2 do ve\u00edculo ao minimizar a tens\u00e3o direta<\/p>\n<\/li>\n<li data-start=\"1307\" data-end=\"1367\">\n<p data-start=\"1309\" data-end=\"1367\">Proporciona acesso mais f\u00e1cil a portas de diagn\u00f3stico de dif\u00edcil acesso<\/p>\n<\/li>\n<li data-start=\"1368\" data-end=\"1460\">\n<p data-start=\"1370\" data-end=\"1460\">Ideal para utiliza\u00e7\u00e3o com adaptadores OBD2 Bluetooth \u2013 melhora o posicionamento e a estabilidade da liga\u00e7\u00e3o<\/p>\n<\/li>\n<\/ul>\n<h3 data-start=\"1467\" data-end=\"1499\">\ud83d\udce6 Conte\u00fado da embalagem<\/h3>\n<ul data-start=\"1500\" data-end=\"1544\">\n<li data-start=\"1500\" data-end=\"1544\">\n<p data-start=\"1502\" data-end=\"1544\">1 \u00d7 cabo de extens\u00e3o OBD2 CAN-FD DiagZone<\/p>\n<\/li>\n<\/ul>\n<p data-start=\"1551\" data-end=\"1807\">\u2705 <strong data-start=\"1553\" data-end=\"1805\">Em resumo, o cabo de extens\u00e3o OBD2 CAN-FD DiagZone \u00e9 um acess\u00f3rio pr\u00e1tico e fi\u00e1vel para diagn\u00f3sticos profissionais ou pessoais. Garante uma comunica\u00e7\u00e3o est\u00e1vel, prolonga a vida \u00fatil do conector e torna a configura\u00e7\u00e3o de diagn\u00f3stico mais conveniente e dur\u00e1vel.<\/strong><\/p>","protected":false},"excerpt":{"rendered":"<p>Cabo de extens\u00e3o OBD2 de alta qualidade (16 pinos) para aumentar a dist\u00e2ncia entre a ferramenta de diagn\u00f3stico e a porta OBD2 do ve\u00edculo. Melhora o acesso, reduz o desgaste do conector e otimiza o desempenho Bluetooth\/WiFi.<\/p>","protected":false},"featured_media":3450,"template":"","meta":{"_acf_changed":false,"_seopress_robots_primary_cat":"none","_seopress_titles_title":"OBD2 Extension Cable \u2013 16-pin Male to Female Diagnostic Extension","_seopress_titles_desc":"Buy durable OBD2 extension cable (16-pin). Extends reach between diagnostic tool and vehicle\u2019s OBD2 port, reduces socket wear, and improves accessibility for workshop setups.","_seopress_robots_index":"","inline_featured_image":false,"_kad_blocks_custom_css":"","_kad_blocks_head_custom_js":"","_kad_blocks_body_custom_js":"","_kad_blocks_footer_custom_js":"","_themeisle_gutenberg_block_has_review":false,"_kad_post_transparent":"default","_kad_post_title":"","_kad_post_layout":"default","_kad_post_sidebar_id":"","_kad_post_content_style":"default","_kad_post_vertical_padding":"default","_kad_post_feature":"","_kad_post_feature_position":"","_kad_post_header":false,"_kad_post_footer":false,"iawp_total_views":63},"product_cat":[22],"product_tag":[65,25,63,64,42],"class_list":{"0":"post-3419","1":"product","2":"type-product","3":"status-publish","4":"has-post-thumbnail","6":"product_cat-accessories","7":"product_tag-16-pin","8":"product_tag-adapter","9":"product_tag-can-fd","10":"product_tag-extension-cable","11":"product_tag-obd2","13":"first","14":"instock","15":"shipping-taxable","16":"purchasable","17":"product-type-simple","18":"entry","19":"content-bg","20":"loop-entry"},"acf":[],"taxonomy_info":{"product_cat":[{"value":22,"label":"Accessories"}],"product_tag":[{"value":65,"label":"16-Pin"},{"value":25,"label":"Adapter"},{"value":63,"label":"CAN-FD"},{"value":64,"label":"Extension Cable"},{"value":42,"label":"OBD2"}]},"featured_image_src_large":["https:\/\/diagzone.org\/wp-content\/uploads\/2025\/09\/Diagzone_Launch_X431_CAN_FD_1.jpg",600,600,false],"author_info":[],"comment_info":"","_links":{"self":[{"href":"https:\/\/diagzone.org\/pt\/wp-json\/wp\/v2\/product\/3419","targetHints":{"allow":["GET"]}}],"collection":[{"href":"https:\/\/diagzone.org\/pt\/wp-json\/wp\/v2\/product"}],"about":[{"href":"https:\/\/diagzone.org\/pt\/wp-json\/wp\/v2\/types\/product"}],"wp:featuredmedia":[{"embeddable":true,"href":"https:\/\/diagzone.org\/pt\/wp-json\/wp\/v2\/media\/3450"}],"wp:attachment":[{"href":"https:\/\/diagzone.org\/pt\/wp-json\/wp\/v2\/media?parent=3419"}],"wp:term":[{"taxonomy":"product_cat","embeddable":true,"href":"https:\/\/diagzone.org\/pt\/wp-json\/wp\/v2\/product_cat?post=3419"},{"taxonomy":"product_tag","embeddable":true,"href":"https:\/\/diagzone.org\/pt\/wp-json\/wp\/v2\/product_tag?post=3419"}],"curies":[{"name":"wp","href":"https:\/\/api.w.org\/{rel}","templated":true}]}}