
{"id":3422,"date":"2025-09-27T12:56:14","date_gmt":"2025-09-27T10:56:14","guid":{"rendered":"https:\/\/diagzone.org\/?post_type=product&#038;p=3422"},"modified":"2025-09-27T19:06:54","modified_gmt":"2025-09-27T17:06:54","slug":"16-pin-eobd-extension-cable-diagzone-compatible","status":"publish","type":"product","link":"https:\/\/diagzone.org\/pt\/produto\/16-pin-eobd-extension-cable-diagzone-compatible\/","title":{"rendered":"Cabo de extens\u00e3o EOBD de 16 pinos \u2013 Compat\u00edvel com DiagZone"},"content":{"rendered":"<p data-start=\"220\" data-end=\"677\" class=\" translation-block\">Obrigado pelo seu interesse no <strong data-start=\"255\" data-end=\"296\">cabo de extens\u00e3o EOBD de 16 pinos para 16 pinos<\/strong>.<br data-start=\"297\" data-end=\"300\">Este cabo de alta qualidade foi projetado para uso com a <strong data-start=\"353\" data-end=\"374\">plataforma DiagZone<\/strong> e \u00e9 totalmente compat\u00edvel com todos os conectores OBD que oferecemos, incluindo DBScar 5, DBScar 7, ThinkDiag 2, Ediag+ e SmartLink C 2.0. Ele estende a conex\u00e3o entre o adaptador de diagn\u00f3stico e a porta OBD2\/EOBD do ve\u00edculo, proporcionando maior flexibilidade, acesso mais f\u00e1cil e menor desgaste da tomada original.<\/p>\n<p data-start=\"684\" data-end=\"791\">\ud83d\udd39 <strong data-start=\"687\" data-end=\"707\">Aviso importante<\/strong><br data-start=\"707\" data-end=\"710\" \/>Este produto \u00e9 <strong data-start=\"726\" data-end=\"743\">apenas hardware<\/strong>.<br data-start=\"744\" data-end=\"747\" \/>N\u00e3o inclui software nem licen\u00e7a.<\/p>\n<p data-start=\"798\" data-end=\"996\">\ud83d\udd39 <strong data-start=\"801\" data-end=\"823\">Suporte e orienta\u00e7\u00e3o<\/strong><br data-start=\"823\" data-end=\"826\" \/>Precisa de ajuda para ligar o seu adaptador atrav\u00e9s do cabo de extens\u00e3o?<br data-start=\"888\" data-end=\"891\" \/>A nossa equipa pode prestar assist\u00eancia para garantir uma instala\u00e7\u00e3o correta e uma utiliza\u00e7\u00e3o fi\u00e1vel com o software DiagZone.<\/p>\n<p data-start=\"1003\" data-end=\"1179\">\ud83d\udd39 <strong data-start=\"1006\" data-end=\"1027\">Garantia de qualidade<\/strong><br data-start=\"1027\" data-end=\"1030\" \/>Cada cabo \u00e9 testado antes do envio para garantir a conectividade correta pino a pino, uma transmiss\u00e3o de dados est\u00e1vel e durabilidade adequada \u00e0s condi\u00e7\u00f5es de oficina.<\/p>\n<h2 data-start=\"1186\" data-end=\"1207\">Caracter\u00edsticas do produto<\/h2>\n<ul data-start=\"1209\" data-end=\"1702\">\n<li data-start=\"1209\" data-end=\"1271\">\n<p data-start=\"1211\" data-end=\"1271\"><strong data-start=\"1211\" data-end=\"1269\">Cabo de extens\u00e3o OBD2\/EOBD de 16 pinos macho para 16 pinos f\u00eamea<\/strong><\/p>\n<\/li>\n<li data-start=\"1272\" data-end=\"1382\">\n<p data-start=\"1274\" data-end=\"1382\" class=\" translation-block\">Totalmente compat\u00edvel com os <strong data-start=\"1296\" data-end=\"1321\">DiagZone OBD adapters<\/strong> (DBScar 5, DBScar 7, ThinkDiag 2, Ediag+, SmartLink C 2.0)<\/p>\n<\/li>\n<li data-start=\"1383\" data-end=\"1469\">\n<p data-start=\"1385\" data-end=\"1469\">Prolonga a liga\u00e7\u00e3o entre a ferramenta de diagn\u00f3stico e o ve\u00edculo para maior flexibilidade<\/p>\n<\/li>\n<li data-start=\"1470\" data-end=\"1537\">\n<p data-start=\"1472\" data-end=\"1537\">Protege a tomada OBD2 original contra esfor\u00e7os frequentes e desgaste<\/p>\n<\/li>\n<li data-start=\"1538\" data-end=\"1621\">\n<p data-start=\"1540\" data-end=\"1621\">Transfer\u00eancia de sinal fi\u00e1vel para diagn\u00f3sticos precisos em todos os ve\u00edculos suportados<\/p>\n<\/li>\n<li data-start=\"1622\" data-end=\"1702\">\n<p data-start=\"1624\" data-end=\"1702\">Design dur\u00e1vel e flex\u00edvel para oficinas profissionais e uso pessoal<\/p>\n<\/li>\n<\/ul>\n<h3 data-start=\"1709\" data-end=\"1741\">\ud83d\udce6 Conte\u00fado da embalagem<\/h3>\n<ul data-start=\"1742\" data-end=\"1792\">\n<li data-start=\"1742\" data-end=\"1792\">\n<p data-start=\"1744\" data-end=\"1792\">1 \u00d7 Cabo de extens\u00e3o OBD2\/EOBD de 16 pinos para 16 pinos<\/p>\n<\/li>\n<\/ul>\n<p data-start=\"1799\" data-end=\"2065\">\u2705 <strong data-start=\"1801\" data-end=\"2063\">Em resumo, o cabo de extens\u00e3o EOBD de 16 pinos para 16 pinos \u00e9 o acess\u00f3rio perfeito para os utilizadores da DiagZone. Funciona com todos os adaptadores OBD suportados, garante diagn\u00f3sticos est\u00e1veis, protege a porta OBD2 do ve\u00edculo e facilita a liga\u00e7\u00e3o em qualquer ambiente de oficina.<\/strong><\/p>","protected":false},"excerpt":{"rendered":"<p>O cabo de extens\u00e3o EOBD de 16 pinos para 16 pinos \u00e9 totalmente compat\u00edvel com a plataforma DiagZone e com todos os nossos adaptadores OBD (DBScar 5, DBScar 7, ThinkDiag 2, Ediag+, SmartLink C 2.0). Ele prolonga a liga\u00e7\u00e3o de diagn\u00f3stico, protege a porta OBD2 e garante uma comunica\u00e7\u00e3o est\u00e1vel durante o diagn\u00f3stico do ve\u00edculo.<\/p>","protected":false},"featured_media":3458,"template":"","meta":{"_acf_changed":false,"_seopress_robots_primary_cat":"none","_seopress_titles_title":"16-Pin EOBD Extension Cable \u2013 Compatible with DiagZone & All OBD Adapters","_seopress_titles_desc":"Buy the 16-Pin to 16-Pin EOBD Extension Cable for DiagZone. Works with DBScar 5, DBScar 7, ThinkDiag 2, Ediag+, and SmartLink C 2.0. Protects the OBD2 port, extends connection reach, and ensures stable diagnostic performance.","_seopress_robots_index":"","inline_featured_image":false,"_kad_blocks_custom_css":"","_kad_blocks_head_custom_js":"","_kad_blocks_body_custom_js":"","_kad_blocks_footer_custom_js":"","_themeisle_gutenberg_block_has_review":false,"_kad_post_transparent":"default","_kad_post_title":"","_kad_post_layout":"default","_kad_post_sidebar_id":"","_kad_post_content_style":"default","_kad_post_vertical_padding":"default","_kad_post_feature":"","_kad_post_feature_position":"","_kad_post_header":false,"_kad_post_footer":false,"iawp_total_views":85},"product_cat":[22],"product_tag":[65,66,64,42],"class_list":{"0":"post-3422","1":"product","2":"type-product","3":"status-publish","4":"has-post-thumbnail","6":"product_cat-accessories","7":"product_tag-16-pin","8":"product_tag-eobd","9":"product_tag-extension-cable","10":"product_tag-obd2","12":"first","13":"instock","14":"shipping-taxable","15":"purchasable","16":"product-type-simple","17":"entry","18":"content-bg","19":"loop-entry"},"acf":[],"taxonomy_info":{"product_cat":[{"value":22,"label":"Accessories"}],"product_tag":[{"value":65,"label":"16-Pin"},{"value":66,"label":"EOBD"},{"value":64,"label":"Extension Cable"},{"value":42,"label":"OBD2"}]},"featured_image_src_large":["https:\/\/diagzone.org\/wp-content\/uploads\/2025\/09\/Diagzone_16pin_to_16pin_OBD2_cable_1.jpg",600,600,false],"author_info":[],"comment_info":"","_links":{"self":[{"href":"https:\/\/diagzone.org\/pt\/wp-json\/wp\/v2\/product\/3422","targetHints":{"allow":["GET"]}}],"collection":[{"href":"https:\/\/diagzone.org\/pt\/wp-json\/wp\/v2\/product"}],"about":[{"href":"https:\/\/diagzone.org\/pt\/wp-json\/wp\/v2\/types\/product"}],"wp:featuredmedia":[{"embeddable":true,"href":"https:\/\/diagzone.org\/pt\/wp-json\/wp\/v2\/media\/3458"}],"wp:attachment":[{"href":"https:\/\/diagzone.org\/pt\/wp-json\/wp\/v2\/media?parent=3422"}],"wp:term":[{"taxonomy":"product_cat","embeddable":true,"href":"https:\/\/diagzone.org\/pt\/wp-json\/wp\/v2\/product_cat?post=3422"},{"taxonomy":"product_tag","embeddable":true,"href":"https:\/\/diagzone.org\/pt\/wp-json\/wp\/v2\/product_tag?post=3422"}],"curies":[{"name":"wp","href":"https:\/\/api.w.org\/{rel}","templated":true}]}}