
{"id":670,"date":"2024-01-19T20:56:43","date_gmt":"2024-01-19T19:56:43","guid":{"rendered":"https:\/\/diagzone.org\/?post_type=product&#038;p=670"},"modified":"2025-09-26T13:15:37","modified_gmt":"2025-09-26T11:15:37","slug":"launch-dbscar-vii-dbscar7-bluetooth-obd2-scanner-supports-can-fd-doip-protocols-powerful-all-systems-for-x431","status":"publish","type":"product","link":"https:\/\/diagzone.org\/pt\/produto\/launch-dbscar-vii-dbscar7-bluetooth-obd2-scanner-supports-can-fd-doip-protocols-powerful-all-systems-for-x431\/","title":{"rendered":"Launch DBScar VII DBSCAR7 Scanner OBD2 Bluetooth com suporte CAN-FD e DoIP \u2013 diagn\u00f3stico poderoso de todos os sistemas para X431"},"content":{"rendered":"<p data-start=\"252\" data-end=\"470\" class=\" translation-block\"><strong data-start=\"252\" data-end=\"329\">Obrigado pelo seu interesse no Original Launch DBScar VII (DBScar 7).<\/strong><br data-start=\"329\" data-end=\"332\">Este conector \u00e9 <strong data-start=\"350\" data-end=\"363\">novo de f\u00e1brica<\/strong>, testado na <strong data-start=\"379\" data-end=\"400\">plataforma DiagZone<\/strong>, e garante tanto a <strong data-start=\"422\" data-end=\"438\">autenticidade<\/strong> como um <strong data-start=\"443\" data-end=\"467\">desempenho superior<\/strong>.<\/p>\n<h2 data-start=\"472\" data-end=\"496\">\ud83d\udd39 Aviso importante<\/h2>\n<p data-start=\"497\" data-end=\"681\" class=\" translation-block\">O Launch <strong data-start=\"508\" data-end=\"533\">DBScar VII (DBScar 7)<\/strong> \u00e9 fornecido <strong data-start=\"547\" data-end=\"585\">sem <a href=\"https:\/\/diagzone.org\/diagzone-activation\/\" target=\"_self\">software pr\u00e9-instalado<\/a><\/strong>.<br data-start=\"586\" data-end=\"589\">Para desbloquear todo o potencial deste dispositivo, \u00e9 necess\u00e1ria uma <strong data-start=\"636\" data-end=\"678\"><a href=\"https:\/\/diagzone.org\/diagzone-buy-subscription\/\" target=\"_self\">compra de software<\/a> separada<\/strong>.<\/p>\n<h2 data-start=\"683\" data-end=\"709\">\ud83d\udd39 Suporte e orienta\u00e7\u00e3o<\/h2>\n<p data-start=\"710\" data-end=\"940\" class=\" translation-block\">Precisa de ajuda com a <strong data-start=\"725\" data-end=\"748\">ativa\u00e7\u00e3o do DiagZone<\/strong>?<br data-start=\"749\" data-end=\"752\">A nossa equipa fornece <strong data-start=\"787\" data-end=\"814\">assist\u00eancia passo a passo<\/strong>. Sinta-se \u00e0 vontade para <a href=\"https:\/\/wa.me\/31647604324\" target=\"_self\"><strong data-start=\"829\" data-end=\"851\">nos contactar a qualquer momento<\/strong><\/a> se precisar de ajuda para ativar o seu dispositivo na <strong data-start=\"911\" data-end=\"937\">plataforma OBD2 DiagZone<\/strong>.<\/p>\n<h2 data-start=\"942\" data-end=\"967\">\ud83d\udd39 Garantia de qualidade<\/h2>\n<p data-start=\"968\" data-end=\"1141\" class=\" translation-block\">Cada DBScar VII passa por <strong data-start=\"995\" data-end=\"1040\">testes rigorosos com testador IO antes do envio<\/strong>.<br data-start=\"1041\" data-end=\"1044\">Isto garante <strong data-start=\"1060\" data-end=\"1086\">um funcionamento impec\u00e1vel<\/strong>, fiabilidade profissional e durabilidade a longo prazo.<\/p>\n<h2 data-start=\"1143\" data-end=\"1167\">Descri\u00e7\u00e3o do produto<\/h2>\n<p data-start=\"1168\" data-end=\"1318\" class=\" translation-block\">O <strong data-start=\"1172\" data-end=\"1204\">Launch DBScar VII (DBScar 7)<\/strong> \u00e9 um <strong data-start=\"1220\" data-end=\"1249\">conector de diagn\u00f3stico OBD2<\/strong> avan\u00e7ado, concebido <strong data-start=\"1259\" data-end=\"1315\">exclusivamente para compatibilidade com o software DiagZone<\/strong>.<\/p>\n<p data-start=\"1320\" data-end=\"1533\">\u2705 Funciona como <strong data-start=\"1333\" data-end=\"1372\">adaptador Bluetooth OBD2 profissional<\/strong><br data-start=\"1372\" data-end=\"1375\" \/>\u2705 <strong data-start=\"444\" data-end=\"496\">Suporta dispositivos Android (smartphones e tablets)<\/strong> \u2013 totalmente compat\u00edvel com <strong data-start=\"521\" data-end=\"537\">Android 7\u201313<\/strong>, e tamb\u00e9m com <strong data-start=\"553\" data-end=\"589\">Android 14 (apenas sistemas de 32 bits)<\/strong><br data-start=\"1425\" data-end=\"1428\" \/>\u2705 Testado com <strong data-start=\"1442\" data-end=\"1480\">software DiagZone para verifica\u00e7\u00e3o de autenticidade<\/strong><br data-start=\"1480\" data-end=\"1483\" \/>\u2705 Ativa\u00e7\u00e3o f\u00e1cil com licen\u00e7a de software separada<\/p>\n<p data-start=\"1535\" data-end=\"1618\">\u26a0\ufe0f <strong data-start=\"176\" data-end=\"192\">Por favor, note:<\/strong> Este conector n\u00e3o inclui qualquer software ou subscri\u00e7\u00e3o.<br data-start=\"254\" data-end=\"257\" \/>\ud83d\udc49 A <strong data-start=\"262\" data-end=\"296\">Subscri\u00e7\u00e3o do software DiagZone<\/strong> pode ser adquirido separadamente aqui: <a class=\"decorated-link\" href=\"https:\/\/diagzone.org\/diagzone-buy-subscription\/\" target=\"_new\" rel=\"noopener\" data-start=\"331\" data-end=\"407\" data-is-only-node=\"\">Comprar subscri\u00e7\u00e3o DiagZone<\/a><\/p>\n<h2 data-start=\"1620\" data-end=\"1654\">Por que escolher o Launch DBScar VII?<\/h2>\n<ul>\n<li data-start=\"216\" data-end=\"287\">\n<p data-start=\"218\" data-end=\"287\"><strong data-start=\"218\" data-end=\"285\">Dispositivo Launch original \u2013 Chip completo \u2013 sem clones, sem falsifica\u00e7\u00f5es<\/strong><\/p>\n<\/li>\n<li data-start=\"288\" data-end=\"335\">\n<p data-start=\"290\" data-end=\"335\" class=\" translation-block\"><strong data-start=\"290\" data-end=\"317\">Testado 100 % no DiagZone<\/strong> antes do envio<\/p>\n<\/li>\n<li data-start=\"336\" data-end=\"399\">\n<p data-start=\"338\" data-end=\"399\" class=\" translation-block\"><strong data-start=\"338\" data-end=\"369\">Conector OBD2 profissional<\/strong> com desempenho garantido<\/p>\n<\/li>\n<li data-start=\"400\" data-end=\"500\">\n<p data-start=\"402\" data-end=\"500\" class=\" translation-block\">Compat\u00edvel com os <strong data-start=\"418\" data-end=\"498\">pacotes de software DiagZone para autom\u00f3veis de passageiros, ve\u00edculos el\u00e9tricos e ve\u00edculos pesados<\/strong><\/p>\n<\/li>\n<li data-start=\"501\" data-end=\"612\">\n<p data-start=\"503\" data-end=\"612\" class=\" translation-block\">Suporta todos os principais protocolos de diagn\u00f3stico: <strong data-start=\"544\" data-end=\"610\">ISO9141, KWP2000, J1850 VPW, J1850 PWM, CAN, UDS, DOIP, CAN-FD<\/strong><\/p>\n<\/li>\n<\/ul>","protected":false},"excerpt":{"rendered":"<p data-start=\"129\" data-end=\"534\">O Launch DBScar VII (DBScar 7) original \u00e9 um conector OBD2 Bluetooth de alto desempenho, desenvolvido para oferecer velocidade, fiabilidade e transmiss\u00e3o precisa de dados. Suporta os protocolos de ve\u00edculos mais recentes, incluindo CAN FD e DOIP, tornando-o ideal para ve\u00edculos modernos, ve\u00edculos el\u00e9tricos e cami\u00f5es. Com ampla cobertura e desempenho de n\u00edvel profissional num design compacto, garante uma comunica\u00e7\u00e3o r\u00e1pida e est\u00e1vel para diagn\u00f3sticos avan\u00e7ados.<\/p>","protected":false},"featured_media":3312,"template":"","meta":{"_acf_changed":false,"_seopress_robots_primary_cat":"none","_seopress_titles_title":"Original Launch DBScar VII (DBScar 7)","_seopress_titles_desc":"Original Launch DBScar VII, a tested product ensuring authenticity and superior performance on the Diagzone platform.","_seopress_robots_index":"","inline_featured_image":false,"_kad_blocks_custom_css":"","_kad_blocks_head_custom_js":"","_kad_blocks_body_custom_js":"","_kad_blocks_footer_custom_js":"","_themeisle_gutenberg_block_has_review":false,"_kad_post_transparent":"default","_kad_post_title":"","_kad_post_layout":"default","_kad_post_sidebar_id":"","_kad_post_content_style":"default","_kad_post_vertical_padding":"default","_kad_post_feature":"","_kad_post_feature_position":"","_kad_post_header":false,"_kad_post_footer":false,"iawp_total_views":754},"product_cat":[19],"product_tag":[],"class_list":{"0":"post-670","1":"product","2":"type-product","3":"status-publish","4":"has-post-thumbnail","6":"product_cat-obd-connectors","8":"first","9":"instock","10":"shipping-taxable","11":"purchasable","12":"product-type-simple","13":"entry","14":"content-bg","15":"loop-entry"},"acf":[],"taxonomy_info":{"product_cat":[{"value":19,"label":"Obd connectors"}]},"featured_image_src_large":["https:\/\/diagzone.org\/wp-content\/uploads\/2024\/01\/DBS_Car_VII_1.jpg",600,600,false],"author_info":[],"comment_info":"","_links":{"self":[{"href":"https:\/\/diagzone.org\/pt\/wp-json\/wp\/v2\/product\/670","targetHints":{"allow":["GET"]}}],"collection":[{"href":"https:\/\/diagzone.org\/pt\/wp-json\/wp\/v2\/product"}],"about":[{"href":"https:\/\/diagzone.org\/pt\/wp-json\/wp\/v2\/types\/product"}],"wp:featuredmedia":[{"embeddable":true,"href":"https:\/\/diagzone.org\/pt\/wp-json\/wp\/v2\/media\/3312"}],"wp:attachment":[{"href":"https:\/\/diagzone.org\/pt\/wp-json\/wp\/v2\/media?parent=670"}],"wp:term":[{"taxonomy":"product_cat","embeddable":true,"href":"https:\/\/diagzone.org\/pt\/wp-json\/wp\/v2\/product_cat?post=670"},{"taxonomy":"product_tag","embeddable":true,"href":"https:\/\/diagzone.org\/pt\/wp-json\/wp\/v2\/product_tag?post=670"}],"curies":[{"name":"wp","href":"https:\/\/api.w.org\/{rel}","templated":true}]}}