
{"id":677,"date":"2024-01-19T20:59:38","date_gmt":"2024-01-19T19:59:38","guid":{"rendered":"https:\/\/diagzone.org\/?post_type=product&#038;p=677"},"modified":"2026-04-17T16:12:31","modified_gmt":"2026-04-17T14:12:31","slug":"launch-x431-dbscar5","status":"publish","type":"product","link":"https:\/\/diagzone.org\/pt\/produto\/launch-x431-dbscar5\/","title":{"rendered":"Launch X431 DBSCAR5"},"content":{"rendered":"<p data-start=\"100\" data-end=\"411\" class=\" translation-block\">O <strong data-start=\"104\" data-end=\"135\">DBScar 5 Bluetooth Connector<\/strong> \u00e9 um adaptador OBD2 compacto e profissional, concebido para ligar o software DiagZone a tablets ou smartphones Android via Bluetooth. Constru\u00eddo com componentes de alta qualidade e testado para total compatibilidade, garante uma comunica\u00e7\u00e3o est\u00e1vel e r\u00e1pida para o diagn\u00f3stico de ve\u00edculos.<\/p>\n<p data-start=\"413\" data-end=\"634\">\u2705 Conex\u00e3o Bluetooth 5.0 est\u00e1vel<br data-start=\"446\" data-end=\"449\" \/>\u2705 Suporta protocolos OBD2, incluindo CAN, UDS e CAN-FD<br data-start=\"505\" data-end=\"508\" \/>\u2705 Estrutura ABS\/PC compacta e dur\u00e1vel<br data-start=\"541\" data-end=\"544\" \/>\u2705 Design plug-and-play para f\u00e1cil utiliza\u00e7\u00e3o<br data-start=\"579\" data-end=\"582\" \/>\u2705 Totalmente otimizado e testado para a plataforma DiagZone<\/p>\n<p data-start=\"636\" data-end=\"887\">\u26a0\ufe0f <strong data-start=\"639\" data-end=\"660\">Aviso importante:<\/strong><br data-start=\"660\" data-end=\"663\" \/>Este produto inclui apenas o hardware.<br data-start=\"703\" data-end=\"706\" \/>\ud83d\udc49 A licen\u00e7a do software DiagZone \u00e9 <strong data-start=\"742\" data-end=\"758\">n\u00e3o inclu\u00edda<\/strong> e deve ser adquirida separadamente. Pode compr\u00e1-la aqui: <a class=\"decorated-link\" href=\"https:\/\/diagzone.org\/diagzone-buy-subscription\/\" target=\"_new\" rel=\"noopener\" data-start=\"814\" data-end=\"885\">Comprar licen\u00e7a DiagZone<\/a><\/p>\n<hr data-start=\"889\" data-end=\"892\" \/>\n<h3 data-start=\"894\" data-end=\"924\">Inclu\u00eddo na embalagem:<\/h3>\n<ul data-start=\"925\" data-end=\"960\">\n<li data-start=\"925\" data-end=\"960\">\n<p data-start=\"927\" data-end=\"960\">1 \u00d7 DBScar5 Bluetooth Conector<\/p>\n<\/li>\n<\/ul>","protected":false},"excerpt":{"rendered":"<p>O DBScar 5 Bluetooth Adapter \u00e9 um conector de diagn\u00f3stico OBD2 compacto e fi\u00e1vel, concebido para funcionar perfeitamente com a plataforma DiagZone. Garante comunica\u00e7\u00e3o est\u00e1vel, diagn\u00f3sticos avan\u00e7ados de ve\u00edculos e compatibilidade com protocolos modernos.<\/p>","protected":false},"featured_media":3428,"template":"","meta":{"_acf_changed":false,"_seopress_robots_primary_cat":"none","_seopress_titles_title":"Diagnostics by Launch X431 DBScar5 Bluetooth Adapter","_seopress_titles_desc":"DbScar5 connector enhances your diagnostic experience by utilizing the Launch X431 DBScar5 Bluetooth Adapter","_seopress_robots_index":"","inline_featured_image":false,"_kad_blocks_custom_css":"","_kad_blocks_head_custom_js":"","_kad_blocks_body_custom_js":"","_kad_blocks_footer_custom_js":"","_themeisle_gutenberg_block_has_review":false,"_kad_post_transparent":"default","_kad_post_title":"","_kad_post_layout":"default","_kad_post_sidebar_id":"","_kad_post_content_style":"default","_kad_post_vertical_padding":"default","_kad_post_feature":"","_kad_post_feature_position":"","_kad_post_header":false,"_kad_post_footer":false,"iawp_total_views":253},"product_cat":[19],"product_tag":[52,50,53,42,51],"class_list":{"0":"post-677","1":"product","2":"type-product","3":"status-publish","4":"has-post-thumbnail","6":"product_cat-obd-connectors","7":"product_tag-bluetooth","8":"product_tag-dbscar-5","9":"product_tag-diagzone","10":"product_tag-obd2","11":"product_tag-x431","13":"first","14":"onbackorder","15":"sold-individually","16":"shipping-taxable","17":"purchasable","18":"product-type-simple","19":"entry","20":"content-bg","21":"loop-entry"},"acf":[],"taxonomy_info":{"product_cat":[{"value":19,"label":"Obd connectors"}],"product_tag":[{"value":52,"label":"Bluetooth"},{"value":50,"label":"DBScar 5"},{"value":53,"label":"DiagZone"},{"value":42,"label":"OBD2"},{"value":51,"label":"X431"}]},"featured_image_src_large":["https:\/\/diagzone.org\/wp-content\/uploads\/2025\/09\/Diagzone_org_Launch_Dbscar_5_1.jpg",600,600,false],"author_info":[],"comment_info":"","_links":{"self":[{"href":"https:\/\/diagzone.org\/pt\/wp-json\/wp\/v2\/product\/677","targetHints":{"allow":["GET"]}}],"collection":[{"href":"https:\/\/diagzone.org\/pt\/wp-json\/wp\/v2\/product"}],"about":[{"href":"https:\/\/diagzone.org\/pt\/wp-json\/wp\/v2\/types\/product"}],"wp:featuredmedia":[{"embeddable":true,"href":"https:\/\/diagzone.org\/pt\/wp-json\/wp\/v2\/media\/3428"}],"wp:attachment":[{"href":"https:\/\/diagzone.org\/pt\/wp-json\/wp\/v2\/media?parent=677"}],"wp:term":[{"taxonomy":"product_cat","embeddable":true,"href":"https:\/\/diagzone.org\/pt\/wp-json\/wp\/v2\/product_cat?post=677"},{"taxonomy":"product_tag","embeddable":true,"href":"https:\/\/diagzone.org\/pt\/wp-json\/wp\/v2\/product_tag?post=677"}],"curies":[{"name":"wp","href":"https:\/\/api.w.org\/{rel}","templated":true}]}}