{"id":2800,"date":"2025-09-22T11:10:37","date_gmt":"2025-09-22T09:10:37","guid":{"rendered":"https:\/\/diagzone.org\/?page_id=2800"},"modified":"2026-04-09T18:20:29","modified_gmt":"2026-04-09T16:20:29","slug":"diagzone-buy-subscription","status":"publish","type":"page","link":"https:\/\/diagzone.org\/sk\/diagzone-buy-subscription\/","title":{"rendered":"DiagZone Buy subscription"},"content":{"rendered":"<style>.wp-block-kadence-advancedheading.kt-adv-heading2800_08548c-15, .wp-block-kadence-advancedheading.kt-adv-heading2800_08548c-15[data-kb-block=\"kb-adv-heading2800_08548c-15\"]{padding-top:var(--global-kb-spacing-sm, 1.5rem);padding-bottom:var(--global-kb-spacing-xs, 1rem);font-size:var(--global-kb-font-size-lg, 2rem);font-style:normal;}.wp-block-kadence-advancedheading.kt-adv-heading2800_08548c-15 mark.kt-highlight, .wp-block-kadence-advancedheading.kt-adv-heading2800_08548c-15[data-kb-block=\"kb-adv-heading2800_08548c-15\"] mark.kt-highlight{font-style:normal;color:#f76a0c;-webkit-box-decoration-break:clone;box-decoration-break:clone;padding-top:0px;padding-right:0px;padding-bottom:0px;padding-left:0px;}<\/style>\n<h2 class=\"kt-adv-heading2800_08548c-15 wp-block-kadence-advancedheading\" data-kb-block=\"kb-adv-heading2800_08548c-15\">Ofici\u00e1lne predplatn\u00e9 DiagZone \u2013 Aktivujte v\u0161etky zna\u010dky a aktualiz\u00e1cie<\/h2>\n\n\n<style>.kb-row-layout-id2800_7c96fe-40 > .kt-row-column-wrap{align-content:center;}:where(.kb-row-layout-id2800_7c96fe-40 > .kt-row-column-wrap) > .wp-block-kadence-column{justify-content:center;}.kb-row-layout-id2800_7c96fe-40 > .kt-row-column-wrap{column-gap:var(--global-kb-gap-lg, 4rem);row-gap:var(--global-kb-gap-md, 2rem);max-width:var( --global-content-width, 1444px );padding-left:var(--global-content-edge-padding);padding-right:var(--global-content-edge-padding);padding-top:var(--global-kb-spacing-sm, 1.5rem);padding-bottom:var(--global-kb-spacing-xxl, 5rem);grid-template-columns:repeat(2, minmax(0, 1fr));}.kb-row-layout-id2800_7c96fe-40 > .kt-row-layout-overlay{opacity:0.20;background-color:var(--global-palette1, #3182CE);mix-blend-mode:normal;}@media all and (max-width: 1024px){.kb-row-layout-id2800_7c96fe-40 > .kt-row-column-wrap{grid-template-columns:repeat(2, minmax(0, 1fr));}}@media all and (max-width: 767px){.kb-row-layout-id2800_7c96fe-40 > .kt-row-column-wrap{grid-template-columns:minmax(0, 1fr);}}<\/style><div class=\"kb-row-layout-wrap kb-row-layout-id2800_7c96fe-40 alignfull has-theme-palette9-background-color kt-row-has-bg wp-block-kadence-rowlayout\"><div class=\"kt-row-layout-overlay kt-row-overlay-normal\"><\/div><div class=\"kt-row-column-wrap kt-has-2-columns kt-row-layout-equal kt-tab-layout-inherit kt-mobile-layout-row kt-row-valign-middle kb-theme-content-width\">\n<style>.kadence-column2800_7145a0-45 > .kt-inside-inner-col,.kadence-column2800_7145a0-45 > .kt-inside-inner-col:before{border-top-left-radius:10px;border-top-right-radius:10px;border-bottom-right-radius:10px;border-bottom-left-radius:10px;}.kadence-column2800_7145a0-45 > .kt-inside-inner-col{column-gap:var(--global-kb-gap-sm, 1rem);}.kadence-column2800_7145a0-45 > .kt-inside-inner-col{flex-direction:column;}.kadence-column2800_7145a0-45 > .kt-inside-inner-col > .aligncenter{width:100%;}.kadence-column2800_7145a0-45 > .kt-inside-inner-col{background-color:var(--global-palette9, #ffffff);}.kadence-column2800_7145a0-45 > .kt-inside-inner-col:before{opacity:0.3;}.kadence-column2800_7145a0-45{position:relative;}@media all and (max-width: 1024px){.kadence-column2800_7145a0-45 > .kt-inside-inner-col{flex-direction:column;justify-content:center;}}@media all and (max-width: 767px){.kadence-column2800_7145a0-45 > .kt-inside-inner-col{flex-direction:column;justify-content:center;}}<\/style>\n<div class=\"wp-block-kadence-column kadence-column2800_7145a0-45\"><div class=\"kt-inside-inner-col\">        <div class=\"serial-lookup-container\">\n            <div class=\"serial-lookup-wrap\">\n                                    <strong class=\"serial-lookup-instruction\">\n                        Na zabezpe\u010denie kompatibility zadajte 12-miestne s\u00e9riov\u00e9 \u010d\u00edslo v\u00e1\u0161ho zariadenia do po\u013ea ni\u017e\u0161ie.                    <\/strong>\n                \n                <form class=\"serial-lookup-form\" method=\"post\" action=\"\" data-trp-original-action=\"\">\n                    <div class=\"serial-lookup-input-wrapper\">\n                        <input\n                            type=\"text\"\n                            id=\"serial-input\"\n                            name=\"serial\"\n                            class=\"serial-lookup-input\"\n                            placeholder=\"e.g. 123456\"\n                            required\n autocomplete=\"off\"\n                        \/>\n                        <button type=\"submit\" class=\"serial-lookup-button\" aria-label=\"Search\">\n                            <svg xmlns=\"http:\/\/www.w3.org\/2000\/svg\" width=\"44\" height=\"44\" viewbox=\"0 0 24 24\"\n                                 stroke-width=\"1.5\" stroke=\"#ffffff\" fill=\"none\"\n                                 stroke-linecap=\"round\" stroke-linejoin=\"round\">\n                                <path stroke=\"none\" d=\"M0 0h24v24H0z\" fill=\"none\"\/>\n                                <path d=\"M7 6l-.112 .006a1 1 0 0 0 -.669 1.619l3.501 4.375l-3.5 4.375a1 1 0 0 0 .78 1.625h6a1 1 0 0 0 .78 -.375l4 -5a1 1 0 0 0 0 -1.25l-4 -5a1 1 0 0 0 -.78 -.375h-6z\"\n                                      stroke-width=\"0\" fill=\"currentColor\" \/>\n                            <\/svg>\n                        <\/button>\n                    <\/div>\n\n                    <input type=\"hidden\" id=\"serial_lookup_nonce_field\" name=\"serial_lookup_nonce_field\" value=\"c55695f5e5\" \/><input type=\"hidden\" name=\"_wp_http_referer\" value=\"\/sk\/wp-json\/wp\/v2\/pages\/2800\" \/>\n                    <div class=\"serial-lookup-notice\">\n                        <div class=\"serial-lookup-error\" style=\"display:none;\">\n                            Serial number not found. Please check and try again.                        <\/div>\n                        <div class=\"serial-lookup-loading\" style=\"display:none;\">\n                            <span class=\"serial-lookup-spinner\"><\/span>\n                            Searching...                        <\/div>\n                    <\/div>\n                <input type=\"hidden\" name=\"trp-form-language\" value=\"sk\"\/><\/form>\n\n                                    <div class=\"serial-lookup-bottom\">\n                                                    <img decoding=\"async\" class=\"serial-lookup-image\"\n                                 src=\"https:\/\/diagzone.org\/wp-content\/uploads\/2025\/09\/android_diagzone_small.png\"\n                                 alt=\"\" \/>\n                        \n                                                    <strong class=\"serial-lookup-caption\">\n                                Only available on ANDROID<br \/>\n  devices<br \/><span class='android-compat'>Supports smartphones &amp; tablets with Android 7\u201313 and Android 14 (32-bit<br \/>\n  systems)<\/span>                            <\/strong>\n                                            <\/div>\n                            <\/div>\n        <\/div>\n        \n\n\n<style>.kb-image2800_b9135b-f4.kb-image-is-ratio-size, .kb-image2800_b9135b-f4 .kb-image-is-ratio-size{max-width:293px;width:100%;}.wp-block-kadence-column > .kt-inside-inner-col > .kb-image2800_b9135b-f4.kb-image-is-ratio-size, .wp-block-kadence-column > .kt-inside-inner-col > .kb-image2800_b9135b-f4 .kb-image-is-ratio-size{align-self:unset;}.kb-image2800_b9135b-f4 figure{max-width:293px;}.kb-image2800_b9135b-f4 .image-is-svg, .kb-image2800_b9135b-f4 .image-is-svg img{width:100%;}.kb-image2800_b9135b-f4 .kb-image-has-overlay:after{opacity:0.3;}<\/style>\n<div class=\"wp-block-kadence-image kb-image2800_b9135b-f4 hero-img-skew\"><figure class=\"aligncenter size-large\"><img loading=\"lazy\" decoding=\"async\" width=\"1024\" height=\"1024\" src=\"https:\/\/diagzone.org\/wp-content\/uploads\/2024\/01\/dz-hero-1024x1024.png\" alt=\"\" class=\"kb-img wp-image-494\" srcset=\"https:\/\/diagzone.org\/wp-content\/uploads\/2024\/01\/dz-hero-1024x1024.png 1024w, https:\/\/diagzone.org\/wp-content\/uploads\/2024\/01\/dz-hero-300x300.png 300w, https:\/\/diagzone.org\/wp-content\/uploads\/2024\/01\/dz-hero-150x150.png 150w, https:\/\/diagzone.org\/wp-content\/uploads\/2024\/01\/dz-hero-768x768.png 768w, https:\/\/diagzone.org\/wp-content\/uploads\/2024\/01\/dz-hero-1536x1536.png 1536w, https:\/\/diagzone.org\/wp-content\/uploads\/2024\/01\/dz-hero-2048x2048.png 2048w, https:\/\/diagzone.org\/wp-content\/uploads\/2024\/01\/dz-hero-600x600.png 600w, https:\/\/diagzone.org\/wp-content\/uploads\/2024\/01\/dz-hero-100x100.png 100w\" sizes=\"auto, (max-width: 1024px) 100vw, 1024px\" \/><\/figure><\/div>\n<\/div><\/div>\n\n\n<style>.kadence-column2800_0e0ed4-45 > .kt-inside-inner-col,.kadence-column2800_0e0ed4-45 > .kt-inside-inner-col:before{border-top-left-radius:0px;border-top-right-radius:0px;border-bottom-right-radius:0px;border-bottom-left-radius:0px;}.kadence-column2800_0e0ed4-45 > .kt-inside-inner-col{column-gap:var(--global-kb-gap-sm, 1rem);}.kadence-column2800_0e0ed4-45 > .kt-inside-inner-col{flex-direction:column;}.kadence-column2800_0e0ed4-45 > .kt-inside-inner-col > .aligncenter{width:100%;}.kadence-column2800_0e0ed4-45 > .kt-inside-inner-col:before{opacity:0.3;}.kadence-column2800_0e0ed4-45{position:relative;}@media all and (max-width: 1024px){.kadence-column2800_0e0ed4-45 > .kt-inside-inner-col{flex-direction:column;justify-content:center;}}@media all and (max-width: 767px){.kadence-column2800_0e0ed4-45 > .kt-inside-inner-col{flex-direction:column;justify-content:center;}}<\/style>\n<div class=\"wp-block-kadence-column kadence-column2800_0e0ed4-45 inner-column-1\"><div class=\"kt-inside-inner-col\"><style>.wp-block-kadence-advancedheading.kt-adv-heading2800_17c0ab-ba, .wp-block-kadence-advancedheading.kt-adv-heading2800_17c0ab-ba[data-kb-block=\"kb-adv-heading2800_17c0ab-ba\"]{margin-top:0px;margin-bottom:var(--global-kb-spacing-sm, 1.5rem);text-align:left;font-size:var(--global-kb-font-size-lg, 2rem);line-height:1.2;font-style:normal;}.wp-block-kadence-advancedheading.kt-adv-heading2800_17c0ab-ba mark.kt-highlight, .wp-block-kadence-advancedheading.kt-adv-heading2800_17c0ab-ba[data-kb-block=\"kb-adv-heading2800_17c0ab-ba\"] mark.kt-highlight{font-style:normal;color:#f76a0c;-webkit-box-decoration-break:clone;box-decoration-break:clone;padding-top:0px;padding-right:0px;padding-bottom:0px;padding-left:0px;}<\/style>\n<h2 class=\"kt-adv-heading2800_17c0ab-ba wp-block-kadence-advancedheading has-theme-palette-3-color has-text-color\" data-kb-block=\"kb-adv-heading2800_17c0ab-ba\">Pokyny na zak\u00fapenie predplatn\u00e9ho:<\/h2>\n\n\n<style>.wp-block-kadence-column.kb-section-dir-horizontal > .kt-inside-inner-col > .kt-info-box2800_d89999-38 .kt-blocks-info-box-link-wrap{max-width:unset;}.kt-info-box2800_d89999-38 .kt-blocks-info-box-link-wrap{border-top:5px solid var(--global-palette7, #eeeeee);border-right:5px solid var(--global-palette7, #eeeeee);border-bottom:5px solid var(--global-palette7, #eeeeee);border-left:5px solid var(--global-palette7, #eeeeee);border-top-left-radius:30px;border-top-right-radius:30px;border-bottom-right-radius:30px;border-bottom-left-radius:30px;background:rgba(0,0,0,0);padding-top:var(--global-kb-spacing-xs, 1rem);padding-right:var(--global-kb-spacing-xs, 1rem);padding-bottom:var(--global-kb-spacing-xs, 1rem);padding-left:var(--global-kb-spacing-xs, 1rem);}.kt-info-box2800_d89999-38 .kadence-info-box-icon-container .kt-info-svg-icon, .kt-info-box2800_d89999-38 .kt-info-svg-icon-flip, .kt-info-box2800_d89999-38 .kt-blocks-info-box-number{font-size:50px;}.kt-info-box2800_d89999-38 .kt-blocks-info-box-media{color:var(--global-palette9, #ffffff);background:var(--global-palette1, #3182CE);border-color:var(--global-palette7, #eeeeee);border-radius:200px;overflow:hidden;border-top-width:0px;border-right-width:0px;border-bottom-width:0px;border-left-width:0px;padding-top:20px;padding-right:20px;padding-bottom:20px;padding-left:20px;margin-top:0px;margin-right:20px;margin-bottom:0px;margin-left:0px;}.kt-info-box2800_d89999-38 .kt-blocks-info-box-media .kadence-info-box-image-intrisic img{border-radius:200px;}.kt-info-box2800_d89999-38 .kt-blocks-info-box-link-wrap:hover .kt-blocks-info-box-media{color:var(--global-palette9, #ffffff);background:var(--global-palette1, #3182CE);}.kt-info-box2800_d89999-38 .kt-infobox-textcontent h2.kt-blocks-info-box-title{padding-top:0px;padding-right:0px;padding-bottom:0px;padding-left:0px;margin-top:5px;margin-right:0px;margin-bottom:10px;margin-left:0px;}.kt-info-box2800_d89999-38 .kt-blocks-info-box-learnmore{background:transparent;border-width:0px 0px 0px 0px;padding-top:4px;padding-right:8px;padding-bottom:4px;padding-left:8px;margin-top:10px;margin-right:0px;margin-bottom:10px;margin-left:0px;}@media all and (max-width: 1024px){.kt-info-box2800_d89999-38 .kt-blocks-info-box-link-wrap{border-top:5px solid var(--global-palette7, #eeeeee);border-right:5px solid var(--global-palette7, #eeeeee);border-bottom:5px solid var(--global-palette7, #eeeeee);border-left:5px solid var(--global-palette7, #eeeeee);}}@media all and (max-width: 767px){.kt-info-box2800_d89999-38 .kt-blocks-info-box-link-wrap{border-top:5px solid var(--global-palette7, #eeeeee);border-right:5px solid var(--global-palette7, #eeeeee);border-bottom:5px solid var(--global-palette7, #eeeeee);border-left:5px solid var(--global-palette7, #eeeeee);}}<\/style>\n<div class=\"wp-block-kadence-infobox kt-info-box2800_d89999-38\"><div class=\"kt-blocks-info-box-link-wrap kt-blocks-info-box-media-align-left kt-info-halign-left\"><div class=\"kt-blocks-info-box-media-container\"><div class=\"kt-blocks-info-box-media kt-info-media-animate-none\"><div class=\"kadence-info-box-icon-container kt-info-icon-animate-none\"><div class=\"kadence-info-box-icon-inner-container\"><span class=\"kb-svg-icon-wrap kb-svg-icon-fe_arrowRight kt-info-svg-icon\"><svg viewbox=\"0 0 24 24\"  fill=\"none\" stroke=\"currentColor\" stroke-width=\"2\" stroke-linecap=\"round\" stroke-linejoin=\"round\" xmlns=\"http:\/\/www.w3.org\/2000\/svg\"  aria-hidden=\"true\"><line x1=\"5\" y1=\"12\" x2=\"19\" y2=\"12\"\/><polyline points=\"12 5 19 12 12 19\"\/><\/svg><\/span><\/div><\/div><\/div><\/div><div class=\"kt-infobox-textcontent\"><h2 class=\"kt-blocks-info-box-title\"><\/h2><p class=\"kt-blocks-info-box-text\">1\ufe0f\u20e3 Zadajte s\u00e9riov\u00e9 \u010d\u00edslo svojho OBD zariadenia do po\u013ea a kliknite na \u010derven\u00fa \u0161\u00edpku.<\/p><\/div><\/div><\/div>\n\n\n<style>.wp-block-kadence-column.kb-section-dir-horizontal > .kt-inside-inner-col > .kt-info-box2800_e68b44-85 .kt-blocks-info-box-link-wrap{max-width:unset;}.kt-info-box2800_e68b44-85 .kt-blocks-info-box-link-wrap{border-top:5px solid var(--global-palette7, #eeeeee);border-right:5px solid var(--global-palette7, #eeeeee);border-bottom:5px solid var(--global-palette7, #eeeeee);border-left:5px solid var(--global-palette7, #eeeeee);border-top-left-radius:30px;border-top-right-radius:30px;border-bottom-right-radius:30px;border-bottom-left-radius:30px;background:rgba(0,0,0,0);padding-top:var(--global-kb-spacing-xs, 1rem);padding-right:var(--global-kb-spacing-xs, 1rem);padding-bottom:var(--global-kb-spacing-xs, 1rem);padding-left:var(--global-kb-spacing-xs, 1rem);}.kt-info-box2800_e68b44-85 .kadence-info-box-icon-container .kt-info-svg-icon, .kt-info-box2800_e68b44-85 .kt-info-svg-icon-flip, .kt-info-box2800_e68b44-85 .kt-blocks-info-box-number{font-size:50px;}.kt-info-box2800_e68b44-85 .kt-blocks-info-box-media{color:var(--global-palette9, #ffffff);background:var(--global-palette1, #3182CE);border-color:var(--global-palette7, #eeeeee);border-radius:200px;overflow:hidden;border-top-width:0px;border-right-width:0px;border-bottom-width:0px;border-left-width:0px;padding-top:20px;padding-right:20px;padding-bottom:20px;padding-left:20px;margin-top:0px;margin-right:20px;margin-bottom:0px;margin-left:0px;}.kt-info-box2800_e68b44-85 .kt-blocks-info-box-media .kadence-info-box-image-intrisic img{border-radius:200px;}.kt-info-box2800_e68b44-85 .kt-blocks-info-box-link-wrap:hover .kt-blocks-info-box-media{color:var(--global-palette9, #ffffff);background:var(--global-palette1, #3182CE);}.kt-info-box2800_e68b44-85 .kt-infobox-textcontent h2.kt-blocks-info-box-title{padding-top:0px;padding-right:0px;padding-bottom:0px;padding-left:0px;margin-top:5px;margin-right:0px;margin-bottom:10px;margin-left:0px;}.kt-info-box2800_e68b44-85 .kt-blocks-info-box-learnmore{background:transparent;border-width:0px 0px 0px 0px;padding-top:4px;padding-right:8px;padding-bottom:4px;padding-left:8px;margin-top:10px;margin-right:0px;margin-bottom:10px;margin-left:0px;}@media all and (max-width: 1024px){.kt-info-box2800_e68b44-85 .kt-blocks-info-box-link-wrap{border-top:5px solid var(--global-palette7, #eeeeee);border-right:5px solid var(--global-palette7, #eeeeee);border-bottom:5px solid var(--global-palette7, #eeeeee);border-left:5px solid var(--global-palette7, #eeeeee);}}@media all and (max-width: 767px){.kt-info-box2800_e68b44-85 .kt-blocks-info-box-link-wrap{border-top:5px solid var(--global-palette7, #eeeeee);border-right:5px solid var(--global-palette7, #eeeeee);border-bottom:5px solid var(--global-palette7, #eeeeee);border-left:5px solid var(--global-palette7, #eeeeee);}}<\/style>\n<div class=\"wp-block-kadence-infobox kt-info-box2800_e68b44-85\"><div class=\"kt-blocks-info-box-link-wrap kt-blocks-info-box-media-align-left kt-info-halign-left\"><div class=\"kt-blocks-info-box-media-container\"><div class=\"kt-blocks-info-box-media kt-info-media-animate-none\"><div class=\"kadence-info-box-icon-container kt-info-icon-animate-none\"><div class=\"kadence-info-box-icon-inner-container\"><span class=\"kb-svg-icon-wrap kb-svg-icon-fe_arrowRight kt-info-svg-icon\"><svg viewbox=\"0 0 24 24\"  fill=\"none\" stroke=\"currentColor\" stroke-width=\"2\" stroke-linecap=\"round\" stroke-linejoin=\"round\" xmlns=\"http:\/\/www.w3.org\/2000\/svg\"  aria-hidden=\"true\"><line x1=\"5\" y1=\"12\" x2=\"19\" y2=\"12\"\/><polyline points=\"12 5 19 12 12 19\"\/><\/svg><\/span><\/div><\/div><\/div><\/div><div class=\"kt-infobox-textcontent\"><h2 class=\"kt-blocks-info-box-title\"><\/h2><p class=\"kt-blocks-info-box-text\"><br>2\ufe0f\u20e3 A list of available subscription packages will appear. Select the one you prefer, for example:<br>Diagzone Passenger Cars<br>Diagzone Passenger + EV Cars<br>Diagzone HD \u2013 Trucks, Tractors<\/p><\/div><\/div><\/div>\n\n\n<style>.wp-block-kadence-column.kb-section-dir-horizontal > .kt-inside-inner-col > .kt-info-box2800_f5f6dc-b6 .kt-blocks-info-box-link-wrap{max-width:unset;}.kt-info-box2800_f5f6dc-b6 .kt-blocks-info-box-link-wrap{border-top:5px solid var(--global-palette7, #eeeeee);border-right:5px solid var(--global-palette7, #eeeeee);border-bottom:5px solid var(--global-palette7, #eeeeee);border-left:5px solid var(--global-palette7, #eeeeee);border-top-left-radius:30px;border-top-right-radius:30px;border-bottom-right-radius:30px;border-bottom-left-radius:30px;background:rgba(0,0,0,0);padding-top:var(--global-kb-spacing-xs, 1rem);padding-right:var(--global-kb-spacing-xs, 1rem);padding-bottom:var(--global-kb-spacing-xs, 1rem);padding-left:var(--global-kb-spacing-xs, 1rem);}.kt-info-box2800_f5f6dc-b6 .kadence-info-box-icon-container .kt-info-svg-icon, .kt-info-box2800_f5f6dc-b6 .kt-info-svg-icon-flip, .kt-info-box2800_f5f6dc-b6 .kt-blocks-info-box-number{font-size:50px;}.kt-info-box2800_f5f6dc-b6 .kt-blocks-info-box-media{color:var(--global-palette9, #ffffff);background:var(--global-palette1, #3182CE);border-color:var(--global-palette7, #eeeeee);border-radius:200px;overflow:hidden;border-top-width:0px;border-right-width:0px;border-bottom-width:0px;border-left-width:0px;padding-top:20px;padding-right:20px;padding-bottom:20px;padding-left:20px;margin-top:0px;margin-right:20px;margin-bottom:0px;margin-left:0px;}.kt-info-box2800_f5f6dc-b6 .kt-blocks-info-box-media .kadence-info-box-image-intrisic img{border-radius:200px;}.kt-info-box2800_f5f6dc-b6 .kt-blocks-info-box-link-wrap:hover .kt-blocks-info-box-media{color:var(--global-palette9, #ffffff);background:var(--global-palette1, #3182CE);}.kt-info-box2800_f5f6dc-b6 .kt-infobox-textcontent h2.kt-blocks-info-box-title{padding-top:0px;padding-right:0px;padding-bottom:0px;padding-left:0px;margin-top:5px;margin-right:0px;margin-bottom:10px;margin-left:0px;}.kt-info-box2800_f5f6dc-b6 .kt-blocks-info-box-learnmore{background:transparent;border-width:0px 0px 0px 0px;padding-top:4px;padding-right:8px;padding-bottom:4px;padding-left:8px;margin-top:10px;margin-right:0px;margin-bottom:10px;margin-left:0px;}@media all and (max-width: 1024px){.kt-info-box2800_f5f6dc-b6 .kt-blocks-info-box-link-wrap{border-top:5px solid var(--global-palette7, #eeeeee);border-right:5px solid var(--global-palette7, #eeeeee);border-bottom:5px solid var(--global-palette7, #eeeeee);border-left:5px solid var(--global-palette7, #eeeeee);}}@media all and (max-width: 767px){.kt-info-box2800_f5f6dc-b6 .kt-blocks-info-box-link-wrap{border-top:5px solid var(--global-palette7, #eeeeee);border-right:5px solid var(--global-palette7, #eeeeee);border-bottom:5px solid var(--global-palette7, #eeeeee);border-left:5px solid var(--global-palette7, #eeeeee);}}<\/style>\n<div class=\"wp-block-kadence-infobox kt-info-box2800_f5f6dc-b6\"><div class=\"kt-blocks-info-box-link-wrap kt-blocks-info-box-media-align-left kt-info-halign-left\"><div class=\"kt-blocks-info-box-media-container\"><div class=\"kt-blocks-info-box-media kt-info-media-animate-none\"><div class=\"kadence-info-box-icon-container kt-info-icon-animate-none\"><div class=\"kadence-info-box-icon-inner-container\"><span class=\"kb-svg-icon-wrap kb-svg-icon-fe_arrowRight kt-info-svg-icon\"><svg viewbox=\"0 0 24 24\"  fill=\"none\" stroke=\"currentColor\" stroke-width=\"2\" stroke-linecap=\"round\" stroke-linejoin=\"round\" xmlns=\"http:\/\/www.w3.org\/2000\/svg\"  aria-hidden=\"true\"><line x1=\"5\" y1=\"12\" x2=\"19\" y2=\"12\"\/><polyline points=\"12 5 19 12 12 19\"\/><\/svg><\/span><\/div><\/div><\/div><\/div><div class=\"kt-infobox-textcontent\"><h2 class=\"kt-blocks-info-box-title\"><\/h2><p class=\"kt-blocks-info-box-text\">3\ufe0f\u20e3 Submit your order and proceed to checkout.<br>\u2705 After completing your purchase, you will receive two emails:<br>Order confirmation<br>A follow-up email with your login details and detailed instructions.<br>Diagzone \u2013 Power Your Diagnostics.<br><br>Diagzone Team<\/p><\/div><\/div><\/div>\n<\/div><\/div>\n\n<\/div><\/div>\n\n\n<p><\/p>","protected":false},"excerpt":{"rendered":"<p>Official DiagZone Subscription \u2013 Activate all brands and updates Instructions for purchasing a subscription:<\/p>","protected":false},"author":3,"featured_media":0,"parent":0,"menu_order":0,"comment_status":"closed","ping_status":"closed","template":"","meta":{"_acf_changed":false,"_seopress_robots_primary_cat":"","_seopress_titles_title":"DiagZone \u2013 Buy Subscription Online | Official Access","_seopress_titles_desc":"Buy your official DiagZone subscription online. Activate all brands, full diagnostic functions and updates. Easy purchase, instant delivery.","_seopress_robots_index":"","inline_featured_image":false,"_kad_blocks_custom_css":"","_kad_blocks_head_custom_js":"","_kad_blocks_body_custom_js":"","_kad_blocks_footer_custom_js":"","_themeisle_gutenberg_block_has_review":false,"_kadence_starter_templates_imported_post":false,"_kad_post_transparent":"","_kad_post_title":"","_kad_post_layout":"","_kad_post_sidebar_id":"","_kad_post_content_style":"","_kad_post_vertical_padding":"","_kad_post_feature":"","_kad_post_feature_position":"","_kad_post_header":false,"_kad_post_footer":false,"iawp_total_views":8683,"footnotes":""},"class_list":["post-2800","page","type-page","status-publish","hentry"],"acf":[],"taxonomy_info":[],"featured_image_src_large":false,"author_info":{"display_name":"xdiag12","author_link":"https:\/\/diagzone.org\/sk\/author\/xdiag12\/"},"comment_info":0,"_links":{"self":[{"href":"https:\/\/diagzone.org\/sk\/wp-json\/wp\/v2\/pages\/2800","targetHints":{"allow":["GET"]}}],"collection":[{"href":"https:\/\/diagzone.org\/sk\/wp-json\/wp\/v2\/pages"}],"about":[{"href":"https:\/\/diagzone.org\/sk\/wp-json\/wp\/v2\/types\/page"}],"author":[{"embeddable":true,"href":"https:\/\/diagzone.org\/sk\/wp-json\/wp\/v2\/users\/3"}],"replies":[{"embeddable":true,"href":"https:\/\/diagzone.org\/sk\/wp-json\/wp\/v2\/comments?post=2800"}],"version-history":[{"count":14,"href":"https:\/\/diagzone.org\/sk\/wp-json\/wp\/v2\/pages\/2800\/revisions"}],"predecessor-version":[{"id":5012,"href":"https:\/\/diagzone.org\/sk\/wp-json\/wp\/v2\/pages\/2800\/revisions\/5012"}],"wp:attachment":[{"href":"https:\/\/diagzone.org\/sk\/wp-json\/wp\/v2\/media?parent=2800"}],"curies":[{"name":"wp","href":"https:\/\/api.w.org\/{rel}","templated":true}]}}