
{"id":3,"date":"2024-01-12T18:22:47","date_gmt":"2024-01-12T18:22:47","guid":{"rendered":"https:\/\/diagzone.org\/?page_id=3"},"modified":"2025-10-09T10:41:04","modified_gmt":"2025-10-09T08:41:04","slug":"privacy-policy","status":"publish","type":"page","link":"https:\/\/diagzone.org\/sk\/privacy-policy\/","title":{"rendered":"Z\u00e1sady ochrany osobn\u00fdch \u00fadajov"},"content":{"rendered":"<style>.kb-row-layout-id3_ae0cfc-9b > .kt-row-column-wrap{align-content:start;}:where(.kb-row-layout-id3_ae0cfc-9b > .kt-row-column-wrap) > .wp-block-kadence-column{justify-content:start;}.kb-row-layout-id3_ae0cfc-9b > .kt-row-column-wrap{column-gap:var(--global-kb-gap-md, 2rem);row-gap:var(--global-kb-gap-md, 2rem);max-width:var( --global-content-width, 1444px );padding-left:var(--global-content-edge-padding);padding-right:var(--global-content-edge-padding);padding-top:var(--global-kb-spacing-4xl, 8rem);padding-bottom:var(--global-kb-spacing-4xl, 8rem);grid-template-columns:minmax(0, 1fr);}.kb-row-layout-id3_ae0cfc-9b > .kt-row-layout-overlay{opacity:0.30;}@media all and (max-width: 1024px){.kb-row-layout-id3_ae0cfc-9b > .kt-row-column-wrap{grid-template-columns:minmax(0, 1fr);}}@media all and (max-width: 767px){.kb-row-layout-id3_ae0cfc-9b > .kt-row-column-wrap{grid-template-columns:minmax(0, 1fr);}}<\/style><div class=\"kb-row-layout-wrap kb-row-layout-id3_ae0cfc-9b alignnone wp-block-kadence-rowlayout\"><div class=\"kt-row-column-wrap kt-has-1-columns kt-row-layout-equal kt-tab-layout-inherit kt-mobile-layout-row kt-row-valign-top kb-theme-content-width\">\n<style>.kadence-column3_8e4e10-0d > .kt-inside-inner-col,.kadence-column3_8e4e10-0d > .kt-inside-inner-col:before{border-top-left-radius:0px;border-top-right-radius:0px;border-bottom-right-radius:0px;border-bottom-left-radius:0px;}.kadence-column3_8e4e10-0d > .kt-inside-inner-col{column-gap:var(--global-kb-gap-sm, 1rem);}.kadence-column3_8e4e10-0d > .kt-inside-inner-col{flex-direction:column;}.kadence-column3_8e4e10-0d > .kt-inside-inner-col > .aligncenter{width:100%;}.kadence-column3_8e4e10-0d > .kt-inside-inner-col:before{opacity:0.3;}.kadence-column3_8e4e10-0d{position:relative;}@media all and (max-width: 1024px){.kadence-column3_8e4e10-0d > .kt-inside-inner-col{flex-direction:column;justify-content:center;}}@media all and (max-width: 767px){.kadence-column3_8e4e10-0d > .kt-inside-inner-col{flex-direction:column;justify-content:center;}}<\/style>\n<div class=\"wp-block-kadence-column kadence-column3_8e4e10-0d\"><div class=\"kt-inside-inner-col\">\n<p><br>Z\u00e1sady ochrany osobn\u00fdch \u00fadajov<\/p>\n\n\n\n<p>Naposledy aktualizovan\u00e9: 15.06.2025<\/p>\n\n\n\n<p class=\" translation-block\">\u010eakujeme, \u017ee ste sa rozhodli nakupova\u0165 na DiagZone. Tieto Z\u00e1sady ochrany osobn\u00fdch \u00fadajov vysvet\u013euj\u00fa, ako zhroma\u017e\u010fujeme, pou\u017e\u00edvame, spr\u00edstup\u0148ujeme a chr\u00e1nime va\u0161e osobn\u00e9 \u00fadaje. Pr\u00edstupom na na\u0161u webov\u00fa str\u00e1nku <a href=\"https:\/\/diagzone.org\/\" target=\"_self\">https:\/\/diagzone.org\n<\/a> alebo jej pou\u017e\u00edvan\u00edm a vyu\u017e\u00edvan\u00edm s\u00favisiacich slu\u017eieb (spolo\u010dne len \u201eSlu\u017eby\u201c) s\u00fahlas\u00edte s podmienkami t\u00fdchto Z\u00e1sad ochrany osobn\u00fdch \u00fadajov.<\/p>\n\n\n\n<p class=\" translation-block\"><strong>Osobn\u00e9 \u00fadaje:<\/strong><br>\nM\u00f4\u017eeme zhroma\u017e\u010fova\u0165 osobn\u00e9 \u00fadaje, ako s\u00fa va\u0161e meno, adresa, e-mailov\u00e1 adresa a telef\u00f3nne \u010d\u00edslo, ke\u010f uskuto\u010dn\u00edte n\u00e1kup alebo si vytvor\u00edte \u00fa\u010det.<br>\n<strong>Platobn\u00e9 \u00fadaje:<\/strong><br>\nNa spracovanie objedn\u00e1vok zhroma\u017e\u010fujeme platobn\u00e9 \u00fadaje vr\u00e1tane \u00fadajov o platobnej karte alebo in\u00fdch platobn\u00fdch met\u00f3d.<br>\nPlatby s\u00fa bezpe\u010dne spracov\u00e1van\u00e9 prostredn\u00edctvom n\u00e1\u0161ho extern\u00e9ho poskytovate\u013ea <strong>Stripe<\/strong> a neuchov\u00e1vame \u00fapln\u00e9 platobn\u00e9 \u00fadaje.<br>\nViac inform\u00e1ci\u00ed n\u00e1jdete v <a href=\"https:\/\/stripe.com\/privacy\" target=\"_self\">Z\u00e1sad\u00e1ch ochrany osobn\u00fdch \u00fadajov spolo\u010dnosti Stripe<\/a>.<br>\n<strong>Inform\u00e1cie o zariaden\u00ed:<\/strong><br>\nM\u00f4\u017eeme zhroma\u017e\u010fova\u0165 inform\u00e1cie o zariaden\u00ed, ktor\u00e9 pou\u017e\u00edvate na pr\u00edstup na na\u0161u webov\u00fa str\u00e1nku, vr\u00e1tane IP adresy, typu prehliada\u010da a identifik\u00e1torov zariadenia.<br>\n<strong>Inform\u00e1cie o pou\u017e\u00edvan\u00ed:<\/strong><br>\nZhroma\u017e\u010fujeme inform\u00e1cie o va\u0161ich interakci\u00e1ch s na\u0161ou webovou str\u00e1nkou, ako s\u00fa nav\u0161t\u00edven\u00e9 str\u00e1nky, zobrazen\u00e9 produkty a va\u0161e prehliadacie n\u00e1vyky.<br><br>\n\n<strong>Ako pou\u017e\u00edvame va\u0161e \u00fadaje:<\/strong><br>\na. Na vybavenie a spr\u00e1vu va\u0161ich objedn\u00e1vok.<br>\nb. Na komunik\u00e1ciu s vami o objedn\u00e1vkach a poskytovanie z\u00e1kazn\u00edckej podpory.<br>\nc. Na prisp\u00f4sobenie v\u00e1\u0161ho n\u00e1kupn\u00e9ho z\u00e1\u017eitku a zlep\u0161enie na\u0161ej webovej str\u00e1nky.<br>\nd. Na zasielanie propaga\u010dn\u00fdch pon\u00fak, newsletterov a aktualiz\u00e1ci\u00ed (ak ste udelili s\u00fahlas).<br><br>\n\n<strong>Zdie\u013eanie inform\u00e1ci\u00ed:<\/strong><br>\na. Va\u0161e osobn\u00e9 \u00fadaje nepred\u00e1vame, nevymie\u0148ame ani neprenaj\u00edmame tret\u00edm stran\u00e1m.<br>\nb. Va\u0161e \u00fadaje m\u00f4\u017eeme zdie\u013ea\u0165 s d\u00f4veryhodn\u00fdmi poskytovate\u013emi tret\u00edch str\u00e1n, ktor\u00ed n\u00e1m pom\u00e1haj\u00fa s prev\u00e1dzkou webovej str\u00e1nky a podnikan\u00edm.<br><br>\n\n<strong>Bezpe\u010dnos\u0165 \u00fadajov:<\/strong><br>\na. Uplat\u0148ujeme \u0161tandardn\u00e9 bezpe\u010dnostn\u00e9 opatrenia na ochranu va\u0161ich osobn\u00fdch \u00fadajov.<br>\nb. \u017diadny sp\u00f4sob prenosu \u00fadajov cez internet alebo elektronick\u00e9ho ukladania v\u0161ak nie je \u00faplne bezpe\u010dn\u00fd. Preto nem\u00f4\u017eeme zaru\u010di\u0165 absol\u00fatnu bezpe\u010dnos\u0165.<br><br>\n\n<strong>Va\u0161e pr\u00e1va (GDPR):<\/strong><br>\nAk sa nach\u00e1dzate v Eur\u00f3pskom hospod\u00e1rskom priestore (EHP), m\u00e1te pr\u00e1vo na pr\u00edstup, opravu, vymazanie alebo obmedzenie spracovania va\u0161ich osobn\u00fdch \u00fadajov, ako aj pr\u00e1vo na prenosnos\u0165 \u00fadajov.<br>\nNa uplatnenie t\u00fdchto pr\u00e1v n\u00e1s kontaktujte na <strong><a target=\"_self\">support@diagzone.org\n<\/a><\/strong>.<br><br>\n\n<strong>Va\u0161e mo\u017enosti:<\/strong><br>\na. Odber propaga\u010dn\u00fdch spr\u00e1v m\u00f4\u017eete zru\u0161i\u0165 pod\u013ea pokynov na odhl\u00e1senie v e-mailoch alebo n\u00e1s kontaktova\u0165.<br>\nb. \u00dadaje svojho \u00fa\u010dtu m\u00f4\u017eete aktualizova\u0165 alebo opravi\u0165 prihl\u00e1sen\u00edm sa do \u00fa\u010dtu alebo kontaktovan\u00edm n\u00e1s.<br><br>\n\n<strong>Kontaktujte n\u00e1s:<\/strong><br>\nAk m\u00e1te ot\u00e1zky alebo obavy t\u00fdkaj\u00face sa t\u00fdchto Z\u00e1sad ochrany osobn\u00fdch \u00fadajov, kontaktujte n\u00e1s na <strong><a target=\"_self\">support@diagzone.org\n<\/a><\/strong>.<br><br>\n\n<strong>Zmeny z\u00e1sad ochrany osobn\u00fdch \u00fadajov:<\/strong><br>\nVyhradzujeme si pr\u00e1vo kedyko\u013evek aktualizova\u0165 tieto Z\u00e1sady ochrany osobn\u00fdch \u00fadajov. Zmeny nadob\u00fadaj\u00fa \u00fa\u010dinnos\u0165 okam\u017eite po zverejnen\u00ed na na\u0161ej webovej str\u00e1nke.<\/p>\n\n\n\n<h3 class=\"wp-block-heading\"><strong>Prev\u00e1dzkovate\u013e \/ Spr\u00e1vca \u00fadajov:<\/strong><\/h3>\n\n\n\n<p class=\" translation-block\">CodeShift<br>\nE-mail: <a target=\"_self\">support@diagzone.org\n<\/a><\/p>\n\n\n\n<p><\/p>\n\n\n\n<ol class=\"wp-block-list\"><\/ol>\n\n\n\n<p>Pokra\u010dovan\u00edm v pou\u017e\u00edvan\u00ed na\u0161ej webovej str\u00e1nky potvrdzujete a s\u00fahlas\u00edte s podmienkami t\u00fdchto Z\u00e1sad ochrany osobn\u00fdch \u00fadajov.<\/p>\n<\/div><\/div>\n\n<\/div><\/div>\n\n<style>.kb-row-layout-id522_1b74f9-56 > .kt-row-column-wrap{align-content:start;}:where(.kb-row-layout-id522_1b74f9-56 > .kt-row-column-wrap) > .wp-block-kadence-column{justify-content:start;}.kb-row-layout-id522_1b74f9-56 > .kt-row-column-wrap{column-gap:var(--global-kb-gap-md, 2rem);row-gap:var(--global-kb-gap-md, 2rem);padding-bottom:var(--global-kb-spacing-md, 2rem);grid-template-columns:minmax(0, 1fr);}.kb-row-layout-id522_1b74f9-56{background-image:linear-gradient(180deg,var(--global-palette1) 30%,rgb(20,39,109) 100%);}.kb-row-layout-id522_1b74f9-56 > .kt-row-layout-overlay{opacity:0.09;}@media all and (max-width: 1024px){.kb-row-layout-id522_1b74f9-56 > .kt-row-column-wrap{grid-template-columns:minmax(0, 1fr);}}@media all and (max-width: 767px){.kb-row-layout-id522_1b74f9-56 > .kt-row-column-wrap{grid-template-columns:minmax(0, 1fr);}}<\/style><div class=\"kb-row-layout-wrap kb-row-layout-id522_1b74f9-56 alignfull has-theme-palette1-background-color kt-row-has-bg wp-block-kadence-rowlayout\"><div class=\"kt-row-column-wrap kt-has-1-columns kt-row-layout-equal kt-tab-layout-inherit kt-mobile-layout-row kt-row-valign-top\">\n<style>.kadence-column522_d2c269-2f > .kt-inside-inner-col,.kadence-column522_d2c269-2f > .kt-inside-inner-col:before{border-top-left-radius:0px;border-top-right-radius:0px;border-bottom-right-radius:0px;border-bottom-left-radius:0px;}.kadence-column522_d2c269-2f > .kt-inside-inner-col{column-gap:var(--global-kb-gap-sm, 1rem);}.kadence-column522_d2c269-2f > .kt-inside-inner-col{flex-direction:column;}.kadence-column522_d2c269-2f > .kt-inside-inner-col > .aligncenter{width:100%;}.kadence-column522_d2c269-2f > .kt-inside-inner-col:before{opacity:0.3;}.kadence-column522_d2c269-2f{position:relative;}@media all and (max-width: 1024px){.kadence-column522_d2c269-2f > .kt-inside-inner-col{flex-direction:column;justify-content:center;}}@media all and (max-width: 767px){.kadence-column522_d2c269-2f > .kt-inside-inner-col{flex-direction:column;justify-content:center;}}<\/style>\n<div class=\"wp-block-kadence-column kadence-column522_d2c269-2f\"><div class=\"kt-inside-inner-col\"><style>.kb-row-layout-id522_001f9d-01 > .kt-row-column-wrap{align-content:start;}:where(.kb-row-layout-id522_001f9d-01 > .kt-row-column-wrap) > .wp-block-kadence-column{justify-content:start;}.kb-row-layout-id522_001f9d-01 > .kt-row-column-wrap{column-gap:var(--global-kb-gap-md, 2rem);row-gap:var(--global-kb-gap-md, 2rem);padding-top:var(--global-kb-spacing-sm, 1.5rem);padding-bottom:var(--global-kb-spacing-sm, 1.5rem);grid-template-columns:minmax(0, 1fr);}.kb-row-layout-id522_001f9d-01 > .kt-row-layout-overlay{opacity:0.30;}@media all and (max-width: 1024px){.kb-row-layout-id522_001f9d-01 > .kt-row-column-wrap{grid-template-columns:minmax(0, 1fr);}}@media all and (max-width: 767px){.kb-row-layout-id522_001f9d-01 > .kt-row-column-wrap{grid-template-columns:minmax(0, 1fr);}}<\/style><div class=\"kb-row-layout-wrap kb-row-layout-id522_001f9d-01 alignnone wp-block-kadence-rowlayout\"><div class=\"kt-row-column-wrap kt-has-1-columns kt-row-layout-equal kt-tab-layout-inherit kt-mobile-layout-row kt-row-valign-top\">\n<style>.kadence-column522_52d44e-a8 > .kt-inside-inner-col,.kadence-column522_52d44e-a8 > .kt-inside-inner-col:before{border-top-left-radius:0px;border-top-right-radius:0px;border-bottom-right-radius:0px;border-bottom-left-radius:0px;}.kadence-column522_52d44e-a8 > .kt-inside-inner-col{column-gap:var(--global-kb-gap-sm, 1rem);}.kadence-column522_52d44e-a8 > .kt-inside-inner-col{flex-direction:column;}.kadence-column522_52d44e-a8 > .kt-inside-inner-col > .aligncenter{width:100%;}.kadence-column522_52d44e-a8 > .kt-inside-inner-col:before{opacity:0.3;}.kadence-column522_52d44e-a8{position:relative;}@media all and (max-width: 1024px){.kadence-column522_52d44e-a8 > .kt-inside-inner-col{flex-direction:column;justify-content:center;}}@media all and (max-width: 767px){.kadence-column522_52d44e-a8 > .kt-inside-inner-col{flex-direction:column;justify-content:center;}}<\/style>\n<div class=\"wp-block-kadence-column kadence-column522_52d44e-a8\"><div class=\"kt-inside-inner-col\"><style>.wp-block-kadence-advancedheading.kt-adv-heading522_694c7d-3d, .wp-block-kadence-advancedheading.kt-adv-heading522_694c7d-3d[data-kb-block=\"kb-adv-heading522_694c7d-3d\"]{text-align:center;font-size:var(--global-kb-font-size-xxl, 4rem);font-style:normal;}.wp-block-kadence-advancedheading.kt-adv-heading522_694c7d-3d mark.kt-highlight, .wp-block-kadence-advancedheading.kt-adv-heading522_694c7d-3d[data-kb-block=\"kb-adv-heading522_694c7d-3d\"] mark.kt-highlight{font-style:normal;color:#f76a0c;-webkit-box-decoration-break:clone;box-decoration-break:clone;padding-top:0px;padding-right:0px;padding-bottom:0px;padding-left:0px;}<\/style>\n<h2 class=\"kt-adv-heading522_694c7d-3d wp-block-kadence-advancedheading has-theme-palette-9-color has-text-color\" data-kb-block=\"kb-adv-heading522_694c7d-3d\">Nakupujte s DiagZone a diagnostikujte svoje vozidlo pomocou n\u00e1\u0161ho pr\u00e9miov\u00e9ho softv\u00e9ru. <\/h2>\n\n\n<style>.wp-block-kadence-advancedbtn.kb-btns522_0da8e3-fa{gap:var(--global-kb-gap-sm, 1rem);justify-content:center;align-items:center;}.kt-btns522_0da8e3-fa .kt-button{font-weight:normal;font-style:normal;}.kt-btns522_0da8e3-fa .kt-btn-wrap-0{margin-right:5px;}.wp-block-kadence-advancedbtn.kt-btns522_0da8e3-fa .kt-btn-wrap-0 .kt-button{color:#555555;border-color:#555555;}.wp-block-kadence-advancedbtn.kt-btns522_0da8e3-fa .kt-btn-wrap-0 .kt-button:hover, .wp-block-kadence-advancedbtn.kt-btns522_0da8e3-fa .kt-btn-wrap-0 .kt-button:focus{color:#ffffff;border-color:#444444;}.wp-block-kadence-advancedbtn.kt-btns522_0da8e3-fa .kt-btn-wrap-0 .kt-button::before{display:none;}.wp-block-kadence-advancedbtn.kt-btns522_0da8e3-fa .kt-btn-wrap-0 .kt-button:hover, .wp-block-kadence-advancedbtn.kt-btns522_0da8e3-fa .kt-btn-wrap-0 .kt-button:focus{background:#444444;}<\/style>\n<div class=\"wp-block-kadence-advancedbtn kb-buttons-wrap kb-btns522_0da8e3-fa\"><style>ul.menu .wp-block-kadence-advancedbtn .kb-btn522_64975e-51.kb-button{width:initial;}.wp-block-kadence-advancedbtn .kb-btn522_64975e-51.kb-button{background:var(--global-palette3, #1A202C);}.wp-block-kadence-advancedbtn .kb-btn522_64975e-51.kb-button:hover, .wp-block-kadence-advancedbtn .kb-btn522_64975e-51.kb-button:focus{background:var(--global-palette6, #718096);}<\/style><a class=\"kb-button kt-button button kb-btn522_64975e-51 kt-btn-size-large kt-btn-width-type-auto kb-btn-global-fill kt-btn-has-text-true kt-btn-has-svg-false  wp-block-kadence-singlebtn\" href=\"https:\/\/diagzone.org\/#diagzone-sn-check-container\"><span class=\"kt-btn-inner-text\">Skontrolujte kompatibiln\u00e9 konektory<\/span><\/a>\n\n<style>ul.menu .wp-block-kadence-advancedbtn .kb-btn522_718b54-cd.kb-button{width:initial;}.wp-block-kadence-advancedbtn .kb-btn522_718b54-cd.kb-button{background:var(--global-palette3, #1A202C);}.wp-block-kadence-advancedbtn .kb-btn522_718b54-cd.kb-button:hover, .wp-block-kadence-advancedbtn .kb-btn522_718b54-cd.kb-button:focus{background:var(--global-palette2, #2B6CB0);}<\/style><a class=\"kb-button kt-button button kb-btn522_718b54-cd kt-btn-size-large kt-btn-width-type-auto kb-btn-global-fill kt-btn-has-text-true kt-btn-has-svg-false  wp-block-kadence-singlebtn\" href=\"https:\/\/diagzone.org\/downloads\/\" target=\"_blank\" rel=\"noreferrer noopener\"><span class=\"kt-btn-inner-text\">Stiahnu\u0165 APK<\/span><\/a><\/div>\n<\/div><\/div>\n\n<\/div><\/div><\/div><\/div>\n\n<\/div><\/div>","protected":false},"excerpt":{"rendered":"<p>Privacy Policy Last updated: 15.06.2025 Thank you for choosing to shop at DiagZone. This Privacy Policy outlines how we collect, use, disclose, and safeguard your personal information. By accessing or using our website, https:\/\/diagzone.org, and any related services (collectively, the &#8220;Services&#8221;), you agree to the terms and conditions of this Privacy Policy. Personal Information:We may&#8230;<\/p>","protected":false},"author":1,"featured_media":0,"parent":0,"menu_order":0,"comment_status":"closed","ping_status":"open","template":"","meta":{"_acf_changed":false,"_seopress_robots_primary_cat":"","_seopress_titles_title":"","_seopress_titles_desc":"","_seopress_robots_index":"","inline_featured_image":false,"_kad_blocks_custom_css":"","_kad_blocks_head_custom_js":"","_kad_blocks_body_custom_js":"","_kad_blocks_footer_custom_js":"","_themeisle_gutenberg_block_has_review":false,"_kad_post_transparent":"","_kad_post_title":"","_kad_post_layout":"","_kad_post_sidebar_id":"","_kad_post_content_style":"","_kad_post_vertical_padding":"","_kad_post_feature":"","_kad_post_feature_position":"","_kad_post_header":false,"_kad_post_footer":false,"iawp_total_views":267,"footnotes":""},"class_list":["post-3","page","type-page","status-publish","hentry"],"acf":[],"taxonomy_info":[],"featured_image_src_large":false,"author_info":{"display_name":"diagzone","author_link":"https:\/\/diagzone.org\/sk\/author\/xpro5\/"},"comment_info":0,"_links":{"self":[{"href":"https:\/\/diagzone.org\/sk\/wp-json\/wp\/v2\/pages\/3","targetHints":{"allow":["GET"]}}],"collection":[{"href":"https:\/\/diagzone.org\/sk\/wp-json\/wp\/v2\/pages"}],"about":[{"href":"https:\/\/diagzone.org\/sk\/wp-json\/wp\/v2\/types\/page"}],"author":[{"embeddable":true,"href":"https:\/\/diagzone.org\/sk\/wp-json\/wp\/v2\/users\/1"}],"replies":[{"embeddable":true,"href":"https:\/\/diagzone.org\/sk\/wp-json\/wp\/v2\/comments?post=3"}],"version-history":[{"count":4,"href":"https:\/\/diagzone.org\/sk\/wp-json\/wp\/v2\/pages\/3\/revisions"}],"predecessor-version":[{"id":3564,"href":"https:\/\/diagzone.org\/sk\/wp-json\/wp\/v2\/pages\/3\/revisions\/3564"}],"wp:attachment":[{"href":"https:\/\/diagzone.org\/sk\/wp-json\/wp\/v2\/media?parent=3"}],"curies":[{"name":"wp","href":"https:\/\/api.w.org\/{rel}","templated":true}]}}