
{"id":454,"date":"2024-01-18T15:40:09","date_gmt":"2024-01-18T14:40:09","guid":{"rendered":"https:\/\/diagzone.org\/?page_id=454"},"modified":"2025-10-09T10:46:11","modified_gmt":"2025-10-09T08:46:11","slug":"terms-and-conditions","status":"publish","type":"page","link":"https:\/\/diagzone.org\/sk\/terms-and-conditions\/","title":{"rendered":"V\u0161eobecn\u00e9 obchodn\u00e9 podmienky"},"content":{"rendered":"<style>.kb-row-layout-id454_a26300-05 > .kt-row-column-wrap{align-content:start;}:where(.kb-row-layout-id454_a26300-05 > .kt-row-column-wrap) > .wp-block-kadence-column{justify-content:start;}.kb-row-layout-id454_a26300-05 > .kt-row-column-wrap{column-gap:var(--global-kb-gap-md, 2rem);row-gap:var(--global-kb-gap-md, 2rem);max-width:var( --global-content-width, 1444px );padding-left:var(--global-content-edge-padding);padding-right:var(--global-content-edge-padding);padding-top:var(--global-kb-spacing-4xl, 8rem);padding-bottom:var(--global-kb-spacing-4xl, 8rem);grid-template-columns:minmax(0, 1fr);}.kb-row-layout-id454_a26300-05 > .kt-row-layout-overlay{opacity:0.30;}@media all and (max-width: 1024px){.kb-row-layout-id454_a26300-05 > .kt-row-column-wrap{grid-template-columns:minmax(0, 1fr);}}@media all and (max-width: 767px){.kb-row-layout-id454_a26300-05 > .kt-row-column-wrap{grid-template-columns:minmax(0, 1fr);}}<\/style><div class=\"kb-row-layout-wrap kb-row-layout-id454_a26300-05 alignnone wp-block-kadence-rowlayout\"><div class=\"kt-row-column-wrap kt-has-1-columns kt-row-layout-equal kt-tab-layout-inherit kt-mobile-layout-row kt-row-valign-top kb-theme-content-width\">\n<style>.kadence-column454_34c797-f0 > .kt-inside-inner-col,.kadence-column454_34c797-f0 > .kt-inside-inner-col:before{border-top-left-radius:0px;border-top-right-radius:0px;border-bottom-right-radius:0px;border-bottom-left-radius:0px;}.kadence-column454_34c797-f0 > .kt-inside-inner-col{column-gap:var(--global-kb-gap-sm, 1rem);}.kadence-column454_34c797-f0 > .kt-inside-inner-col{flex-direction:column;}.kadence-column454_34c797-f0 > .kt-inside-inner-col > .aligncenter{width:100%;}.kadence-column454_34c797-f0 > .kt-inside-inner-col:before{opacity:0.3;}.kadence-column454_34c797-f0{position:relative;}@media all and (max-width: 1024px){.kadence-column454_34c797-f0 > .kt-inside-inner-col{flex-direction:column;justify-content:center;}}@media all and (max-width: 767px){.kadence-column454_34c797-f0 > .kt-inside-inner-col{flex-direction:column;justify-content:center;}}<\/style>\n<div class=\"wp-block-kadence-column kadence-column454_34c797-f0\"><div class=\"kt-inside-inner-col\">\n<p>V\u0161eobecn\u00e9 obchodn\u00e9 podmienky<\/p>\n\n\n\n<p>Naposledy aktualizovan\u00e9: 15.06.2025<\/p>\n\n\n\n<p class=\" translation-block\">Pred pou\u017e\u00edvan\u00edm str\u00e1nky <a href=\"https:\/\/diagzone.org\" target=\"_self\">https:\/\/diagzone.org\n<\/a> (\u010falej len \u201ewebov\u00e1 str\u00e1nka\u201c) a pred uzatvoren\u00edm ak\u00fdchko\u013evek transakci\u00ed so spolo\u010dnos\u0165ou <strong>CodeShift<\/strong>, prev\u00e1dzkovate\u013eom DiagZone, si pros\u00edm pozorne pre\u010d\u00edtajte tieto V\u0161eobecn\u00e9 obchodn\u00e9 podmienky.<\/p>\n\n\n\n<p>Pr\u00edstupom na na\u0161u webov\u00fa str\u00e1nku alebo jej pou\u017e\u00edvan\u00edm a n\u00e1kupom produktov od spolo\u010dnosti DiagZone s\u00fahlas\u00edte s dodr\u017eiavan\u00edm t\u00fdchto Obchodn\u00fdch podmienok a zav\u00e4zujete sa nimi riadi\u0165.<\/p>\n\n\n\n<hr class=\"wp-block-separator has-alpha-channel-opacity\"\/>\n\n\n\n<p class=\" translation-block\"><strong>V\u0161eobecn\u00e9 podmienky:<\/strong><br>\na. Odoslan\u00edm objedn\u00e1vky prostredn\u00edctvom na\u0161ej webovej str\u00e1nky potvrdzujete, \u017ee m\u00e1te aspo\u0148 18 rokov alebo m\u00e1te pr\u00e1vnu sp\u00f4sobilos\u0165 uzatv\u00e1ra\u0165 zmluvy.<br>\nb. S\u00fahlas\u00edte s poskytnut\u00edm presn\u00fdch a \u00fapln\u00fdch inform\u00e1ci\u00ed pri uskuto\u010dnen\u00ed n\u00e1kupu.<br>\nc. Spolo\u010dnos\u0165 DiagZone si vyhradzuje pr\u00e1vo odmietnu\u0165 slu\u017eby, zru\u0161i\u0165 \u00fa\u010dty a stornova\u0165 objedn\u00e1vky pod\u013ea vlastn\u00e9ho uv\u00e1\u017eenia.<\/p>\n\n\n\n<hr class=\"wp-block-separator has-alpha-channel-opacity\"\/>\n\n\n\n<p class=\" translation-block\"><strong>Inform\u00e1cie o produktoch:<\/strong><br>\na. Spolo\u010dnos\u0165 DiagZone vynaklad\u00e1 maxim\u00e1lne \u00fasilie na presn\u00e9 zobrazenie inform\u00e1ci\u00ed o produktoch. Nezaru\u010dujeme v\u0161ak, \u017ee popisy produktov alebo in\u00fd obsah na webovej str\u00e1nke s\u00fa presn\u00e9, \u00fapln\u00e9, spo\u013eahliv\u00e9, aktu\u00e1lne alebo bez ch\u00fdb.<br>\nb. Ceny sa m\u00f4\u017eu zmeni\u0165 bez predch\u00e1dzaj\u00faceho upozornenia.<\/p>\n\n\n\n<hr class=\"wp-block-separator has-alpha-channel-opacity\"\/>\n\n\n\n<p class=\" translation-block\"><strong>Prijatie a potvrdenie objedn\u00e1vky:<\/strong><br>\na. Po odoslan\u00ed objedn\u00e1vky obdr\u017e\u00edte potvrdzuj\u00faci e-mail. Toto potvrdenie nezaru\u010duje prijatie va\u0161ej objedn\u00e1vky. Spolo\u010dnos\u0165 DiagZone si vyhradzuje pr\u00e1vo obmedzi\u0165 mno\u017estv\u00e1 a odmietnu\u0165 alebo zru\u0161i\u0165 objedn\u00e1vky.<br>\nb. Prijatie va\u0161ej objedn\u00e1vky je potvrden\u00e9 a\u017e v momente, ke\u010f v\u00e1m produkt odo\u0161leme alebo elektronicky doru\u010d\u00edme a o doru\u010den\u00ed v\u00e1s informujeme.<\/p>\n\n\n\n<hr class=\"wp-block-separator has-alpha-channel-opacity\"\/>\n\n\n\n<p class=\" translation-block\"><strong>Platba:<\/strong><br>\na. V\u0161etky platby s\u00fa spracovan\u00e9 prostredn\u00edctvom zabezpe\u010den\u00fdch platobn\u00fdch br\u00e1n. <strong>Ako platobn\u00e9ho sprostredkovate\u013ea pou\u017e\u00edvame Stripe<\/strong> a spolo\u010dnos\u0165 CodeShift d.o.o. neuchov\u00e1va ani nem\u00e1 pr\u00edstup k \u00fadajom o va\u0161ej platobnej karte.<br>\nb. Dokon\u010den\u00edm n\u00e1kupu opr\u00e1v\u0148ujete spolo\u010dnos\u0165 Stripe bezpe\u010dne spracova\u0165 platbu v mene spolo\u010dnosti CodeShift d.o.o.<\/p>\n\n\n\n<hr class=\"wp-block-separator has-alpha-channel-opacity\"\/>\n\n\n\n<p class=\" translation-block\"><strong>Digit\u00e1lne doru\u010denie:<\/strong><br>\na. V\u0161etky softv\u00e9rov\u00e9 licencie, aktiv\u00e1cie a digit\u00e1lne k\u00f3dy s\u00fa doru\u010dovan\u00e9 elektronicky prostredn\u00edctvom e-mailu alebo vo va\u0161om \u00fa\u010dte.<br>\nb. Vzh\u013eadom na povahu digit\u00e1lneho tovaru <strong>nie je mo\u017en\u00e9 uplatni\u0165 vr\u00e1tenie pe\u0148az\u00ed po aktiv\u00e1cii alebo stiahnut\u00ed licencie<\/strong>.<\/p>\n\n\n\n<hr class=\"wp-block-separator has-alpha-channel-opacity\"\/>\n\n\n\n<p class=\" translation-block\"><strong>Du\u0161evn\u00e9 vlastn\u00edctvo:<\/strong><br>\na. Obsah tejto webovej str\u00e1nky vr\u00e1tane obr\u00e1zkov, textov, log a grafiky je vlastn\u00edctvom spolo\u010dnosti DiagZone \/ CodeShift a je chr\u00e1nen\u00fd z\u00e1konmi o du\u0161evnom vlastn\u00edctve.<\/p>\n\n\n\n<hr class=\"wp-block-separator has-alpha-channel-opacity\"\/>\n\n\n\n<p class=\" translation-block\"><strong>Obmedzenie zodpovednosti:<\/strong><br>\na. Spolo\u010dnosti CodeShift d.o.o. ani DiagZone v \u017eiadnom pr\u00edpade nenes\u00fa zodpovednos\u0165 za ak\u00e9ko\u013evek priame, nepriame, n\u00e1hodn\u00e9, osobitn\u00e9 alebo n\u00e1sledn\u00e9 \u0161kody vypl\u00fdvaj\u00face z pou\u017e\u00edvania na\u0161ej webovej str\u00e1nky alebo produktov, ani s nimi akoko\u013evek s\u00favisiace.<\/p>\n\n\n\n<hr class=\"wp-block-separator has-alpha-channel-opacity\"\/>\n\n\n\n<p class=\" translation-block\"><strong>Rozhodn\u00e9 pr\u00e1vo:<\/strong><br>\na. Tieto Obchodn\u00e9 podmienky sa riadia a vykladaj\u00fa v s\u00falade s pr\u00e1vnymi predpismi <strong>BIH<\/strong>.<\/p>\n\n\n\n<hr class=\"wp-block-separator has-alpha-channel-opacity\"\/>\n\n\n\n<p class=\" translation-block\"><strong>Kontaktujte n\u00e1s:<\/strong><br>\nAk m\u00e1te ak\u00e9ko\u013evek ot\u00e1zky alebo obavy t\u00fdkaj\u00face sa t\u00fdchto Obchodn\u00fdch podmienok, kontaktujte n\u00e1s na adrese <strong><a target=\"_self\">support@diagzone.org\n<\/a><\/strong>.<\/p>\n\n\n\n<hr class=\"wp-block-separator has-alpha-channel-opacity\"\/>\n\n\n\n<p>Spolo\u010dnos\u0165 DiagZone \/ CodeShift si vyhradzuje pr\u00e1vo kedyko\u013evek a bez predch\u00e1dzaj\u00faceho upozornenia aktualizova\u0165 alebo meni\u0165 tieto Obchodn\u00e9 podmienky. Pokra\u010dovan\u00edm v pou\u017e\u00edvan\u00ed na\u0161ej webovej str\u00e1nky s\u00fahlas\u00edte s t\u00fdm, \u017ee budete viazan\u00ed ich najnov\u0161ou verziou.<\/p>\n\n\n\n<ol class=\"wp-block-list\"><\/ol>\n\n\n\n<p>Spolo\u010dnos\u0165 DiagZone si vyhradzuje pr\u00e1vo kedyko\u013evek a bez predch\u00e1dzaj\u00faceho upozornenia aktualizova\u0165 alebo meni\u0165 tieto Obchodn\u00e9 podmienky. Pokra\u010dovan\u00edm v pou\u017e\u00edvan\u00ed na\u0161ej webovej str\u00e1nky s\u00fahlas\u00edte s t\u00fdm, \u017ee budete viazan\u00ed ich najnov\u0161ou verziou.<\/p>\n<\/div><\/div>\n\n<\/div><\/div>\n\n<style>.kb-row-layout-id522_1b74f9-56 > .kt-row-column-wrap{align-content:start;}:where(.kb-row-layout-id522_1b74f9-56 > .kt-row-column-wrap) > .wp-block-kadence-column{justify-content:start;}.kb-row-layout-id522_1b74f9-56 > .kt-row-column-wrap{column-gap:var(--global-kb-gap-md, 2rem);row-gap:var(--global-kb-gap-md, 2rem);padding-bottom:var(--global-kb-spacing-md, 2rem);grid-template-columns:minmax(0, 1fr);}.kb-row-layout-id522_1b74f9-56{background-image:linear-gradient(180deg,var(--global-palette1) 30%,rgb(20,39,109) 100%);}.kb-row-layout-id522_1b74f9-56 > .kt-row-layout-overlay{opacity:0.09;}@media all and (max-width: 1024px){.kb-row-layout-id522_1b74f9-56 > .kt-row-column-wrap{grid-template-columns:minmax(0, 1fr);}}@media all and (max-width: 767px){.kb-row-layout-id522_1b74f9-56 > .kt-row-column-wrap{grid-template-columns:minmax(0, 1fr);}}<\/style><div class=\"kb-row-layout-wrap kb-row-layout-id522_1b74f9-56 alignfull has-theme-palette1-background-color kt-row-has-bg wp-block-kadence-rowlayout\"><div class=\"kt-row-column-wrap kt-has-1-columns kt-row-layout-equal kt-tab-layout-inherit kt-mobile-layout-row kt-row-valign-top\">\n<style>.kadence-column522_d2c269-2f > .kt-inside-inner-col,.kadence-column522_d2c269-2f > .kt-inside-inner-col:before{border-top-left-radius:0px;border-top-right-radius:0px;border-bottom-right-radius:0px;border-bottom-left-radius:0px;}.kadence-column522_d2c269-2f > .kt-inside-inner-col{column-gap:var(--global-kb-gap-sm, 1rem);}.kadence-column522_d2c269-2f > .kt-inside-inner-col{flex-direction:column;}.kadence-column522_d2c269-2f > .kt-inside-inner-col > .aligncenter{width:100%;}.kadence-column522_d2c269-2f > .kt-inside-inner-col:before{opacity:0.3;}.kadence-column522_d2c269-2f{position:relative;}@media all and (max-width: 1024px){.kadence-column522_d2c269-2f > .kt-inside-inner-col{flex-direction:column;justify-content:center;}}@media all and (max-width: 767px){.kadence-column522_d2c269-2f > .kt-inside-inner-col{flex-direction:column;justify-content:center;}}<\/style>\n<div class=\"wp-block-kadence-column kadence-column522_d2c269-2f\"><div class=\"kt-inside-inner-col\"><style>.kb-row-layout-id522_001f9d-01 > .kt-row-column-wrap{align-content:start;}:where(.kb-row-layout-id522_001f9d-01 > .kt-row-column-wrap) > .wp-block-kadence-column{justify-content:start;}.kb-row-layout-id522_001f9d-01 > .kt-row-column-wrap{column-gap:var(--global-kb-gap-md, 2rem);row-gap:var(--global-kb-gap-md, 2rem);padding-top:var(--global-kb-spacing-sm, 1.5rem);padding-bottom:var(--global-kb-spacing-sm, 1.5rem);grid-template-columns:minmax(0, 1fr);}.kb-row-layout-id522_001f9d-01 > .kt-row-layout-overlay{opacity:0.30;}@media all and (max-width: 1024px){.kb-row-layout-id522_001f9d-01 > .kt-row-column-wrap{grid-template-columns:minmax(0, 1fr);}}@media all and (max-width: 767px){.kb-row-layout-id522_001f9d-01 > .kt-row-column-wrap{grid-template-columns:minmax(0, 1fr);}}<\/style><div class=\"kb-row-layout-wrap kb-row-layout-id522_001f9d-01 alignnone wp-block-kadence-rowlayout\"><div class=\"kt-row-column-wrap kt-has-1-columns kt-row-layout-equal kt-tab-layout-inherit kt-mobile-layout-row kt-row-valign-top\">\n<style>.kadence-column522_52d44e-a8 > .kt-inside-inner-col,.kadence-column522_52d44e-a8 > .kt-inside-inner-col:before{border-top-left-radius:0px;border-top-right-radius:0px;border-bottom-right-radius:0px;border-bottom-left-radius:0px;}.kadence-column522_52d44e-a8 > .kt-inside-inner-col{column-gap:var(--global-kb-gap-sm, 1rem);}.kadence-column522_52d44e-a8 > .kt-inside-inner-col{flex-direction:column;}.kadence-column522_52d44e-a8 > .kt-inside-inner-col > .aligncenter{width:100%;}.kadence-column522_52d44e-a8 > .kt-inside-inner-col:before{opacity:0.3;}.kadence-column522_52d44e-a8{position:relative;}@media all and (max-width: 1024px){.kadence-column522_52d44e-a8 > .kt-inside-inner-col{flex-direction:column;justify-content:center;}}@media all and (max-width: 767px){.kadence-column522_52d44e-a8 > .kt-inside-inner-col{flex-direction:column;justify-content:center;}}<\/style>\n<div class=\"wp-block-kadence-column kadence-column522_52d44e-a8\"><div class=\"kt-inside-inner-col\"><style>.wp-block-kadence-advancedheading.kt-adv-heading522_694c7d-3d, .wp-block-kadence-advancedheading.kt-adv-heading522_694c7d-3d[data-kb-block=\"kb-adv-heading522_694c7d-3d\"]{text-align:center;font-size:var(--global-kb-font-size-xxl, 4rem);font-style:normal;}.wp-block-kadence-advancedheading.kt-adv-heading522_694c7d-3d mark.kt-highlight, .wp-block-kadence-advancedheading.kt-adv-heading522_694c7d-3d[data-kb-block=\"kb-adv-heading522_694c7d-3d\"] mark.kt-highlight{font-style:normal;color:#f76a0c;-webkit-box-decoration-break:clone;box-decoration-break:clone;padding-top:0px;padding-right:0px;padding-bottom:0px;padding-left:0px;}<\/style>\n<h2 class=\"kt-adv-heading522_694c7d-3d wp-block-kadence-advancedheading has-theme-palette-9-color has-text-color\" data-kb-block=\"kb-adv-heading522_694c7d-3d\">Nakupujte s DiagZone a diagnostikujte svoje vozidlo pomocou n\u00e1\u0161ho pr\u00e9miov\u00e9ho softv\u00e9ru. <\/h2>\n\n\n<style>.wp-block-kadence-advancedbtn.kb-btns522_0da8e3-fa{gap:var(--global-kb-gap-sm, 1rem);justify-content:center;align-items:center;}.kt-btns522_0da8e3-fa .kt-button{font-weight:normal;font-style:normal;}.kt-btns522_0da8e3-fa .kt-btn-wrap-0{margin-right:5px;}.wp-block-kadence-advancedbtn.kt-btns522_0da8e3-fa .kt-btn-wrap-0 .kt-button{color:#555555;border-color:#555555;}.wp-block-kadence-advancedbtn.kt-btns522_0da8e3-fa .kt-btn-wrap-0 .kt-button:hover, .wp-block-kadence-advancedbtn.kt-btns522_0da8e3-fa .kt-btn-wrap-0 .kt-button:focus{color:#ffffff;border-color:#444444;}.wp-block-kadence-advancedbtn.kt-btns522_0da8e3-fa .kt-btn-wrap-0 .kt-button::before{display:none;}.wp-block-kadence-advancedbtn.kt-btns522_0da8e3-fa .kt-btn-wrap-0 .kt-button:hover, .wp-block-kadence-advancedbtn.kt-btns522_0da8e3-fa .kt-btn-wrap-0 .kt-button:focus{background:#444444;}<\/style>\n<div class=\"wp-block-kadence-advancedbtn kb-buttons-wrap kb-btns522_0da8e3-fa\"><style>ul.menu .wp-block-kadence-advancedbtn .kb-btn522_64975e-51.kb-button{width:initial;}.wp-block-kadence-advancedbtn .kb-btn522_64975e-51.kb-button{background:var(--global-palette3, #1A202C);}.wp-block-kadence-advancedbtn .kb-btn522_64975e-51.kb-button:hover, .wp-block-kadence-advancedbtn .kb-btn522_64975e-51.kb-button:focus{background:var(--global-palette6, #718096);}<\/style><a class=\"kb-button kt-button button kb-btn522_64975e-51 kt-btn-size-large kt-btn-width-type-auto kb-btn-global-fill kt-btn-has-text-true kt-btn-has-svg-false  wp-block-kadence-singlebtn\" href=\"https:\/\/diagzone.org\/#diagzone-sn-check-container\"><span class=\"kt-btn-inner-text\">Skontrolujte kompatibiln\u00e9 konektory<\/span><\/a>\n\n<style>ul.menu .wp-block-kadence-advancedbtn .kb-btn522_718b54-cd.kb-button{width:initial;}.wp-block-kadence-advancedbtn .kb-btn522_718b54-cd.kb-button{background:var(--global-palette3, #1A202C);}.wp-block-kadence-advancedbtn .kb-btn522_718b54-cd.kb-button:hover, .wp-block-kadence-advancedbtn .kb-btn522_718b54-cd.kb-button:focus{background:var(--global-palette2, #2B6CB0);}<\/style><a class=\"kb-button kt-button button kb-btn522_718b54-cd kt-btn-size-large kt-btn-width-type-auto kb-btn-global-fill kt-btn-has-text-true kt-btn-has-svg-false  wp-block-kadence-singlebtn\" href=\"https:\/\/diagzone.org\/downloads\/\" target=\"_blank\" rel=\"noreferrer noopener\"><span class=\"kt-btn-inner-text\">Stiahnu\u0165 APK<\/span><\/a><\/div>\n<\/div><\/div>\n\n<\/div><\/div><\/div><\/div>\n\n<\/div><\/div>","protected":false},"excerpt":{"rendered":"<p>Terms and Conditions Last updated: 15.06.2025 Please read these Terms and Conditions carefully before using https:\/\/diagzone.org (the \u201cwebsite\u201d) and engaging in any transactions with CodeShift, the operator of DiagZone. By accessing or using our website and purchasing products from DiagZone, you agree to comply with and be bound by these Terms and Conditions. General Conditions:a&#8230;.<\/p>","protected":false},"author":1,"featured_media":0,"parent":0,"menu_order":0,"comment_status":"closed","ping_status":"closed","template":"","meta":{"_acf_changed":false,"_seopress_robots_primary_cat":"","_seopress_titles_title":"","_seopress_titles_desc":"","_seopress_robots_index":"","inline_featured_image":false,"_kad_blocks_custom_css":"","_kad_blocks_head_custom_js":"","_kad_blocks_body_custom_js":"","_kad_blocks_footer_custom_js":"","_themeisle_gutenberg_block_has_review":false,"_kad_post_transparent":"","_kad_post_title":"","_kad_post_layout":"","_kad_post_sidebar_id":"","_kad_post_content_style":"","_kad_post_vertical_padding":"","_kad_post_feature":"","_kad_post_feature_position":"","_kad_post_header":false,"_kad_post_footer":false,"iawp_total_views":364,"footnotes":""},"class_list":["post-454","page","type-page","status-publish","hentry"],"acf":[],"taxonomy_info":[],"featured_image_src_large":false,"author_info":{"display_name":"diagzone","author_link":"https:\/\/diagzone.org\/sk\/author\/xpro5\/"},"comment_info":0,"_links":{"self":[{"href":"https:\/\/diagzone.org\/sk\/wp-json\/wp\/v2\/pages\/454","targetHints":{"allow":["GET"]}}],"collection":[{"href":"https:\/\/diagzone.org\/sk\/wp-json\/wp\/v2\/pages"}],"about":[{"href":"https:\/\/diagzone.org\/sk\/wp-json\/wp\/v2\/types\/page"}],"author":[{"embeddable":true,"href":"https:\/\/diagzone.org\/sk\/wp-json\/wp\/v2\/users\/1"}],"replies":[{"embeddable":true,"href":"https:\/\/diagzone.org\/sk\/wp-json\/wp\/v2\/comments?post=454"}],"version-history":[{"count":6,"href":"https:\/\/diagzone.org\/sk\/wp-json\/wp\/v2\/pages\/454\/revisions"}],"predecessor-version":[{"id":3566,"href":"https:\/\/diagzone.org\/sk\/wp-json\/wp\/v2\/pages\/454\/revisions\/3566"}],"wp:attachment":[{"href":"https:\/\/diagzone.org\/sk\/wp-json\/wp\/v2\/media?parent=454"}],"curies":[{"name":"wp","href":"https:\/\/api.w.org\/{rel}","templated":true}]}}