
{"id":2532,"date":"2025-08-30T10:20:29","date_gmt":"2025-08-30T08:20:29","guid":{"rendered":"https:\/\/diagzone.org\/?post_type=product&#038;p=2532"},"modified":"2025-09-26T13:27:20","modified_gmt":"2025-09-26T11:27:20","slug":"launch-giii-x-prog-3-advanced-immobilizer-key-programmer","status":"publish","type":"product","link":"https:\/\/diagzone.org\/sk\/produkt\/launch-giii-x-prog-3-advanced-immobilizer-key-programmer\/","title":{"rendered":"Launch X-PROG 3 \u2013 Pokro\u010dil\u00fd program\u00e1tor imobiliz\u00e9ra a k\u013e\u00fa\u010dov"},"content":{"rendered":"<p data-start=\"192\" data-end=\"504\" class=\" translation-block\">Zariadenie <strong data-start=\"196\" data-end=\"208\">X-PROG 3<\/strong> je pokro\u010dil\u00e9 zariadenie na programovanie imobiliz\u00e9ra a k\u013e\u00fa\u010dov, ktor\u00e9 bezprobl\u00e9movo spolupracuje s diagnostick\u00fdmi syst\u00e9mami podporuj\u00facimi <strong data-start=\"320\" data-end=\"332\">DiagZone<\/strong>. Poskytuje v\u00fdkonn\u00e9 funkcie pre <strong data-start=\"369\" data-end=\"446\">u\u010denie k\u013e\u00fa\u010dov, funkcie proti kr\u00e1de\u017ei, pr\u00e1cu s EEPROM\/MCU a klonovanie ECU\/TCU<\/strong>, \u010d\u00edm predstavuje all-in-one rie\u0161enie pre modern\u00e9 autoservisy.<\/p>\n<p data-start=\"506\" data-end=\"531\">S t\u00fdmto n\u00e1strojom m\u00f4\u017eete:<\/p>\n<p data-start=\"533\" data-end=\"1145\">\u2705 \ud83d\udd11 <strong data-start=\"538\" data-end=\"557\">Programovanie k\u013e\u00fa\u010dov<\/strong> \u2013 \u010c\u00edtanie, z\u00e1pis a p\u00e1rovanie \u010dipov\u00fdch k\u013e\u00fa\u010dov, smart k\u013e\u00fa\u010dov, dia\u013ekov\u00fdch k\u013e\u00fa\u010dov a infra\u010derven\u00fdch k\u013e\u00fa\u010dov (napr. Mercedes-Benz).<br data-start=\"657\" data-end=\"660\" \/>\u2705 \ud83d\udd10 <strong data-start=\"665\" data-end=\"689\">Protiodcudzovacie funkcie<\/strong> \u2013 Identifikuje typ imobiliz\u00e9ra, \u010d\u00edta PIN\/protiodcudzovacie k\u00f3dy, resetuje a vymie\u0148a moduly.<br data-start=\"770\" data-end=\"773\" \/>\u2705 \u2699\ufe0f <strong data-start=\"778\" data-end=\"800\">Oper\u00e1cie ECU\/TCU<\/strong> \u2013 Klonovanie alebo v\u00fdmena riadiacich jednotiek motora a prevodovky (vr\u00e1tane VW\/Audi MQB, BMW ISN at\u010f.) bez ich demont\u00e1\u017ee z vozidla.<br data-start=\"925\" data-end=\"928\" \/>\u2705 \ud83d\udcbe <strong data-start=\"933\" data-end=\"957\">Podpora EEPROM a MCU<\/strong> \u2013 Priame \u010d\u00edtanie\/z\u00e1pis \u010dipov EEPROM\/MCU pre pokro\u010dil\u00e9 oprav\u00e1rensk\u00e9 \u00falohy.<br data-start=\"1029\" data-end=\"1032\" \/>\u2705 \ud83d\ude97 <strong data-start=\"1037\" data-end=\"1059\">\u0160irok\u00e1 kompatibilita<\/strong> \u2013 Pokr\u00fdva hlavn\u00e9 zna\u010dky: VW, Audi, \u0160koda, Seat, BMW, Mercedes, Toyota a mnoho \u010fal\u0161\u00edch.<\/p>\n<p data-start=\"1147\" data-end=\"1170\">\ud83c\udf1f <strong data-start=\"1150\" data-end=\"1168\">K\u013e\u00fa\u010dov\u00e9 vlastnosti<\/strong><\/p>\n<p data-start=\"1172\" data-end=\"1600\">\ud83d\udee0\ufe0f <strong data-start=\"1176\" data-end=\"1197\">Zariadenie typu v\u0161etko v jednom<\/strong> \u2013 Imobiliz\u00e9r, program\u00e1tor k\u013e\u00fa\u010dov, n\u00e1stroj na klonovanie ECU\/TCU.<br data-start=\"1248\" data-end=\"1251\" \/>\ud83d\udd0c <strong data-start=\"1254\" data-end=\"1269\">Plug &amp; Play<\/strong> \u2013 Funguje priamo s diagnostick\u00fdmi zariadeniami podporuj\u00facimi DiagZone prostredn\u00edctvom pripojenia DBScar.<br data-start=\"1353\" data-end=\"1356\" \/>\ud83d\udcda <strong data-start=\"1359\" data-end=\"1380\">Pr\u00edstup na \u00farovni \u010dipu<\/strong> \u2013 Podporuje \u010d\u00edtanie\/z\u00e1pis EEPROM\/MCU pre profesion\u00e1lne opravy \u010dipov.<br data-start=\"1443\" data-end=\"1446\" \/>\ud83d\udd04 <strong data-start=\"1449\" data-end=\"1468\">Nede\u0161trukt\u00edvny<\/strong> \u2013 \u010c\u00edtanie\/z\u00e1pis d\u00e1t ECU\/TCU bez demont\u00e1\u017ee.<br data-start=\"1515\" data-end=\"1518\" \/>\ud83c\udf0d <strong data-start=\"1521\" data-end=\"1551\">Rozsiahle pokrytie vozidiel<\/strong> \u2013 Neust\u00e1le aktualiz\u00e1cie pre nov\u00e9 modely a syst\u00e9my.<\/p>\n<hr data-start=\"1602\" data-end=\"1605\" \/>\n<h3 data-start=\"1607\" data-end=\"1634\">\ud83d\udd27 Funkcia \ud83d\udccc Podrobnosti<\/h3>\n<div class=\"_tableContainer_1rjym_1\">\n<div class=\"group _tableWrapper_1rjym_13 flex w-fit flex-col-reverse\">\n<table class=\"w-fit min-w-(--thread-content-width)\" data-start=\"1636\" data-end=\"2512\">\n<thead data-start=\"1636\" data-end=\"1680\">\n<tr data-start=\"1636\" data-end=\"1680\">\n<th data-start=\"1636\" data-end=\"1663\" data-col-size=\"sm\"><strong data-start=\"1638\" data-end=\"1649\">Funkcia<\/strong><\/th>\n<th data-start=\"1663\" data-end=\"1680\" data-col-size=\"lg\"><strong data-start=\"1665\" data-end=\"1676\">Podrobnosti<\/strong><\/th>\n<\/tr>\n<\/thead>\n<tbody data-start=\"1727\" data-end=\"2512\">\n<tr data-start=\"1727\" data-end=\"1898\">\n<td data-start=\"1727\" data-end=\"1755\" data-col-size=\"sm\">Podporovan\u00e9 funkcie<\/td>\n<td data-start=\"1755\" data-end=\"1898\" data-col-size=\"lg\">Programovanie k\u013e\u00fa\u010dov, p\u00e1rovanie dia\u013ekov\u00fdch ovl\u00e1da\u010dov, programovanie infra\u010derven\u00fdch k\u013e\u00fa\u010dov, \u010d\u00edtanie PIN\/antikrimin\u00e1lnych k\u00f3dov, klonovanie ECU\/TCU, \u010d\u00edtanie a z\u00e1pis EEPROM\/MCU<\/td>\n<\/tr>\n<tr data-start=\"1899\" data-end=\"2045\">\n<td data-start=\"1899\" data-end=\"1927\" data-col-size=\"sm\">Podporovan\u00e9 \u010dipy<\/td>\n<td data-start=\"1927\" data-end=\"2045\" data-col-size=\"lg\">EEPROM, MCU, riadiace jednotky motora\/prevodovky (ECU), IMMO \u010dipy (CAS4+, FEM\/BDC, platforma MQB, Mercedes IR k\u013e\u00fa\u010de, BMW ISN at\u010f.)<\/td>\n<\/tr>\n<tr data-start=\"2046\" data-end=\"2105\">\n<td data-start=\"2046\" data-end=\"2074\" data-col-size=\"sm\">Protokoly<\/td>\n<td data-start=\"2074\" data-end=\"2105\" data-col-size=\"lg\">CAN, CAN FD, DOIP, K-Line<\/td>\n<\/tr>\n<tr data-start=\"2106\" data-end=\"2229\">\n<td data-start=\"2106\" data-end=\"2134\" data-col-size=\"sm\">Pripojenie<\/td>\n<td data-start=\"2134\" data-end=\"2229\" data-col-size=\"lg\" class=\" translation-block\">Funguje s diagnostick\u00fdmi syst\u00e9mami podporuj\u00facimi <strong data-start=\"2179\" data-end=\"2191\">DiagZone<\/strong> (cez pripojenie DBScar\/SmartLink).<\/td>\n<\/tr>\n<tr data-start=\"2230\" data-end=\"2342\">\n<td data-start=\"2230\" data-end=\"2258\" data-col-size=\"sm\">Pokrytie vozidiel<\/td>\n<td data-start=\"2258\" data-end=\"2342\" data-col-size=\"lg\">VW, Audi, \u0160koda, Seat, BMW, Mercedes-Benz, Toyota a mnoho \u010fal\u0161\u00edch svetov\u00fdch zna\u010diek<\/td>\n<\/tr>\n<tr data-start=\"2343\" data-end=\"2418\">\n<td data-start=\"2343\" data-end=\"2371\" data-col-size=\"sm\">Nap\u00e1janie<\/td>\n<td data-start=\"2371\" data-end=\"2418\" data-col-size=\"lg\">DC 12V (prostredn\u00edctvom pripojenia k diagnostick\u00e9mu zariadeniu)<\/td>\n<\/tr>\n<tr data-start=\"2419\" data-end=\"2470\">\n<td data-start=\"2419\" data-end=\"2447\" data-col-size=\"sm\">Rozmery<\/td>\n<td data-start=\"2447\" data-end=\"2470\" data-col-size=\"lg\">200 \u00d7 160 \u00d7 55 mm<\/td>\n<\/tr>\n<tr data-start=\"2471\" data-end=\"2512\">\n<td data-start=\"2471\" data-end=\"2499\" data-col-size=\"sm\">Hmotnos\u0165<\/td>\n<td data-start=\"2499\" data-end=\"2512\" data-col-size=\"lg\">~1.2 kg<\/td>\n<\/tr>\n<\/tbody>\n<\/table>\n<\/div>\n<\/div>","protected":false},"excerpt":{"rendered":"<p>Launch X-PROG 3 je univerz\u00e1lny n\u00e1stroj typu all-in-one na programovanie k\u013e\u00fa\u010dov a klonovanie ECU\/TCU, kompatibiln\u00fd s diagnostick\u00fdmi tabletmi X-431. Podporuje pokro\u010dil\u00e9 oper\u00e1cie na \u00farovni \u010dipov, funkcie proti kr\u00e1de\u017ei a v\u00fdmenu k\u013e\u00fa\u010dov bez demont\u00e1\u017ee ECU.<\/p>","protected":false},"featured_media":3316,"template":"","meta":{"_acf_changed":false,"_seopress_robots_primary_cat":"none","_seopress_titles_title":"Launch GIII X-PROG 3 \u2013 Advanced Immobilizer & Key Programmer","_seopress_titles_desc":"The Launch GIII X\u2011PROG\u202f3 is an all\u2011in\u2011one key\u2011programming and ECU\/TCU cloning tool compatible with X\u2011431 diagnostic tablets","_seopress_robots_index":"","inline_featured_image":false,"_kad_blocks_custom_css":"","_kad_blocks_head_custom_js":"","_kad_blocks_body_custom_js":"","_kad_blocks_footer_custom_js":"","_themeisle_gutenberg_block_has_review":false,"_kad_post_transparent":"default","_kad_post_title":"","_kad_post_layout":"default","_kad_post_sidebar_id":"","_kad_post_content_style":"default","_kad_post_vertical_padding":"default","_kad_post_feature":"","_kad_post_feature_position":"","_kad_post_header":false,"_kad_post_footer":false,"iawp_total_views":179},"product_cat":[19],"product_tag":[],"class_list":{"0":"post-2532","1":"product","2":"type-product","3":"status-publish","4":"has-post-thumbnail","6":"product_cat-obd-connectors","8":"first","9":"instock","10":"shipping-taxable","11":"purchasable","12":"product-type-simple","13":"entry","14":"content-bg","15":"loop-entry"},"acf":[],"taxonomy_info":{"product_cat":[{"value":19,"label":"Obd connectors"}]},"featured_image_src_large":["https:\/\/diagzone.org\/wp-content\/uploads\/2025\/08\/XPROG_3_1.jpg",600,600,false],"author_info":[],"comment_info":"","_links":{"self":[{"href":"https:\/\/diagzone.org\/sk\/wp-json\/wp\/v2\/product\/2532","targetHints":{"allow":["GET"]}}],"collection":[{"href":"https:\/\/diagzone.org\/sk\/wp-json\/wp\/v2\/product"}],"about":[{"href":"https:\/\/diagzone.org\/sk\/wp-json\/wp\/v2\/types\/product"}],"wp:featuredmedia":[{"embeddable":true,"href":"https:\/\/diagzone.org\/sk\/wp-json\/wp\/v2\/media\/3316"}],"wp:attachment":[{"href":"https:\/\/diagzone.org\/sk\/wp-json\/wp\/v2\/media?parent=2532"}],"wp:term":[{"taxonomy":"product_cat","embeddable":true,"href":"https:\/\/diagzone.org\/sk\/wp-json\/wp\/v2\/product_cat?post=2532"},{"taxonomy":"product_tag","embeddable":true,"href":"https:\/\/diagzone.org\/sk\/wp-json\/wp\/v2\/product_tag?post=2532"}],"curies":[{"name":"wp","href":"https:\/\/api.w.org\/{rel}","templated":true}]}}