
{"id":3324,"date":"2025-09-26T13:55:05","date_gmt":"2025-09-26T11:55:05","guid":{"rendered":"https:\/\/diagzone.org\/?post_type=product&#038;p=3324"},"modified":"2025-09-26T16:35:41","modified_gmt":"2025-09-26T14:35:41","slug":"kingbolen-ediag-plus-can-fd-bi-directional-obd2-scanner","status":"publish","type":"product","link":"https:\/\/diagzone.org\/sk\/produkt\/kingbolen-ediag-plus-can-fd-bi-directional-obd2-scanner\/","title":{"rendered":"Kingbolen Ediag Plus CAN-FD obojsmern\u00fd OBD2 skener"},"content":{"rendered":"<p data-start=\"646\" data-end=\"863\" class=\" translation-block\">\u010eakujeme za v\u00e1\u0161 z\u00e1ujem o <strong data-start=\"681\" data-end=\"701\">Kingbolen Ediag+<\/strong>.<br data-start=\"702\" data-end=\"705\">Tento diagnostick\u00fd konektor je <strong data-start=\"736\" data-end=\"764\">klonom zariadenia ThinkDiag 2<\/strong>, plne testovan\u00fd na <strong data-start=\"786\" data-end=\"807\">platforme DiagZone<\/strong> a zaru\u010duje stabiln\u00fd v\u00fdkon a kompatibilitu.<\/p>\n<h2 data-start=\"865\" data-end=\"889\">\ud83d\udd39 D\u00f4le\u017eit\u00e9 upozornenie<\/h2>\n<p data-start=\"890\" data-end=\"1027\" class=\" translation-block\"><strong data-start=\"894\" data-end=\"904\">Ediag+<\/strong> sa dod\u00e1va <strong data-start=\"918\" data-end=\"956\">bez <a href=\"https:\/\/diagzone.org\/diagzone-activation\/\" target=\"_self\">predin\u0161talovan\u00e9ho softv\u00e9ru<\/a><\/strong>.<br data-start=\"957\" data-end=\"960\">Na pou\u017e\u00edvanie tohto zariadenia je potrebn\u00fd <strong data-start=\"982\" data-end=\"1024\">samostatn\u00fd <a href=\"https:\/\/diagzone.org\/diagzone-buy-subscription\/\" target=\"_self\">n\u00e1kup softv\u00e9ru<\/a><\/strong>.<\/p>\n<h2 data-start=\"1029\" data-end=\"1055\">\ud83d\udd39 Podpora a poradenstvo<\/h2>\n<p data-start=\"1056\" data-end=\"1279\" class=\" translation-block\">Potrebujete pomoc s <strong data-start=\"1071\" data-end=\"1089\">nastaven\u00edm DiagZone<\/strong>?<br data-start=\"1090\" data-end=\"1093\">N\u00e1\u0161 t\u00edm sa venuje poskytovaniu pomoci krok za krokom. Nev\u00e1hajte n\u00e1s kedyko\u013evek <a href=\"https:\/\/wa.me\/31647604324\" target=\"_self\">kontaktova\u0165<\/a>, ak potrebujete usmernenie pri pou\u017e\u00edvan\u00ed zariadenia <strong data-start=\"1223\" data-end=\"1233\">Ediag+<\/strong> s <strong data-start=\"1250\" data-end=\"1276\">platformou DiagZone OBD2<\/strong>.<\/p>\n<h2 data-start=\"1281\" data-end=\"1306\">\ud83d\udd39 Zabezpe\u010denie kvality<\/h2>\n<p data-start=\"1307\" data-end=\"1514\" class=\" translation-block\">Ka\u017ed\u00fd <strong data-start=\"1313\" data-end=\"1333\">Kingbolen Ediag+<\/strong> je <strong data-start=\"1344\" data-end=\"1383\">pred odoslan\u00edm testovan\u00fd na platforme DiagZone<\/strong>.<br data-start=\"1384\" data-end=\"1387\">To zaru\u010duje spr\u00e1vnu funk\u010dnos\u0165 a stabiln\u00fa komunik\u00e1ciu, \u010d\u00edm poskytuje spo\u013eahliv\u00fd v\u00fdkon pre profesion\u00e1lne aj osobn\u00e9 pou\u017eitie.<\/p>\n<h1 data-start=\"1516\" data-end=\"1539\">Popis produktu<\/h1>\n<p data-start=\"1541\" data-end=\"1716\" class=\" translation-block\"><strong data-start=\"1545\" data-end=\"1565\">Kingbolen Ediag+<\/strong> je kompaktn\u00fd <strong data-start=\"1579\" data-end=\"1618\">Bluetooth OBD2 diagnostick\u00fd konektor<\/strong>, navrhnut\u00fd ako klon zariadenia ThinkDiag 2 a ur\u010den\u00fd na kompatibilitu so <strong data-start=\"1692\" data-end=\"1713\">softv\u00e9rom DiagZone<\/strong>.<\/p>\n<p data-start=\"1718\" data-end=\"2445\">\u2705 Funguje ako profesion\u00e1lny OBD2 Bluetooth adapt\u00e9r<br data-start=\"1766\" data-end=\"1769\" \/>\u2705 Podporuje zariadenia Android (smartf\u00f3ny a tablety) \u2013 plne kompatibiln\u00e9 s <strong data-start=\"1844\" data-end=\"1860\">Android 7\u201313<\/strong>, a tie\u017e s <strong data-start=\"1876\" data-end=\"1912\">Android 14 (iba 32-bitov\u00e9 syst\u00e9my)<\/strong><br data-start=\"1912\" data-end=\"1915\" \/>\u2705 Testovan\u00e9 so softv\u00e9rom DiagZone z h\u013eadiska kompatibility<br data-start=\"1964\" data-end=\"1967\" \/>\u2705 Stabiln\u00e9 dvojre\u017eimov\u00e9 pripojenie Bluetooth 5.0\/5.1<br data-start=\"2014\" data-end=\"2017\" \/>\u2705 Odoln\u00e9 puzdro z ABS+PC+TPU s indika\u010dn\u00fdmi svetlami<br data-start=\"2066\" data-end=\"2069\" \/>\u2705 Obsahuje <strong data-start=\"2080\" data-end=\"2101\">0,65 m OBD2 k\u00e1bel<\/strong> pre pohodln\u00e9 pou\u017e\u00edvanie<br data-start=\"2120\" data-end=\"2123\" \/>\u2705 Podporuje <strong data-start=\"2134\" data-end=\"2153\">protokol CAN-FD<\/strong> pre vozidl\u00e1 novej gener\u00e1cie<br data-start=\"2181\" data-end=\"2184\" \/>\u2705 Viacer\u00e9 servisn\u00e9 funkcie, ako napr\u00edklad <strong data-start=\"2221\" data-end=\"2297\">reset oleja, regener\u00e1cia DPF, k\u00f3dovanie vstrekova\u010dov, prisp\u00f4sobenie bat\u00e9rie a \u010fal\u0161ie<\/strong> (v z\u00e1vislosti od modelu vozidla)<br data-start=\"2326\" data-end=\"2329\" \/>\u2705 Funkcie <strong data-start=\"2340\" data-end=\"2391\">obojsmern\u00e9 ovl\u00e1danie, k\u00f3dovanie a prisp\u00f4sobenie ECU<\/strong>, automatick\u00e1 detekcia VIN a kompletn\u00e9 spr\u00e1vy o stave syst\u00e9mu<\/p>\n<p data-start=\"2447\" data-end=\"2683\">\u26a0\ufe0f <strong data-start=\"2450\" data-end=\"2466\">Upozornenie:<\/strong> Tento konektor neobsahuje \u017eiadny softv\u00e9r ani predplatn\u00e9.<br data-start=\"2528\" data-end=\"2531\" \/>\ud83d\udc49 A <strong data-start=\"2536\" data-end=\"2570\">Predplatn\u00e9 softv\u00e9ru DiagZone<\/strong> je mo\u017en\u00e9 zak\u00fapi\u0165 samostatne tu: <a class=\"decorated-link\" href=\"https:\/\/diagzone.org\/diagzone-buy-subscription\/\" target=\"_new\" rel=\"noopener\" data-start=\"2605\" data-end=\"2681\">K\u00fapi\u0165 predplatn\u00e9 DiagZone<\/a><\/p>\n<h1 data-start=\"2685\" data-end=\"2717\">Pre\u010do si vybra\u0165 Kingbolen Ediag+?<\/h1>\n<ul data-start=\"2719\" data-end=\"3134\">\n<li data-start=\"2719\" data-end=\"2780\">\n<p data-start=\"2721\" data-end=\"2780\"><strong data-start=\"2721\" data-end=\"2778\">Klon zariadenia ThinkDiag 2 \u2013 rovnak\u00e1 funkcionalita, ni\u017e\u0161ia cena<\/strong><\/p>\n<\/li>\n<li data-start=\"2781\" data-end=\"2828\">\n<p data-start=\"2783\" data-end=\"2828\" class=\" translation-block\"><strong data-start=\"290\" data-end=\"317\">100 % testovan\u00e9 na DiagZone<\/strong> pred odoslan\u00edm<\/p>\n<\/li>\n<li data-start=\"2829\" data-end=\"2884\">\n<p data-start=\"2831\" data-end=\"2884\">Profesion\u00e1lny OBD2 konektor so stabiln\u00fdm v\u00fdkonom<\/p>\n<\/li>\n<li data-start=\"2885\" data-end=\"2935\">\n<p data-start=\"2887\" data-end=\"2935\">Kompaktn\u00fd dizajn, jednoduch\u00e9 pou\u017e\u00edvanie s Bluetooth 5.0<\/p>\n<\/li>\n<li data-start=\"2936\" data-end=\"3032\">\n<p data-start=\"2938\" data-end=\"3032\" class=\" translation-block\">Kompatibiln\u00e9 s <strong data-start=\"418\" data-end=\"498\">softv\u00e9rov\u00fdmi bal\u00edkmi DiagZone pre osobn\u00e9 vozidl\u00e1, elektromobily a n\u00e1kladn\u00e9 vozidl\u00e1<\/strong><\/p>\n<\/li>\n<li data-start=\"3033\" data-end=\"3134\">\n<p data-start=\"3035\" data-end=\"3134\" class=\" translation-block\">Podporuje hlavn\u00e9 diagnostick\u00e9 protokoly: <strong data-start=\"3072\" data-end=\"3132\">ISO9141, KWP2000, J1850 VPW, J1850 PWM, CAN, UDS, CAN-FD<\/strong><\/p>\n<\/li>\n<\/ul>\n<p data-start=\"3136\" data-end=\"3328\">\u2705 Stru\u010dne povedan\u00e9, <strong data-start=\"3152\" data-end=\"3172\">Kingbolen Ediag+<\/strong> is a cost-effective alternative to the ThinkDiag 2, offering the same DiagZone compatibility and advanced features in a compact Bluetooth OBD2 connector.<\/p>","protected":false},"excerpt":{"rendered":"<p class=\" translation-block\"><strong data-start=\"136\" data-end=\"156\">Kingbolen Ediag+<\/strong> je kompaktn\u00fd Bluetooth OBD2 konektor, navrhnut\u00fd ako klon zariadenia ThinkDiag 2 a plne kompatibiln\u00fd s platformou DiagZone. Podporuje <strong data-start=\"296\" data-end=\"320\">komunik\u00e1ciu CAN-FD<\/strong>, obojsmern\u00e9 ovl\u00e1danie, k\u00f3dovanie ECU a viacero servisn\u00fdch resetovac\u00edch funkci\u00ed. Testovan\u00fd na platforme DiagZone z h\u013eadiska spo\u013eahlivosti poskytuje profesion\u00e1lny v\u00fdkon za dostupnej\u0161iu cenu.<\/p>","protected":false},"featured_media":3325,"template":"","meta":{"_acf_changed":false,"_seopress_robots_primary_cat":"none","_seopress_titles_title":"Elevate Your Diagnostic Capabilities - Kingbolen Ediag Plus FD","_seopress_titles_desc":"Enhance Your Diagnostics with Kingbolen Ediag Plus, Offering Support for CAN-FD Protocol and Bluetooth 5.0, Compatible with the DiagZone Server.","_seopress_robots_index":"","inline_featured_image":false,"_kad_blocks_custom_css":"","_kad_blocks_head_custom_js":"","_kad_blocks_body_custom_js":"","_kad_blocks_footer_custom_js":"","_themeisle_gutenberg_block_has_review":false,"_kad_post_transparent":"default","_kad_post_title":"","_kad_post_layout":"default","_kad_post_sidebar_id":"","_kad_post_content_style":"default","_kad_post_vertical_padding":"default","_kad_post_feature":"","_kad_post_feature_position":"","_kad_post_header":false,"_kad_post_footer":false,"iawp_total_views":260},"product_cat":[19],"product_tag":[],"class_list":{"0":"post-3324","1":"product","2":"type-product","3":"status-publish","4":"has-post-thumbnail","6":"product_cat-obd-connectors","8":"first","9":"instock","10":"shipping-taxable","11":"purchasable","12":"product-type-simple","13":"entry","14":"content-bg","15":"loop-entry"},"acf":[],"taxonomy_info":{"product_cat":[{"value":19,"label":"Obd connectors"}]},"featured_image_src_large":["https:\/\/diagzone.org\/wp-content\/uploads\/2025\/09\/Ediag_Plus_1.jpg",600,600,false],"author_info":[],"comment_info":"","_links":{"self":[{"href":"https:\/\/diagzone.org\/sk\/wp-json\/wp\/v2\/product\/3324","targetHints":{"allow":["GET"]}}],"collection":[{"href":"https:\/\/diagzone.org\/sk\/wp-json\/wp\/v2\/product"}],"about":[{"href":"https:\/\/diagzone.org\/sk\/wp-json\/wp\/v2\/types\/product"}],"wp:featuredmedia":[{"embeddable":true,"href":"https:\/\/diagzone.org\/sk\/wp-json\/wp\/v2\/media\/3325"}],"wp:attachment":[{"href":"https:\/\/diagzone.org\/sk\/wp-json\/wp\/v2\/media?parent=3324"}],"wp:term":[{"taxonomy":"product_cat","embeddable":true,"href":"https:\/\/diagzone.org\/sk\/wp-json\/wp\/v2\/product_cat?post=3324"},{"taxonomy":"product_tag","embeddable":true,"href":"https:\/\/diagzone.org\/sk\/wp-json\/wp\/v2\/product_tag?post=3324"}],"curies":[{"name":"wp","href":"https:\/\/api.w.org\/{rel}","templated":true}]}}