
{"id":3329,"date":"2025-09-26T14:12:16","date_gmt":"2025-09-26T12:12:16","guid":{"rendered":"https:\/\/diagzone.org\/?post_type=product&#038;p=3329"},"modified":"2026-04-17T16:17:23","modified_gmt":"2026-04-17T14:17:23","slug":"android-diagzone-10inch-obd2-tablet-professional-diagnostic","status":"publish","type":"product","link":"https:\/\/diagzone.org\/sk\/produkt\/android-diagzone-10inch-obd2-tablet-professional-diagnostic\/","title":{"rendered":"Android DiagZone 10-palcov\u00fd OBD2 tablet \u2013 Profesion\u00e1lna diagnostika"},"content":{"rendered":"<p data-start=\"233\" data-end=\"459\" class=\" translation-block\">\u010eakujeme za v\u00e1\u0161 z\u00e1ujem o <strong data-start=\"268\" data-end=\"306\">tablet Android DiagZone (3\/128 GB)<\/strong>.<br data-start=\"307\" data-end=\"310\">Tento profesion\u00e1lny diagnostick\u00fd tablet je optimalizovan\u00fd na pou\u017eitie s <strong data-start=\"376\" data-end=\"397\">platformou DiagZone<\/strong> a zaru\u010duje autenticitu aj vynikaj\u00faci v\u00fdkon.<\/p>\n<h2 data-start=\"461\" data-end=\"485\">\ud83d\udd39 D\u00f4le\u017eit\u00e9 upozornenie<\/h2>\n<p data-start=\"486\" data-end=\"649\" class=\" translation-block\"><strong data-start=\"490\" data-end=\"517\">Android DiagZone Tablet<\/strong> sa dod\u00e1va <a href=\"https:\/\/diagzone.org\/diagzone-activation\/\" target=\"_self\"><strong data-start=\"531\" data-end=\"578\">bez predin\u0161talovan\u00e9ho softv\u00e9ru DiagZone<\/strong><\/a>.<\/p>\n<h2 data-start=\"651\" data-end=\"677\">\ud83d\udd39 Podpora a poradenstvo<\/h2>\n<p data-start=\"678\" data-end=\"919\" class=\" translation-block\">Potrebujete pomoc s <strong data-start=\"693\" data-end=\"711\">nastaven\u00edm DiagZone<\/strong> na va\u0161om tablete alebo OBD2 zariaden\u00ed?<br data-start=\"742\" data-end=\"745\">N\u00e1\u0161 t\u00edm sa venuje poskytovaniu podrobnej pomoci krok za krokom. Nev\u00e1hajte n\u00e1s kedyko\u013evek <a href=\"https:\/\/wa.me\/31647604324\" target=\"_self\">kontaktova\u0165<\/a>, ak potrebujete usmernenie pri in\u0161tal\u00e1cii alebo konfigur\u00e1cii va\u0161ej <strong data-start=\"895\" data-end=\"916\">platformy DiagZone<\/strong>.<\/p>\n<h2 data-start=\"921\" data-end=\"946\">\ud83d\udd39 Zabezpe\u010denie kvality<\/h2>\n<p data-start=\"947\" data-end=\"1170\" class=\" translation-block\">Ka\u017ed\u00fd <strong data-start=\"953\" data-end=\"980\">Android DiagZone Tablet<\/strong> je <strong data-start=\"984\" data-end=\"1010\">testovan\u00fd pred odoslan\u00edm<\/strong>, aby sa potvrdila bezchybn\u00e1 funk\u010dnos\u0165 a kompatibilita s DiagZone.<br data-start=\"1077\" data-end=\"1080\">To zaru\u010duje plynul\u00fa prev\u00e1dzku, profesion\u00e1lnu spo\u013eahlivos\u0165 a dlhodob\u00fa \u017eivotnos\u0165.<\/p>\n<h1 data-start=\"1177\" data-end=\"1200\">Popis produktu<\/h1>\n<p data-start=\"1202\" data-end=\"1549\" class=\" translation-block\"><strong data-start=\"1206\" data-end=\"1259\">Tablet Android DiagZone (3 GB RAM \/ 128 GB \u00falo\u017eisko)<\/strong> je vysoko v\u00fdkonn\u00fd diagnostick\u00fd n\u00e1stroj, ktor\u00fd poskytuje r\u00fdchlu a stabiln\u00fa platformu na prev\u00e1dzku <strong data-start=\"1348\" data-end=\"1369\">softv\u00e9ru DiagZone<\/strong>. V\u010faka ve\u013ek\u00e9mu dotykov\u00e9mu displeju, v\u00fdkonn\u00e9mu hardv\u00e9ru a optimalizovan\u00e9mu opera\u010dn\u00e9mu syst\u00e9mu Android je ide\u00e1lnym partnerom pre OBD2 konektory, ako s\u00fa <strong data-start=\"1498\" data-end=\"1546\">DBScar VII, ThinkDiag 2 alebo Kingbolen Ediag plus<\/strong>.<\/p>\n<p data-start=\"1551\" data-end=\"1967\">\u2705 Profesion\u00e1lny diagnostick\u00fd tablet s Androidom<br data-start=\"1597\" data-end=\"1600\" \/>\u2705 Ve\u013ek\u00fd displej s vysok\u00fdm rozl\u00ed\u0161en\u00edm pre jednoduch\u00fa diagnostiku<br data-start=\"1652\" data-end=\"1655\" \/>\u2705 <strong data-start=\"1657\" data-end=\"1684\">3 GB RAM + 128 GB \u00falo\u017eisko<\/strong> \u2013 plynul\u00fd v\u00fdkon a dostatok priestoru pre aktualiz\u00e1cie<br data-start=\"1727\" data-end=\"1730\" \/>\u2705 Bat\u00e9ria s dlhou v\u00fddr\u017eou pre dielensk\u00e9 alebo mobiln\u00e9 pou\u017eitie<br data-start=\"1779\" data-end=\"1782\" \/>\u2705 Wi-Fi a Bluetooth pripojenie pre r\u00fdchle aktualiz\u00e1cie a stabiln\u00e9 p\u00e1rovanie OBD2<br data-start=\"1854\" data-end=\"1857\" \/>\u2705 Odoln\u00e9 puzdro pre profesion\u00e1lnu \u017eivotnos\u0165<br data-start=\"1901\" data-end=\"1904\" \/>\u2705 Plne testovan\u00e9 pre <strong data-start=\"1923\" data-end=\"1949\">Kompatibilita s DiagZone<\/strong> pred odoslan\u00edm<\/p>\n<p>\u26a0\ufe0f <strong data-start=\"179\" data-end=\"195\">Upozornenie:<\/strong> Tento tablet neobsahuje softv\u00e9r DiagZone, predplatn\u00e9 ani OBD2 konektor.<br data-start=\"276\" data-end=\"279\" \/>\ud83d\udc49 A <strong data-start=\"284\" data-end=\"318\">Predplatn\u00e9 softv\u00e9ru DiagZone<\/strong> je mo\u017en\u00e9 zak\u00fapi\u0165 samostatne tu: <a class=\"decorated-link\" href=\"https:\/\/diagzone.org\/diagzone-buy-subscription\/\" target=\"_new\" rel=\"noopener\" data-start=\"353\" data-end=\"429\" data-is-only-node=\"\">K\u00fapi\u0165 predplatn\u00e9 DiagZone<\/a><br data-start=\"429\" data-end=\"432\" \/>\ud83d\udc49 An <strong data-start=\"438\" data-end=\"509\">Diagnostick\u00fd konektor OBD2 (<a href=\"https:\/\/diagzone.org\/obd-shop\/\">napr. DBScar VII, ThinkDiag 2 alebo Ediag+ )<\/a><\/strong> mus\u00ed by\u0165 tie\u017e zak\u00fapen\u00e9 samostatne v <a href=\"https:\/\/diagzone.org\/obd-shop\/\">v na\u0161om obchode<\/a> na pou\u017e\u00edvanie tabletu s DiagZone<\/p>\n<h2 data-start=\"921\" data-end=\"946\">\ud83d\udd39 Zoznam balenia<\/h2>\n<ul>\n<li style=\"list-style-type: none;\">\n<ul data-start=\"1929\" data-end=\"1991\">\n<li data-start=\"1929\" data-end=\"1942\">\n<p data-start=\"1931\" data-end=\"1942\">Tablet \u00d71<\/p>\n<\/li>\n<li data-start=\"1943\" data-end=\"1970\">\n<p data-start=\"1945\" data-end=\"1970\">USB k\u00e1bel (Mini USB) \u00d71<\/p>\n<\/li>\n<li data-start=\"1971\" data-end=\"1991\">\n<p data-start=\"1973\" data-end=\"1991\">Nap\u00e1jac\u00ed adapt\u00e9r \u00d71<\/p>\n<\/li>\n<\/ul>\n<\/li>\n<\/ul>\n<h1 data-start=\"2214\" data-end=\"2253\">Pre\u010do si vybra\u0165 Android DiagZone Tablet?<\/h1>\n<ul data-start=\"2255\" data-end=\"2565\">\n<li data-start=\"2255\" data-end=\"2328\">\n<p data-start=\"2257\" data-end=\"2328\" class=\" translation-block\">Optimalizovan\u00e9 pre <strong data-start=\"2271\" data-end=\"2289\">pou\u017e\u00edvate\u013eov DiagZone<\/strong> \u2013 pripraven\u00e9 na profesion\u00e1lnu diagnostiku<\/p>\n<\/li>\n<li data-start=\"2329\" data-end=\"2392\">\n<p data-start=\"2331\" data-end=\"2392\" class=\" translation-block\"><strong data-start=\"2331\" data-end=\"2363\">V\u00fdkonn\u00fd hardv\u00e9r (3\/128 GB)<\/strong> pre r\u00fdchlu komunik\u00e1ciu s ECU<\/p>\n<\/li>\n<li data-start=\"2393\" data-end=\"2465\">\n<p data-start=\"2395\" data-end=\"2465\">Ve\u013ek\u00fd displej pre preh\u013eadn\u00e9 zobrazenie diagnostick\u00fdch d\u00e1t a spr\u00e1v<\/p>\n<\/li>\n<li data-start=\"2466\" data-end=\"2509\">\n<p data-start=\"2468\" data-end=\"2509\">Odoln\u00e1 kon\u0161trukcia pre dielensk\u00e9 prostredie<\/p>\n<\/li>\n<li data-start=\"2510\" data-end=\"2565\">\n<p data-start=\"2512\" data-end=\"2565\">Plne testovan\u00e9 na zaru\u010denie plynulej prev\u00e1dzky DiagZone<\/p>\n<\/li>\n<\/ul>\n<p data-start=\"2567\" data-end=\"2750\">\u2705 Stru\u010dne povedan\u00e9, <strong data-start=\"2583\" data-end=\"2610\">Tablet Android DiagZone<\/strong> pon\u00faka dokonal\u00fa kombin\u00e1ciu <strong data-start=\"2645\" data-end=\"2686\">v\u00fdkon, prenosnos\u0165 a kompatibilita<\/strong>, \u010d\u00edm sa st\u00e1va ide\u00e1lnym zariaden\u00edm na sp\u00fa\u0161\u0165anie diagnostiky DiagZone.<\/p>","protected":false},"excerpt":{"rendered":"<p class=\" translation-block\"><strong data-start=\"2787\" data-end=\"2825\">Android DiagZone Tablet (3\/128 GB)<\/strong> je profesion\u00e1lny diagnostick\u00fd tablet optimalizovan\u00fd na prev\u00e1dzku platformy DiagZone. V\u010faka v\u00fdkonn\u00e9mu syst\u00e9mu Android, ve\u013ek\u00e9mu displeju, konektivite WiFi\/Bluetooth a zaru\u010denej kompatibilite poskytuje plynul\u00fd v\u00fdkon a spo\u013eahlivos\u0165 pri v\u0161etk\u00fdch diagnostick\u00fdch \u00faloh\u00e1ch.<\/p>","protected":false},"featured_media":3332,"template":"","meta":{"_acf_changed":false,"_seopress_robots_primary_cat":"none","_seopress_titles_title":"Android 10\" Diagnostic Tablet 3\/128GB \u2013 DiagZone Ready Device","_seopress_titles_desc":"Professional Android 10\" diagnostic tablet with 3GB RAM and 128GB storage. Pre-tested for DiagZone, reliable performance for automotive diagnostics EOBD","_seopress_robots_index":"","inline_featured_image":false,"_kad_blocks_custom_css":"","_kad_blocks_head_custom_js":"","_kad_blocks_body_custom_js":"","_kad_blocks_footer_custom_js":"","_themeisle_gutenberg_block_has_review":false,"_kad_post_transparent":"default","_kad_post_title":"","_kad_post_layout":"default","_kad_post_sidebar_id":"","_kad_post_content_style":"default","_kad_post_vertical_padding":"default","_kad_post_feature":"","_kad_post_feature_position":"","_kad_post_header":false,"_kad_post_footer":false,"iawp_total_views":601},"product_cat":[21],"product_tag":[41,42,40],"class_list":{"0":"post-3329","1":"product","2":"type-product","3":"status-publish","4":"has-post-thumbnail","6":"product_cat-android-tablets","7":"product_tag-android","8":"product_tag-obd2","9":"product_tag-tablet","11":"first","12":"instock","13":"sale","14":"shipping-taxable","15":"purchasable","16":"product-type-simple","17":"entry","18":"content-bg","19":"loop-entry"},"acf":[],"taxonomy_info":{"product_cat":[{"value":21,"label":"Android tablets"}],"product_tag":[{"value":41,"label":"Android"},{"value":42,"label":"OBD2"},{"value":40,"label":"Tablet"}]},"featured_image_src_large":["https:\/\/diagzone.org\/wp-content\/uploads\/2025\/09\/Launch_Tablet_1.jpg",600,600,false],"author_info":[],"comment_info":"","_links":{"self":[{"href":"https:\/\/diagzone.org\/sk\/wp-json\/wp\/v2\/product\/3329","targetHints":{"allow":["GET"]}}],"collection":[{"href":"https:\/\/diagzone.org\/sk\/wp-json\/wp\/v2\/product"}],"about":[{"href":"https:\/\/diagzone.org\/sk\/wp-json\/wp\/v2\/types\/product"}],"wp:featuredmedia":[{"embeddable":true,"href":"https:\/\/diagzone.org\/sk\/wp-json\/wp\/v2\/media\/3332"}],"wp:attachment":[{"href":"https:\/\/diagzone.org\/sk\/wp-json\/wp\/v2\/media?parent=3329"}],"wp:term":[{"taxonomy":"product_cat","embeddable":true,"href":"https:\/\/diagzone.org\/sk\/wp-json\/wp\/v2\/product_cat?post=3329"},{"taxonomy":"product_tag","embeddable":true,"href":"https:\/\/diagzone.org\/sk\/wp-json\/wp\/v2\/product_tag?post=3329"}],"curies":[{"name":"wp","href":"https:\/\/api.w.org\/{rel}","templated":true}]}}